{"id":1431,"date":"2024-03-04T15:52:19","date_gmt":"2024-03-04T14:52:19","guid":{"rendered":"https:\/\/steiner-polska.pl\/?page_id=1431"},"modified":"2024-03-06T12:18:12","modified_gmt":"2024-03-06T11:18:12","slug":"pet-food-solution","status":"publish","type":"page","link":"https:\/\/steiner-polska.pl\/pl\/industries\/pet-food-solution\/","title":{"rendered":"Steiner Pet Food Solutions"},"content":{"rendered":"<p>Zapewniamy:<\/p>\n<ul>\n<li>In\u017cynieria i doradztwo (w tym opracowywanie receptur)<\/li>\n<li>Tworzenie pod klucz zak\u0142ad\u00f3w do produkcji karmy dla zwierz\u0105t domowych<\/li>\n<li>Dostawa sprz\u0119tu od kompletnych linii do pojedynczych jednostek<\/li>\n<\/ul>\n\n<table id=\"tablepress-4\" class=\"tablepress tablepress-id-4\">\n<tbody>\n<tr class=\"row-1\">\n\t<td class=\"column-1\"><p style=\"text-align: center;\"><br \/>\n<img src=\"http:\/\/steiner-polska.pl\/wp-content\/uploads\/2024\/03\/preparation-300x270.webp\" alt=\"\" width=\"300\" height=\"270\" class=\"alignnone size-medium wp-image-1439\" \/><br \/>\nPrzygotowanie mi\u0119sa<\/td>\n<\/tr>\n<tr class=\"row-2\">\n\t<td class=\"column-1\"><p style=\"text-align: center;\"><br \/>\n<img src=\"http:\/\/steiner-polska.pl\/wp-content\/uploads\/2024\/03\/gravy-preparation-1-300x224.webp\" alt=\"\" width=\"300\" height=\"224\" class=\"alignnone size-medium wp-image-1449\" \/><br \/>\nPrzygotowanie sosu<\/td>\n<\/tr>\n<tr class=\"row-3\">\n\t<td class=\"column-1\"><p style=\"text-align: center;\"><br \/>\n<img src=\"http:\/\/steiner-polska.pl\/wp-content\/uploads\/2024\/03\/steam-tunnel-1-300x121.webp\" alt=\"\" width=\"300\" height=\"121\" class=\"alignnone size-medium wp-image-1470\" \/><br \/>\nTunel parowy<\/td>\n<\/tr>\n<tr class=\"row-4\">\n\t<td class=\"column-1\"><p style=\"text-align: center;\"><br \/>\n<img src=\"http:\/\/steiner-polska.pl\/wp-content\/uploads\/2024\/03\/\u0438\u0437\u043e\u0431\u0440\u0430\u0436\u0435\u043d\u0438\u0435_2024-03-05_094012944-300x207.png\" alt=\"\" width=\"300\" height=\"207\" class=\"alignnone size-medium wp-image-1460\" \/><br \/>\nPakowanie w woreczki<\/td>\n<\/tr>\n<tr class=\"row-5\">\n\t<td class=\"column-1\"><p style=\"text-align: center;\"><br \/>\n<img src=\"http:\/\/steiner-polska.pl\/wp-content\/uploads\/2024\/03\/lamister-packing-1-300x185.webp\" alt=\"\" width=\"300\" height=\"185\" class=\"alignnone size-medium wp-image-1468\" \/><br \/>\nPakowanie w puszki i lamstry<\/td>\n<\/tr>\n<tr class=\"row-6\">\n\t<td class=\"column-1\"><p style=\"text-align: center;\"><br \/>\n<img src=\"http:\/\/steiner-polska.pl\/wp-content\/uploads\/2024\/03\/autoclave-300x250.webp\" alt=\"\" width=\"300\" height=\"250\" class=\"alignnone size-medium wp-image-1472\" \/><br \/>\nAutoklawowanie<\/td>\n<\/tr>\n<tr class=\"row-7\">\n\t<td class=\"column-1\"><p style=\"text-align: center;\"><br \/>\n<img src=\"http:\/\/steiner-polska.pl\/wp-content\/uploads\/2024\/03\/drying-300x222.webp\" alt=\"\" width=\"300\" height=\"222\" class=\"alignnone size-medium wp-image-1474\" \/><br \/>\nSuszenie<\/td>\n<\/tr>\n<tr class=\"row-8\">\n\t<td class=\"column-1\"><p style=\"text-align: center;\"><br \/>\n<img src=\"http:\/\/steiner-polska.pl\/wp-content\/uploads\/2024\/03\/packing-300x283.webp\" alt=\"\" width=\"300\" height=\"283\" class=\"alignnone size-medium wp-image-1476\" \/><br \/>\nPakowanie w pude\u0142ko kartonowe<\/td>\n<\/tr>\n<\/tbody>\n<\/table>\n<!-- #tablepress-4 from cache -->","protected":false},"excerpt":{"rendered":"<p>We provide: Engineering and consulting (including recipe development) Turnkey creation of plants for the production of pet food Supply of equipment from complete lines to individual units<\/p>","protected":false},"author":4,"featured_media":0,"parent":62,"menu_order":0,"comment_status":"closed","ping_status":"closed","template":"","meta":[],"yoast_head":"<!-- This site is optimized with the Yoast SEO plugin v20.0 - https:\/\/yoast.com\/wordpress\/plugins\/seo\/ -->\n<title>Steiner Pet Food Solutions - steiner-polska<\/title>\n<meta name=\"robots\" content=\"index, follow, max-snippet:-1, max-image-preview:large, max-video-preview:-1\" \/>\n<link rel=\"canonical\" href=\"https:\/\/steiner-polska.pl\/pl\/industries\/pet-food-solution\/\" \/>\n<meta property=\"og:locale\" content=\"pl_PL\" \/>\n<meta property=\"og:type\" content=\"article\" \/>\n<meta property=\"og:title\" content=\"Steiner Pet Food Solutions - steiner-polska\" \/>\n<meta property=\"og:description\" content=\"We provide: Engineering and consulting (including recipe development) Turnkey creation of plants for the production of pet food Supply of equipment from complete lines to individual units\" \/>\n<meta property=\"og:url\" content=\"https:\/\/steiner-polska.pl\/pl\/industries\/pet-food-solution\/\" \/>\n<meta property=\"og:site_name\" content=\"steiner-polska\" \/>\n<meta property=\"article:modified_time\" content=\"2024-03-06T11:18:12+00:00\" \/>\n<meta name=\"twitter:card\" content=\"summary_large_image\" \/>\n<meta name=\"twitter:label1\" content=\"Szacowany czas czytania\" \/>\n\t<meta name=\"twitter:data1\" content=\"1 minuta\" \/>\n<script type=\"application\/ld+json\" class=\"yoast-schema-graph\">{\"@context\":\"https:\/\/schema.org\",\"@graph\":[{\"@type\":\"WebPage\",\"@id\":\"https:\/\/steiner-polska.pl\/industries\/pet-food-solution\/\",\"url\":\"https:\/\/steiner-polska.pl\/industries\/pet-food-solution\/\",\"name\":\"Steiner Pet Food Solutions - steiner-polska\",\"isPartOf\":{\"@id\":\"https:\/\/steiner-polska.pl\/#website\"},\"datePublished\":\"2024-03-04T14:52:19+00:00\",\"dateModified\":\"2024-03-06T11:18:12+00:00\",\"breadcrumb\":{\"@id\":\"https:\/\/steiner-polska.pl\/industries\/pet-food-solution\/#breadcrumb\"},\"inLanguage\":\"pl-PL\",\"potentialAction\":[{\"@type\":\"ReadAction\",\"target\":[\"https:\/\/steiner-polska.pl\/industries\/pet-food-solution\/\"]}]},{\"@type\":\"BreadcrumbList\",\"@id\":\"https:\/\/steiner-polska.pl\/industries\/pet-food-solution\/#breadcrumb\",\"itemListElement\":[{\"@type\":\"ListItem\",\"position\":1,\"name\":\"Home\",\"item\":\"https:\/\/steiner-polska.pl\/\"},{\"@type\":\"ListItem\",\"position\":2,\"name\":\"INDUSTRIES\",\"item\":\"https:\/\/steiner-polska.pl\/industries\/\"},{\"@type\":\"ListItem\",\"position\":3,\"name\":\"Steiner Pet Food Solutions\"}]},{\"@type\":\"WebSite\",\"@id\":\"https:\/\/steiner-polska.pl\/#website\",\"url\":\"https:\/\/steiner-polska.pl\/\",\"name\":\"steiner-polska\",\"description\":\"Innovative Solutions\",\"potentialAction\":[{\"@type\":\"SearchAction\",\"target\":{\"@type\":\"EntryPoint\",\"urlTemplate\":\"https:\/\/steiner-polska.pl\/?s={search_term_string}\"},\"query-input\":\"required name=search_term_string\"}],\"inLanguage\":\"pl-PL\"}]}<\/script>\n<!-- \/ Yoast SEO plugin. -->","yoast_head_json":{"title":"Steiner Pet Food Solutions - steiner-polska","robots":{"index":"index","follow":"follow","max-snippet":"max-snippet:-1","max-image-preview":"max-image-preview:large","max-video-preview":"max-video-preview:-1"},"canonical":"https:\/\/steiner-polska.pl\/pl\/industries\/pet-food-solution\/","og_locale":"pl_PL","og_type":"article","og_title":"Steiner Pet Food Solutions - steiner-polska","og_description":"We provide: Engineering and consulting (including recipe development) Turnkey creation of plants for the production of pet food Supply of equipment from complete lines to individual units","og_url":"https:\/\/steiner-polska.pl\/pl\/industries\/pet-food-solution\/","og_site_name":"steiner-polska","article_modified_time":"2024-03-06T11:18:12+00:00","twitter_card":"summary_large_image","twitter_misc":{"Szacowany czas czytania":"1 minuta"},"schema":{"@context":"https:\/\/schema.org","@graph":[{"@type":"WebPage","@id":"https:\/\/steiner-polska.pl\/industries\/pet-food-solution\/","url":"https:\/\/steiner-polska.pl\/industries\/pet-food-solution\/","name":"Steiner Pet Food Solutions - steiner-polska","isPartOf":{"@id":"https:\/\/steiner-polska.pl\/#website"},"datePublished":"2024-03-04T14:52:19+00:00","dateModified":"2024-03-06T11:18:12+00:00","breadcrumb":{"@id":"https:\/\/steiner-polska.pl\/industries\/pet-food-solution\/#breadcrumb"},"inLanguage":"pl-PL","potentialAction":[{"@type":"ReadAction","target":["https:\/\/steiner-polska.pl\/industries\/pet-food-solution\/"]}]},{"@type":"BreadcrumbList","@id":"https:\/\/steiner-polska.pl\/industries\/pet-food-solution\/#breadcrumb","itemListElement":[{"@type":"ListItem","position":1,"name":"Home","item":"https:\/\/steiner-polska.pl\/"},{"@type":"ListItem","position":2,"name":"INDUSTRIES","item":"https:\/\/steiner-polska.pl\/industries\/"},{"@type":"ListItem","position":3,"name":"Steiner Pet Food Solutions"}]},{"@type":"WebSite","@id":"https:\/\/steiner-polska.pl\/#website","url":"https:\/\/steiner-polska.pl\/","name":"steiner-polska","description":"Innovative Solutions","potentialAction":[{"@type":"SearchAction","target":{"@type":"EntryPoint","urlTemplate":"https:\/\/steiner-polska.pl\/?s={search_term_string}"},"query-input":"required name=search_term_string"}],"inLanguage":"pl-PL"}]}},"_links":{"self":[{"href":"https:\/\/steiner-polska.pl\/pl\/wp-json\/wp\/v2\/pages\/1431"}],"collection":[{"href":"https:\/\/steiner-polska.pl\/pl\/wp-json\/wp\/v2\/pages"}],"about":[{"href":"https:\/\/steiner-polska.pl\/pl\/wp-json\/wp\/v2\/types\/page"}],"author":[{"embeddable":true,"href":"https:\/\/steiner-polska.pl\/pl\/wp-json\/wp\/v2\/users\/4"}],"replies":[{"embeddable":true,"href":"https:\/\/steiner-polska.pl\/pl\/wp-json\/wp\/v2\/comments?post=1431"}],"version-history":[{"count":8,"href":"https:\/\/steiner-polska.pl\/pl\/wp-json\/wp\/v2\/pages\/1431\/revisions"}],"predecessor-version":[{"id":1502,"href":"https:\/\/steiner-polska.pl\/pl\/wp-json\/wp\/v2\/pages\/1431\/revisions\/1502"}],"up":[{"embeddable":true,"href":"https:\/\/steiner-polska.pl\/pl\/wp-json\/wp\/v2\/pages\/62"}],"wp:attachment":[{"href":"https:\/\/steiner-polska.pl\/pl\/wp-json\/wp\/v2\/media?parent=1431"}],"curies":[{"name":"wp","href":"https:\/\/api.w.org\/{rel}","templated":true}]}}