{"id":1541,"date":"2024-03-20T13:01:06","date_gmt":"2024-03-20T12:01:06","guid":{"rendered":"https:\/\/steiner-polska.pl\/?page_id=1541"},"modified":"2024-03-27T13:15:31","modified_gmt":"2024-03-27T12:15:31","slug":"spc-group","status":"publish","type":"page","link":"https:\/\/steiner-polska.pl\/pl\/products\/spc-group\/","title":{"rendered":"SPC Group"},"content":{"rendered":"<div data-elementor-type=\"wp-page\" data-elementor-id=\"1541\" class=\"elementor elementor-1541\">\n\t\t\t\t<div class=\"elementor-element elementor-element-7981bd0 e-flex e-con-boxed e-con e-parent\" data-id=\"7981bd0\" data-element_type=\"container\" data-core-v316-plus=\"true\">\n\t\t\t\t\t<div class=\"e-con-inner\">\n\t\t\t\t<div class=\"elementor-element elementor-element-28a38e5 elementor-widget elementor-widget-text-editor\" data-id=\"28a38e5\" data-element_type=\"widget\" data-widget_type=\"text-editor.default\">\n\t\t\t\t<div class=\"elementor-widget-container\">\n\t\t\t<style>\/*! elementor - v3.20.0 - 13-03-2024 *\/\n.elementor-widget-text-editor.elementor-drop-cap-view-stacked .elementor-drop-cap{background-color:#69727d;color:#fff}.elementor-widget-text-editor.elementor-drop-cap-view-framed .elementor-drop-cap{color:#69727d;border:3px solid;background-color:transparent}.elementor-widget-text-editor:not(.elementor-drop-cap-view-default) .elementor-drop-cap{margin-top:8px}.elementor-widget-text-editor:not(.elementor-drop-cap-view-default) .elementor-drop-cap-letter{width:1em;height:1em}.elementor-widget-text-editor .elementor-drop-cap{float:left;text-align:center;line-height:1;font-size:50px}.elementor-widget-text-editor .elementor-drop-cap-letter{display:inline-block}<\/style>\t\t\t\t<p><span style=\"color: #ff6600;\"><strong>SPC Group<\/strong><\/span> jest wiod\u0105cym producentem maszyn i urz\u0105dze\u0144 dla przemys\u0142u farmaceutycznego od 1990 roku. Ich produkty s\u0105 wszechstronne i mog\u0105 by\u0107 \u0142atwo zintegrowane z istniej\u0105cymi liniami produkcyjnymi lub obs\u0142ugiwane jako samodzielne jednostki.<\/p>\t\t\t\t\t\t<\/div>\n\t\t\t\t<\/div>\n\t\t\t\t\t<\/div>\n\t\t\t\t<\/div>\n\t\t<div class=\"elementor-element elementor-element-7553ee6 e-flex e-con-boxed e-con e-parent\" data-id=\"7553ee6\" data-element_type=\"container\" data-core-v316-plus=\"true\">\n\t\t\t\t\t<div class=\"e-con-inner\">\n\t\t\t\t<div class=\"elementor-element elementor-element-6a41fae elementor-widget elementor-widget-text-editor\" data-id=\"6a41fae\" data-element_type=\"widget\" data-widget_type=\"text-editor.default\">\n\t\t\t\t<div class=\"elementor-widget-container\">\n\t\t\t\t\t\t\t<p><strong><span style=\"color: #ff6600;\">SPC Group\u2019s<\/span><\/strong> wiedza specjalistyczna obejmuje szereg funkcji, w tym<\/p><ul><li>Projektowanie i produkcja system\u00f3w podawania i obs\u0142ugi format\u00f3w<\/li><li>Rozwi\u0105zania do nape\u0142niania, zamykania i uszczelniania r\u00f3\u017cnych pojemnik\u00f3w<\/li><li>Rozwi\u0105zania w zakresie identyfikacji, etykietowania i znakowania zapewniaj\u0105ce identyfikowalno\u015b\u0107 produkt\u00f3w<\/li><li>Systemy wizyjne i wagowe do zapewniania jako\u015bci<\/li><li>Produkcja urz\u0105dze\u0144 dozuj\u0105cych, takich jak pompy i ig\u0142y<\/li><li>Wiedza techniczna w zakresie tworzenia i utrzymywania \u015brodowisk aseptycznych<\/li><\/ul>\t\t\t\t\t\t<\/div>\n\t\t\t\t<\/div>\n\t\t\t\t\t<\/div>\n\t\t\t\t<\/div>\n\t\t<div class=\"elementor-element elementor-element-3e0e77a e-grid e-con-boxed e-con e-parent\" data-id=\"3e0e77a\" data-element_type=\"container\" data-core-v316-plus=\"true\">\n\t\t\t\t\t<div class=\"e-con-inner\">\n\t\t\t\t<div class=\"elementor-element elementor-element-751b5fc elementor-widget elementor-widget-image\" data-id=\"751b5fc\" data-element_type=\"widget\" data-widget_type=\"image.default\">\n\t\t\t\t<div class=\"elementor-widget-container\">\n\t\t\t<style>\/*! elementor - v3.20.0 - 13-03-2024 *\/\n.elementor-widget-image{text-align:center}.elementor-widget-image a{display:inline-block}.elementor-widget-image a img[src$=\".svg\"]{width:48px}.elementor-widget-image img{vertical-align:middle;display:inline-block}<\/style>\t\t\t\t\t\t\t<figure class=\"wp-caption\">\n\t\t\t\t\t\t\t\t\t\t\t<a href=\"http:\/\/steiner-polska.pl\/pl\/machine\/\">\n\t\t\t\t\t\t\t<img fetchpriority=\"high\" decoding=\"async\" width=\"525\" height=\"350\" src=\"https:\/\/steiner-polska.pl\/wp-content\/uploads\/2024\/03\/Machines.webp\" class=\"attachment-large size-large wp-image-1555\" alt=\"\" srcset=\"https:\/\/steiner-polska.pl\/wp-content\/uploads\/2024\/03\/Machines.webp 762w, https:\/\/steiner-polska.pl\/wp-content\/uploads\/2024\/03\/Machines-300x200.webp 300w, https:\/\/steiner-polska.pl\/wp-content\/uploads\/2024\/03\/Machines-18x12.webp 18w, https:\/\/steiner-polska.pl\/wp-content\/uploads\/2024\/03\/Machines-272x182.webp 272w\" sizes=\"100vw\" \/>\t\t\t\t\t\t\t\t<\/a>\n\t\t\t\t\t\t\t\t\t\t\t<figcaption class=\"widget-image-caption wp-caption-text\">Maszyny<\/figcaption>\n\t\t\t\t\t\t\t\t\t\t<\/figure>\n\t\t\t\t\t\t\t<\/div>\n\t\t\t\t<\/div>\n\t\t\t\t<div class=\"elementor-element elementor-element-4b6cd88 elementor-widget elementor-widget-image\" data-id=\"4b6cd88\" data-element_type=\"widget\" data-widget_type=\"image.default\">\n\t\t\t\t<div class=\"elementor-widget-container\">\n\t\t\t\t\t\t\t\t\t\t<figure class=\"wp-caption\">\n\t\t\t\t\t\t\t\t\t\t\t<a href=\"http:\/\/steiner-polska.pl\/pl\/filling-pump\/\">\n\t\t\t\t\t\t\t<img decoding=\"async\" width=\"525\" height=\"350\" src=\"https:\/\/steiner-polska.pl\/wp-content\/uploads\/2024\/03\/filling-pumps.webp\" class=\"attachment-large size-large wp-image-1556\" alt=\"\" srcset=\"https:\/\/steiner-polska.pl\/wp-content\/uploads\/2024\/03\/filling-pumps.webp 761w, https:\/\/steiner-polska.pl\/wp-content\/uploads\/2024\/03\/filling-pumps-300x200.webp 300w, https:\/\/steiner-polska.pl\/wp-content\/uploads\/2024\/03\/filling-pumps-18x12.webp 18w, https:\/\/steiner-polska.pl\/wp-content\/uploads\/2024\/03\/filling-pumps-272x182.webp 272w\" sizes=\"100vw\" \/>\t\t\t\t\t\t\t\t<\/a>\n\t\t\t\t\t\t\t\t\t\t\t<figcaption class=\"widget-image-caption wp-caption-text\">Pompy nape\u0142niaj\u0105ce<\/figcaption>\n\t\t\t\t\t\t\t\t\t\t<\/figure>\n\t\t\t\t\t\t\t<\/div>\n\t\t\t\t<\/div>\n\t\t\t\t<div class=\"elementor-element elementor-element-fda681f elementor-widget elementor-widget-image\" data-id=\"fda681f\" data-element_type=\"widget\" data-widget_type=\"image.default\">\n\t\t\t\t<div class=\"elementor-widget-container\">\n\t\t\t\t\t\t\t\t\t\t<figure class=\"wp-caption\">\n\t\t\t\t\t\t\t\t\t\t\t<a href=\"http:\/\/steiner-polska.pl\/pl\/needle\/\">\n\t\t\t\t\t\t\t<img decoding=\"async\" width=\"525\" height=\"350\" src=\"https:\/\/steiner-polska.pl\/wp-content\/uploads\/2024\/03\/needles.webp\" class=\"attachment-large size-large wp-image-1557\" alt=\"\" srcset=\"https:\/\/steiner-polska.pl\/wp-content\/uploads\/2024\/03\/needles.webp 761w, https:\/\/steiner-polska.pl\/wp-content\/uploads\/2024\/03\/needles-300x200.webp 300w, https:\/\/steiner-polska.pl\/wp-content\/uploads\/2024\/03\/needles-18x12.webp 18w, https:\/\/steiner-polska.pl\/wp-content\/uploads\/2024\/03\/needles-272x182.webp 272w\" sizes=\"100vw\" \/>\t\t\t\t\t\t\t\t<\/a>\n\t\t\t\t\t\t\t\t\t\t\t<figcaption class=\"widget-image-caption wp-caption-text\">Ig\u0142y<\/figcaption>\n\t\t\t\t\t\t\t\t\t\t<\/figure>\n\t\t\t\t\t\t\t<\/div>\n\t\t\t\t<\/div>\n\t\t\t\t<div class=\"elementor-element elementor-element-8ee2238 elementor-widget elementor-widget-image\" data-id=\"8ee2238\" data-element_type=\"widget\" data-widget_type=\"image.default\">\n\t\t\t\t<div class=\"elementor-widget-container\">\n\t\t\t\t\t\t\t\t\t\t<figure class=\"wp-caption\">\n\t\t\t\t\t\t\t\t\t\t<img loading=\"lazy\" decoding=\"async\" width=\"525\" height=\"350\" src=\"https:\/\/steiner-polska.pl\/wp-content\/uploads\/2024\/03\/other-parts.webp\" class=\"attachment-large size-large wp-image-1558\" alt=\"\" srcset=\"https:\/\/steiner-polska.pl\/wp-content\/uploads\/2024\/03\/other-parts.webp 761w, https:\/\/steiner-polska.pl\/wp-content\/uploads\/2024\/03\/other-parts-300x200.webp 300w, https:\/\/steiner-polska.pl\/wp-content\/uploads\/2024\/03\/other-parts-18x12.webp 18w, https:\/\/steiner-polska.pl\/wp-content\/uploads\/2024\/03\/other-parts-272x182.webp 272w\" sizes=\"100vw\" \/>\t\t\t\t\t\t\t\t\t\t\t<figcaption class=\"widget-image-caption wp-caption-text\">Inne cz\u0119\u015bci<\/figcaption>\n\t\t\t\t\t\t\t\t\t\t<\/figure>\n\t\t\t\t\t\t\t<\/div>\n\t\t\t\t<\/div>\n\t\t\t\t\t<\/div>\n\t\t\t\t<\/div>\n\t\t\t\t<\/div>","protected":false},"excerpt":{"rendered":"<p>SPC Group has been a leading manufacturer of machinery and equipment for the pharmaceutical industry since 1990. Their products are versatile and can be easily integrated into existing production lines or operated as stand-alone units. SPC Group&#8217;s expertise covers a range of functions, including Design and manufacture of format feeding and handling systems Filling, capping &hellip; <\/p>\n<p class=\"link-more\"><a href=\"https:\/\/steiner-polska.pl\/pl\/products\/spc-group\/\" class=\"more-link\">Czytaj dalej<span class=\"screen-reader-text\"> \u201eSPC Group\u201d<\/span><\/a><\/p>","protected":false},"author":4,"featured_media":0,"parent":18,"menu_order":0,"comment_status":"closed","ping_status":"closed","template":"","meta":[],"yoast_head":"<!-- This site is optimized with the Yoast SEO plugin v20.0 - https:\/\/yoast.com\/wordpress\/plugins\/seo\/ -->\n<title>SPC Group - steiner-polska<\/title>\n<meta name=\"robots\" content=\"index, follow, max-snippet:-1, max-image-preview:large, max-video-preview:-1\" \/>\n<link rel=\"canonical\" href=\"https:\/\/steiner-polska.pl\/pl\/products\/spc-group\/\" \/>\n<meta property=\"og:locale\" content=\"pl_PL\" \/>\n<meta property=\"og:type\" content=\"article\" \/>\n<meta property=\"og:title\" content=\"SPC Group - steiner-polska\" \/>\n<meta property=\"og:description\" content=\"SPC Group has been a leading manufacturer of machinery and equipment for the pharmaceutical industry since 1990. Their products are versatile and can be easily integrated into existing production lines or operated as stand-alone units. SPC Group&#8217;s expertise covers a range of functions, including Design and manufacture of format feeding and handling systems Filling, capping &hellip; Czytaj dalej \u201eSPC Group\u201d\" \/>\n<meta property=\"og:url\" content=\"https:\/\/steiner-polska.pl\/pl\/products\/spc-group\/\" \/>\n<meta property=\"og:site_name\" content=\"steiner-polska\" \/>\n<meta property=\"article:modified_time\" content=\"2024-03-27T12:15:31+00:00\" \/>\n<meta property=\"og:image\" content=\"http:\/\/steiner-polska.pl\/wp-content\/uploads\/2024\/03\/Machines.webp\" \/>\n<meta name=\"twitter:card\" content=\"summary_large_image\" \/>\n<meta name=\"twitter:label1\" content=\"Szacowany czas czytania\" \/>\n\t<meta name=\"twitter:data1\" content=\"2 minuty\" \/>\n<script type=\"application\/ld+json\" class=\"yoast-schema-graph\">{\"@context\":\"https:\/\/schema.org\",\"@graph\":[{\"@type\":\"WebPage\",\"@id\":\"https:\/\/steiner-polska.pl\/products\/spc-group\/\",\"url\":\"https:\/\/steiner-polska.pl\/products\/spc-group\/\",\"name\":\"SPC Group - steiner-polska\",\"isPartOf\":{\"@id\":\"https:\/\/steiner-polska.pl\/#website\"},\"datePublished\":\"2024-03-20T12:01:06+00:00\",\"dateModified\":\"2024-03-27T12:15:31+00:00\",\"breadcrumb\":{\"@id\":\"https:\/\/steiner-polska.pl\/products\/spc-group\/#breadcrumb\"},\"inLanguage\":\"pl-PL\",\"potentialAction\":[{\"@type\":\"ReadAction\",\"target\":[\"https:\/\/steiner-polska.pl\/products\/spc-group\/\"]}]},{\"@type\":\"BreadcrumbList\",\"@id\":\"https:\/\/steiner-polska.pl\/products\/spc-group\/#breadcrumb\",\"itemListElement\":[{\"@type\":\"ListItem\",\"position\":1,\"name\":\"Home\",\"item\":\"https:\/\/steiner-polska.pl\/\"},{\"@type\":\"ListItem\",\"position\":2,\"name\":\"PRODUCTS\",\"item\":\"https:\/\/steiner-polska.pl\/products\/\"},{\"@type\":\"ListItem\",\"position\":3,\"name\":\"SPC Group\"}]},{\"@type\":\"WebSite\",\"@id\":\"https:\/\/steiner-polska.pl\/#website\",\"url\":\"https:\/\/steiner-polska.pl\/\",\"name\":\"steiner-polska\",\"description\":\"Innovative Solutions\",\"potentialAction\":[{\"@type\":\"SearchAction\",\"target\":{\"@type\":\"EntryPoint\",\"urlTemplate\":\"https:\/\/steiner-polska.pl\/?s={search_term_string}\"},\"query-input\":\"required name=search_term_string\"}],\"inLanguage\":\"pl-PL\"}]}<\/script>\n<!-- \/ Yoast SEO plugin. -->","yoast_head_json":{"title":"SPC Group - steiner-polska","robots":{"index":"index","follow":"follow","max-snippet":"max-snippet:-1","max-image-preview":"max-image-preview:large","max-video-preview":"max-video-preview:-1"},"canonical":"https:\/\/steiner-polska.pl\/pl\/products\/spc-group\/","og_locale":"pl_PL","og_type":"article","og_title":"SPC Group - steiner-polska","og_description":"SPC Group has been a leading manufacturer of machinery and equipment for the pharmaceutical industry since 1990. Their products are versatile and can be easily integrated into existing production lines or operated as stand-alone units. SPC Group&#8217;s expertise covers a range of functions, including Design and manufacture of format feeding and handling systems Filling, capping &hellip; Czytaj dalej \u201eSPC Group\u201d","og_url":"https:\/\/steiner-polska.pl\/pl\/products\/spc-group\/","og_site_name":"steiner-polska","article_modified_time":"2024-03-27T12:15:31+00:00","og_image":[{"url":"http:\/\/steiner-polska.pl\/wp-content\/uploads\/2024\/03\/Machines.webp"}],"twitter_card":"summary_large_image","twitter_misc":{"Szacowany czas czytania":"2 minuty"},"schema":{"@context":"https:\/\/schema.org","@graph":[{"@type":"WebPage","@id":"https:\/\/steiner-polska.pl\/products\/spc-group\/","url":"https:\/\/steiner-polska.pl\/products\/spc-group\/","name":"SPC Group - steiner-polska","isPartOf":{"@id":"https:\/\/steiner-polska.pl\/#website"},"datePublished":"2024-03-20T12:01:06+00:00","dateModified":"2024-03-27T12:15:31+00:00","breadcrumb":{"@id":"https:\/\/steiner-polska.pl\/products\/spc-group\/#breadcrumb"},"inLanguage":"pl-PL","potentialAction":[{"@type":"ReadAction","target":["https:\/\/steiner-polska.pl\/products\/spc-group\/"]}]},{"@type":"BreadcrumbList","@id":"https:\/\/steiner-polska.pl\/products\/spc-group\/#breadcrumb","itemListElement":[{"@type":"ListItem","position":1,"name":"Home","item":"https:\/\/steiner-polska.pl\/"},{"@type":"ListItem","position":2,"name":"PRODUCTS","item":"https:\/\/steiner-polska.pl\/products\/"},{"@type":"ListItem","position":3,"name":"SPC Group"}]},{"@type":"WebSite","@id":"https:\/\/steiner-polska.pl\/#website","url":"https:\/\/steiner-polska.pl\/","name":"steiner-polska","description":"Innovative Solutions","potentialAction":[{"@type":"SearchAction","target":{"@type":"EntryPoint","urlTemplate":"https:\/\/steiner-polska.pl\/?s={search_term_string}"},"query-input":"required name=search_term_string"}],"inLanguage":"pl-PL"}]}},"_links":{"self":[{"href":"https:\/\/steiner-polska.pl\/pl\/wp-json\/wp\/v2\/pages\/1541"}],"collection":[{"href":"https:\/\/steiner-polska.pl\/pl\/wp-json\/wp\/v2\/pages"}],"about":[{"href":"https:\/\/steiner-polska.pl\/pl\/wp-json\/wp\/v2\/types\/page"}],"author":[{"embeddable":true,"href":"https:\/\/steiner-polska.pl\/pl\/wp-json\/wp\/v2\/users\/4"}],"replies":[{"embeddable":true,"href":"https:\/\/steiner-polska.pl\/pl\/wp-json\/wp\/v2\/comments?post=1541"}],"version-history":[{"count":27,"href":"https:\/\/steiner-polska.pl\/pl\/wp-json\/wp\/v2\/pages\/1541\/revisions"}],"predecessor-version":[{"id":1817,"href":"https:\/\/steiner-polska.pl\/pl\/wp-json\/wp\/v2\/pages\/1541\/revisions\/1817"}],"up":[{"embeddable":true,"href":"https:\/\/steiner-polska.pl\/pl\/wp-json\/wp\/v2\/pages\/18"}],"wp:attachment":[{"href":"https:\/\/steiner-polska.pl\/pl\/wp-json\/wp\/v2\/media?parent=1541"}],"curies":[{"name":"wp","href":"https:\/\/api.w.org\/{rel}","templated":true}]}}