{"id":1615,"date":"2024-03-20T15:35:15","date_gmt":"2024-03-20T14:35:15","guid":{"rendered":"https:\/\/steiner-polska.pl\/?page_id=1615"},"modified":"2024-03-21T09:54:17","modified_gmt":"2024-03-21T08:54:17","slug":"packaging-line-for-vials-and-caps","status":"publish","type":"page","link":"https:\/\/steiner-polska.pl\/pl\/products\/spc-group\/machine\/packaging-line-for-vials-and-caps\/","title":{"rendered":"Linia do pakowania fiolek i kapsli"},"content":{"rendered":"<div data-elementor-type=\"wp-page\" data-elementor-id=\"1615\" class=\"elementor elementor-1615\">\n\t\t\t\t<div class=\"elementor-element elementor-element-dd942f9 e-flex e-con-boxed e-con e-parent\" data-id=\"dd942f9\" data-element_type=\"container\" data-core-v316-plus=\"true\">\n\t\t\t\t\t<div class=\"e-con-inner\">\n\t\t\t\t<div class=\"elementor-element elementor-element-2eab6e9 elementor-widget elementor-widget-image\" data-id=\"2eab6e9\" data-element_type=\"widget\" data-widget_type=\"image.default\">\n\t\t\t\t<div class=\"elementor-widget-container\">\n\t\t\t<style>\/*! elementor - v3.20.0 - 13-03-2024 *\/\n.elementor-widget-image{text-align:center}.elementor-widget-image a{display:inline-block}.elementor-widget-image a img[src$=\".svg\"]{width:48px}.elementor-widget-image img{vertical-align:middle;display:inline-block}<\/style>\t\t\t\t\t\t\t\t\t\t<img fetchpriority=\"high\" decoding=\"async\" width=\"525\" height=\"383\" src=\"https:\/\/steiner-polska.pl\/wp-content\/uploads\/2024\/03\/\u0411\u0435\u0437-\u043d\u0430\u0437\u0432\u0438-1-1024x748.png\" class=\"attachment-large size-large wp-image-1592\" alt=\"\" srcset=\"https:\/\/steiner-polska.pl\/wp-content\/uploads\/2024\/03\/\u0411\u0435\u0437-\u043d\u0430\u0437\u0432\u0438-1-1024x748.png 1024w, https:\/\/steiner-polska.pl\/wp-content\/uploads\/2024\/03\/\u0411\u0435\u0437-\u043d\u0430\u0437\u0432\u0438-1-300x219.png 300w, https:\/\/steiner-polska.pl\/wp-content\/uploads\/2024\/03\/\u0411\u0435\u0437-\u043d\u0430\u0437\u0432\u0438-1-768x561.png 768w, https:\/\/steiner-polska.pl\/wp-content\/uploads\/2024\/03\/\u0411\u0435\u0437-\u043d\u0430\u0437\u0432\u0438-1-16x12.png 16w, https:\/\/steiner-polska.pl\/wp-content\/uploads\/2024\/03\/\u0411\u0435\u0437-\u043d\u0430\u0437\u0432\u0438-1.png 1080w\" sizes=\"100vw\" \/>\t\t\t\t\t\t\t\t\t\t\t\t\t<\/div>\n\t\t\t\t<\/div>\n\t\t\t\t\t<\/div>\n\t\t\t\t<\/div>\n\t\t<div class=\"elementor-element elementor-element-47616b3 e-flex e-con-boxed e-con e-parent\" data-id=\"47616b3\" data-element_type=\"container\" data-core-v316-plus=\"true\">\n\t\t\t\t\t<div class=\"e-con-inner\">\n\t\t\t\t<div class=\"elementor-element elementor-element-06fe12a elementor-widget elementor-widget-text-editor\" data-id=\"06fe12a\" data-element_type=\"widget\" data-widget_type=\"text-editor.default\">\n\t\t\t\t<div class=\"elementor-widget-container\">\n\t\t\t<style>\/*! elementor - v3.20.0 - 13-03-2024 *\/\n.elementor-widget-text-editor.elementor-drop-cap-view-stacked .elementor-drop-cap{background-color:#69727d;color:#fff}.elementor-widget-text-editor.elementor-drop-cap-view-framed .elementor-drop-cap{color:#69727d;border:3px solid;background-color:transparent}.elementor-widget-text-editor:not(.elementor-drop-cap-view-default) .elementor-drop-cap{margin-top:8px}.elementor-widget-text-editor:not(.elementor-drop-cap-view-default) .elementor-drop-cap-letter{width:1em;height:1em}.elementor-widget-text-editor .elementor-drop-cap{float:left;text-align:center;line-height:1;font-size:50px}.elementor-widget-text-editor .elementor-drop-cap-letter{display:inline-block}<\/style>\t\t\t\t<p><span style=\"color: #ff6600;\"><strong>SPC Group\u2019s<\/strong><\/span> indywidualne podej\u015bcie do projektowania pozwala im dostosowa\u0107 swoje rozwi\u0105zania do konkretnych ogranicze\u0144 i wymaga\u0144 produkcyjnych.<\/p><p><span style=\"color: #ff6600;\"><strong>SPC Group<\/strong><\/span> oferuje szereg opcji nape\u0142niania pojemnik\u00f3w, w tym r\u0119czne lub p\u00f3\u0142automatyczne systemy do pojemnik\u00f3w zagnie\u017cd\u017conych lub luzem. Systemy nape\u0142niania mog\u0105 wykorzystywa\u0107 pr\u00f3\u017cni\u0119 lub gaz oboj\u0119tny, a nasze opcje dozowania obejmuj\u0105 systemy obj\u0119to\u015bciowe, perystaltyczne, przep\u0142ywowe lub wagowe.<\/p><p>Rozwi\u0105zania w zakresie zamykania obejmuj\u0105 opcje pr\u00f3\u017cniowe lub mechaniczne, a tak\u017ce mo\u017cliwo\u015bci skr\u0119cania i zaciskania. SPC oferuje r\u00f3wnie\u017c etykietowanie, znakowanie atramentowe i laserowe w celu zapewnienia w\u0142a\u015bciwej identyfikacji produktu.<\/p><p>Linia pakuj\u0105ca jest w pe\u0142ni konfigurowalna i mo\u017ce by\u0107 dostosowana do konkretnych potrzeb. Do wyboru jest szereg funkcji, w tym nape\u0142nianie, zakr\u0119canie, zamykanie, zaciskanie, etykietowanie, znakowanie, identyfikacja i ko\u0144cowa kontrola zgodno\u015bci.<\/p>\t\t\t\t\t\t<\/div>\n\t\t\t\t<\/div>\n\t\t\t\t\t<\/div>\n\t\t\t\t<\/div>\n\t\t\t\t<\/div>","protected":false},"excerpt":{"rendered":"<p>SPC Group&#8217;s bespoke design approach allows them to tailor their solutions to your specific production constraints and requirements. SPC Group offers a range of container filling options including manual or semi-automatic systems for nested or bulk containers. Filling systems can use vacuum or inert gas and our dosing options include volumetric, peristaltic, flow or weight &hellip; <\/p>\n<p class=\"link-more\"><a href=\"https:\/\/steiner-polska.pl\/pl\/products\/spc-group\/machine\/packaging-line-for-vials-and-caps\/\" class=\"more-link\">Czytaj dalej<span class=\"screen-reader-text\"> \u201ePackaging line for vials and caps\u201d<\/span><\/a><\/p>","protected":false},"author":4,"featured_media":0,"parent":1580,"menu_order":0,"comment_status":"closed","ping_status":"closed","template":"","meta":[],"yoast_head":"<!-- This site is optimized with the Yoast SEO plugin v20.0 - https:\/\/yoast.com\/wordpress\/plugins\/seo\/ -->\n<title>Packaging line for vials and caps - steiner-polska<\/title>\n<meta name=\"robots\" content=\"index, follow, max-snippet:-1, max-image-preview:large, max-video-preview:-1\" \/>\n<link rel=\"canonical\" href=\"https:\/\/steiner-polska.pl\/pl\/products\/spc-group\/machine\/packaging-line-for-vials-and-caps\/\" \/>\n<meta property=\"og:locale\" content=\"pl_PL\" \/>\n<meta property=\"og:type\" content=\"article\" \/>\n<meta property=\"og:title\" content=\"Packaging line for vials and caps - steiner-polska\" \/>\n<meta property=\"og:description\" content=\"SPC Group&#8217;s bespoke design approach allows them to tailor their solutions to your specific production constraints and requirements. SPC Group offers a range of container filling options including manual or semi-automatic systems for nested or bulk containers. Filling systems can use vacuum or inert gas and our dosing options include volumetric, peristaltic, flow or weight &hellip; Czytaj dalej \u201ePackaging line for vials and caps\u201d\" \/>\n<meta property=\"og:url\" content=\"https:\/\/steiner-polska.pl\/pl\/products\/spc-group\/machine\/packaging-line-for-vials-and-caps\/\" \/>\n<meta property=\"og:site_name\" content=\"steiner-polska\" \/>\n<meta property=\"article:modified_time\" content=\"2024-03-21T08:54:17+00:00\" \/>\n<meta name=\"twitter:card\" content=\"summary_large_image\" \/>\n<meta name=\"twitter:label1\" content=\"Szacowany czas czytania\" \/>\n\t<meta name=\"twitter:data1\" content=\"1 minuta\" \/>\n<script type=\"application\/ld+json\" class=\"yoast-schema-graph\">{\"@context\":\"https:\/\/schema.org\",\"@graph\":[{\"@type\":\"WebPage\",\"@id\":\"https:\/\/steiner-polska.pl\/products\/spc-group\/machine\/packaging-line-for-vials-and-caps\/\",\"url\":\"https:\/\/steiner-polska.pl\/products\/spc-group\/machine\/packaging-line-for-vials-and-caps\/\",\"name\":\"Packaging line for vials and caps - steiner-polska\",\"isPartOf\":{\"@id\":\"https:\/\/steiner-polska.pl\/#website\"},\"datePublished\":\"2024-03-20T14:35:15+00:00\",\"dateModified\":\"2024-03-21T08:54:17+00:00\",\"breadcrumb\":{\"@id\":\"https:\/\/steiner-polska.pl\/products\/spc-group\/machine\/packaging-line-for-vials-and-caps\/#breadcrumb\"},\"inLanguage\":\"pl-PL\",\"potentialAction\":[{\"@type\":\"ReadAction\",\"target\":[\"https:\/\/steiner-polska.pl\/products\/spc-group\/machine\/packaging-line-for-vials-and-caps\/\"]}]},{\"@type\":\"BreadcrumbList\",\"@id\":\"https:\/\/steiner-polska.pl\/products\/spc-group\/machine\/packaging-line-for-vials-and-caps\/#breadcrumb\",\"itemListElement\":[{\"@type\":\"ListItem\",\"position\":1,\"name\":\"Home\",\"item\":\"https:\/\/steiner-polska.pl\/\"},{\"@type\":\"ListItem\",\"position\":2,\"name\":\"PRODUCTS\",\"item\":\"https:\/\/steiner-polska.pl\/products\/\"},{\"@type\":\"ListItem\",\"position\":3,\"name\":\"SPC Group\",\"item\":\"https:\/\/steiner-polska.pl\/products\/spc-group\/\"},{\"@type\":\"ListItem\",\"position\":4,\"name\":\"Machines\",\"item\":\"https:\/\/steiner-polska.pl\/products\/spc-group\/machine\/\"},{\"@type\":\"ListItem\",\"position\":5,\"name\":\"Packaging line for vials and caps\"}]},{\"@type\":\"WebSite\",\"@id\":\"https:\/\/steiner-polska.pl\/#website\",\"url\":\"https:\/\/steiner-polska.pl\/\",\"name\":\"steiner-polska\",\"description\":\"Innovative Solutions\",\"potentialAction\":[{\"@type\":\"SearchAction\",\"target\":{\"@type\":\"EntryPoint\",\"urlTemplate\":\"https:\/\/steiner-polska.pl\/?s={search_term_string}\"},\"query-input\":\"required name=search_term_string\"}],\"inLanguage\":\"pl-PL\"}]}<\/script>\n<!-- \/ Yoast SEO plugin. -->","yoast_head_json":{"title":"Packaging line for vials and caps - steiner-polska","robots":{"index":"index","follow":"follow","max-snippet":"max-snippet:-1","max-image-preview":"max-image-preview:large","max-video-preview":"max-video-preview:-1"},"canonical":"https:\/\/steiner-polska.pl\/pl\/products\/spc-group\/machine\/packaging-line-for-vials-and-caps\/","og_locale":"pl_PL","og_type":"article","og_title":"Packaging line for vials and caps - steiner-polska","og_description":"SPC Group&#8217;s bespoke design approach allows them to tailor their solutions to your specific production constraints and requirements. SPC Group offers a range of container filling options including manual or semi-automatic systems for nested or bulk containers. Filling systems can use vacuum or inert gas and our dosing options include volumetric, peristaltic, flow or weight &hellip; Czytaj dalej \u201ePackaging line for vials and caps\u201d","og_url":"https:\/\/steiner-polska.pl\/pl\/products\/spc-group\/machine\/packaging-line-for-vials-and-caps\/","og_site_name":"steiner-polska","article_modified_time":"2024-03-21T08:54:17+00:00","twitter_card":"summary_large_image","twitter_misc":{"Szacowany czas czytania":"1 minuta"},"schema":{"@context":"https:\/\/schema.org","@graph":[{"@type":"WebPage","@id":"https:\/\/steiner-polska.pl\/products\/spc-group\/machine\/packaging-line-for-vials-and-caps\/","url":"https:\/\/steiner-polska.pl\/products\/spc-group\/machine\/packaging-line-for-vials-and-caps\/","name":"Packaging line for vials and caps - steiner-polska","isPartOf":{"@id":"https:\/\/steiner-polska.pl\/#website"},"datePublished":"2024-03-20T14:35:15+00:00","dateModified":"2024-03-21T08:54:17+00:00","breadcrumb":{"@id":"https:\/\/steiner-polska.pl\/products\/spc-group\/machine\/packaging-line-for-vials-and-caps\/#breadcrumb"},"inLanguage":"pl-PL","potentialAction":[{"@type":"ReadAction","target":["https:\/\/steiner-polska.pl\/products\/spc-group\/machine\/packaging-line-for-vials-and-caps\/"]}]},{"@type":"BreadcrumbList","@id":"https:\/\/steiner-polska.pl\/products\/spc-group\/machine\/packaging-line-for-vials-and-caps\/#breadcrumb","itemListElement":[{"@type":"ListItem","position":1,"name":"Home","item":"https:\/\/steiner-polska.pl\/"},{"@type":"ListItem","position":2,"name":"PRODUCTS","item":"https:\/\/steiner-polska.pl\/products\/"},{"@type":"ListItem","position":3,"name":"SPC Group","item":"https:\/\/steiner-polska.pl\/products\/spc-group\/"},{"@type":"ListItem","position":4,"name":"Machines","item":"https:\/\/steiner-polska.pl\/products\/spc-group\/machine\/"},{"@type":"ListItem","position":5,"name":"Packaging line for vials and caps"}]},{"@type":"WebSite","@id":"https:\/\/steiner-polska.pl\/#website","url":"https:\/\/steiner-polska.pl\/","name":"steiner-polska","description":"Innovative Solutions","potentialAction":[{"@type":"SearchAction","target":{"@type":"EntryPoint","urlTemplate":"https:\/\/steiner-polska.pl\/?s={search_term_string}"},"query-input":"required name=search_term_string"}],"inLanguage":"pl-PL"}]}},"_links":{"self":[{"href":"https:\/\/steiner-polska.pl\/pl\/wp-json\/wp\/v2\/pages\/1615"}],"collection":[{"href":"https:\/\/steiner-polska.pl\/pl\/wp-json\/wp\/v2\/pages"}],"about":[{"href":"https:\/\/steiner-polska.pl\/pl\/wp-json\/wp\/v2\/types\/page"}],"author":[{"embeddable":true,"href":"https:\/\/steiner-polska.pl\/pl\/wp-json\/wp\/v2\/users\/4"}],"replies":[{"embeddable":true,"href":"https:\/\/steiner-polska.pl\/pl\/wp-json\/wp\/v2\/comments?post=1615"}],"version-history":[{"count":7,"href":"https:\/\/steiner-polska.pl\/pl\/wp-json\/wp\/v2\/pages\/1615\/revisions"}],"predecessor-version":[{"id":1673,"href":"https:\/\/steiner-polska.pl\/pl\/wp-json\/wp\/v2\/pages\/1615\/revisions\/1673"}],"up":[{"embeddable":true,"href":"https:\/\/steiner-polska.pl\/pl\/wp-json\/wp\/v2\/pages\/1580"}],"wp:attachment":[{"href":"https:\/\/steiner-polska.pl\/pl\/wp-json\/wp\/v2\/media?parent=1615"}],"curies":[{"name":"wp","href":"https:\/\/api.w.org\/{rel}","templated":true}]}}