{"id":1624,"date":"2024-03-20T15:39:32","date_gmt":"2024-03-20T14:39:32","guid":{"rendered":"https:\/\/steiner-polska.pl\/?page_id=1624"},"modified":"2024-03-21T10:02:41","modified_gmt":"2024-03-21T09:02:41","slug":"packaging-line-for-dropper-pipettes","status":"publish","type":"page","link":"https:\/\/steiner-polska.pl\/pl\/products\/spc-group\/machine\/packaging-line-for-dropper-pipettes\/","title":{"rendered":"Linia do pakowania pipet z kroplomierzem"},"content":{"rendered":"<div data-elementor-type=\"wp-page\" data-elementor-id=\"1624\" class=\"elementor elementor-1624\">\n\t\t\t\t<div class=\"elementor-element elementor-element-9ee32d1 e-flex e-con-boxed e-con e-parent\" data-id=\"9ee32d1\" data-element_type=\"container\" data-core-v316-plus=\"true\">\n\t\t\t\t\t<div class=\"e-con-inner\">\n\t\t\t\t<div class=\"elementor-element elementor-element-0ef7d80 elementor-widget elementor-widget-image\" data-id=\"0ef7d80\" data-element_type=\"widget\" data-widget_type=\"image.default\">\n\t\t\t\t<div class=\"elementor-widget-container\">\n\t\t\t<style>\/*! elementor - v3.20.0 - 13-03-2024 *\/\n.elementor-widget-image{text-align:center}.elementor-widget-image a{display:inline-block}.elementor-widget-image a img[src$=\".svg\"]{width:48px}.elementor-widget-image img{vertical-align:middle;display:inline-block}<\/style>\t\t\t\t\t\t\t\t\t\t<img fetchpriority=\"high\" decoding=\"async\" width=\"525\" height=\"383\" src=\"https:\/\/steiner-polska.pl\/wp-content\/uploads\/2024\/03\/\u0411\u0435\u0437-\u043d\u0430\u0437\u0432\u0438-2-1024x748.png\" class=\"attachment-large size-large wp-image-1601\" alt=\"\" srcset=\"https:\/\/steiner-polska.pl\/wp-content\/uploads\/2024\/03\/\u0411\u0435\u0437-\u043d\u0430\u0437\u0432\u0438-2-1024x748.png 1024w, https:\/\/steiner-polska.pl\/wp-content\/uploads\/2024\/03\/\u0411\u0435\u0437-\u043d\u0430\u0437\u0432\u0438-2-300x219.png 300w, https:\/\/steiner-polska.pl\/wp-content\/uploads\/2024\/03\/\u0411\u0435\u0437-\u043d\u0430\u0437\u0432\u0438-2-768x561.png 768w, https:\/\/steiner-polska.pl\/wp-content\/uploads\/2024\/03\/\u0411\u0435\u0437-\u043d\u0430\u0437\u0432\u0438-2-16x12.png 16w, https:\/\/steiner-polska.pl\/wp-content\/uploads\/2024\/03\/\u0411\u0435\u0437-\u043d\u0430\u0437\u0432\u0438-2.png 1080w\" sizes=\"100vw\" \/>\t\t\t\t\t\t\t\t\t\t\t\t\t<\/div>\n\t\t\t\t<\/div>\n\t\t\t\t\t<\/div>\n\t\t\t\t<\/div>\n\t\t<div class=\"elementor-element elementor-element-2637418 e-flex e-con-boxed e-con e-parent\" data-id=\"2637418\" data-element_type=\"container\" data-core-v316-plus=\"true\">\n\t\t\t\t\t<div class=\"e-con-inner\">\n\t\t\t\t<div class=\"elementor-element elementor-element-fb14504 elementor-widget elementor-widget-text-editor\" data-id=\"fb14504\" data-element_type=\"widget\" data-widget_type=\"text-editor.default\">\n\t\t\t\t<div class=\"elementor-widget-container\">\n\t\t\t<style>\/*! elementor - v3.20.0 - 13-03-2024 *\/\n.elementor-widget-text-editor.elementor-drop-cap-view-stacked .elementor-drop-cap{background-color:#69727d;color:#fff}.elementor-widget-text-editor.elementor-drop-cap-view-framed .elementor-drop-cap{color:#69727d;border:3px solid;background-color:transparent}.elementor-widget-text-editor:not(.elementor-drop-cap-view-default) .elementor-drop-cap{margin-top:8px}.elementor-widget-text-editor:not(.elementor-drop-cap-view-default) .elementor-drop-cap-letter{width:1em;height:1em}.elementor-widget-text-editor .elementor-drop-cap{float:left;text-align:center;line-height:1;font-size:50px}.elementor-widget-text-editor .elementor-drop-cap-letter{display:inline-block}<\/style>\t\t\t\t<p><span style=\"color: #ff6600;\"><strong>SPC Group\u2019s<\/strong><\/span> to wszechstronne i konfigurowalne rozwi\u0105zanie spe\u0142niaj\u0105ce okre\u015blone potrzeby produkcyjne. \u0141\u0105czy w sobie wiele funkcji, takich jak nape\u0142nianie, zamykanie, etykietowanie, znakowanie, identyfikacja i ko\u0144cowa kontrola zgodno\u015bci. Idealna do szybkiego pakowania opakowa\u0144 zbiorczych.<\/p><p><span style=\"color: #ff6600;\"><strong>SPC Group<\/strong><\/span> oferuje opcje r\u0119cznego lub p\u00f3\u0142automatycznego podawania pojemnik\u00f3w zagnie\u017cd\u017conych lub luzem, nape\u0142niania pr\u00f3\u017cniowego lub gazem oboj\u0119tnym oraz dozowania obj\u0119to\u015bciowego, perystaltycznego, przep\u0142ywowego lub wagowego. Rozwi\u0105zania w zakresie zamykania obejmuj\u0105 opcje pr\u00f3\u017cniowe lub mechaniczne, a tak\u017ce opcje zakr\u0119cania i zaciskania. Do identyfikacji produkt\u00f3w dost\u0119pne s\u0105 opcje etykietowania, znakowania atramentowego i laserowego.<\/p><p>Linia pakuj\u0105ca jest kompatybilna z wieloma formatami pojemnik\u00f3w i umo\u017cliwia szybk\u0105 zmian\u0119 formatu. Dost\u0119pne s\u0105 r\u00f3wnie\u017c opcje obs\u0142ugi zrobotyzowanej lub mechanicznej. Nasz zesp\u00f3\u0142 ekspert\u00f3w b\u0119dzie wsp\u00f3\u0142pracowa\u0107 z Tob\u0105 w celu zaprojektowania i wdro\u017cenia niestandardowego rozwi\u0105zania, kt\u00f3re spe\u0142ni Twoje potrzeby i zwi\u0119kszy produktywno\u015b\u0107.<\/p>\t\t\t\t\t\t<\/div>\n\t\t\t\t<\/div>\n\t\t\t\t\t<\/div>\n\t\t\t\t<\/div>\n\t\t\t\t<\/div>","protected":false},"excerpt":{"rendered":"<p>SPC Group&#8217;s packaging line is a versatile and configurable solution to meet specific production needs. It combines multiple functions such as filling, capping, labelling, marking, identification and final compliance checking. Ideal for high speed packaging of bulk containers. SPC Group offers manual or semi-automatic feeding options for nested or bulk containers, vacuum or inert gas &hellip; <\/p>\n<p class=\"link-more\"><a href=\"https:\/\/steiner-polska.pl\/pl\/products\/spc-group\/machine\/packaging-line-for-dropper-pipettes\/\" class=\"more-link\">Czytaj dalej<span class=\"screen-reader-text\"> \u201ePackaging line for dropper pipettes\u201d<\/span><\/a><\/p>","protected":false},"author":4,"featured_media":0,"parent":1580,"menu_order":0,"comment_status":"closed","ping_status":"closed","template":"","meta":[],"yoast_head":"<!-- This site is optimized with the Yoast SEO plugin v20.0 - https:\/\/yoast.com\/wordpress\/plugins\/seo\/ -->\n<title>Packaging line for dropper pipettes - steiner-polska<\/title>\n<meta name=\"robots\" content=\"index, follow, max-snippet:-1, max-image-preview:large, max-video-preview:-1\" \/>\n<link rel=\"canonical\" href=\"https:\/\/steiner-polska.pl\/pl\/products\/spc-group\/machine\/packaging-line-for-dropper-pipettes\/\" \/>\n<meta property=\"og:locale\" content=\"pl_PL\" \/>\n<meta property=\"og:type\" content=\"article\" \/>\n<meta property=\"og:title\" content=\"Packaging line for dropper pipettes - steiner-polska\" \/>\n<meta property=\"og:description\" content=\"SPC Group&#8217;s packaging line is a versatile and configurable solution to meet specific production needs. It combines multiple functions such as filling, capping, labelling, marking, identification and final compliance checking. Ideal for high speed packaging of bulk containers. SPC Group offers manual or semi-automatic feeding options for nested or bulk containers, vacuum or inert gas &hellip; Czytaj dalej \u201ePackaging line for dropper pipettes\u201d\" \/>\n<meta property=\"og:url\" content=\"https:\/\/steiner-polska.pl\/pl\/products\/spc-group\/machine\/packaging-line-for-dropper-pipettes\/\" \/>\n<meta property=\"og:site_name\" content=\"steiner-polska\" \/>\n<meta property=\"article:modified_time\" content=\"2024-03-21T09:02:41+00:00\" \/>\n<meta name=\"twitter:card\" content=\"summary_large_image\" \/>\n<meta name=\"twitter:label1\" content=\"Szacowany czas czytania\" \/>\n\t<meta name=\"twitter:data1\" content=\"1 minuta\" \/>\n<script type=\"application\/ld+json\" class=\"yoast-schema-graph\">{\"@context\":\"https:\/\/schema.org\",\"@graph\":[{\"@type\":\"WebPage\",\"@id\":\"https:\/\/steiner-polska.pl\/products\/spc-group\/machine\/packaging-line-for-dropper-pipettes\/\",\"url\":\"https:\/\/steiner-polska.pl\/products\/spc-group\/machine\/packaging-line-for-dropper-pipettes\/\",\"name\":\"Packaging line for dropper pipettes - steiner-polska\",\"isPartOf\":{\"@id\":\"https:\/\/steiner-polska.pl\/#website\"},\"datePublished\":\"2024-03-20T14:39:32+00:00\",\"dateModified\":\"2024-03-21T09:02:41+00:00\",\"breadcrumb\":{\"@id\":\"https:\/\/steiner-polska.pl\/products\/spc-group\/machine\/packaging-line-for-dropper-pipettes\/#breadcrumb\"},\"inLanguage\":\"pl-PL\",\"potentialAction\":[{\"@type\":\"ReadAction\",\"target\":[\"https:\/\/steiner-polska.pl\/products\/spc-group\/machine\/packaging-line-for-dropper-pipettes\/\"]}]},{\"@type\":\"BreadcrumbList\",\"@id\":\"https:\/\/steiner-polska.pl\/products\/spc-group\/machine\/packaging-line-for-dropper-pipettes\/#breadcrumb\",\"itemListElement\":[{\"@type\":\"ListItem\",\"position\":1,\"name\":\"Home\",\"item\":\"https:\/\/steiner-polska.pl\/\"},{\"@type\":\"ListItem\",\"position\":2,\"name\":\"PRODUCTS\",\"item\":\"https:\/\/steiner-polska.pl\/products\/\"},{\"@type\":\"ListItem\",\"position\":3,\"name\":\"SPC Group\",\"item\":\"https:\/\/steiner-polska.pl\/products\/spc-group\/\"},{\"@type\":\"ListItem\",\"position\":4,\"name\":\"Machines\",\"item\":\"https:\/\/steiner-polska.pl\/products\/spc-group\/machine\/\"},{\"@type\":\"ListItem\",\"position\":5,\"name\":\"Packaging line for dropper pipettes\"}]},{\"@type\":\"WebSite\",\"@id\":\"https:\/\/steiner-polska.pl\/#website\",\"url\":\"https:\/\/steiner-polska.pl\/\",\"name\":\"steiner-polska\",\"description\":\"Innovative Solutions\",\"potentialAction\":[{\"@type\":\"SearchAction\",\"target\":{\"@type\":\"EntryPoint\",\"urlTemplate\":\"https:\/\/steiner-polska.pl\/?s={search_term_string}\"},\"query-input\":\"required name=search_term_string\"}],\"inLanguage\":\"pl-PL\"}]}<\/script>\n<!-- \/ Yoast SEO plugin. -->","yoast_head_json":{"title":"Packaging line for dropper pipettes - steiner-polska","robots":{"index":"index","follow":"follow","max-snippet":"max-snippet:-1","max-image-preview":"max-image-preview:large","max-video-preview":"max-video-preview:-1"},"canonical":"https:\/\/steiner-polska.pl\/pl\/products\/spc-group\/machine\/packaging-line-for-dropper-pipettes\/","og_locale":"pl_PL","og_type":"article","og_title":"Packaging line for dropper pipettes - steiner-polska","og_description":"SPC Group&#8217;s packaging line is a versatile and configurable solution to meet specific production needs. It combines multiple functions such as filling, capping, labelling, marking, identification and final compliance checking. Ideal for high speed packaging of bulk containers. SPC Group offers manual or semi-automatic feeding options for nested or bulk containers, vacuum or inert gas &hellip; Czytaj dalej \u201ePackaging line for dropper pipettes\u201d","og_url":"https:\/\/steiner-polska.pl\/pl\/products\/spc-group\/machine\/packaging-line-for-dropper-pipettes\/","og_site_name":"steiner-polska","article_modified_time":"2024-03-21T09:02:41+00:00","twitter_card":"summary_large_image","twitter_misc":{"Szacowany czas czytania":"1 minuta"},"schema":{"@context":"https:\/\/schema.org","@graph":[{"@type":"WebPage","@id":"https:\/\/steiner-polska.pl\/products\/spc-group\/machine\/packaging-line-for-dropper-pipettes\/","url":"https:\/\/steiner-polska.pl\/products\/spc-group\/machine\/packaging-line-for-dropper-pipettes\/","name":"Packaging line for dropper pipettes - steiner-polska","isPartOf":{"@id":"https:\/\/steiner-polska.pl\/#website"},"datePublished":"2024-03-20T14:39:32+00:00","dateModified":"2024-03-21T09:02:41+00:00","breadcrumb":{"@id":"https:\/\/steiner-polska.pl\/products\/spc-group\/machine\/packaging-line-for-dropper-pipettes\/#breadcrumb"},"inLanguage":"pl-PL","potentialAction":[{"@type":"ReadAction","target":["https:\/\/steiner-polska.pl\/products\/spc-group\/machine\/packaging-line-for-dropper-pipettes\/"]}]},{"@type":"BreadcrumbList","@id":"https:\/\/steiner-polska.pl\/products\/spc-group\/machine\/packaging-line-for-dropper-pipettes\/#breadcrumb","itemListElement":[{"@type":"ListItem","position":1,"name":"Home","item":"https:\/\/steiner-polska.pl\/"},{"@type":"ListItem","position":2,"name":"PRODUCTS","item":"https:\/\/steiner-polska.pl\/products\/"},{"@type":"ListItem","position":3,"name":"SPC Group","item":"https:\/\/steiner-polska.pl\/products\/spc-group\/"},{"@type":"ListItem","position":4,"name":"Machines","item":"https:\/\/steiner-polska.pl\/products\/spc-group\/machine\/"},{"@type":"ListItem","position":5,"name":"Packaging line for dropper pipettes"}]},{"@type":"WebSite","@id":"https:\/\/steiner-polska.pl\/#website","url":"https:\/\/steiner-polska.pl\/","name":"steiner-polska","description":"Innovative Solutions","potentialAction":[{"@type":"SearchAction","target":{"@type":"EntryPoint","urlTemplate":"https:\/\/steiner-polska.pl\/?s={search_term_string}"},"query-input":"required name=search_term_string"}],"inLanguage":"pl-PL"}]}},"_links":{"self":[{"href":"https:\/\/steiner-polska.pl\/pl\/wp-json\/wp\/v2\/pages\/1624"}],"collection":[{"href":"https:\/\/steiner-polska.pl\/pl\/wp-json\/wp\/v2\/pages"}],"about":[{"href":"https:\/\/steiner-polska.pl\/pl\/wp-json\/wp\/v2\/types\/page"}],"author":[{"embeddable":true,"href":"https:\/\/steiner-polska.pl\/pl\/wp-json\/wp\/v2\/users\/4"}],"replies":[{"embeddable":true,"href":"https:\/\/steiner-polska.pl\/pl\/wp-json\/wp\/v2\/comments?post=1624"}],"version-history":[{"count":7,"href":"https:\/\/steiner-polska.pl\/pl\/wp-json\/wp\/v2\/pages\/1624\/revisions"}],"predecessor-version":[{"id":1676,"href":"https:\/\/steiner-polska.pl\/pl\/wp-json\/wp\/v2\/pages\/1624\/revisions\/1676"}],"up":[{"embeddable":true,"href":"https:\/\/steiner-polska.pl\/pl\/wp-json\/wp\/v2\/pages\/1580"}],"wp:attachment":[{"href":"https:\/\/steiner-polska.pl\/pl\/wp-json\/wp\/v2\/media?parent=1624"}],"curies":[{"name":"wp","href":"https:\/\/api.w.org\/{rel}","templated":true}]}}