{"id":1632,"date":"2024-03-20T15:43:06","date_gmt":"2024-03-20T14:43:06","guid":{"rendered":"https:\/\/steiner-polska.pl\/?page_id=1632"},"modified":"2024-03-21T10:13:44","modified_gmt":"2024-03-21T09:13:44","slug":"robot-module-for-filling-and-capping","status":"publish","type":"page","link":"https:\/\/steiner-polska.pl\/pl\/products\/spc-group\/machine\/robot-module-for-filling-and-capping\/","title":{"rendered":"MODU\u0141 ROBOTA DO NAPE\u0141NIANIA I ZAMYKANIA"},"content":{"rendered":"<div data-elementor-type=\"wp-page\" data-elementor-id=\"1632\" class=\"elementor elementor-1632\">\n\t\t\t\t<div class=\"elementor-element elementor-element-a21ead1 e-flex e-con-boxed e-con e-parent\" data-id=\"a21ead1\" data-element_type=\"container\" data-core-v316-plus=\"true\">\n\t\t\t\t\t<div class=\"e-con-inner\">\n\t\t\t\t<div class=\"elementor-element elementor-element-e8d024d elementor-widget elementor-widget-image\" data-id=\"e8d024d\" data-element_type=\"widget\" data-widget_type=\"image.default\">\n\t\t\t\t<div class=\"elementor-widget-container\">\n\t\t\t<style>\/*! elementor - v3.20.0 - 13-03-2024 *\/\n.elementor-widget-image{text-align:center}.elementor-widget-image a{display:inline-block}.elementor-widget-image a img[src$=\".svg\"]{width:48px}.elementor-widget-image img{vertical-align:middle;display:inline-block}<\/style>\t\t\t\t\t\t\t\t\t\t<img fetchpriority=\"high\" decoding=\"async\" width=\"525\" height=\"525\" src=\"https:\/\/steiner-polska.pl\/wp-content\/uploads\/2024\/03\/\u0438\u0437\u043e\u0431\u0440\u0430\u0436\u0435\u043d\u0438\u0435_2024-03-20_162039823-1024x1024.png\" class=\"attachment-large size-large wp-image-1605\" alt=\"\" srcset=\"https:\/\/steiner-polska.pl\/wp-content\/uploads\/2024\/03\/\u0438\u0437\u043e\u0431\u0440\u0430\u0436\u0435\u043d\u0438\u0435_2024-03-20_162039823-1024x1024.png 1024w, https:\/\/steiner-polska.pl\/wp-content\/uploads\/2024\/03\/\u0438\u0437\u043e\u0431\u0440\u0430\u0436\u0435\u043d\u0438\u0435_2024-03-20_162039823-300x300.png 300w, https:\/\/steiner-polska.pl\/wp-content\/uploads\/2024\/03\/\u0438\u0437\u043e\u0431\u0440\u0430\u0436\u0435\u043d\u0438\u0435_2024-03-20_162039823-150x150.png 150w, https:\/\/steiner-polska.pl\/wp-content\/uploads\/2024\/03\/\u0438\u0437\u043e\u0431\u0440\u0430\u0436\u0435\u043d\u0438\u0435_2024-03-20_162039823-768x768.png 768w, https:\/\/steiner-polska.pl\/wp-content\/uploads\/2024\/03\/\u0438\u0437\u043e\u0431\u0440\u0430\u0436\u0435\u043d\u0438\u0435_2024-03-20_162039823-12x12.png 12w, https:\/\/steiner-polska.pl\/wp-content\/uploads\/2024\/03\/\u0438\u0437\u043e\u0431\u0440\u0430\u0436\u0435\u043d\u0438\u0435_2024-03-20_162039823-100x100.png 100w, https:\/\/steiner-polska.pl\/wp-content\/uploads\/2024\/03\/\u0438\u0437\u043e\u0431\u0440\u0430\u0436\u0435\u043d\u0438\u0435_2024-03-20_162039823.png 1080w\" sizes=\"100vw\" \/>\t\t\t\t\t\t\t\t\t\t\t\t\t<\/div>\n\t\t\t\t<\/div>\n\t\t\t\t\t<\/div>\n\t\t\t\t<\/div>\n\t\t<div class=\"elementor-element elementor-element-392518c e-flex e-con-boxed e-con e-parent\" data-id=\"392518c\" data-element_type=\"container\" data-core-v316-plus=\"true\">\n\t\t\t\t\t<div class=\"e-con-inner\">\n\t\t\t\t<div class=\"elementor-element elementor-element-455e666 elementor-widget elementor-widget-text-editor\" data-id=\"455e666\" data-element_type=\"widget\" data-widget_type=\"text-editor.default\">\n\t\t\t\t<div class=\"elementor-widget-container\">\n\t\t\t<style>\/*! elementor - v3.20.0 - 13-03-2024 *\/\n.elementor-widget-text-editor.elementor-drop-cap-view-stacked .elementor-drop-cap{background-color:#69727d;color:#fff}.elementor-widget-text-editor.elementor-drop-cap-view-framed .elementor-drop-cap{color:#69727d;border:3px solid;background-color:transparent}.elementor-widget-text-editor:not(.elementor-drop-cap-view-default) .elementor-drop-cap{margin-top:8px}.elementor-widget-text-editor:not(.elementor-drop-cap-view-default) .elementor-drop-cap-letter{width:1em;height:1em}.elementor-widget-text-editor .elementor-drop-cap{float:left;text-align:center;line-height:1;font-size:50px}.elementor-widget-text-editor .elementor-drop-cap-letter{display:inline-block}<\/style>\t\t\t\t<p>Ramiona robotyczne zwi\u0119kszaj\u0105 niezawodno\u015b\u0107 i produktywno\u015b\u0107, ograniczaj\u0105c kontakt z lud\u017ami i zmniejszaj\u0105c ryzyko zanieczyszczenia krzy\u017cowego. System zosta\u0142 zaprojektowany do pracy w sterylnym \u015brodowisku i mo\u017ce by\u0107 zintegrowany z istniej\u0105c\u0105 lini\u0105 pakuj\u0105c\u0105 lub pracowa\u0107 niezale\u017cnie. Jest kompatybilny z izolatorami, przep\u0142ywem laminarnym lub RABS, a tak\u017ce z wi\u0119kszo\u015bci\u0105 detergent\u00f3w i system\u00f3w dezynfekcji biologicznej, takich jak H2O2 i HVP.<\/p><p>3-osiowe rami\u0119 robota zosta\u0142o zaprojektowane z my\u015bl\u0105 o \u015brodowiskach aseptycznych, a maszyna jest w pe\u0142ni zgodna z GMP i innymi standardami opieki zdrowotnej. Indywidualne podej\u015bcie do projektowania pozwala nam dostosowa\u0107 rozwi\u0105zania do ogranicze\u0144 produkcyjnych i oczekiwa\u0144 klienta.<\/p><p><span style=\"color: #ff6600;\"><strong>SPC Group<\/strong><\/span> oferuje r\u0119czne lub p\u00f3\u0142automatyczne opcje podawania pojemnik\u00f3w zagnie\u017cd\u017conych lub luzem, nape\u0142nianie pr\u00f3\u017cniowe lub gazem oboj\u0119tnym oraz dozowanie obj\u0119to\u015bciowe, perystaltyczne lub wagowe. Rozwi\u0105zania w zakresie zamykania obejmuj\u0105 opcje pr\u00f3\u017cniowe lub mechaniczne oraz mo\u017cliwo\u015bci zakr\u0119cania. Dost\u0119pne s\u0105 r\u00f3wnie\u017c opcje transportu zrobotyzowanego lub mechanicznego.<\/p>\t\t\t\t\t\t<\/div>\n\t\t\t\t<\/div>\n\t\t\t\t\t<\/div>\n\t\t\t\t<\/div>\n\t\t\t\t<\/div>","protected":false},"excerpt":{"rendered":"<p>Robotic arms increase reliability and productivity by limiting human contact and reducing the risk of cross-contamination. The system is designed to operate in sterile environments and can be integrated into an existing packaging line or run independently. It is compatible with isolators, laminar flow or RABS, as well as most detergents and bio-disinfection systems such &hellip; <\/p>\n<p class=\"link-more\"><a href=\"https:\/\/steiner-polska.pl\/pl\/products\/spc-group\/machine\/robot-module-for-filling-and-capping\/\" class=\"more-link\">Czytaj dalej<span class=\"screen-reader-text\"> \u201eROBOT MODULE FOR FILLING AND CAPPING\u201d<\/span><\/a><\/p>","protected":false},"author":4,"featured_media":0,"parent":1580,"menu_order":0,"comment_status":"closed","ping_status":"closed","template":"","meta":[],"yoast_head":"<!-- This site is optimized with the Yoast SEO plugin v20.0 - https:\/\/yoast.com\/wordpress\/plugins\/seo\/ -->\n<title>ROBOT MODULE FOR FILLING AND CAPPING - steiner-polska<\/title>\n<meta name=\"robots\" content=\"index, follow, max-snippet:-1, max-image-preview:large, max-video-preview:-1\" \/>\n<link rel=\"canonical\" href=\"https:\/\/steiner-polska.pl\/pl\/products\/spc-group\/machine\/robot-module-for-filling-and-capping\/\" \/>\n<meta property=\"og:locale\" content=\"pl_PL\" \/>\n<meta property=\"og:type\" content=\"article\" \/>\n<meta property=\"og:title\" content=\"ROBOT MODULE FOR FILLING AND CAPPING - steiner-polska\" \/>\n<meta property=\"og:description\" content=\"Robotic arms increase reliability and productivity by limiting human contact and reducing the risk of cross-contamination. The system is designed to operate in sterile environments and can be integrated into an existing packaging line or run independently. It is compatible with isolators, laminar flow or RABS, as well as most detergents and bio-disinfection systems such &hellip; Czytaj dalej \u201eROBOT MODULE FOR FILLING AND CAPPING\u201d\" \/>\n<meta property=\"og:url\" content=\"https:\/\/steiner-polska.pl\/pl\/products\/spc-group\/machine\/robot-module-for-filling-and-capping\/\" \/>\n<meta property=\"og:site_name\" content=\"steiner-polska\" \/>\n<meta property=\"article:modified_time\" content=\"2024-03-21T09:13:44+00:00\" \/>\n<meta name=\"twitter:card\" content=\"summary_large_image\" \/>\n<meta name=\"twitter:label1\" content=\"Szacowany czas czytania\" \/>\n\t<meta name=\"twitter:data1\" content=\"1 minuta\" \/>\n<script type=\"application\/ld+json\" class=\"yoast-schema-graph\">{\"@context\":\"https:\/\/schema.org\",\"@graph\":[{\"@type\":\"WebPage\",\"@id\":\"https:\/\/steiner-polska.pl\/products\/spc-group\/machine\/robot-module-for-filling-and-capping\/\",\"url\":\"https:\/\/steiner-polska.pl\/products\/spc-group\/machine\/robot-module-for-filling-and-capping\/\",\"name\":\"ROBOT MODULE FOR FILLING AND CAPPING - steiner-polska\",\"isPartOf\":{\"@id\":\"https:\/\/steiner-polska.pl\/#website\"},\"datePublished\":\"2024-03-20T14:43:06+00:00\",\"dateModified\":\"2024-03-21T09:13:44+00:00\",\"breadcrumb\":{\"@id\":\"https:\/\/steiner-polska.pl\/products\/spc-group\/machine\/robot-module-for-filling-and-capping\/#breadcrumb\"},\"inLanguage\":\"pl-PL\",\"potentialAction\":[{\"@type\":\"ReadAction\",\"target\":[\"https:\/\/steiner-polska.pl\/products\/spc-group\/machine\/robot-module-for-filling-and-capping\/\"]}]},{\"@type\":\"BreadcrumbList\",\"@id\":\"https:\/\/steiner-polska.pl\/products\/spc-group\/machine\/robot-module-for-filling-and-capping\/#breadcrumb\",\"itemListElement\":[{\"@type\":\"ListItem\",\"position\":1,\"name\":\"Home\",\"item\":\"https:\/\/steiner-polska.pl\/\"},{\"@type\":\"ListItem\",\"position\":2,\"name\":\"PRODUCTS\",\"item\":\"https:\/\/steiner-polska.pl\/products\/\"},{\"@type\":\"ListItem\",\"position\":3,\"name\":\"SPC Group\",\"item\":\"https:\/\/steiner-polska.pl\/products\/spc-group\/\"},{\"@type\":\"ListItem\",\"position\":4,\"name\":\"Machines\",\"item\":\"https:\/\/steiner-polska.pl\/products\/spc-group\/machine\/\"},{\"@type\":\"ListItem\",\"position\":5,\"name\":\"ROBOT MODULE FOR FILLING AND CAPPING\"}]},{\"@type\":\"WebSite\",\"@id\":\"https:\/\/steiner-polska.pl\/#website\",\"url\":\"https:\/\/steiner-polska.pl\/\",\"name\":\"steiner-polska\",\"description\":\"Innovative Solutions\",\"potentialAction\":[{\"@type\":\"SearchAction\",\"target\":{\"@type\":\"EntryPoint\",\"urlTemplate\":\"https:\/\/steiner-polska.pl\/?s={search_term_string}\"},\"query-input\":\"required name=search_term_string\"}],\"inLanguage\":\"pl-PL\"}]}<\/script>\n<!-- \/ Yoast SEO plugin. -->","yoast_head_json":{"title":"ROBOT MODULE FOR FILLING AND CAPPING - steiner-polska","robots":{"index":"index","follow":"follow","max-snippet":"max-snippet:-1","max-image-preview":"max-image-preview:large","max-video-preview":"max-video-preview:-1"},"canonical":"https:\/\/steiner-polska.pl\/pl\/products\/spc-group\/machine\/robot-module-for-filling-and-capping\/","og_locale":"pl_PL","og_type":"article","og_title":"ROBOT MODULE FOR FILLING AND CAPPING - steiner-polska","og_description":"Robotic arms increase reliability and productivity by limiting human contact and reducing the risk of cross-contamination. The system is designed to operate in sterile environments and can be integrated into an existing packaging line or run independently. It is compatible with isolators, laminar flow or RABS, as well as most detergents and bio-disinfection systems such &hellip; Czytaj dalej \u201eROBOT MODULE FOR FILLING AND CAPPING\u201d","og_url":"https:\/\/steiner-polska.pl\/pl\/products\/spc-group\/machine\/robot-module-for-filling-and-capping\/","og_site_name":"steiner-polska","article_modified_time":"2024-03-21T09:13:44+00:00","twitter_card":"summary_large_image","twitter_misc":{"Szacowany czas czytania":"1 minuta"},"schema":{"@context":"https:\/\/schema.org","@graph":[{"@type":"WebPage","@id":"https:\/\/steiner-polska.pl\/products\/spc-group\/machine\/robot-module-for-filling-and-capping\/","url":"https:\/\/steiner-polska.pl\/products\/spc-group\/machine\/robot-module-for-filling-and-capping\/","name":"ROBOT MODULE FOR FILLING AND CAPPING - steiner-polska","isPartOf":{"@id":"https:\/\/steiner-polska.pl\/#website"},"datePublished":"2024-03-20T14:43:06+00:00","dateModified":"2024-03-21T09:13:44+00:00","breadcrumb":{"@id":"https:\/\/steiner-polska.pl\/products\/spc-group\/machine\/robot-module-for-filling-and-capping\/#breadcrumb"},"inLanguage":"pl-PL","potentialAction":[{"@type":"ReadAction","target":["https:\/\/steiner-polska.pl\/products\/spc-group\/machine\/robot-module-for-filling-and-capping\/"]}]},{"@type":"BreadcrumbList","@id":"https:\/\/steiner-polska.pl\/products\/spc-group\/machine\/robot-module-for-filling-and-capping\/#breadcrumb","itemListElement":[{"@type":"ListItem","position":1,"name":"Home","item":"https:\/\/steiner-polska.pl\/"},{"@type":"ListItem","position":2,"name":"PRODUCTS","item":"https:\/\/steiner-polska.pl\/products\/"},{"@type":"ListItem","position":3,"name":"SPC Group","item":"https:\/\/steiner-polska.pl\/products\/spc-group\/"},{"@type":"ListItem","position":4,"name":"Machines","item":"https:\/\/steiner-polska.pl\/products\/spc-group\/machine\/"},{"@type":"ListItem","position":5,"name":"ROBOT MODULE FOR FILLING AND CAPPING"}]},{"@type":"WebSite","@id":"https:\/\/steiner-polska.pl\/#website","url":"https:\/\/steiner-polska.pl\/","name":"steiner-polska","description":"Innovative Solutions","potentialAction":[{"@type":"SearchAction","target":{"@type":"EntryPoint","urlTemplate":"https:\/\/steiner-polska.pl\/?s={search_term_string}"},"query-input":"required name=search_term_string"}],"inLanguage":"pl-PL"}]}},"_links":{"self":[{"href":"https:\/\/steiner-polska.pl\/pl\/wp-json\/wp\/v2\/pages\/1632"}],"collection":[{"href":"https:\/\/steiner-polska.pl\/pl\/wp-json\/wp\/v2\/pages"}],"about":[{"href":"https:\/\/steiner-polska.pl\/pl\/wp-json\/wp\/v2\/types\/page"}],"author":[{"embeddable":true,"href":"https:\/\/steiner-polska.pl\/pl\/wp-json\/wp\/v2\/users\/4"}],"replies":[{"embeddable":true,"href":"https:\/\/steiner-polska.pl\/pl\/wp-json\/wp\/v2\/comments?post=1632"}],"version-history":[{"count":13,"href":"https:\/\/steiner-polska.pl\/pl\/wp-json\/wp\/v2\/pages\/1632\/revisions"}],"predecessor-version":[{"id":1693,"href":"https:\/\/steiner-polska.pl\/pl\/wp-json\/wp\/v2\/pages\/1632\/revisions\/1693"}],"up":[{"embeddable":true,"href":"https:\/\/steiner-polska.pl\/pl\/wp-json\/wp\/v2\/pages\/1580"}],"wp:attachment":[{"href":"https:\/\/steiner-polska.pl\/pl\/wp-json\/wp\/v2\/media?parent=1632"}],"curies":[{"name":"wp","href":"https:\/\/api.w.org\/{rel}","templated":true}]}}