{"id":1634,"date":"2024-03-20T15:43:31","date_gmt":"2024-03-20T14:43:31","guid":{"rendered":"https:\/\/steiner-polska.pl\/?page_id=1634"},"modified":"2024-03-21T10:06:53","modified_gmt":"2024-03-21T09:06:53","slug":"handling-module-bottle-straightene","status":"publish","type":"page","link":"https:\/\/steiner-polska.pl\/pl\/products\/spc-group\/machine\/handling-module-bottle-straightene\/","title":{"rendered":"Modu\u0142 obs\u0142ugi - prostownica do butelek"},"content":{"rendered":"<div data-elementor-type=\"wp-page\" data-elementor-id=\"1634\" class=\"elementor elementor-1634\">\n\t\t\t\t<div class=\"elementor-element elementor-element-296c6a1 e-flex e-con-boxed e-con e-parent\" data-id=\"296c6a1\" data-element_type=\"container\" data-core-v316-plus=\"true\">\n\t\t\t\t\t<div class=\"e-con-inner\">\n\t\t\t\t<div class=\"elementor-element elementor-element-326b58a elementor-widget elementor-widget-image\" data-id=\"326b58a\" data-element_type=\"widget\" data-widget_type=\"image.default\">\n\t\t\t\t<div class=\"elementor-widget-container\">\n\t\t\t<style>\/*! elementor - v3.20.0 - 13-03-2024 *\/\n.elementor-widget-image{text-align:center}.elementor-widget-image a{display:inline-block}.elementor-widget-image a img[src$=\".svg\"]{width:48px}.elementor-widget-image img{vertical-align:middle;display:inline-block}<\/style>\t\t\t\t\t\t\t\t\t\t<img fetchpriority=\"high\" decoding=\"async\" width=\"525\" height=\"525\" src=\"https:\/\/steiner-polska.pl\/wp-content\/uploads\/2024\/03\/\u0438\u0437\u043e\u0431\u0440\u0430\u0436\u0435\u043d\u0438\u0435_2024-03-20_162014491-1024x1024.png\" class=\"attachment-large size-large wp-image-1603\" alt=\"\" srcset=\"https:\/\/steiner-polska.pl\/wp-content\/uploads\/2024\/03\/\u0438\u0437\u043e\u0431\u0440\u0430\u0436\u0435\u043d\u0438\u0435_2024-03-20_162014491-1024x1024.png 1024w, https:\/\/steiner-polska.pl\/wp-content\/uploads\/2024\/03\/\u0438\u0437\u043e\u0431\u0440\u0430\u0436\u0435\u043d\u0438\u0435_2024-03-20_162014491-300x300.png 300w, https:\/\/steiner-polska.pl\/wp-content\/uploads\/2024\/03\/\u0438\u0437\u043e\u0431\u0440\u0430\u0436\u0435\u043d\u0438\u0435_2024-03-20_162014491-150x150.png 150w, https:\/\/steiner-polska.pl\/wp-content\/uploads\/2024\/03\/\u0438\u0437\u043e\u0431\u0440\u0430\u0436\u0435\u043d\u0438\u0435_2024-03-20_162014491-768x768.png 768w, https:\/\/steiner-polska.pl\/wp-content\/uploads\/2024\/03\/\u0438\u0437\u043e\u0431\u0440\u0430\u0436\u0435\u043d\u0438\u0435_2024-03-20_162014491-12x12.png 12w, https:\/\/steiner-polska.pl\/wp-content\/uploads\/2024\/03\/\u0438\u0437\u043e\u0431\u0440\u0430\u0436\u0435\u043d\u0438\u0435_2024-03-20_162014491-100x100.png 100w, https:\/\/steiner-polska.pl\/wp-content\/uploads\/2024\/03\/\u0438\u0437\u043e\u0431\u0440\u0430\u0436\u0435\u043d\u0438\u0435_2024-03-20_162014491.png 1080w\" sizes=\"100vw\" \/>\t\t\t\t\t\t\t\t\t\t\t\t\t<\/div>\n\t\t\t\t<\/div>\n\t\t\t\t\t<\/div>\n\t\t\t\t<\/div>\n\t\t<div class=\"elementor-element elementor-element-c2cae4b e-flex e-con-boxed e-con e-parent\" data-id=\"c2cae4b\" data-element_type=\"container\" data-core-v316-plus=\"true\">\n\t\t\t\t\t<div class=\"e-con-inner\">\n\t\t\t\t<div class=\"elementor-element elementor-element-9f87d21 elementor-widget elementor-widget-text-editor\" data-id=\"9f87d21\" data-element_type=\"widget\" data-widget_type=\"text-editor.default\">\n\t\t\t\t<div class=\"elementor-widget-container\">\n\t\t\t<style>\/*! elementor - v3.20.0 - 13-03-2024 *\/\n.elementor-widget-text-editor.elementor-drop-cap-view-stacked .elementor-drop-cap{background-color:#69727d;color:#fff}.elementor-widget-text-editor.elementor-drop-cap-view-framed .elementor-drop-cap{color:#69727d;border:3px solid;background-color:transparent}.elementor-widget-text-editor:not(.elementor-drop-cap-view-default) .elementor-drop-cap{margin-top:8px}.elementor-widget-text-editor:not(.elementor-drop-cap-view-default) .elementor-drop-cap-letter{width:1em;height:1em}.elementor-widget-text-editor .elementor-drop-cap{float:left;text-align:center;line-height:1;font-size:50px}.elementor-widget-text-editor .elementor-drop-cap-letter{display:inline-block}<\/style>\t\t\t\t<p>Modu\u0142 prostowania pojemnik\u00f3w luzem zosta\u0142 zaprojektowany do obs\u0142ugi r\u00f3\u017cnych typ\u00f3w pojemnik\u00f3w, takich jak butelki, puszki, kanistry itp. Robot do prostowania butelek optymalizuje czas zmiany formatu, u\u0142atwiaj\u0105c operatorom zmian\u0119 z jednego formatu na inny bez konieczno\u015bci posiadania umiej\u0119tno\u015bci technicznych.<\/p><p><span style=\"color: #ff6600;\"><strong>SPC Group\u2019s<\/strong><\/span> rozwi\u0105zanie to kontroluje, sortuje i prostuje pojemniki umieszczone luzem przez operatora przed za\u0142adowaniem ich na przeno\u015bnik. System jest dost\u0119pny w r\u00f3\u017cnych wersjach do dozowania butelek, puszek, s\u0142oik\u00f3w i innych pojemnik\u00f3w.<\/p><p>Niestandardowe podej\u015bcie do projektowania pozwala dostosowa\u0107 rozwi\u0105zanie do ogranicze\u0144 i oczekiwa\u0144 produkcyjnych. Modu\u0142 jest wyposa\u017cony w zbiornik o wysokim stopniu autonomii, mo\u017cliwo\u015b\u0107 obs\u0142ugi wielu format\u00f3w i szybk\u0105 zmian\u0119 formatu. Posiada r\u00f3wnie\u017c intuicyjny interfejs dotykowy u\u0142atwiaj\u0105cy obs\u0142ug\u0119.<\/p><p>Modu\u0142 prostownicy mo\u017ce przetwarza\u0107 do 100 cz\u0119\u015bci na minut\u0119 i jest kompatybilny z prowadzeniem wizualnym oraz za\u0142adunkiem za pomoc\u0105 przeno\u015bnika lub kube\u0142ka. Nadaje si\u0119 r\u00f3wnie\u017c do dystrybucji z element\u00f3w termoformowanych.<\/p>\t\t\t\t\t\t<\/div>\n\t\t\t\t<\/div>\n\t\t\t\t\t<\/div>\n\t\t\t\t<\/div>\n\t\t\t\t<\/div>","protected":false},"excerpt":{"rendered":"<p>The bulk container straightening module is designed to handle different types of containers such as bottles, cans, jerry cans, etc. The bottle straightening robot optimises format changeover time, making it easy for operators to change from one format to another without requiring technical skills. SPC Group&#8217;s solution inspects, sorts and straightens containers placed in bulk &hellip; <\/p>\n<p class=\"link-more\"><a href=\"https:\/\/steiner-polska.pl\/pl\/products\/spc-group\/machine\/handling-module-bottle-straightene\/\" class=\"more-link\">Czytaj dalej<span class=\"screen-reader-text\"> \u201eHandling module &#8211; Bottle straightene\u201d<\/span><\/a><\/p>","protected":false},"author":4,"featured_media":0,"parent":1580,"menu_order":0,"comment_status":"closed","ping_status":"closed","template":"","meta":[],"yoast_head":"<!-- This site is optimized with the Yoast SEO plugin v20.0 - https:\/\/yoast.com\/wordpress\/plugins\/seo\/ -->\n<title>Handling module - Bottle straightene - steiner-polska<\/title>\n<meta name=\"robots\" content=\"index, follow, max-snippet:-1, max-image-preview:large, max-video-preview:-1\" \/>\n<link rel=\"canonical\" href=\"https:\/\/steiner-polska.pl\/pl\/products\/spc-group\/machine\/handling-module-bottle-straightene\/\" \/>\n<meta property=\"og:locale\" content=\"pl_PL\" \/>\n<meta property=\"og:type\" content=\"article\" \/>\n<meta property=\"og:title\" content=\"Handling module - Bottle straightene - steiner-polska\" \/>\n<meta property=\"og:description\" content=\"The bulk container straightening module is designed to handle different types of containers such as bottles, cans, jerry cans, etc. The bottle straightening robot optimises format changeover time, making it easy for operators to change from one format to another without requiring technical skills. SPC Group&#8217;s solution inspects, sorts and straightens containers placed in bulk &hellip; Czytaj dalej \u201eHandling module &#8211; Bottle straightene\u201d\" \/>\n<meta property=\"og:url\" content=\"https:\/\/steiner-polska.pl\/pl\/products\/spc-group\/machine\/handling-module-bottle-straightene\/\" \/>\n<meta property=\"og:site_name\" content=\"steiner-polska\" \/>\n<meta property=\"article:modified_time\" content=\"2024-03-21T09:06:53+00:00\" \/>\n<meta name=\"twitter:card\" content=\"summary_large_image\" \/>\n<meta name=\"twitter:label1\" content=\"Szacowany czas czytania\" \/>\n\t<meta name=\"twitter:data1\" content=\"1 minuta\" \/>\n<script type=\"application\/ld+json\" class=\"yoast-schema-graph\">{\"@context\":\"https:\/\/schema.org\",\"@graph\":[{\"@type\":\"WebPage\",\"@id\":\"https:\/\/steiner-polska.pl\/products\/spc-group\/machine\/handling-module-bottle-straightene\/\",\"url\":\"https:\/\/steiner-polska.pl\/products\/spc-group\/machine\/handling-module-bottle-straightene\/\",\"name\":\"Handling module - Bottle straightene - steiner-polska\",\"isPartOf\":{\"@id\":\"https:\/\/steiner-polska.pl\/#website\"},\"datePublished\":\"2024-03-20T14:43:31+00:00\",\"dateModified\":\"2024-03-21T09:06:53+00:00\",\"breadcrumb\":{\"@id\":\"https:\/\/steiner-polska.pl\/products\/spc-group\/machine\/handling-module-bottle-straightene\/#breadcrumb\"},\"inLanguage\":\"pl-PL\",\"potentialAction\":[{\"@type\":\"ReadAction\",\"target\":[\"https:\/\/steiner-polska.pl\/products\/spc-group\/machine\/handling-module-bottle-straightene\/\"]}]},{\"@type\":\"BreadcrumbList\",\"@id\":\"https:\/\/steiner-polska.pl\/products\/spc-group\/machine\/handling-module-bottle-straightene\/#breadcrumb\",\"itemListElement\":[{\"@type\":\"ListItem\",\"position\":1,\"name\":\"Home\",\"item\":\"https:\/\/steiner-polska.pl\/\"},{\"@type\":\"ListItem\",\"position\":2,\"name\":\"PRODUCTS\",\"item\":\"https:\/\/steiner-polska.pl\/products\/\"},{\"@type\":\"ListItem\",\"position\":3,\"name\":\"SPC Group\",\"item\":\"https:\/\/steiner-polska.pl\/products\/spc-group\/\"},{\"@type\":\"ListItem\",\"position\":4,\"name\":\"Machines\",\"item\":\"https:\/\/steiner-polska.pl\/products\/spc-group\/machine\/\"},{\"@type\":\"ListItem\",\"position\":5,\"name\":\"Handling module &#8211; Bottle straightene\"}]},{\"@type\":\"WebSite\",\"@id\":\"https:\/\/steiner-polska.pl\/#website\",\"url\":\"https:\/\/steiner-polska.pl\/\",\"name\":\"steiner-polska\",\"description\":\"Innovative Solutions\",\"potentialAction\":[{\"@type\":\"SearchAction\",\"target\":{\"@type\":\"EntryPoint\",\"urlTemplate\":\"https:\/\/steiner-polska.pl\/?s={search_term_string}\"},\"query-input\":\"required name=search_term_string\"}],\"inLanguage\":\"pl-PL\"}]}<\/script>\n<!-- \/ Yoast SEO plugin. -->","yoast_head_json":{"title":"Handling module - Bottle straightene - steiner-polska","robots":{"index":"index","follow":"follow","max-snippet":"max-snippet:-1","max-image-preview":"max-image-preview:large","max-video-preview":"max-video-preview:-1"},"canonical":"https:\/\/steiner-polska.pl\/pl\/products\/spc-group\/machine\/handling-module-bottle-straightene\/","og_locale":"pl_PL","og_type":"article","og_title":"Handling module - Bottle straightene - steiner-polska","og_description":"The bulk container straightening module is designed to handle different types of containers such as bottles, cans, jerry cans, etc. The bottle straightening robot optimises format changeover time, making it easy for operators to change from one format to another without requiring technical skills. SPC Group&#8217;s solution inspects, sorts and straightens containers placed in bulk &hellip; Czytaj dalej \u201eHandling module &#8211; Bottle straightene\u201d","og_url":"https:\/\/steiner-polska.pl\/pl\/products\/spc-group\/machine\/handling-module-bottle-straightene\/","og_site_name":"steiner-polska","article_modified_time":"2024-03-21T09:06:53+00:00","twitter_card":"summary_large_image","twitter_misc":{"Szacowany czas czytania":"1 minuta"},"schema":{"@context":"https:\/\/schema.org","@graph":[{"@type":"WebPage","@id":"https:\/\/steiner-polska.pl\/products\/spc-group\/machine\/handling-module-bottle-straightene\/","url":"https:\/\/steiner-polska.pl\/products\/spc-group\/machine\/handling-module-bottle-straightene\/","name":"Handling module - Bottle straightene - steiner-polska","isPartOf":{"@id":"https:\/\/steiner-polska.pl\/#website"},"datePublished":"2024-03-20T14:43:31+00:00","dateModified":"2024-03-21T09:06:53+00:00","breadcrumb":{"@id":"https:\/\/steiner-polska.pl\/products\/spc-group\/machine\/handling-module-bottle-straightene\/#breadcrumb"},"inLanguage":"pl-PL","potentialAction":[{"@type":"ReadAction","target":["https:\/\/steiner-polska.pl\/products\/spc-group\/machine\/handling-module-bottle-straightene\/"]}]},{"@type":"BreadcrumbList","@id":"https:\/\/steiner-polska.pl\/products\/spc-group\/machine\/handling-module-bottle-straightene\/#breadcrumb","itemListElement":[{"@type":"ListItem","position":1,"name":"Home","item":"https:\/\/steiner-polska.pl\/"},{"@type":"ListItem","position":2,"name":"PRODUCTS","item":"https:\/\/steiner-polska.pl\/products\/"},{"@type":"ListItem","position":3,"name":"SPC Group","item":"https:\/\/steiner-polska.pl\/products\/spc-group\/"},{"@type":"ListItem","position":4,"name":"Machines","item":"https:\/\/steiner-polska.pl\/products\/spc-group\/machine\/"},{"@type":"ListItem","position":5,"name":"Handling module &#8211; Bottle straightene"}]},{"@type":"WebSite","@id":"https:\/\/steiner-polska.pl\/#website","url":"https:\/\/steiner-polska.pl\/","name":"steiner-polska","description":"Innovative Solutions","potentialAction":[{"@type":"SearchAction","target":{"@type":"EntryPoint","urlTemplate":"https:\/\/steiner-polska.pl\/?s={search_term_string}"},"query-input":"required name=search_term_string"}],"inLanguage":"pl-PL"}]}},"_links":{"self":[{"href":"https:\/\/steiner-polska.pl\/pl\/wp-json\/wp\/v2\/pages\/1634"}],"collection":[{"href":"https:\/\/steiner-polska.pl\/pl\/wp-json\/wp\/v2\/pages"}],"about":[{"href":"https:\/\/steiner-polska.pl\/pl\/wp-json\/wp\/v2\/types\/page"}],"author":[{"embeddable":true,"href":"https:\/\/steiner-polska.pl\/pl\/wp-json\/wp\/v2\/users\/4"}],"replies":[{"embeddable":true,"href":"https:\/\/steiner-polska.pl\/pl\/wp-json\/wp\/v2\/comments?post=1634"}],"version-history":[{"count":13,"href":"https:\/\/steiner-polska.pl\/pl\/wp-json\/wp\/v2\/pages\/1634\/revisions"}],"predecessor-version":[{"id":1687,"href":"https:\/\/steiner-polska.pl\/pl\/wp-json\/wp\/v2\/pages\/1634\/revisions\/1687"}],"up":[{"embeddable":true,"href":"https:\/\/steiner-polska.pl\/pl\/wp-json\/wp\/v2\/pages\/1580"}],"wp:attachment":[{"href":"https:\/\/steiner-polska.pl\/pl\/wp-json\/wp\/v2\/media?parent=1634"}],"curies":[{"name":"wp","href":"https:\/\/api.w.org\/{rel}","templated":true}]}}