{"id":1636,"date":"2024-03-20T15:44:00","date_gmt":"2024-03-20T14:44:00","guid":{"rendered":"https:\/\/steiner-polska.pl\/?page_id=1636"},"modified":"2024-03-21T10:04:57","modified_gmt":"2024-03-21T09:04:57","slug":"automatic-labelling-module","status":"publish","type":"page","link":"https:\/\/steiner-polska.pl\/pl\/products\/spc-group\/machine\/automatic-labelling-module\/","title":{"rendered":"Modu\u0142 automatycznego etykietowania"},"content":{"rendered":"<div data-elementor-type=\"wp-page\" data-elementor-id=\"1636\" class=\"elementor elementor-1636\">\n\t\t\t\t<div class=\"elementor-element elementor-element-a98152a e-flex e-con-boxed e-con e-parent\" data-id=\"a98152a\" data-element_type=\"container\" data-core-v316-plus=\"true\">\n\t\t\t\t\t<div class=\"e-con-inner\">\n\t\t\t\t<div class=\"elementor-element elementor-element-48484e1 elementor-widget elementor-widget-image\" data-id=\"48484e1\" data-element_type=\"widget\" data-widget_type=\"image.default\">\n\t\t\t\t<div class=\"elementor-widget-container\">\n\t\t\t<style>\/*! elementor - v3.20.0 - 13-03-2024 *\/\n.elementor-widget-image{text-align:center}.elementor-widget-image a{display:inline-block}.elementor-widget-image a img[src$=\".svg\"]{width:48px}.elementor-widget-image img{vertical-align:middle;display:inline-block}<\/style>\t\t\t\t\t\t\t\t\t\t<img fetchpriority=\"high\" decoding=\"async\" width=\"525\" height=\"525\" src=\"https:\/\/steiner-polska.pl\/wp-content\/uploads\/2024\/03\/\u0438\u0437\u043e\u0431\u0440\u0430\u0436\u0435\u043d\u0438\u0435_2024-03-20_162026070-1024x1024.png\" class=\"attachment-large size-large wp-image-1604\" alt=\"\" srcset=\"https:\/\/steiner-polska.pl\/wp-content\/uploads\/2024\/03\/\u0438\u0437\u043e\u0431\u0440\u0430\u0436\u0435\u043d\u0438\u0435_2024-03-20_162026070-1024x1024.png 1024w, https:\/\/steiner-polska.pl\/wp-content\/uploads\/2024\/03\/\u0438\u0437\u043e\u0431\u0440\u0430\u0436\u0435\u043d\u0438\u0435_2024-03-20_162026070-300x300.png 300w, https:\/\/steiner-polska.pl\/wp-content\/uploads\/2024\/03\/\u0438\u0437\u043e\u0431\u0440\u0430\u0436\u0435\u043d\u0438\u0435_2024-03-20_162026070-150x150.png 150w, https:\/\/steiner-polska.pl\/wp-content\/uploads\/2024\/03\/\u0438\u0437\u043e\u0431\u0440\u0430\u0436\u0435\u043d\u0438\u0435_2024-03-20_162026070-768x768.png 768w, https:\/\/steiner-polska.pl\/wp-content\/uploads\/2024\/03\/\u0438\u0437\u043e\u0431\u0440\u0430\u0436\u0435\u043d\u0438\u0435_2024-03-20_162026070-12x12.png 12w, https:\/\/steiner-polska.pl\/wp-content\/uploads\/2024\/03\/\u0438\u0437\u043e\u0431\u0440\u0430\u0436\u0435\u043d\u0438\u0435_2024-03-20_162026070-100x100.png 100w, https:\/\/steiner-polska.pl\/wp-content\/uploads\/2024\/03\/\u0438\u0437\u043e\u0431\u0440\u0430\u0436\u0435\u043d\u0438\u0435_2024-03-20_162026070.png 1080w\" sizes=\"100vw\" \/>\t\t\t\t\t\t\t\t\t\t\t\t\t<\/div>\n\t\t\t\t<\/div>\n\t\t\t\t\t<\/div>\n\t\t\t\t<\/div>\n\t\t<div class=\"elementor-element elementor-element-4378a9c e-flex e-con-boxed e-con e-parent\" data-id=\"4378a9c\" data-element_type=\"container\" data-core-v316-plus=\"true\">\n\t\t\t\t\t<div class=\"e-con-inner\">\n\t\t\t\t<div class=\"elementor-element elementor-element-6cbc7bd elementor-widget elementor-widget-text-editor\" data-id=\"6cbc7bd\" data-element_type=\"widget\" data-widget_type=\"text-editor.default\">\n\t\t\t\t<div class=\"elementor-widget-container\">\n\t\t\t<style>\/*! elementor - v3.20.0 - 13-03-2024 *\/\n.elementor-widget-text-editor.elementor-drop-cap-view-stacked .elementor-drop-cap{background-color:#69727d;color:#fff}.elementor-widget-text-editor.elementor-drop-cap-view-framed .elementor-drop-cap{color:#69727d;border:3px solid;background-color:transparent}.elementor-widget-text-editor:not(.elementor-drop-cap-view-default) .elementor-drop-cap{margin-top:8px}.elementor-widget-text-editor:not(.elementor-drop-cap-view-default) .elementor-drop-cap-letter{width:1em;height:1em}.elementor-widget-text-editor .elementor-drop-cap{float:left;text-align:center;line-height:1;font-size:50px}.elementor-widget-text-editor .elementor-drop-cap-letter{display:inline-block}<\/style>\t\t\t\t<p>Automatyczny modu\u0142 etykietuj\u0105cy do banderolowania lub lizania<\/p><p>Modu\u0142 etykietuj\u0105cy jest przeznaczony do nak\u0142adania etykiet na r\u00f3\u017cnego rodzaju pojemniki, takie jak fiolki, strzykawki, ampu\u0142ki itp. Posiada zintegrowan\u0105 drukark\u0119, kt\u00f3ra umo\u017cliwia nak\u0142adanie etykiet z g\u00f3ry, z boku lub z do\u0142u, dzi\u0119ki czemu idealnie nadaje si\u0119 do szybkiej produkcji.<\/p><p>Najwa\u017cniejsze cechy:<\/p><ul><li>\u0141atwa integracja z istniej\u0105cymi liniami pakuj\u0105cymi lub samodzielna praca<\/li><li>Prosta, intuicyjna i wszechstronna konstrukcja zapewniaj\u0105ca \u0142atwo\u015b\u0107 u\u017cytkowania<\/li><li>Szybka i \u0142atwa zmiana rozmiaru<\/li><li>Sp\u00f3jna i dok\u0142adna aplikacja etykiet<\/li><li>Uproszczona konserwacja i serwisowanie<\/li><li>Automatyczne wykrywanie ko\u0144ca rolki zapewnia bezproblemow\u0105 prac\u0119<\/li><li>Idealne rozwi\u0105zanie dla szybkich linii produkcyjnych wymagaj\u0105cych dok\u0142adnych i wydajnych rozwi\u0105za\u0144 w zakresie etykietowania.<\/li><\/ul>\t\t\t\t\t\t<\/div>\n\t\t\t\t<\/div>\n\t\t\t\t\t<\/div>\n\t\t\t\t<\/div>\n\t\t\t\t<\/div>","protected":false},"excerpt":{"rendered":"<p>Automatic labelling module for banding or licking The labelling module is designed to apply labels to various types of containers such as vials, syringes, ampoules, etc. It has an integrated printer that allows labels to be applied to the top, side or bottom, making it ideal for high speed production. Key features: Easy integration into &hellip; <\/p>\n<p class=\"link-more\"><a href=\"https:\/\/steiner-polska.pl\/pl\/products\/spc-group\/machine\/automatic-labelling-module\/\" class=\"more-link\">Czytaj dalej<span class=\"screen-reader-text\"> \u201eAutomatic labelling module\u201d<\/span><\/a><\/p>","protected":false},"author":4,"featured_media":0,"parent":1580,"menu_order":0,"comment_status":"closed","ping_status":"closed","template":"","meta":[],"yoast_head":"<!-- This site is optimized with the Yoast SEO plugin v20.0 - https:\/\/yoast.com\/wordpress\/plugins\/seo\/ -->\n<title>Automatic labelling module - steiner-polska<\/title>\n<meta name=\"robots\" content=\"index, follow, max-snippet:-1, max-image-preview:large, max-video-preview:-1\" \/>\n<link rel=\"canonical\" href=\"https:\/\/steiner-polska.pl\/pl\/products\/spc-group\/machine\/automatic-labelling-module\/\" \/>\n<meta property=\"og:locale\" content=\"pl_PL\" \/>\n<meta property=\"og:type\" content=\"article\" \/>\n<meta property=\"og:title\" content=\"Automatic labelling module - steiner-polska\" \/>\n<meta property=\"og:description\" content=\"Automatic labelling module for banding or licking The labelling module is designed to apply labels to various types of containers such as vials, syringes, ampoules, etc. It has an integrated printer that allows labels to be applied to the top, side or bottom, making it ideal for high speed production. Key features: Easy integration into &hellip; Czytaj dalej \u201eAutomatic labelling module\u201d\" \/>\n<meta property=\"og:url\" content=\"https:\/\/steiner-polska.pl\/pl\/products\/spc-group\/machine\/automatic-labelling-module\/\" \/>\n<meta property=\"og:site_name\" content=\"steiner-polska\" \/>\n<meta property=\"article:modified_time\" content=\"2024-03-21T09:04:57+00:00\" \/>\n<meta name=\"twitter:card\" content=\"summary_large_image\" \/>\n<meta name=\"twitter:label1\" content=\"Szacowany czas czytania\" \/>\n\t<meta name=\"twitter:data1\" content=\"1 minuta\" \/>\n<script type=\"application\/ld+json\" class=\"yoast-schema-graph\">{\"@context\":\"https:\/\/schema.org\",\"@graph\":[{\"@type\":\"WebPage\",\"@id\":\"https:\/\/steiner-polska.pl\/products\/spc-group\/machine\/automatic-labelling-module\/\",\"url\":\"https:\/\/steiner-polska.pl\/products\/spc-group\/machine\/automatic-labelling-module\/\",\"name\":\"Automatic labelling module - steiner-polska\",\"isPartOf\":{\"@id\":\"https:\/\/steiner-polska.pl\/#website\"},\"datePublished\":\"2024-03-20T14:44:00+00:00\",\"dateModified\":\"2024-03-21T09:04:57+00:00\",\"breadcrumb\":{\"@id\":\"https:\/\/steiner-polska.pl\/products\/spc-group\/machine\/automatic-labelling-module\/#breadcrumb\"},\"inLanguage\":\"pl-PL\",\"potentialAction\":[{\"@type\":\"ReadAction\",\"target\":[\"https:\/\/steiner-polska.pl\/products\/spc-group\/machine\/automatic-labelling-module\/\"]}]},{\"@type\":\"BreadcrumbList\",\"@id\":\"https:\/\/steiner-polska.pl\/products\/spc-group\/machine\/automatic-labelling-module\/#breadcrumb\",\"itemListElement\":[{\"@type\":\"ListItem\",\"position\":1,\"name\":\"Home\",\"item\":\"https:\/\/steiner-polska.pl\/\"},{\"@type\":\"ListItem\",\"position\":2,\"name\":\"PRODUCTS\",\"item\":\"https:\/\/steiner-polska.pl\/products\/\"},{\"@type\":\"ListItem\",\"position\":3,\"name\":\"SPC Group\",\"item\":\"https:\/\/steiner-polska.pl\/products\/spc-group\/\"},{\"@type\":\"ListItem\",\"position\":4,\"name\":\"Machines\",\"item\":\"https:\/\/steiner-polska.pl\/products\/spc-group\/machine\/\"},{\"@type\":\"ListItem\",\"position\":5,\"name\":\"Automatic labelling module\"}]},{\"@type\":\"WebSite\",\"@id\":\"https:\/\/steiner-polska.pl\/#website\",\"url\":\"https:\/\/steiner-polska.pl\/\",\"name\":\"steiner-polska\",\"description\":\"Innovative Solutions\",\"potentialAction\":[{\"@type\":\"SearchAction\",\"target\":{\"@type\":\"EntryPoint\",\"urlTemplate\":\"https:\/\/steiner-polska.pl\/?s={search_term_string}\"},\"query-input\":\"required name=search_term_string\"}],\"inLanguage\":\"pl-PL\"}]}<\/script>\n<!-- \/ Yoast SEO plugin. -->","yoast_head_json":{"title":"Automatic labelling module - steiner-polska","robots":{"index":"index","follow":"follow","max-snippet":"max-snippet:-1","max-image-preview":"max-image-preview:large","max-video-preview":"max-video-preview:-1"},"canonical":"https:\/\/steiner-polska.pl\/pl\/products\/spc-group\/machine\/automatic-labelling-module\/","og_locale":"pl_PL","og_type":"article","og_title":"Automatic labelling module - steiner-polska","og_description":"Automatic labelling module for banding or licking The labelling module is designed to apply labels to various types of containers such as vials, syringes, ampoules, etc. It has an integrated printer that allows labels to be applied to the top, side or bottom, making it ideal for high speed production. Key features: Easy integration into &hellip; Czytaj dalej \u201eAutomatic labelling module\u201d","og_url":"https:\/\/steiner-polska.pl\/pl\/products\/spc-group\/machine\/automatic-labelling-module\/","og_site_name":"steiner-polska","article_modified_time":"2024-03-21T09:04:57+00:00","twitter_card":"summary_large_image","twitter_misc":{"Szacowany czas czytania":"1 minuta"},"schema":{"@context":"https:\/\/schema.org","@graph":[{"@type":"WebPage","@id":"https:\/\/steiner-polska.pl\/products\/spc-group\/machine\/automatic-labelling-module\/","url":"https:\/\/steiner-polska.pl\/products\/spc-group\/machine\/automatic-labelling-module\/","name":"Automatic labelling module - steiner-polska","isPartOf":{"@id":"https:\/\/steiner-polska.pl\/#website"},"datePublished":"2024-03-20T14:44:00+00:00","dateModified":"2024-03-21T09:04:57+00:00","breadcrumb":{"@id":"https:\/\/steiner-polska.pl\/products\/spc-group\/machine\/automatic-labelling-module\/#breadcrumb"},"inLanguage":"pl-PL","potentialAction":[{"@type":"ReadAction","target":["https:\/\/steiner-polska.pl\/products\/spc-group\/machine\/automatic-labelling-module\/"]}]},{"@type":"BreadcrumbList","@id":"https:\/\/steiner-polska.pl\/products\/spc-group\/machine\/automatic-labelling-module\/#breadcrumb","itemListElement":[{"@type":"ListItem","position":1,"name":"Home","item":"https:\/\/steiner-polska.pl\/"},{"@type":"ListItem","position":2,"name":"PRODUCTS","item":"https:\/\/steiner-polska.pl\/products\/"},{"@type":"ListItem","position":3,"name":"SPC Group","item":"https:\/\/steiner-polska.pl\/products\/spc-group\/"},{"@type":"ListItem","position":4,"name":"Machines","item":"https:\/\/steiner-polska.pl\/products\/spc-group\/machine\/"},{"@type":"ListItem","position":5,"name":"Automatic labelling module"}]},{"@type":"WebSite","@id":"https:\/\/steiner-polska.pl\/#website","url":"https:\/\/steiner-polska.pl\/","name":"steiner-polska","description":"Innovative Solutions","potentialAction":[{"@type":"SearchAction","target":{"@type":"EntryPoint","urlTemplate":"https:\/\/steiner-polska.pl\/?s={search_term_string}"},"query-input":"required name=search_term_string"}],"inLanguage":"pl-PL"}]}},"_links":{"self":[{"href":"https:\/\/steiner-polska.pl\/pl\/wp-json\/wp\/v2\/pages\/1636"}],"collection":[{"href":"https:\/\/steiner-polska.pl\/pl\/wp-json\/wp\/v2\/pages"}],"about":[{"href":"https:\/\/steiner-polska.pl\/pl\/wp-json\/wp\/v2\/types\/page"}],"author":[{"embeddable":true,"href":"https:\/\/steiner-polska.pl\/pl\/wp-json\/wp\/v2\/users\/4"}],"replies":[{"embeddable":true,"href":"https:\/\/steiner-polska.pl\/pl\/wp-json\/wp\/v2\/comments?post=1636"}],"version-history":[{"count":10,"href":"https:\/\/steiner-polska.pl\/pl\/wp-json\/wp\/v2\/pages\/1636\/revisions"}],"predecessor-version":[{"id":1679,"href":"https:\/\/steiner-polska.pl\/pl\/wp-json\/wp\/v2\/pages\/1636\/revisions\/1679"}],"up":[{"embeddable":true,"href":"https:\/\/steiner-polska.pl\/pl\/wp-json\/wp\/v2\/pages\/1580"}],"wp:attachment":[{"href":"https:\/\/steiner-polska.pl\/pl\/wp-json\/wp\/v2\/media?parent=1636"}],"curies":[{"name":"wp","href":"https:\/\/api.w.org\/{rel}","templated":true}]}}