{"id":17,"date":"2019-05-17T08:11:40","date_gmt":"2019-05-17T06:11:40","guid":{"rendered":"http:\/\/steiner-polska.pl\/?page_id=17"},"modified":"2024-05-15T08:10:40","modified_gmt":"2024-05-15T06:10:40","slug":"about-us","status":"publish","type":"page","link":"https:\/\/steiner-polska.pl\/pl\/","title":{"rendered":"SP\u00d3\u0141KA"},"content":{"rendered":"<p><span style=\"color: #ff6600;\"><strong>Steiner<\/strong> <\/span> - wiod\u0105cy ekspert w produkcji i dostawie kompletnych rozwi\u0105za\u0144 procesowych i opakowaniowych. Oferujemy wyposa\u017cenie techniczne dla r\u00f3\u017cnych ga\u0142\u0119zi przemys\u0142u, takich jak przemys\u0142 spo\u017cywczy, farmaceutyczny, kosmetyczny i chemiczny.<\/p>\n<ul>\n<li>Urz\u0105dzenia<\/li>\n<li>Cz\u0119\u015bci zamienne<\/li>\n<li>Podzespo\u0142y<\/li>\n<li>Kompletne instalacje<\/li>\n<li>Projekty pod klucz<\/li>\n<\/ul>\n<p style=\"text-align: left;\">Od 2006 roku, <strong><span style=\"color: #ff6600;\">Steiner<\/span><\/strong> zajmuje si\u0119 popraw\u0105 poziomu wyposa\u017cenia technicznego przedsi\u0119biorstw przemys\u0142owych poprzez wprowadzanie najbardziej zaawansowanych technologii.<\/p>\n<div class=\"text_exposed_show\">\n<p>Obecnie <span style=\"color: #ff6600;\"><strong>Steiner Group<\/strong> <\/span> posiada dwa oddzia\u0142y:<\/p>\n<ul style=\"text-align: left;\">\n<li>Nasze <a href=\"http:\/\/steiner.com.ua\/en\/\">biuro handlowe<\/a> znajduje si\u0119 w Kijowie na Ukrainie.<\/li>\n<li>Warsztat produkcyjny w Warszawie jest wyposa\u017cony w najbardziej wydajne maszyny i wysoko wykwalifikowany personel. Zesp\u00f3\u0142 wykwalifikowanych in\u017cynier\u00f3w jest odpowiedzialny za projektowanie, kontrol\u0119 jako\u015bci i dostarczanie innowacyjnych, wysokiej jako\u015bci produkt\u00f3w i us\u0142ug.<\/li>\n<\/ul>\n<p style=\"text-align: left;\">Ponadto oddzia\u0142y firmy <span style=\"color: #ff6600;\"><strong>Steiner<\/strong> <\/span> zapewniaj\u0105 skuteczn\u0105 wymian\u0119 danych i know-how, dzi\u0119ki czemu nasi klienci mog\u0105 korzysta\u0107 z najnowszej wiedzy i zastosowa\u0144 w dziedzinie proces\u00f3w i system\u00f3w pakowania.<\/p>\n<p>Dla ka\u017cdego z naszych klient\u00f3w oferujemy indywidualne rozwi\u0105zania techniczne, aby zapewni\u0107 im mo\u017cliwo\u015b\u0107 dostarczania wysokiej jako\u015bci produkt\u00f3w i utrzymania dobrej reputacji. Ponadto zawsze informujemy firmy o nowych technologiach produkcji i innowacjach. Dlatego nasi klienci uznaj\u0105 nas za wiarygodnych i d\u0142ugoterminowych partner\u00f3w biznesowych.<\/p>\n<\/div>","protected":false},"excerpt":{"rendered":"<p>Steiner &#8211; the leading expert in the production and supply of complete process and packaging solutions. We offer technical equipment for a variety of industries such as food, pharmaceutical, cosmetic and chemical industries. Machinery Spare parts Components Complete installations Turnkey projects Since 2006, Steiner has been dedicated to improvement of the technical equipment level of &hellip; <\/p>\n<p class=\"link-more\"><a href=\"https:\/\/steiner-polska.pl\/pl\/\" class=\"more-link\">Czytaj dalej<span class=\"screen-reader-text\"> \u201eCOMPANY\u201d<\/span><\/a><\/p>","protected":false},"author":4,"featured_media":0,"parent":0,"menu_order":0,"comment_status":"closed","ping_status":"closed","template":"","meta":[],"yoast_head":"<!-- This site is optimized with the Yoast SEO plugin v20.0 - https:\/\/yoast.com\/wordpress\/plugins\/seo\/ -->\n<title>Steiner Polska - Innovative Solutions - Process Equipment<\/title>\n<meta name=\"description\" content=\"Steiner Polska - Engineering and Consulting. We offer Process Equipment for Food, Pharmaceutical, Cosmetic and Chemical Industries.\" \/>\n<meta name=\"robots\" content=\"index, follow, max-snippet:-1, max-image-preview:large, max-video-preview:-1\" \/>\n<link rel=\"canonical\" href=\"https:\/\/steiner-polska.pl\/pl\/\" \/>\n<meta property=\"og:locale\" content=\"pl_PL\" \/>\n<meta property=\"og:type\" content=\"article\" \/>\n<meta property=\"og:title\" content=\"Steiner Polska - Innovative Solutions - Process Equipment\" \/>\n<meta property=\"og:description\" content=\"Steiner Polska - Engineering and Consulting. We offer Process Equipment for Food, Pharmaceutical, Cosmetic and Chemical Industries.\" \/>\n<meta property=\"og:url\" content=\"https:\/\/steiner-polska.pl\/pl\/\" \/>\n<meta property=\"og:site_name\" content=\"steiner-polska\" \/>\n<meta property=\"article:modified_time\" content=\"2024-05-15T06:10:40+00:00\" \/>\n<meta name=\"twitter:card\" content=\"summary_large_image\" \/>\n<meta name=\"twitter:label1\" content=\"Szacowany czas czytania\" \/>\n\t<meta name=\"twitter:data1\" content=\"1 minuta\" \/>\n<script type=\"application\/ld+json\" class=\"yoast-schema-graph\">{\"@context\":\"https:\/\/schema.org\",\"@graph\":[{\"@type\":\"WebPage\",\"@id\":\"https:\/\/steiner-polska.pl\/\",\"url\":\"https:\/\/steiner-polska.pl\/\",\"name\":\"Steiner Polska - Innovative Solutions - Process Equipment\",\"isPartOf\":{\"@id\":\"https:\/\/steiner-polska.pl\/#website\"},\"datePublished\":\"2019-05-17T06:11:40+00:00\",\"dateModified\":\"2024-05-15T06:10:40+00:00\",\"description\":\"Steiner Polska - Engineering and Consulting. We offer Process Equipment for Food, Pharmaceutical, Cosmetic and Chemical Industries.\",\"breadcrumb\":{\"@id\":\"https:\/\/steiner-polska.pl\/#breadcrumb\"},\"inLanguage\":\"pl-PL\",\"potentialAction\":[{\"@type\":\"ReadAction\",\"target\":[\"https:\/\/steiner-polska.pl\/\"]}]},{\"@type\":\"BreadcrumbList\",\"@id\":\"https:\/\/steiner-polska.pl\/#breadcrumb\",\"itemListElement\":[{\"@type\":\"ListItem\",\"position\":1,\"name\":\"Home\",\"item\":\"https:\/\/steiner-polska.pl\/\"},{\"@type\":\"ListItem\",\"position\":2,\"name\":\"COMPANY\"}]},{\"@type\":\"WebSite\",\"@id\":\"https:\/\/steiner-polska.pl\/#website\",\"url\":\"https:\/\/steiner-polska.pl\/\",\"name\":\"steiner-polska\",\"description\":\"Innovative Solutions\",\"potentialAction\":[{\"@type\":\"SearchAction\",\"target\":{\"@type\":\"EntryPoint\",\"urlTemplate\":\"https:\/\/steiner-polska.pl\/?s={search_term_string}\"},\"query-input\":\"required name=search_term_string\"}],\"inLanguage\":\"pl-PL\"}]}<\/script>\n<!-- \/ Yoast SEO plugin. -->","yoast_head_json":{"title":"Steiner Polska - Innovative Solutions - Process Equipment","description":"Steiner Polska - Engineering and Consulting. We offer Process Equipment for Food, Pharmaceutical, Cosmetic and Chemical Industries.","robots":{"index":"index","follow":"follow","max-snippet":"max-snippet:-1","max-image-preview":"max-image-preview:large","max-video-preview":"max-video-preview:-1"},"canonical":"https:\/\/steiner-polska.pl\/pl\/","og_locale":"pl_PL","og_type":"article","og_title":"Steiner Polska - Innovative Solutions - Process Equipment","og_description":"Steiner Polska - Engineering and Consulting. We offer Process Equipment for Food, Pharmaceutical, Cosmetic and Chemical Industries.","og_url":"https:\/\/steiner-polska.pl\/pl\/","og_site_name":"steiner-polska","article_modified_time":"2024-05-15T06:10:40+00:00","twitter_card":"summary_large_image","twitter_misc":{"Szacowany czas czytania":"1 minuta"},"schema":{"@context":"https:\/\/schema.org","@graph":[{"@type":"WebPage","@id":"https:\/\/steiner-polska.pl\/","url":"https:\/\/steiner-polska.pl\/","name":"Steiner Polska - Innovative Solutions - Process Equipment","isPartOf":{"@id":"https:\/\/steiner-polska.pl\/#website"},"datePublished":"2019-05-17T06:11:40+00:00","dateModified":"2024-05-15T06:10:40+00:00","description":"Steiner Polska - Engineering and Consulting. We offer Process Equipment for Food, Pharmaceutical, Cosmetic and Chemical Industries.","breadcrumb":{"@id":"https:\/\/steiner-polska.pl\/#breadcrumb"},"inLanguage":"pl-PL","potentialAction":[{"@type":"ReadAction","target":["https:\/\/steiner-polska.pl\/"]}]},{"@type":"BreadcrumbList","@id":"https:\/\/steiner-polska.pl\/#breadcrumb","itemListElement":[{"@type":"ListItem","position":1,"name":"Home","item":"https:\/\/steiner-polska.pl\/"},{"@type":"ListItem","position":2,"name":"COMPANY"}]},{"@type":"WebSite","@id":"https:\/\/steiner-polska.pl\/#website","url":"https:\/\/steiner-polska.pl\/","name":"steiner-polska","description":"Innovative Solutions","potentialAction":[{"@type":"SearchAction","target":{"@type":"EntryPoint","urlTemplate":"https:\/\/steiner-polska.pl\/?s={search_term_string}"},"query-input":"required name=search_term_string"}],"inLanguage":"pl-PL"}]}},"_links":{"self":[{"href":"https:\/\/steiner-polska.pl\/pl\/wp-json\/wp\/v2\/pages\/17"}],"collection":[{"href":"https:\/\/steiner-polska.pl\/pl\/wp-json\/wp\/v2\/pages"}],"about":[{"href":"https:\/\/steiner-polska.pl\/pl\/wp-json\/wp\/v2\/types\/page"}],"author":[{"embeddable":true,"href":"https:\/\/steiner-polska.pl\/pl\/wp-json\/wp\/v2\/users\/4"}],"replies":[{"embeddable":true,"href":"https:\/\/steiner-polska.pl\/pl\/wp-json\/wp\/v2\/comments?post=17"}],"version-history":[{"count":30,"href":"https:\/\/steiner-polska.pl\/pl\/wp-json\/wp\/v2\/pages\/17\/revisions"}],"predecessor-version":[{"id":1933,"href":"https:\/\/steiner-polska.pl\/pl\/wp-json\/wp\/v2\/pages\/17\/revisions\/1933"}],"wp:attachment":[{"href":"https:\/\/steiner-polska.pl\/pl\/wp-json\/wp\/v2\/media?parent=17"}],"curies":[{"name":"wp","href":"https:\/\/api.w.org\/{rel}","templated":true}]}}