{"id":1714,"date":"2024-03-21T15:40:19","date_gmt":"2024-03-21T14:40:19","guid":{"rendered":"https:\/\/steiner-polska.pl\/?page_id=1714"},"modified":"2024-03-21T16:22:08","modified_gmt":"2024-03-21T15:22:08","slug":"filling-pump","status":"publish","type":"page","link":"https:\/\/steiner-polska.pl\/pl\/products\/spc-group\/filling-pump\/","title":{"rendered":"Pompy nape\u0142niaj\u0105ce"},"content":{"rendered":"<div data-elementor-type=\"wp-page\" data-elementor-id=\"1714\" class=\"elementor elementor-1714\">\n\t\t\t\t<div class=\"elementor-element elementor-element-c9fcd6a e-flex e-con-boxed e-con e-parent\" data-id=\"c9fcd6a\" data-element_type=\"container\" data-core-v316-plus=\"true\">\n\t\t\t\t\t<div class=\"e-con-inner\">\n\t\t\t\t<div class=\"elementor-element elementor-element-1acf551 elementor-widget elementor-widget-text-editor\" data-id=\"1acf551\" data-element_type=\"widget\" data-widget_type=\"text-editor.default\">\n\t\t\t\t<div class=\"elementor-widget-container\">\n\t\t\t<style>\/*! elementor - v3.20.0 - 13-03-2024 *\/\n.elementor-widget-text-editor.elementor-drop-cap-view-stacked .elementor-drop-cap{background-color:#69727d;color:#fff}.elementor-widget-text-editor.elementor-drop-cap-view-framed .elementor-drop-cap{color:#69727d;border:3px solid;background-color:transparent}.elementor-widget-text-editor:not(.elementor-drop-cap-view-default) .elementor-drop-cap{margin-top:8px}.elementor-widget-text-editor:not(.elementor-drop-cap-view-default) .elementor-drop-cap-letter{width:1em;height:1em}.elementor-widget-text-editor .elementor-drop-cap{float:left;text-align:center;line-height:1;font-size:50px}.elementor-widget-text-editor .elementor-drop-cap-letter{display:inline-block}<\/style>\t\t\t\t<ul><li>Ponad 50 lat zaawansowanej wiedzy specjalistycznej w bran\u017cy<\/li><li>Obj\u0119to\u015bci od 0,01 ml do 0,1 ml, idealne do produkcji ma\u0142oseryjnej<\/li><li>Konstrukcja spe\u0142niaj\u0105ca wymagania FDA i GMP w zakresie jako\u015bci i bezpiecze\u0144stwa<\/li><li>Uznana precyzja dozowania obj\u0119to\u015bci mniejszych ni\u017c 0,1 ml<\/li><li>Pompy, kt\u00f3re mo\u017cna \u0142atwo wyczy\u015bci\u0107 na maszynie bez konieczno\u015bci demonta\u017cu<\/li><li>Wysoka dok\u0142adno\u015b\u0107 z precyzj\u0105 +\/- 0,1%<\/li><li>Jednocz\u0119\u015bciowa konstrukcja po\u0142\u0105cze\u0144 dla \u0142atwej instalacji i konserwacji<\/li><li>Stany powierzchni potwierdzone przez rygorystyczne procesy produkcyjne w celu zapewnienia sp\u00f3jno\u015bci i niezawodno\u015bci<\/li><li>Stany powierzchni potwierdzone przez rygorystyczne procesy produkcyjne w celu zapewnienia sp\u00f3jno\u015bci i niezawodno\u015bci<\/li><\/ul>\t\t\t\t\t\t<\/div>\n\t\t\t\t<\/div>\n\t\t\t\t\t<\/div>\n\t\t\t\t<\/div>\n\t\t<div class=\"elementor-element elementor-element-072dbd1 e-grid e-con-boxed e-con e-parent\" data-id=\"072dbd1\" data-element_type=\"container\" data-core-v316-plus=\"true\">\n\t\t\t\t\t<div class=\"e-con-inner\">\n\t\t\t\t<div class=\"elementor-element elementor-element-ca6437f elementor-widget elementor-widget-image\" data-id=\"ca6437f\" data-element_type=\"widget\" data-widget_type=\"image.default\">\n\t\t\t\t<div class=\"elementor-widget-container\">\n\t\t\t<style>\/*! elementor - v3.20.0 - 13-03-2024 *\/\n.elementor-widget-image{text-align:center}.elementor-widget-image a{display:inline-block}.elementor-widget-image a img[src$=\".svg\"]{width:48px}.elementor-widget-image img{vertical-align:middle;display:inline-block}<\/style>\t\t\t\t\t\t\t<figure class=\"wp-caption\">\n\t\t\t\t\t\t\t\t\t\t\t<a href=\"http:\/\/steiner-polska.pl\/pl\/standard-pumps\/\">\n\t\t\t\t\t\t\t<img fetchpriority=\"high\" decoding=\"async\" width=\"525\" height=\"350\" src=\"https:\/\/steiner-polska.pl\/wp-content\/uploads\/2024\/03\/Standard-pump.jpg\" class=\"attachment-large size-large wp-image-1717\" alt=\"\" srcset=\"https:\/\/steiner-polska.pl\/wp-content\/uploads\/2024\/03\/Standard-pump.jpg 850w, https:\/\/steiner-polska.pl\/wp-content\/uploads\/2024\/03\/Standard-pump-300x200.jpg 300w, https:\/\/steiner-polska.pl\/wp-content\/uploads\/2024\/03\/Standard-pump-768x512.jpg 768w, https:\/\/steiner-polska.pl\/wp-content\/uploads\/2024\/03\/Standard-pump-18x12.jpg 18w, https:\/\/steiner-polska.pl\/wp-content\/uploads\/2024\/03\/Standard-pump-272x182.jpg 272w\" sizes=\"100vw\" \/>\t\t\t\t\t\t\t\t<\/a>\n\t\t\t\t\t\t\t\t\t\t\t<figcaption class=\"widget-image-caption wp-caption-text\">Pompy standardowe<\/figcaption>\n\t\t\t\t\t\t\t\t\t\t<\/figure>\n\t\t\t\t\t\t\t<\/div>\n\t\t\t\t<\/div>\n\t\t\t\t<div class=\"elementor-element elementor-element-a1f82b9 elementor-widget elementor-widget-image\" data-id=\"a1f82b9\" data-element_type=\"widget\" data-widget_type=\"image.default\">\n\t\t\t\t<div class=\"elementor-widget-container\">\n\t\t\t\t\t\t\t\t\t\t<figure class=\"wp-caption\">\n\t\t\t\t\t\t\t\t\t\t\t<a href=\"http:\/\/steiner-polska.pl\/pl\/micro-filling\/\">\n\t\t\t\t\t\t\t<img decoding=\"async\" width=\"525\" height=\"350\" src=\"https:\/\/steiner-polska.pl\/wp-content\/uploads\/2024\/03\/filling.jpg\" class=\"attachment-large size-large wp-image-1718\" alt=\"\" srcset=\"https:\/\/steiner-polska.pl\/wp-content\/uploads\/2024\/03\/filling.jpg 850w, https:\/\/steiner-polska.pl\/wp-content\/uploads\/2024\/03\/filling-300x200.jpg 300w, https:\/\/steiner-polska.pl\/wp-content\/uploads\/2024\/03\/filling-768x512.jpg 768w, https:\/\/steiner-polska.pl\/wp-content\/uploads\/2024\/03\/filling-18x12.jpg 18w, https:\/\/steiner-polska.pl\/wp-content\/uploads\/2024\/03\/filling-272x182.jpg 272w\" sizes=\"100vw\" \/>\t\t\t\t\t\t\t\t<\/a>\n\t\t\t\t\t\t\t\t\t\t\t<figcaption class=\"widget-image-caption wp-caption-text\">Mikrowype\u0142nienie<\/figcaption>\n\t\t\t\t\t\t\t\t\t\t<\/figure>\n\t\t\t\t\t\t\t<\/div>\n\t\t\t\t<\/div>\n\t\t\t\t<div class=\"elementor-element elementor-element-7b5e118 elementor-widget elementor-widget-image\" data-id=\"7b5e118\" data-element_type=\"widget\" data-widget_type=\"image.default\">\n\t\t\t\t<div class=\"elementor-widget-container\">\n\t\t\t\t\t\t\t\t\t\t<figure class=\"wp-caption\">\n\t\t\t\t\t\t\t\t\t\t\t<a href=\"http:\/\/steiner-polska.pl\/pl\/cip-sip-pumps\/\">\n\t\t\t\t\t\t\t<img decoding=\"async\" width=\"525\" height=\"350\" src=\"https:\/\/steiner-polska.pl\/wp-content\/uploads\/2024\/03\/CIP-SIP-PUMP.jpg\" class=\"attachment-large size-large wp-image-1719\" alt=\"\" srcset=\"https:\/\/steiner-polska.pl\/wp-content\/uploads\/2024\/03\/CIP-SIP-PUMP.jpg 850w, https:\/\/steiner-polska.pl\/wp-content\/uploads\/2024\/03\/CIP-SIP-PUMP-300x200.jpg 300w, https:\/\/steiner-polska.pl\/wp-content\/uploads\/2024\/03\/CIP-SIP-PUMP-768x512.jpg 768w, https:\/\/steiner-polska.pl\/wp-content\/uploads\/2024\/03\/CIP-SIP-PUMP-18x12.jpg 18w, https:\/\/steiner-polska.pl\/wp-content\/uploads\/2024\/03\/CIP-SIP-PUMP-272x182.jpg 272w\" sizes=\"100vw\" \/>\t\t\t\t\t\t\t\t<\/a>\n\t\t\t\t\t\t\t\t\t\t\t<figcaption class=\"widget-image-caption wp-caption-text\">POMPY CIP\/SIP<\/figcaption>\n\t\t\t\t\t\t\t\t\t\t<\/figure>\n\t\t\t\t\t\t\t<\/div>\n\t\t\t\t<\/div>\n\t\t\t\t<div class=\"elementor-element elementor-element-0bb15e9 elementor-widget elementor-widget-image\" data-id=\"0bb15e9\" data-element_type=\"widget\" data-widget_type=\"image.default\">\n\t\t\t\t<div class=\"elementor-widget-container\">\n\t\t\t\t\t\t\t\t\t\t<figure class=\"wp-caption\">\n\t\t\t\t\t\t\t\t\t\t\t<a href=\"http:\/\/steiner-polska.pl\/pl\/custom-pumps-manufacturing-spc\/\">\n\t\t\t\t\t\t\t<img loading=\"lazy\" decoding=\"async\" width=\"525\" height=\"350\" src=\"https:\/\/steiner-polska.pl\/wp-content\/uploads\/2024\/03\/Custom-pump.jpg\" class=\"attachment-large size-large wp-image-1720\" alt=\"\" srcset=\"https:\/\/steiner-polska.pl\/wp-content\/uploads\/2024\/03\/Custom-pump.jpg 850w, https:\/\/steiner-polska.pl\/wp-content\/uploads\/2024\/03\/Custom-pump-300x200.jpg 300w, https:\/\/steiner-polska.pl\/wp-content\/uploads\/2024\/03\/Custom-pump-768x512.jpg 768w, https:\/\/steiner-polska.pl\/wp-content\/uploads\/2024\/03\/Custom-pump-18x12.jpg 18w, https:\/\/steiner-polska.pl\/wp-content\/uploads\/2024\/03\/Custom-pump-272x182.jpg 272w\" sizes=\"100vw\" \/>\t\t\t\t\t\t\t\t<\/a>\n\t\t\t\t\t\t\t\t\t\t\t<figcaption class=\"widget-image-caption wp-caption-text\">PRODUKCJA POMP NA ZAM\u00d3WIENIE SPC<\/figcaption>\n\t\t\t\t\t\t\t\t\t\t<\/figure>\n\t\t\t\t\t\t\t<\/div>\n\t\t\t\t<\/div>\n\t\t\t\t\t<\/div>\n\t\t\t\t<\/div>\n\t\t\t\t<\/div>","protected":false},"excerpt":{"rendered":"<p>Over 50 years of advanced expertise in the industry Volumes ranging from 0.01ml to 0.1ml, ideal for small batch production Design that meets FDA and GMP requirements for quality and safety Recognized precision in dispensing volumes less than 0.1ml Pumps that can be easily cleaned on the machine without the need for disassembly High accuracy &hellip; <\/p>\n<p class=\"link-more\"><a href=\"https:\/\/steiner-polska.pl\/pl\/products\/spc-group\/filling-pump\/\" class=\"more-link\">Czytaj dalej<span class=\"screen-reader-text\"> \u201eFilling pumps\u201d<\/span><\/a><\/p>","protected":false},"author":4,"featured_media":0,"parent":1541,"menu_order":0,"comment_status":"closed","ping_status":"closed","template":"","meta":[],"yoast_head":"<!-- This site is optimized with the Yoast SEO plugin v20.0 - https:\/\/yoast.com\/wordpress\/plugins\/seo\/ -->\n<title>Filling pumps - steiner-polska<\/title>\n<meta name=\"robots\" content=\"index, follow, max-snippet:-1, max-image-preview:large, max-video-preview:-1\" \/>\n<link rel=\"canonical\" href=\"https:\/\/steiner-polska.pl\/pl\/products\/spc-group\/filling-pump\/\" \/>\n<meta property=\"og:locale\" content=\"pl_PL\" \/>\n<meta property=\"og:type\" content=\"article\" \/>\n<meta property=\"og:title\" content=\"Filling pumps - steiner-polska\" \/>\n<meta property=\"og:description\" content=\"Over 50 years of advanced expertise in the industry Volumes ranging from 0.01ml to 0.1ml, ideal for small batch production Design that meets FDA and GMP requirements for quality and safety Recognized precision in dispensing volumes less than 0.1ml Pumps that can be easily cleaned on the machine without the need for disassembly High accuracy &hellip; Czytaj dalej \u201eFilling pumps\u201d\" \/>\n<meta property=\"og:url\" content=\"https:\/\/steiner-polska.pl\/pl\/products\/spc-group\/filling-pump\/\" \/>\n<meta property=\"og:site_name\" content=\"steiner-polska\" \/>\n<meta property=\"article:modified_time\" content=\"2024-03-21T15:22:08+00:00\" \/>\n<meta property=\"og:image\" content=\"http:\/\/steiner-polska.pl\/wp-content\/uploads\/2024\/03\/Standard-pump.jpg\" \/>\n<meta name=\"twitter:card\" content=\"summary_large_image\" \/>\n<meta name=\"twitter:label1\" content=\"Szacowany czas czytania\" \/>\n\t<meta name=\"twitter:data1\" content=\"2 minuty\" \/>\n<script type=\"application\/ld+json\" class=\"yoast-schema-graph\">{\"@context\":\"https:\/\/schema.org\",\"@graph\":[{\"@type\":\"WebPage\",\"@id\":\"https:\/\/steiner-polska.pl\/products\/spc-group\/filling-pump\/\",\"url\":\"https:\/\/steiner-polska.pl\/products\/spc-group\/filling-pump\/\",\"name\":\"Filling pumps - steiner-polska\",\"isPartOf\":{\"@id\":\"https:\/\/steiner-polska.pl\/#website\"},\"datePublished\":\"2024-03-21T14:40:19+00:00\",\"dateModified\":\"2024-03-21T15:22:08+00:00\",\"breadcrumb\":{\"@id\":\"https:\/\/steiner-polska.pl\/products\/spc-group\/filling-pump\/#breadcrumb\"},\"inLanguage\":\"pl-PL\",\"potentialAction\":[{\"@type\":\"ReadAction\",\"target\":[\"https:\/\/steiner-polska.pl\/products\/spc-group\/filling-pump\/\"]}]},{\"@type\":\"BreadcrumbList\",\"@id\":\"https:\/\/steiner-polska.pl\/products\/spc-group\/filling-pump\/#breadcrumb\",\"itemListElement\":[{\"@type\":\"ListItem\",\"position\":1,\"name\":\"Home\",\"item\":\"https:\/\/steiner-polska.pl\/\"},{\"@type\":\"ListItem\",\"position\":2,\"name\":\"PRODUCTS\",\"item\":\"https:\/\/steiner-polska.pl\/products\/\"},{\"@type\":\"ListItem\",\"position\":3,\"name\":\"SPC Group\",\"item\":\"https:\/\/steiner-polska.pl\/products\/spc-group\/\"},{\"@type\":\"ListItem\",\"position\":4,\"name\":\"Filling pumps\"}]},{\"@type\":\"WebSite\",\"@id\":\"https:\/\/steiner-polska.pl\/#website\",\"url\":\"https:\/\/steiner-polska.pl\/\",\"name\":\"steiner-polska\",\"description\":\"Innovative Solutions\",\"potentialAction\":[{\"@type\":\"SearchAction\",\"target\":{\"@type\":\"EntryPoint\",\"urlTemplate\":\"https:\/\/steiner-polska.pl\/?s={search_term_string}\"},\"query-input\":\"required name=search_term_string\"}],\"inLanguage\":\"pl-PL\"}]}<\/script>\n<!-- \/ Yoast SEO plugin. -->","yoast_head_json":{"title":"Filling pumps - steiner-polska","robots":{"index":"index","follow":"follow","max-snippet":"max-snippet:-1","max-image-preview":"max-image-preview:large","max-video-preview":"max-video-preview:-1"},"canonical":"https:\/\/steiner-polska.pl\/pl\/products\/spc-group\/filling-pump\/","og_locale":"pl_PL","og_type":"article","og_title":"Filling pumps - steiner-polska","og_description":"Over 50 years of advanced expertise in the industry Volumes ranging from 0.01ml to 0.1ml, ideal for small batch production Design that meets FDA and GMP requirements for quality and safety Recognized precision in dispensing volumes less than 0.1ml Pumps that can be easily cleaned on the machine without the need for disassembly High accuracy &hellip; Czytaj dalej \u201eFilling pumps\u201d","og_url":"https:\/\/steiner-polska.pl\/pl\/products\/spc-group\/filling-pump\/","og_site_name":"steiner-polska","article_modified_time":"2024-03-21T15:22:08+00:00","og_image":[{"url":"http:\/\/steiner-polska.pl\/wp-content\/uploads\/2024\/03\/Standard-pump.jpg"}],"twitter_card":"summary_large_image","twitter_misc":{"Szacowany czas czytania":"2 minuty"},"schema":{"@context":"https:\/\/schema.org","@graph":[{"@type":"WebPage","@id":"https:\/\/steiner-polska.pl\/products\/spc-group\/filling-pump\/","url":"https:\/\/steiner-polska.pl\/products\/spc-group\/filling-pump\/","name":"Filling pumps - steiner-polska","isPartOf":{"@id":"https:\/\/steiner-polska.pl\/#website"},"datePublished":"2024-03-21T14:40:19+00:00","dateModified":"2024-03-21T15:22:08+00:00","breadcrumb":{"@id":"https:\/\/steiner-polska.pl\/products\/spc-group\/filling-pump\/#breadcrumb"},"inLanguage":"pl-PL","potentialAction":[{"@type":"ReadAction","target":["https:\/\/steiner-polska.pl\/products\/spc-group\/filling-pump\/"]}]},{"@type":"BreadcrumbList","@id":"https:\/\/steiner-polska.pl\/products\/spc-group\/filling-pump\/#breadcrumb","itemListElement":[{"@type":"ListItem","position":1,"name":"Home","item":"https:\/\/steiner-polska.pl\/"},{"@type":"ListItem","position":2,"name":"PRODUCTS","item":"https:\/\/steiner-polska.pl\/products\/"},{"@type":"ListItem","position":3,"name":"SPC Group","item":"https:\/\/steiner-polska.pl\/products\/spc-group\/"},{"@type":"ListItem","position":4,"name":"Filling pumps"}]},{"@type":"WebSite","@id":"https:\/\/steiner-polska.pl\/#website","url":"https:\/\/steiner-polska.pl\/","name":"steiner-polska","description":"Innovative Solutions","potentialAction":[{"@type":"SearchAction","target":{"@type":"EntryPoint","urlTemplate":"https:\/\/steiner-polska.pl\/?s={search_term_string}"},"query-input":"required name=search_term_string"}],"inLanguage":"pl-PL"}]}},"_links":{"self":[{"href":"https:\/\/steiner-polska.pl\/pl\/wp-json\/wp\/v2\/pages\/1714"}],"collection":[{"href":"https:\/\/steiner-polska.pl\/pl\/wp-json\/wp\/v2\/pages"}],"about":[{"href":"https:\/\/steiner-polska.pl\/pl\/wp-json\/wp\/v2\/types\/page"}],"author":[{"embeddable":true,"href":"https:\/\/steiner-polska.pl\/pl\/wp-json\/wp\/v2\/users\/4"}],"replies":[{"embeddable":true,"href":"https:\/\/steiner-polska.pl\/pl\/wp-json\/wp\/v2\/comments?post=1714"}],"version-history":[{"count":16,"href":"https:\/\/steiner-polska.pl\/pl\/wp-json\/wp\/v2\/pages\/1714\/revisions"}],"predecessor-version":[{"id":1759,"href":"https:\/\/steiner-polska.pl\/pl\/wp-json\/wp\/v2\/pages\/1714\/revisions\/1759"}],"up":[{"embeddable":true,"href":"https:\/\/steiner-polska.pl\/pl\/wp-json\/wp\/v2\/pages\/1541"}],"wp:attachment":[{"href":"https:\/\/steiner-polska.pl\/pl\/wp-json\/wp\/v2\/media?parent=1714"}],"curies":[{"name":"wp","href":"https:\/\/api.w.org\/{rel}","templated":true}]}}