{"id":1727,"date":"2024-03-21T15:58:50","date_gmt":"2024-03-21T14:58:50","guid":{"rendered":"https:\/\/steiner-polska.pl\/?page_id=1727"},"modified":"2024-03-21T16:29:05","modified_gmt":"2024-03-21T15:29:05","slug":"standard-pumps","status":"publish","type":"page","link":"https:\/\/steiner-polska.pl\/pl\/products\/spc-group\/filling-pump\/standard-pumps\/","title":{"rendered":"Pompy standardowe"},"content":{"rendered":"<div data-elementor-type=\"wp-page\" data-elementor-id=\"1727\" class=\"elementor elementor-1727\">\n\t\t\t\t<div class=\"elementor-element elementor-element-2f7dbe5 e-flex e-con-boxed e-con e-parent\" data-id=\"2f7dbe5\" data-element_type=\"container\" data-core-v316-plus=\"true\">\n\t\t\t\t\t<div class=\"e-con-inner\">\n\t\t\t\t<div class=\"elementor-element elementor-element-e0ab16c elementor-widget elementor-widget-text-editor\" data-id=\"e0ab16c\" data-element_type=\"widget\" data-widget_type=\"text-editor.default\">\n\t\t\t\t<div class=\"elementor-widget-container\">\n\t\t\t<style>\/*! elementor - v3.20.0 - 13-03-2024 *\/\n.elementor-widget-text-editor.elementor-drop-cap-view-stacked .elementor-drop-cap{background-color:#69727d;color:#fff}.elementor-widget-text-editor.elementor-drop-cap-view-framed .elementor-drop-cap{color:#69727d;border:3px solid;background-color:transparent}.elementor-widget-text-editor:not(.elementor-drop-cap-view-default) .elementor-drop-cap{margin-top:8px}.elementor-widget-text-editor:not(.elementor-drop-cap-view-default) .elementor-drop-cap-letter{width:1em;height:1em}.elementor-widget-text-editor .elementor-drop-cap{float:left;text-align:center;line-height:1;font-size:50px}.elementor-widget-text-editor .elementor-drop-cap-letter{display:inline-block}<\/style>\t\t\t\t<p>Obj\u0119to\u015bci s\u0105 standardowe, ale poszczeg\u00f3lne cz\u0119\u015bci mog\u0105 by\u0107 w pe\u0142ni dostosowane do konkretnych wymaga\u0144 nape\u0142niania.<br \/>Si\u0142a SPC le\u017cy w naszej zdolno\u015bci do dostosowywania pomp w celu osi\u0105gni\u0119cia najlepszego stosunku obj\u0119to\u015bci, pr\u0119dko\u015bci i kompatybilno\u015bci produktu.<\/p><p>Pompy SPC Group s\u0105 zaprojektowane jako pojedynczy \"monoblok\" przy u\u017cyciu materia\u0142\u00f3w zatwierdzonych przez FDA, takich jak stal nierdzewna, tlenek glinu lub cyrkon. Tre\u015b\u0107 poprawionego tekstu jest jak najbardziej zbli\u017cona do tekstu \u017ar\u00f3d\u0142owego. Oferujemy szereg pow\u0142ok dostosowanych do ci\u015bnienia nape\u0142niania, w tym chromowane, chromowane + CrN, kolsteryzowane i DLC.<\/p><p>Inne pow\u0142oki s\u0105 dost\u0119pne na \u017cyczenie. Pompy mog\u0105 by\u0107 wykonane z r\u00f3\u017cnych materia\u0142\u00f3w, w tym stali nierdzewnej 316L, ceramicznego tlenku glinu, ceramicznego cyrkonu itrowego, ceramicznego cyrkonu magnezowego i innych na \u017cyczenie.<\/p>\t\t\t\t\t\t<\/div>\n\t\t\t\t<\/div>\n\t\t\t\t\t<\/div>\n\t\t\t\t<\/div>\n\t\t\t\t<\/div>","protected":false},"excerpt":{"rendered":"<p>The volumes are standard, but individual parts can be fully customised to meet specific filling requirements.SPC&#8217;s strength lies in our ability to tailor pumps to achieve the best volume ratio, speed and product compatibility. SPC Group pumps are designed as a single &#8216;monoblock&#8217; unit using FDA-approved materials like stainless steel, alumina, or zirconium. The content &hellip; <\/p>\n<p class=\"link-more\"><a href=\"https:\/\/steiner-polska.pl\/pl\/products\/spc-group\/filling-pump\/standard-pumps\/\" class=\"more-link\">Czytaj dalej<span class=\"screen-reader-text\"> \u201eStandard pumps\u201d<\/span><\/a><\/p>","protected":false},"author":4,"featured_media":0,"parent":1714,"menu_order":0,"comment_status":"closed","ping_status":"closed","template":"","meta":[],"yoast_head":"<!-- This site is optimized with the Yoast SEO plugin v20.0 - https:\/\/yoast.com\/wordpress\/plugins\/seo\/ -->\n<title>Standard pumps - steiner-polska<\/title>\n<meta name=\"robots\" content=\"index, follow, max-snippet:-1, max-image-preview:large, max-video-preview:-1\" \/>\n<link rel=\"canonical\" href=\"https:\/\/steiner-polska.pl\/pl\/products\/spc-group\/filling-pump\/standard-pumps\/\" \/>\n<meta property=\"og:locale\" content=\"pl_PL\" \/>\n<meta property=\"og:type\" content=\"article\" \/>\n<meta property=\"og:title\" content=\"Standard pumps - steiner-polska\" \/>\n<meta property=\"og:description\" content=\"The volumes are standard, but individual parts can be fully customised to meet specific filling requirements.SPC&#8217;s strength lies in our ability to tailor pumps to achieve the best volume ratio, speed and product compatibility. SPC Group pumps are designed as a single &#8216;monoblock&#8217; unit using FDA-approved materials like stainless steel, alumina, or zirconium. The content &hellip; Czytaj dalej \u201eStandard pumps\u201d\" \/>\n<meta property=\"og:url\" content=\"https:\/\/steiner-polska.pl\/pl\/products\/spc-group\/filling-pump\/standard-pumps\/\" \/>\n<meta property=\"og:site_name\" content=\"steiner-polska\" \/>\n<meta property=\"article:modified_time\" content=\"2024-03-21T15:29:05+00:00\" \/>\n<meta name=\"twitter:card\" content=\"summary_large_image\" \/>\n<meta name=\"twitter:label1\" content=\"Szacowany czas czytania\" \/>\n\t<meta name=\"twitter:data1\" content=\"1 minuta\" \/>\n<script type=\"application\/ld+json\" class=\"yoast-schema-graph\">{\"@context\":\"https:\/\/schema.org\",\"@graph\":[{\"@type\":\"WebPage\",\"@id\":\"https:\/\/steiner-polska.pl\/products\/spc-group\/filling-pump\/standard-pumps\/\",\"url\":\"https:\/\/steiner-polska.pl\/products\/spc-group\/filling-pump\/standard-pumps\/\",\"name\":\"Standard pumps - steiner-polska\",\"isPartOf\":{\"@id\":\"https:\/\/steiner-polska.pl\/#website\"},\"datePublished\":\"2024-03-21T14:58:50+00:00\",\"dateModified\":\"2024-03-21T15:29:05+00:00\",\"breadcrumb\":{\"@id\":\"https:\/\/steiner-polska.pl\/products\/spc-group\/filling-pump\/standard-pumps\/#breadcrumb\"},\"inLanguage\":\"pl-PL\",\"potentialAction\":[{\"@type\":\"ReadAction\",\"target\":[\"https:\/\/steiner-polska.pl\/products\/spc-group\/filling-pump\/standard-pumps\/\"]}]},{\"@type\":\"BreadcrumbList\",\"@id\":\"https:\/\/steiner-polska.pl\/products\/spc-group\/filling-pump\/standard-pumps\/#breadcrumb\",\"itemListElement\":[{\"@type\":\"ListItem\",\"position\":1,\"name\":\"Home\",\"item\":\"https:\/\/steiner-polska.pl\/\"},{\"@type\":\"ListItem\",\"position\":2,\"name\":\"PRODUCTS\",\"item\":\"https:\/\/steiner-polska.pl\/products\/\"},{\"@type\":\"ListItem\",\"position\":3,\"name\":\"SPC Group\",\"item\":\"https:\/\/steiner-polska.pl\/products\/spc-group\/\"},{\"@type\":\"ListItem\",\"position\":4,\"name\":\"Filling pumps\",\"item\":\"https:\/\/steiner-polska.pl\/products\/spc-group\/filling-pump\/\"},{\"@type\":\"ListItem\",\"position\":5,\"name\":\"Standard pumps\"}]},{\"@type\":\"WebSite\",\"@id\":\"https:\/\/steiner-polska.pl\/#website\",\"url\":\"https:\/\/steiner-polska.pl\/\",\"name\":\"steiner-polska\",\"description\":\"Innovative Solutions\",\"potentialAction\":[{\"@type\":\"SearchAction\",\"target\":{\"@type\":\"EntryPoint\",\"urlTemplate\":\"https:\/\/steiner-polska.pl\/?s={search_term_string}\"},\"query-input\":\"required name=search_term_string\"}],\"inLanguage\":\"pl-PL\"}]}<\/script>\n<!-- \/ Yoast SEO plugin. -->","yoast_head_json":{"title":"Standard pumps - steiner-polska","robots":{"index":"index","follow":"follow","max-snippet":"max-snippet:-1","max-image-preview":"max-image-preview:large","max-video-preview":"max-video-preview:-1"},"canonical":"https:\/\/steiner-polska.pl\/pl\/products\/spc-group\/filling-pump\/standard-pumps\/","og_locale":"pl_PL","og_type":"article","og_title":"Standard pumps - steiner-polska","og_description":"The volumes are standard, but individual parts can be fully customised to meet specific filling requirements.SPC&#8217;s strength lies in our ability to tailor pumps to achieve the best volume ratio, speed and product compatibility. SPC Group pumps are designed as a single &#8216;monoblock&#8217; unit using FDA-approved materials like stainless steel, alumina, or zirconium. The content &hellip; Czytaj dalej \u201eStandard pumps\u201d","og_url":"https:\/\/steiner-polska.pl\/pl\/products\/spc-group\/filling-pump\/standard-pumps\/","og_site_name":"steiner-polska","article_modified_time":"2024-03-21T15:29:05+00:00","twitter_card":"summary_large_image","twitter_misc":{"Szacowany czas czytania":"1 minuta"},"schema":{"@context":"https:\/\/schema.org","@graph":[{"@type":"WebPage","@id":"https:\/\/steiner-polska.pl\/products\/spc-group\/filling-pump\/standard-pumps\/","url":"https:\/\/steiner-polska.pl\/products\/spc-group\/filling-pump\/standard-pumps\/","name":"Standard pumps - steiner-polska","isPartOf":{"@id":"https:\/\/steiner-polska.pl\/#website"},"datePublished":"2024-03-21T14:58:50+00:00","dateModified":"2024-03-21T15:29:05+00:00","breadcrumb":{"@id":"https:\/\/steiner-polska.pl\/products\/spc-group\/filling-pump\/standard-pumps\/#breadcrumb"},"inLanguage":"pl-PL","potentialAction":[{"@type":"ReadAction","target":["https:\/\/steiner-polska.pl\/products\/spc-group\/filling-pump\/standard-pumps\/"]}]},{"@type":"BreadcrumbList","@id":"https:\/\/steiner-polska.pl\/products\/spc-group\/filling-pump\/standard-pumps\/#breadcrumb","itemListElement":[{"@type":"ListItem","position":1,"name":"Home","item":"https:\/\/steiner-polska.pl\/"},{"@type":"ListItem","position":2,"name":"PRODUCTS","item":"https:\/\/steiner-polska.pl\/products\/"},{"@type":"ListItem","position":3,"name":"SPC Group","item":"https:\/\/steiner-polska.pl\/products\/spc-group\/"},{"@type":"ListItem","position":4,"name":"Filling pumps","item":"https:\/\/steiner-polska.pl\/products\/spc-group\/filling-pump\/"},{"@type":"ListItem","position":5,"name":"Standard pumps"}]},{"@type":"WebSite","@id":"https:\/\/steiner-polska.pl\/#website","url":"https:\/\/steiner-polska.pl\/","name":"steiner-polska","description":"Innovative Solutions","potentialAction":[{"@type":"SearchAction","target":{"@type":"EntryPoint","urlTemplate":"https:\/\/steiner-polska.pl\/?s={search_term_string}"},"query-input":"required name=search_term_string"}],"inLanguage":"pl-PL"}]}},"_links":{"self":[{"href":"https:\/\/steiner-polska.pl\/pl\/wp-json\/wp\/v2\/pages\/1727"}],"collection":[{"href":"https:\/\/steiner-polska.pl\/pl\/wp-json\/wp\/v2\/pages"}],"about":[{"href":"https:\/\/steiner-polska.pl\/pl\/wp-json\/wp\/v2\/types\/page"}],"author":[{"embeddable":true,"href":"https:\/\/steiner-polska.pl\/pl\/wp-json\/wp\/v2\/users\/4"}],"replies":[{"embeddable":true,"href":"https:\/\/steiner-polska.pl\/pl\/wp-json\/wp\/v2\/comments?post=1727"}],"version-history":[{"count":7,"href":"https:\/\/steiner-polska.pl\/pl\/wp-json\/wp\/v2\/pages\/1727\/revisions"}],"predecessor-version":[{"id":1768,"href":"https:\/\/steiner-polska.pl\/pl\/wp-json\/wp\/v2\/pages\/1727\/revisions\/1768"}],"up":[{"embeddable":true,"href":"https:\/\/steiner-polska.pl\/pl\/wp-json\/wp\/v2\/pages\/1714"}],"wp:attachment":[{"href":"https:\/\/steiner-polska.pl\/pl\/wp-json\/wp\/v2\/media?parent=1727"}],"curies":[{"name":"wp","href":"https:\/\/api.w.org\/{rel}","templated":true}]}}