{"id":1736,"date":"2024-03-21T16:06:27","date_gmt":"2024-03-21T15:06:27","guid":{"rendered":"https:\/\/steiner-polska.pl\/?page_id=1736"},"modified":"2024-03-21T16:28:52","modified_gmt":"2024-03-21T15:28:52","slug":"micro-filling","status":"publish","type":"page","link":"https:\/\/steiner-polska.pl\/pl\/products\/spc-group\/filling-pump\/micro-filling\/","title":{"rendered":"Mikrowype\u0142nienie"},"content":{"rendered":"<div data-elementor-type=\"wp-page\" data-elementor-id=\"1736\" class=\"elementor elementor-1736\">\n\t\t\t\t<div class=\"elementor-element elementor-element-7e9c9fe e-flex e-con-boxed e-con e-parent\" data-id=\"7e9c9fe\" data-element_type=\"container\" data-core-v316-plus=\"true\">\n\t\t\t\t\t<div class=\"e-con-inner\">\n\t\t\t\t<div class=\"elementor-element elementor-element-5ab3268 elementor-widget elementor-widget-text-editor\" data-id=\"5ab3268\" data-element_type=\"widget\" data-widget_type=\"text-editor.default\">\n\t\t\t\t<div class=\"elementor-widget-container\">\n\t\t\t<style>\/*! elementor - v3.20.0 - 13-03-2024 *\/\n.elementor-widget-text-editor.elementor-drop-cap-view-stacked .elementor-drop-cap{background-color:#69727d;color:#fff}.elementor-widget-text-editor.elementor-drop-cap-view-framed .elementor-drop-cap{color:#69727d;border:3px solid;background-color:transparent}.elementor-widget-text-editor:not(.elementor-drop-cap-view-default) .elementor-drop-cap{margin-top:8px}.elementor-widget-text-editor:not(.elementor-drop-cap-view-default) .elementor-drop-cap-letter{width:1em;height:1em}.elementor-widget-text-editor .elementor-drop-cap{float:left;text-align:center;line-height:1;font-size:50px}.elementor-widget-text-editor .elementor-drop-cap-letter{display:inline-block}<\/style>\t\t\t\t<p>Dzi\u0119ki bogatemu do\u015bwiadczeniu, SPC mo\u017ce produkowa\u0107 pompy nape\u0142niaj\u0105ce, kt\u00f3re zachowuj\u0105 swoj\u0105 precyzj\u0119 dla obj\u0119to\u015bci mniejszych ni\u017c 0,1 ml.<\/p><p>Budowa:<\/p><ul><li>Projekt mo\u017cna wykona\u0107 w jednym bloku dla po\u0142\u0105cze\u0144<\/li><li>Materia\u0142y zatwierdzone przez FDA (stal nierdzewna 316L, tlenek glinu lub cyrkon)<\/li><li>R\u00f3\u017cne pow\u0142oki dostosowane do ci\u015bnienia nape\u0142niania<\/li><\/ul><p>\u00a0<\/p>\t\t\t\t\t\t<\/div>\n\t\t\t\t<\/div>\n\t\t\t\t\t<\/div>\n\t\t\t\t<\/div>\n\t\t<div class=\"elementor-element elementor-element-7f3eb68 e-flex e-con-boxed e-con e-parent\" data-id=\"7f3eb68\" data-element_type=\"container\" data-core-v316-plus=\"true\">\n\t\t\t\t\t<div class=\"e-con-inner\">\n\t\t<div class=\"elementor-element elementor-element-d707d9e e-con-full e-flex e-con e-child\" data-id=\"d707d9e\" data-element_type=\"container\">\n\t\t\t\t<div class=\"elementor-element elementor-element-c591114 elementor-widget elementor-widget-text-editor\" data-id=\"c591114\" data-element_type=\"widget\" data-widget_type=\"text-editor.default\">\n\t\t\t\t<div class=\"elementor-widget-container\">\n\t\t\t\t\t\t\t<p>Pow\u0142oka:<\/p><ul><li>Stern Chromium<\/li><li>Stern Chromium + CrN<\/li><li>Kolsteryzacja<\/li><li>DLC<\/li><li>Inne na \u017c\u0105danie<\/li><\/ul>\t\t\t\t\t\t<\/div>\n\t\t\t\t<\/div>\n\t\t\t\t<\/div>\n\t\t<div class=\"elementor-element elementor-element-1fdd4f6 e-con-full e-flex e-con e-child\" data-id=\"1fdd4f6\" data-element_type=\"container\">\n\t\t\t\t<div class=\"elementor-element elementor-element-abd45cf elementor-widget elementor-widget-text-editor\" data-id=\"abd45cf\" data-element_type=\"widget\" data-widget_type=\"text-editor.default\">\n\t\t\t\t<div class=\"elementor-widget-container\">\n\t\t\t\t\t\t\t<p>Materia\u0142y:<\/p><ul><li>Stal nierdzewna 316L<\/li><li>Ceramiczny tlenek glinu<\/li><li>Cyrkon ceramiczny Yttria<\/li><li>Magnez ceramiczny cyrkonowy<\/li><li>PEEK<\/li><\/ul>\t\t\t\t\t\t<\/div>\n\t\t\t\t<\/div>\n\t\t\t\t<\/div>\n\t\t\t\t\t<\/div>\n\t\t\t\t<\/div>\n\t\t\t\t<\/div>","protected":false},"excerpt":{"rendered":"<p>With its extensive experience, SPC can produce filling pumps that maintain their precision for volumes less than 0.1ml. Construction: Design can be done in one block for connections Materials approved by FDA (Stainless steel 316L, Alumina or Zircon) Different coatings adapted to your filling pressures \u00a0 Coating: Stern Chromium Stern Chromium + CrN Kolsterizing DLC &hellip; <\/p>\n<p class=\"link-more\"><a href=\"https:\/\/steiner-polska.pl\/pl\/products\/spc-group\/filling-pump\/micro-filling\/\" class=\"more-link\">Czytaj dalej<span class=\"screen-reader-text\"> \u201eMicro-filling\u201d<\/span><\/a><\/p>","protected":false},"author":4,"featured_media":0,"parent":1714,"menu_order":0,"comment_status":"closed","ping_status":"closed","template":"","meta":[],"yoast_head":"<!-- This site is optimized with the Yoast SEO plugin v20.0 - https:\/\/yoast.com\/wordpress\/plugins\/seo\/ -->\n<title>Micro-filling - steiner-polska<\/title>\n<meta name=\"robots\" content=\"index, follow, max-snippet:-1, max-image-preview:large, max-video-preview:-1\" \/>\n<link rel=\"canonical\" href=\"https:\/\/steiner-polska.pl\/pl\/products\/spc-group\/filling-pump\/micro-filling\/\" \/>\n<meta property=\"og:locale\" content=\"pl_PL\" \/>\n<meta property=\"og:type\" content=\"article\" \/>\n<meta property=\"og:title\" content=\"Micro-filling - steiner-polska\" \/>\n<meta property=\"og:description\" content=\"With its extensive experience, SPC can produce filling pumps that maintain their precision for volumes less than 0.1ml. Construction: Design can be done in one block for connections Materials approved by FDA (Stainless steel 316L, Alumina or Zircon) Different coatings adapted to your filling pressures \u00a0 Coating: Stern Chromium Stern Chromium + CrN Kolsterizing DLC &hellip; Czytaj dalej \u201eMicro-filling\u201d\" \/>\n<meta property=\"og:url\" content=\"https:\/\/steiner-polska.pl\/pl\/products\/spc-group\/filling-pump\/micro-filling\/\" \/>\n<meta property=\"og:site_name\" content=\"steiner-polska\" \/>\n<meta property=\"article:modified_time\" content=\"2024-03-21T15:28:52+00:00\" \/>\n<meta name=\"twitter:card\" content=\"summary_large_image\" \/>\n<meta name=\"twitter:label1\" content=\"Szacowany czas czytania\" \/>\n\t<meta name=\"twitter:data1\" content=\"1 minuta\" \/>\n<script type=\"application\/ld+json\" class=\"yoast-schema-graph\">{\"@context\":\"https:\/\/schema.org\",\"@graph\":[{\"@type\":\"WebPage\",\"@id\":\"https:\/\/steiner-polska.pl\/products\/spc-group\/filling-pump\/micro-filling\/\",\"url\":\"https:\/\/steiner-polska.pl\/products\/spc-group\/filling-pump\/micro-filling\/\",\"name\":\"Micro-filling - steiner-polska\",\"isPartOf\":{\"@id\":\"https:\/\/steiner-polska.pl\/#website\"},\"datePublished\":\"2024-03-21T15:06:27+00:00\",\"dateModified\":\"2024-03-21T15:28:52+00:00\",\"breadcrumb\":{\"@id\":\"https:\/\/steiner-polska.pl\/products\/spc-group\/filling-pump\/micro-filling\/#breadcrumb\"},\"inLanguage\":\"pl-PL\",\"potentialAction\":[{\"@type\":\"ReadAction\",\"target\":[\"https:\/\/steiner-polska.pl\/products\/spc-group\/filling-pump\/micro-filling\/\"]}]},{\"@type\":\"BreadcrumbList\",\"@id\":\"https:\/\/steiner-polska.pl\/products\/spc-group\/filling-pump\/micro-filling\/#breadcrumb\",\"itemListElement\":[{\"@type\":\"ListItem\",\"position\":1,\"name\":\"Home\",\"item\":\"https:\/\/steiner-polska.pl\/\"},{\"@type\":\"ListItem\",\"position\":2,\"name\":\"PRODUCTS\",\"item\":\"https:\/\/steiner-polska.pl\/products\/\"},{\"@type\":\"ListItem\",\"position\":3,\"name\":\"SPC Group\",\"item\":\"https:\/\/steiner-polska.pl\/products\/spc-group\/\"},{\"@type\":\"ListItem\",\"position\":4,\"name\":\"Filling pumps\",\"item\":\"https:\/\/steiner-polska.pl\/products\/spc-group\/filling-pump\/\"},{\"@type\":\"ListItem\",\"position\":5,\"name\":\"Micro-filling\"}]},{\"@type\":\"WebSite\",\"@id\":\"https:\/\/steiner-polska.pl\/#website\",\"url\":\"https:\/\/steiner-polska.pl\/\",\"name\":\"steiner-polska\",\"description\":\"Innovative Solutions\",\"potentialAction\":[{\"@type\":\"SearchAction\",\"target\":{\"@type\":\"EntryPoint\",\"urlTemplate\":\"https:\/\/steiner-polska.pl\/?s={search_term_string}\"},\"query-input\":\"required name=search_term_string\"}],\"inLanguage\":\"pl-PL\"}]}<\/script>\n<!-- \/ Yoast SEO plugin. -->","yoast_head_json":{"title":"Micro-filling - steiner-polska","robots":{"index":"index","follow":"follow","max-snippet":"max-snippet:-1","max-image-preview":"max-image-preview:large","max-video-preview":"max-video-preview:-1"},"canonical":"https:\/\/steiner-polska.pl\/pl\/products\/spc-group\/filling-pump\/micro-filling\/","og_locale":"pl_PL","og_type":"article","og_title":"Micro-filling - steiner-polska","og_description":"With its extensive experience, SPC can produce filling pumps that maintain their precision for volumes less than 0.1ml. Construction: Design can be done in one block for connections Materials approved by FDA (Stainless steel 316L, Alumina or Zircon) Different coatings adapted to your filling pressures \u00a0 Coating: Stern Chromium Stern Chromium + CrN Kolsterizing DLC &hellip; Czytaj dalej \u201eMicro-filling\u201d","og_url":"https:\/\/steiner-polska.pl\/pl\/products\/spc-group\/filling-pump\/micro-filling\/","og_site_name":"steiner-polska","article_modified_time":"2024-03-21T15:28:52+00:00","twitter_card":"summary_large_image","twitter_misc":{"Szacowany czas czytania":"1 minuta"},"schema":{"@context":"https:\/\/schema.org","@graph":[{"@type":"WebPage","@id":"https:\/\/steiner-polska.pl\/products\/spc-group\/filling-pump\/micro-filling\/","url":"https:\/\/steiner-polska.pl\/products\/spc-group\/filling-pump\/micro-filling\/","name":"Micro-filling - steiner-polska","isPartOf":{"@id":"https:\/\/steiner-polska.pl\/#website"},"datePublished":"2024-03-21T15:06:27+00:00","dateModified":"2024-03-21T15:28:52+00:00","breadcrumb":{"@id":"https:\/\/steiner-polska.pl\/products\/spc-group\/filling-pump\/micro-filling\/#breadcrumb"},"inLanguage":"pl-PL","potentialAction":[{"@type":"ReadAction","target":["https:\/\/steiner-polska.pl\/products\/spc-group\/filling-pump\/micro-filling\/"]}]},{"@type":"BreadcrumbList","@id":"https:\/\/steiner-polska.pl\/products\/spc-group\/filling-pump\/micro-filling\/#breadcrumb","itemListElement":[{"@type":"ListItem","position":1,"name":"Home","item":"https:\/\/steiner-polska.pl\/"},{"@type":"ListItem","position":2,"name":"PRODUCTS","item":"https:\/\/steiner-polska.pl\/products\/"},{"@type":"ListItem","position":3,"name":"SPC Group","item":"https:\/\/steiner-polska.pl\/products\/spc-group\/"},{"@type":"ListItem","position":4,"name":"Filling pumps","item":"https:\/\/steiner-polska.pl\/products\/spc-group\/filling-pump\/"},{"@type":"ListItem","position":5,"name":"Micro-filling"}]},{"@type":"WebSite","@id":"https:\/\/steiner-polska.pl\/#website","url":"https:\/\/steiner-polska.pl\/","name":"steiner-polska","description":"Innovative Solutions","potentialAction":[{"@type":"SearchAction","target":{"@type":"EntryPoint","urlTemplate":"https:\/\/steiner-polska.pl\/?s={search_term_string}"},"query-input":"required name=search_term_string"}],"inLanguage":"pl-PL"}]}},"_links":{"self":[{"href":"https:\/\/steiner-polska.pl\/pl\/wp-json\/wp\/v2\/pages\/1736"}],"collection":[{"href":"https:\/\/steiner-polska.pl\/pl\/wp-json\/wp\/v2\/pages"}],"about":[{"href":"https:\/\/steiner-polska.pl\/pl\/wp-json\/wp\/v2\/types\/page"}],"author":[{"embeddable":true,"href":"https:\/\/steiner-polska.pl\/pl\/wp-json\/wp\/v2\/users\/4"}],"replies":[{"embeddable":true,"href":"https:\/\/steiner-polska.pl\/pl\/wp-json\/wp\/v2\/comments?post=1736"}],"version-history":[{"count":7,"href":"https:\/\/steiner-polska.pl\/pl\/wp-json\/wp\/v2\/pages\/1736\/revisions"}],"predecessor-version":[{"id":1765,"href":"https:\/\/steiner-polska.pl\/pl\/wp-json\/wp\/v2\/pages\/1736\/revisions\/1765"}],"up":[{"embeddable":true,"href":"https:\/\/steiner-polska.pl\/pl\/wp-json\/wp\/v2\/pages\/1714"}],"wp:attachment":[{"href":"https:\/\/steiner-polska.pl\/pl\/wp-json\/wp\/v2\/media?parent=1736"}],"curies":[{"name":"wp","href":"https:\/\/api.w.org\/{rel}","templated":true}]}}