{"id":1744,"date":"2024-03-21T16:11:52","date_gmt":"2024-03-21T15:11:52","guid":{"rendered":"https:\/\/steiner-polska.pl\/?page_id=1744"},"modified":"2024-03-21T16:43:17","modified_gmt":"2024-03-21T15:43:17","slug":"cip-sip-pumps","status":"publish","type":"page","link":"https:\/\/steiner-polska.pl\/pl\/products\/spc-group\/filling-pump\/cip-sip-pumps\/","title":{"rendered":"Pompy CIP\/SIP"},"content":{"rendered":"<div data-elementor-type=\"wp-page\" data-elementor-id=\"1744\" class=\"elementor elementor-1744\">\n\t\t\t\t<div class=\"elementor-element elementor-element-010a1a4 e-flex e-con-boxed e-con e-parent\" data-id=\"010a1a4\" data-element_type=\"container\" data-core-v316-plus=\"true\">\n\t\t\t\t\t<div class=\"e-con-inner\">\n\t\t\t\t<div class=\"elementor-element elementor-element-aa30ee5 elementor-widget elementor-widget-text-editor\" data-id=\"aa30ee5\" data-element_type=\"widget\" data-widget_type=\"text-editor.default\">\n\t\t\t\t<div class=\"elementor-widget-container\">\n\t\t\t<style>\/*! elementor - v3.20.0 - 13-03-2024 *\/\n.elementor-widget-text-editor.elementor-drop-cap-view-stacked .elementor-drop-cap{background-color:#69727d;color:#fff}.elementor-widget-text-editor.elementor-drop-cap-view-framed .elementor-drop-cap{color:#69727d;border:3px solid;background-color:transparent}.elementor-widget-text-editor:not(.elementor-drop-cap-view-default) .elementor-drop-cap{margin-top:8px}.elementor-widget-text-editor:not(.elementor-drop-cap-view-default) .elementor-drop-cap-letter{width:1em;height:1em}.elementor-widget-text-editor .elementor-drop-cap{float:left;text-align:center;line-height:1;font-size:50px}.elementor-widget-text-editor .elementor-drop-cap-letter{display:inline-block}<\/style>\t\t\t\t<p>Pompy wyporowe SPC Group z t\u0142okami rozdzielaj\u0105cymi s\u0105 przeznaczone do nape\u0142niania ciecz\u0105 i mog\u0105 by\u0107 stosowane we wszystkich markach maszyn nape\u0142niaj\u0105cych. Indywidualne opcje konstrukcyjne obejmuj\u0105 pow\u0142oki chromowe i PVD CrN zapewniaj\u0105ce wysok\u0105 odporno\u015b\u0107 mechaniczn\u0105. Produkcja monoblok\u00f3w jest dost\u0119pna ze stali nierdzewnej 316L lub materia\u0142\u00f3w ceramicznych, takich jak Zircon ZrO2 Y2O3, ZrO2 MgO lub Alumina Al2O3.<br \/>Komora czyszcz\u0105ca znajduje si\u0119 w dolnej cz\u0119\u015bci, co usprawnia czyszczenie pompy. Monta\u017c i demonta\u017c pompy mi\u0119dzy cyklami mo\u017cna usun\u0105\u0107, umo\u017cliwiaj\u0105c czyszczenie i sterylizacj\u0119 bezpo\u015brednio na maszynie. Przed wysy\u0142k\u0105 wykonywany jest test szczelno\u015bci za pomoc\u0105 Flotest\u00ae. Pompy s\u0105 zgodne z wymaganiami Dobrej Praktyki Produkcyjnej (GMP) i zmniejszaj\u0105 ryzyko zanieczyszczenia nawet o 30%, poniewa\u017c produkt ma kontakt tylko z dwiema cz\u0119\u015bciami podczas nape\u0142niania.<br \/>Pompy CIP\/SIP mog\u0105 obs\u0142ugiwa\u0107 szeroki zakres obj\u0119to\u015bci od 0,005 ml do ponad 100 ml. Po\u0142\u0105czenie naszych pomp z dysz\u0105 izostatyczn\u0105 Klyx\u00ae zapewnia optymaln\u0105 wydajno\u015b\u0107 i wyd\u0142u\u017ca \u017cywotno\u015b\u0107 sprz\u0119tu.<\/p>\t\t\t\t\t\t<\/div>\n\t\t\t\t<\/div>\n\t\t\t\t\t<\/div>\n\t\t\t\t<\/div>\n\t\t<div class=\"elementor-element elementor-element-34aa340 e-flex e-con-boxed e-con e-parent\" data-id=\"34aa340\" data-element_type=\"container\" data-core-v316-plus=\"true\">\n\t\t\t\t\t<div class=\"e-con-inner\">\n\t\t\t\t<div class=\"elementor-element elementor-element-a0fd63d elementor-widget elementor-widget-text-editor\" data-id=\"a0fd63d\" data-element_type=\"widget\" data-widget_type=\"text-editor.default\">\n\t\t\t\t<div class=\"elementor-widget-container\">\n\t\t\t\t\t\t\t<p>Budowa:<\/p><ul><li>Projekt mo\u017cna wykona\u0107 w jednym bloku dla po\u0142\u0105cze\u0144<\/li><li>Materia\u0142y zatwierdzone przez FDA (stal nierdzewna 316L, tlenek glinu lub cyrkon)<\/li><li>R\u00f3\u017cne pow\u0142oki dostosowane do ci\u015bnienia nape\u0142niania o wysokiej wytrzyma\u0142o\u015bci<\/li><\/ul>\t\t\t\t\t\t<\/div>\n\t\t\t\t<\/div>\n\t\t\t\t\t<\/div>\n\t\t\t\t<\/div>\n\t\t<div class=\"elementor-element elementor-element-423bfb3 e-flex e-con-boxed e-con e-parent\" data-id=\"423bfb3\" data-element_type=\"container\" data-core-v316-plus=\"true\">\n\t\t\t\t\t<div class=\"e-con-inner\">\n\t\t<div class=\"elementor-element elementor-element-e97dffb e-con-full e-flex e-con e-child\" data-id=\"e97dffb\" data-element_type=\"container\">\n\t\t\t\t<div class=\"elementor-element elementor-element-255c28d elementor-widget elementor-widget-text-editor\" data-id=\"255c28d\" data-element_type=\"widget\" data-widget_type=\"text-editor.default\">\n\t\t\t\t<div class=\"elementor-widget-container\">\n\t\t\t\t\t\t\t<p>Pow\u0142oki:<\/p><ul><li>Stern Chromium<\/li><li>Stern Chromium + CrN<\/li><li>Kolsteryzacja<\/li><li>DLC<\/li><li>Inne opcje dost\u0119pne na \u017cyczenie<\/li><\/ul>\t\t\t\t\t\t<\/div>\n\t\t\t\t<\/div>\n\t\t\t\t<\/div>\n\t\t<div class=\"elementor-element elementor-element-d30a4cf e-con-full e-flex e-con e-child\" data-id=\"d30a4cf\" data-element_type=\"container\">\n\t\t\t\t<div class=\"elementor-element elementor-element-f56854d elementor-widget elementor-widget-text-editor\" data-id=\"f56854d\" data-element_type=\"widget\" data-widget_type=\"text-editor.default\">\n\t\t\t\t<div class=\"elementor-widget-container\">\n\t\t\t\t\t\t\t<p>Materia\u0142y:<\/p><ul><li>Stal nierdzewna 316L<\/li><li>Ceramiczny tlenek glinu<\/li><li>Cyrkon ceramiczny Yttria<\/li><li>Cyrkon ceramiczny Magnez<\/li><li>PEEK<\/li><li>Inne opcje dost\u0119pne na \u017cyczenie<\/li><\/ul>\t\t\t\t\t\t<\/div>\n\t\t\t\t<\/div>\n\t\t\t\t<\/div>\n\t\t\t\t\t<\/div>\n\t\t\t\t<\/div>\n\t\t\t\t<\/div>","protected":false},"excerpt":{"rendered":"<p>SPC Group&#8217;s positive displacement pumps with distributor pistons are designed for liquid filling and can be used on all brands of filling machines. Individual design options include chrome and PVD CrN coatings for high mechanical resistance. Monoblock manufacturing is available in 316L stainless steel or ceramic materials such as Zircon ZrO2 Y2O3, ZrO2 MgO or &hellip; <\/p>\n<p class=\"link-more\"><a href=\"https:\/\/steiner-polska.pl\/pl\/products\/spc-group\/filling-pump\/cip-sip-pumps\/\" class=\"more-link\">Czytaj dalej<span class=\"screen-reader-text\"> \u201eCIP\/SIP pumps\u201d<\/span><\/a><\/p>","protected":false},"author":4,"featured_media":0,"parent":1714,"menu_order":0,"comment_status":"closed","ping_status":"closed","template":"","meta":[],"yoast_head":"<!-- This site is optimized with the Yoast SEO plugin v20.0 - https:\/\/yoast.com\/wordpress\/plugins\/seo\/ -->\n<title>CIP\/SIP pumps - steiner-polska<\/title>\n<meta name=\"robots\" content=\"index, follow, max-snippet:-1, max-image-preview:large, max-video-preview:-1\" \/>\n<link rel=\"canonical\" href=\"https:\/\/steiner-polska.pl\/pl\/products\/spc-group\/filling-pump\/cip-sip-pumps\/\" \/>\n<meta property=\"og:locale\" content=\"pl_PL\" \/>\n<meta property=\"og:type\" content=\"article\" \/>\n<meta property=\"og:title\" content=\"CIP\/SIP pumps - steiner-polska\" \/>\n<meta property=\"og:description\" content=\"SPC Group&#8217;s positive displacement pumps with distributor pistons are designed for liquid filling and can be used on all brands of filling machines. Individual design options include chrome and PVD CrN coatings for high mechanical resistance. Monoblock manufacturing is available in 316L stainless steel or ceramic materials such as Zircon ZrO2 Y2O3, ZrO2 MgO or &hellip; Czytaj dalej \u201eCIP\/SIP pumps\u201d\" \/>\n<meta property=\"og:url\" content=\"https:\/\/steiner-polska.pl\/pl\/products\/spc-group\/filling-pump\/cip-sip-pumps\/\" \/>\n<meta property=\"og:site_name\" content=\"steiner-polska\" \/>\n<meta property=\"article:modified_time\" content=\"2024-03-21T15:43:17+00:00\" \/>\n<meta name=\"twitter:card\" content=\"summary_large_image\" \/>\n<meta name=\"twitter:label1\" content=\"Szacowany czas czytania\" \/>\n\t<meta name=\"twitter:data1\" content=\"2 minuty\" \/>\n<script type=\"application\/ld+json\" class=\"yoast-schema-graph\">{\"@context\":\"https:\/\/schema.org\",\"@graph\":[{\"@type\":\"WebPage\",\"@id\":\"https:\/\/steiner-polska.pl\/products\/spc-group\/filling-pump\/cip-sip-pumps\/\",\"url\":\"https:\/\/steiner-polska.pl\/products\/spc-group\/filling-pump\/cip-sip-pumps\/\",\"name\":\"CIP\/SIP pumps - steiner-polska\",\"isPartOf\":{\"@id\":\"https:\/\/steiner-polska.pl\/#website\"},\"datePublished\":\"2024-03-21T15:11:52+00:00\",\"dateModified\":\"2024-03-21T15:43:17+00:00\",\"breadcrumb\":{\"@id\":\"https:\/\/steiner-polska.pl\/products\/spc-group\/filling-pump\/cip-sip-pumps\/#breadcrumb\"},\"inLanguage\":\"pl-PL\",\"potentialAction\":[{\"@type\":\"ReadAction\",\"target\":[\"https:\/\/steiner-polska.pl\/products\/spc-group\/filling-pump\/cip-sip-pumps\/\"]}]},{\"@type\":\"BreadcrumbList\",\"@id\":\"https:\/\/steiner-polska.pl\/products\/spc-group\/filling-pump\/cip-sip-pumps\/#breadcrumb\",\"itemListElement\":[{\"@type\":\"ListItem\",\"position\":1,\"name\":\"Home\",\"item\":\"https:\/\/steiner-polska.pl\/\"},{\"@type\":\"ListItem\",\"position\":2,\"name\":\"PRODUCTS\",\"item\":\"https:\/\/steiner-polska.pl\/products\/\"},{\"@type\":\"ListItem\",\"position\":3,\"name\":\"SPC Group\",\"item\":\"https:\/\/steiner-polska.pl\/products\/spc-group\/\"},{\"@type\":\"ListItem\",\"position\":4,\"name\":\"Filling pumps\",\"item\":\"https:\/\/steiner-polska.pl\/products\/spc-group\/filling-pump\/\"},{\"@type\":\"ListItem\",\"position\":5,\"name\":\"CIP\/SIP pumps\"}]},{\"@type\":\"WebSite\",\"@id\":\"https:\/\/steiner-polska.pl\/#website\",\"url\":\"https:\/\/steiner-polska.pl\/\",\"name\":\"steiner-polska\",\"description\":\"Innovative Solutions\",\"potentialAction\":[{\"@type\":\"SearchAction\",\"target\":{\"@type\":\"EntryPoint\",\"urlTemplate\":\"https:\/\/steiner-polska.pl\/?s={search_term_string}\"},\"query-input\":\"required name=search_term_string\"}],\"inLanguage\":\"pl-PL\"}]}<\/script>\n<!-- \/ Yoast SEO plugin. -->","yoast_head_json":{"title":"CIP\/SIP pumps - steiner-polska","robots":{"index":"index","follow":"follow","max-snippet":"max-snippet:-1","max-image-preview":"max-image-preview:large","max-video-preview":"max-video-preview:-1"},"canonical":"https:\/\/steiner-polska.pl\/pl\/products\/spc-group\/filling-pump\/cip-sip-pumps\/","og_locale":"pl_PL","og_type":"article","og_title":"CIP\/SIP pumps - steiner-polska","og_description":"SPC Group&#8217;s positive displacement pumps with distributor pistons are designed for liquid filling and can be used on all brands of filling machines. Individual design options include chrome and PVD CrN coatings for high mechanical resistance. Monoblock manufacturing is available in 316L stainless steel or ceramic materials such as Zircon ZrO2 Y2O3, ZrO2 MgO or &hellip; Czytaj dalej \u201eCIP\/SIP pumps\u201d","og_url":"https:\/\/steiner-polska.pl\/pl\/products\/spc-group\/filling-pump\/cip-sip-pumps\/","og_site_name":"steiner-polska","article_modified_time":"2024-03-21T15:43:17+00:00","twitter_card":"summary_large_image","twitter_misc":{"Szacowany czas czytania":"2 minuty"},"schema":{"@context":"https:\/\/schema.org","@graph":[{"@type":"WebPage","@id":"https:\/\/steiner-polska.pl\/products\/spc-group\/filling-pump\/cip-sip-pumps\/","url":"https:\/\/steiner-polska.pl\/products\/spc-group\/filling-pump\/cip-sip-pumps\/","name":"CIP\/SIP pumps - steiner-polska","isPartOf":{"@id":"https:\/\/steiner-polska.pl\/#website"},"datePublished":"2024-03-21T15:11:52+00:00","dateModified":"2024-03-21T15:43:17+00:00","breadcrumb":{"@id":"https:\/\/steiner-polska.pl\/products\/spc-group\/filling-pump\/cip-sip-pumps\/#breadcrumb"},"inLanguage":"pl-PL","potentialAction":[{"@type":"ReadAction","target":["https:\/\/steiner-polska.pl\/products\/spc-group\/filling-pump\/cip-sip-pumps\/"]}]},{"@type":"BreadcrumbList","@id":"https:\/\/steiner-polska.pl\/products\/spc-group\/filling-pump\/cip-sip-pumps\/#breadcrumb","itemListElement":[{"@type":"ListItem","position":1,"name":"Home","item":"https:\/\/steiner-polska.pl\/"},{"@type":"ListItem","position":2,"name":"PRODUCTS","item":"https:\/\/steiner-polska.pl\/products\/"},{"@type":"ListItem","position":3,"name":"SPC Group","item":"https:\/\/steiner-polska.pl\/products\/spc-group\/"},{"@type":"ListItem","position":4,"name":"Filling pumps","item":"https:\/\/steiner-polska.pl\/products\/spc-group\/filling-pump\/"},{"@type":"ListItem","position":5,"name":"CIP\/SIP pumps"}]},{"@type":"WebSite","@id":"https:\/\/steiner-polska.pl\/#website","url":"https:\/\/steiner-polska.pl\/","name":"steiner-polska","description":"Innovative Solutions","potentialAction":[{"@type":"SearchAction","target":{"@type":"EntryPoint","urlTemplate":"https:\/\/steiner-polska.pl\/?s={search_term_string}"},"query-input":"required name=search_term_string"}],"inLanguage":"pl-PL"}]}},"_links":{"self":[{"href":"https:\/\/steiner-polska.pl\/pl\/wp-json\/wp\/v2\/pages\/1744"}],"collection":[{"href":"https:\/\/steiner-polska.pl\/pl\/wp-json\/wp\/v2\/pages"}],"about":[{"href":"https:\/\/steiner-polska.pl\/pl\/wp-json\/wp\/v2\/types\/page"}],"author":[{"embeddable":true,"href":"https:\/\/steiner-polska.pl\/pl\/wp-json\/wp\/v2\/users\/4"}],"replies":[{"embeddable":true,"href":"https:\/\/steiner-polska.pl\/pl\/wp-json\/wp\/v2\/comments?post=1744"}],"version-history":[{"count":7,"href":"https:\/\/steiner-polska.pl\/pl\/wp-json\/wp\/v2\/pages\/1744\/revisions"}],"predecessor-version":[{"id":1771,"href":"https:\/\/steiner-polska.pl\/pl\/wp-json\/wp\/v2\/pages\/1744\/revisions\/1771"}],"up":[{"embeddable":true,"href":"https:\/\/steiner-polska.pl\/pl\/wp-json\/wp\/v2\/pages\/1714"}],"wp:attachment":[{"href":"https:\/\/steiner-polska.pl\/pl\/wp-json\/wp\/v2\/media?parent=1744"}],"curies":[{"name":"wp","href":"https:\/\/api.w.org\/{rel}","templated":true}]}}