{"id":1755,"date":"2024-03-21T16:21:24","date_gmt":"2024-03-21T15:21:24","guid":{"rendered":"https:\/\/steiner-polska.pl\/?page_id=1755"},"modified":"2024-03-21T16:26:48","modified_gmt":"2024-03-21T15:26:48","slug":"custom-pumps-manufacturing-spc","status":"publish","type":"page","link":"https:\/\/steiner-polska.pl\/pl\/products\/spc-group\/filling-pump\/custom-pumps-manufacturing-spc\/","title":{"rendered":"PRODUKCJA POMP NA ZAM\u00d3WIENIE SPC"},"content":{"rendered":"<div data-elementor-type=\"wp-page\" data-elementor-id=\"1755\" class=\"elementor elementor-1755\">\n\t\t\t\t<div class=\"elementor-element elementor-element-0829b4e e-flex e-con-boxed e-con e-parent\" data-id=\"0829b4e\" data-element_type=\"container\" data-core-v316-plus=\"true\">\n\t\t\t\t\t<div class=\"e-con-inner\">\n\t\t\t\t<div class=\"elementor-element elementor-element-40e3c34 elementor-widget elementor-widget-text-editor\" data-id=\"40e3c34\" data-element_type=\"widget\" data-widget_type=\"text-editor.default\">\n\t\t\t\t<div class=\"elementor-widget-container\">\n\t\t\t<style>\/*! elementor - v3.20.0 - 13-03-2024 *\/\n.elementor-widget-text-editor.elementor-drop-cap-view-stacked .elementor-drop-cap{background-color:#69727d;color:#fff}.elementor-widget-text-editor.elementor-drop-cap-view-framed .elementor-drop-cap{color:#69727d;border:3px solid;background-color:transparent}.elementor-widget-text-editor:not(.elementor-drop-cap-view-default) .elementor-drop-cap{margin-top:8px}.elementor-widget-text-editor:not(.elementor-drop-cap-view-default) .elementor-drop-cap-letter{width:1em;height:1em}.elementor-widget-text-editor .elementor-drop-cap{float:left;text-align:center;line-height:1;font-size:50px}.elementor-widget-text-editor .elementor-drop-cap-letter{display:inline-block}<\/style>\t\t\t\t<p>SPC specjalizuje si\u0119 w dostosowywaniu pipet do okre\u015blonego ci\u015bnienia nape\u0142niania. Dostosowanie to mo\u017ce by\u0107 cz\u0119\u015bciowe lub ca\u0142kowite, w zale\u017cno\u015bci od poziomu komunikacji mi\u0119dzy pipet\u0105 a dozowanym produktem. SPC bierze pod uwag\u0119 r\u00f3\u017cne parametry, takie jak warunki nape\u0142niania, stan maszyny i charakterystyk\u0119 produktu, aby zapewni\u0107 optymaln\u0105 wydajno\u015b\u0107.<\/p><p>Eksperci techniczni przeprowadzaj\u0105 testy nape\u0142niania w celu potwierdzenia wytycznych technicznych i zapewnienia, \u017ce produkt spe\u0142nia oczekiwania i wymagania dotycz\u0105ce ci\u015bnienia. Konstrukcje mog\u0105 by\u0107 wytwarzane w pojedynczej jednostce do po\u0142\u0105cze\u0144 z wykorzystaniem materia\u0142\u00f3w zatwierdzonych przez FDA, takich jak stal nierdzewna 316L, tlenek glinu lub cyrkon. SPC oferuje r\u00f3\u017cnorodne pow\u0142oki dostosowane do ci\u015bnienia nape\u0142niania, w tym mi\u0119dzy innymi chromowane, chromowane + CrN, kolsteryzowane i DLC.<\/p><p>Materia\u0142y obejmuj\u0105 mi\u0119dzy innymi stal nierdzewn\u0105 316L, ceramiczny tlenek glinu, ceramiczny tlenek cyrkonu itru, ceramiczny tlenek cyrkonu magnezu i PEEK.<\/p>\t\t\t\t\t\t<\/div>\n\t\t\t\t<\/div>\n\t\t\t\t\t<\/div>\n\t\t\t\t<\/div>\n\t\t\t\t<\/div>","protected":false},"excerpt":{"rendered":"<p>SPC specialises in customising pipettes to your specific filling pressure. This customisation can be partial or complete, depending on the level of communication between the pipette and the product to be dispensed. SPC takes into account various parameters such as filling conditions, machine condition and product characteristics to ensure optimum performance. Technical experts conduct filling &hellip; <\/p>\n<p class=\"link-more\"><a href=\"https:\/\/steiner-polska.pl\/pl\/products\/spc-group\/filling-pump\/custom-pumps-manufacturing-spc\/\" class=\"more-link\">Czytaj dalej<span class=\"screen-reader-text\"> \u201eCUSTOM PUMPS MANUFACTURING SPC\u201d<\/span><\/a><\/p>","protected":false},"author":4,"featured_media":0,"parent":1714,"menu_order":0,"comment_status":"closed","ping_status":"closed","template":"","meta":[],"yoast_head":"<!-- This site is optimized with the Yoast SEO plugin v20.0 - https:\/\/yoast.com\/wordpress\/plugins\/seo\/ -->\n<title>CUSTOM PUMPS MANUFACTURING SPC - steiner-polska<\/title>\n<meta name=\"robots\" content=\"index, follow, max-snippet:-1, max-image-preview:large, max-video-preview:-1\" \/>\n<link rel=\"canonical\" href=\"https:\/\/steiner-polska.pl\/pl\/products\/spc-group\/filling-pump\/custom-pumps-manufacturing-spc\/\" \/>\n<meta property=\"og:locale\" content=\"pl_PL\" \/>\n<meta property=\"og:type\" content=\"article\" \/>\n<meta property=\"og:title\" content=\"CUSTOM PUMPS MANUFACTURING SPC - steiner-polska\" \/>\n<meta property=\"og:description\" content=\"SPC specialises in customising pipettes to your specific filling pressure. This customisation can be partial or complete, depending on the level of communication between the pipette and the product to be dispensed. SPC takes into account various parameters such as filling conditions, machine condition and product characteristics to ensure optimum performance. Technical experts conduct filling &hellip; Czytaj dalej \u201eCUSTOM PUMPS MANUFACTURING SPC\u201d\" \/>\n<meta property=\"og:url\" content=\"https:\/\/steiner-polska.pl\/pl\/products\/spc-group\/filling-pump\/custom-pumps-manufacturing-spc\/\" \/>\n<meta property=\"og:site_name\" content=\"steiner-polska\" \/>\n<meta property=\"article:modified_time\" content=\"2024-03-21T15:26:48+00:00\" \/>\n<meta name=\"twitter:card\" content=\"summary_large_image\" \/>\n<meta name=\"twitter:label1\" content=\"Szacowany czas czytania\" \/>\n\t<meta name=\"twitter:data1\" content=\"1 minuta\" \/>\n<script type=\"application\/ld+json\" class=\"yoast-schema-graph\">{\"@context\":\"https:\/\/schema.org\",\"@graph\":[{\"@type\":\"WebPage\",\"@id\":\"https:\/\/steiner-polska.pl\/products\/spc-group\/filling-pump\/custom-pumps-manufacturing-spc\/\",\"url\":\"https:\/\/steiner-polska.pl\/products\/spc-group\/filling-pump\/custom-pumps-manufacturing-spc\/\",\"name\":\"CUSTOM PUMPS MANUFACTURING SPC - steiner-polska\",\"isPartOf\":{\"@id\":\"https:\/\/steiner-polska.pl\/#website\"},\"datePublished\":\"2024-03-21T15:21:24+00:00\",\"dateModified\":\"2024-03-21T15:26:48+00:00\",\"breadcrumb\":{\"@id\":\"https:\/\/steiner-polska.pl\/products\/spc-group\/filling-pump\/custom-pumps-manufacturing-spc\/#breadcrumb\"},\"inLanguage\":\"pl-PL\",\"potentialAction\":[{\"@type\":\"ReadAction\",\"target\":[\"https:\/\/steiner-polska.pl\/products\/spc-group\/filling-pump\/custom-pumps-manufacturing-spc\/\"]}]},{\"@type\":\"BreadcrumbList\",\"@id\":\"https:\/\/steiner-polska.pl\/products\/spc-group\/filling-pump\/custom-pumps-manufacturing-spc\/#breadcrumb\",\"itemListElement\":[{\"@type\":\"ListItem\",\"position\":1,\"name\":\"Home\",\"item\":\"https:\/\/steiner-polska.pl\/\"},{\"@type\":\"ListItem\",\"position\":2,\"name\":\"PRODUCTS\",\"item\":\"https:\/\/steiner-polska.pl\/products\/\"},{\"@type\":\"ListItem\",\"position\":3,\"name\":\"SPC Group\",\"item\":\"https:\/\/steiner-polska.pl\/products\/spc-group\/\"},{\"@type\":\"ListItem\",\"position\":4,\"name\":\"Filling pumps\",\"item\":\"https:\/\/steiner-polska.pl\/products\/spc-group\/filling-pump\/\"},{\"@type\":\"ListItem\",\"position\":5,\"name\":\"CUSTOM PUMPS MANUFACTURING SPC\"}]},{\"@type\":\"WebSite\",\"@id\":\"https:\/\/steiner-polska.pl\/#website\",\"url\":\"https:\/\/steiner-polska.pl\/\",\"name\":\"steiner-polska\",\"description\":\"Innovative Solutions\",\"potentialAction\":[{\"@type\":\"SearchAction\",\"target\":{\"@type\":\"EntryPoint\",\"urlTemplate\":\"https:\/\/steiner-polska.pl\/?s={search_term_string}\"},\"query-input\":\"required name=search_term_string\"}],\"inLanguage\":\"pl-PL\"}]}<\/script>\n<!-- \/ Yoast SEO plugin. -->","yoast_head_json":{"title":"CUSTOM PUMPS MANUFACTURING SPC - steiner-polska","robots":{"index":"index","follow":"follow","max-snippet":"max-snippet:-1","max-image-preview":"max-image-preview:large","max-video-preview":"max-video-preview:-1"},"canonical":"https:\/\/steiner-polska.pl\/pl\/products\/spc-group\/filling-pump\/custom-pumps-manufacturing-spc\/","og_locale":"pl_PL","og_type":"article","og_title":"CUSTOM PUMPS MANUFACTURING SPC - steiner-polska","og_description":"SPC specialises in customising pipettes to your specific filling pressure. This customisation can be partial or complete, depending on the level of communication between the pipette and the product to be dispensed. SPC takes into account various parameters such as filling conditions, machine condition and product characteristics to ensure optimum performance. Technical experts conduct filling &hellip; Czytaj dalej \u201eCUSTOM PUMPS MANUFACTURING SPC\u201d","og_url":"https:\/\/steiner-polska.pl\/pl\/products\/spc-group\/filling-pump\/custom-pumps-manufacturing-spc\/","og_site_name":"steiner-polska","article_modified_time":"2024-03-21T15:26:48+00:00","twitter_card":"summary_large_image","twitter_misc":{"Szacowany czas czytania":"1 minuta"},"schema":{"@context":"https:\/\/schema.org","@graph":[{"@type":"WebPage","@id":"https:\/\/steiner-polska.pl\/products\/spc-group\/filling-pump\/custom-pumps-manufacturing-spc\/","url":"https:\/\/steiner-polska.pl\/products\/spc-group\/filling-pump\/custom-pumps-manufacturing-spc\/","name":"CUSTOM PUMPS MANUFACTURING SPC - steiner-polska","isPartOf":{"@id":"https:\/\/steiner-polska.pl\/#website"},"datePublished":"2024-03-21T15:21:24+00:00","dateModified":"2024-03-21T15:26:48+00:00","breadcrumb":{"@id":"https:\/\/steiner-polska.pl\/products\/spc-group\/filling-pump\/custom-pumps-manufacturing-spc\/#breadcrumb"},"inLanguage":"pl-PL","potentialAction":[{"@type":"ReadAction","target":["https:\/\/steiner-polska.pl\/products\/spc-group\/filling-pump\/custom-pumps-manufacturing-spc\/"]}]},{"@type":"BreadcrumbList","@id":"https:\/\/steiner-polska.pl\/products\/spc-group\/filling-pump\/custom-pumps-manufacturing-spc\/#breadcrumb","itemListElement":[{"@type":"ListItem","position":1,"name":"Home","item":"https:\/\/steiner-polska.pl\/"},{"@type":"ListItem","position":2,"name":"PRODUCTS","item":"https:\/\/steiner-polska.pl\/products\/"},{"@type":"ListItem","position":3,"name":"SPC Group","item":"https:\/\/steiner-polska.pl\/products\/spc-group\/"},{"@type":"ListItem","position":4,"name":"Filling pumps","item":"https:\/\/steiner-polska.pl\/products\/spc-group\/filling-pump\/"},{"@type":"ListItem","position":5,"name":"CUSTOM PUMPS MANUFACTURING SPC"}]},{"@type":"WebSite","@id":"https:\/\/steiner-polska.pl\/#website","url":"https:\/\/steiner-polska.pl\/","name":"steiner-polska","description":"Innovative Solutions","potentialAction":[{"@type":"SearchAction","target":{"@type":"EntryPoint","urlTemplate":"https:\/\/steiner-polska.pl\/?s={search_term_string}"},"query-input":"required name=search_term_string"}],"inLanguage":"pl-PL"}]}},"_links":{"self":[{"href":"https:\/\/steiner-polska.pl\/pl\/wp-json\/wp\/v2\/pages\/1755"}],"collection":[{"href":"https:\/\/steiner-polska.pl\/pl\/wp-json\/wp\/v2\/pages"}],"about":[{"href":"https:\/\/steiner-polska.pl\/pl\/wp-json\/wp\/v2\/types\/page"}],"author":[{"embeddable":true,"href":"https:\/\/steiner-polska.pl\/pl\/wp-json\/wp\/v2\/users\/4"}],"replies":[{"embeddable":true,"href":"https:\/\/steiner-polska.pl\/pl\/wp-json\/wp\/v2\/comments?post=1755"}],"version-history":[{"count":4,"href":"https:\/\/steiner-polska.pl\/pl\/wp-json\/wp\/v2\/pages\/1755\/revisions"}],"predecessor-version":[{"id":1762,"href":"https:\/\/steiner-polska.pl\/pl\/wp-json\/wp\/v2\/pages\/1755\/revisions\/1762"}],"up":[{"embeddable":true,"href":"https:\/\/steiner-polska.pl\/pl\/wp-json\/wp\/v2\/pages\/1714"}],"wp:attachment":[{"href":"https:\/\/steiner-polska.pl\/pl\/wp-json\/wp\/v2\/media?parent=1755"}],"curies":[{"name":"wp","href":"https:\/\/api.w.org\/{rel}","templated":true}]}}