{"id":176,"date":"2019-06-20T09:42:50","date_gmt":"2019-06-20T07:42:50","guid":{"rendered":"http:\/\/steiner-polska.pl\/?page_id=176"},"modified":"2024-03-21T12:55:37","modified_gmt":"2024-03-21T11:55:37","slug":"cip","status":"publish","type":"page","link":"https:\/\/steiner-polska.pl\/pl\/products\/cip\/","title":{"rendered":"STACJA UZDATNIANIA WODY"},"content":{"rendered":"<p style=\"text-align: left;\"><img fetchpriority=\"high\" decoding=\"async\" class=\"wp-image-177 alignright\" src=\"http:\/\/steiner-polska.pl\/wp-content\/uploads\/2019\/06\/cip-station-1-300x169.png\" alt=\"\" width=\"392\" height=\"221\" srcset=\"https:\/\/steiner-polska.pl\/wp-content\/uploads\/2019\/06\/cip-station-1-300x169.png 300w, https:\/\/steiner-polska.pl\/wp-content\/uploads\/2019\/06\/cip-station-1-768x432.png 768w, https:\/\/steiner-polska.pl\/wp-content\/uploads\/2019\/06\/cip-station-1-1024x576.png 1024w, https:\/\/steiner-polska.pl\/wp-content\/uploads\/2019\/06\/cip-station-1.png 1280w\" sizes=\"(max-width: 392px) 100vw, 392px\" \/><strong>Jednostki CIP i SIP<\/strong> s\u0105 stosowane do w pe\u0142ni automatycznego czyszczenia i dezynfekcji zawor\u00f3w, pomp, zbiornik\u00f3w, system\u00f3w rurowych i maszyn nape\u0142niaj\u0105cych.<\/p>\n<p>Tam, gdzie obowi\u0105zuj\u0105 najbardziej rygorystyczne normy higieniczne, sterylizacja na miejscu (SIP) za pomoc\u0105 \u015brodk\u00f3w chemicznych lub pary odbywa si\u0119 po czyszczeniu na miejscu (CIP).<\/p>\n<p style=\"text-align: left;\"><strong><span style=\"color: #ff6600;\">Steiner<\/span><\/strong> zawsze dostosowuje re\u017cimy czyszczenia i sterylizacji <strong>do bardzo specyficznych wymaga\u0144 ka\u017cdego klienta.<\/strong> Niekt\u00f3re cz\u0119\u015bci instalacji mog\u0105 by\u0107 czyszczone tylko wod\u0105, podczas gdy inne mog\u0105 wymaga\u0107 detergent\u00f3w, kwas\u00f3w i roztwor\u00f3w \u017cr\u0105cych. Detergenty mog\u0105 by\u0107 odrzucane po u\u017cyciu (\"ca\u0142kowite straty CIP\") lub odzyskiwane i przechowywane do ponownego u\u017cycia (\"wsadowe CIP\").<\/p>\n<p>Centec oferuje szerok\u0105 gam\u0119 system\u00f3w CIP i SIP. Mog\u0105 one by\u0107 ma\u0142e i mobilne lub du\u017ce i stacjonarne - w tym zbiorniki do przechowywania wody i detergent\u00f3w.<\/p>\n<p style=\"text-align: left;\">Bez wzgl\u0119du na to, jak z\u0142o\u017cone mog\u0105 by\u0107 wymagania, <strong><span style=\"color: #ff6600;\"><span lang=\"EN-US\">Steiner<\/span>\u00a0<\/span><\/strong>posiada odpowiednie rozwi\u0105zania i rozleg\u0142\u0105 wiedz\u0119 w tej dziedzinie. Dlatego wszystkie systemy CIP i SIP s\u0105 zaprojektowane w taki spos\u00f3b, aby<strong> zapewni\u0107 optymalne czyszczenie i dezynfekcj\u0119.<\/strong> Co wi\u0119cej, nasz sprz\u0119t dzia\u0142a przy <strong>najni\u017cszym zu\u017cyciu detergent\u00f3w, wody i energii.<\/strong> Oparte na bardzo dok\u0142adnych czujnikach przewodno\u015bci i temperatury oraz niezawodnych przep\u0142ywomierzach, urz\u0105dzenia\u00a0\u00a0<strong><span style=\"color: #ff6600;\"><span lang=\"EN-US\">Steiner<\/span><\/span><\/strong> CIP i SIP oznaczaj\u0105 <strong>wydajne i konsekwentnie dok\u0142adne wyniki\".<\/strong><\/p>","protected":false},"excerpt":{"rendered":"<p>CIP and SIP units are applied for fully automatic cleaning and disinfection of valves, pumps, tanks, piping systems and filling machines. Where most stringent hygienic standards apply, sterilization- in-place (SIP) with\u00a0 chemicals or steam takes place after\u00a0 cleaning-in-place (CIP). Steiner adapts cleaning and sterilisation regimes always to each client&#8217;s very specific requirements. Some parts of &hellip; <\/p>\n<p class=\"link-more\"><a href=\"https:\/\/steiner-polska.pl\/pl\/products\/cip\/\" class=\"more-link\">Czytaj dalej<span class=\"screen-reader-text\"> \u201eCIP STATION\u201d<\/span><\/a><\/p>","protected":false},"author":4,"featured_media":0,"parent":18,"menu_order":0,"comment_status":"closed","ping_status":"closed","template":"","meta":[],"yoast_head":"<!-- This site is optimized with the Yoast SEO plugin v20.0 - https:\/\/yoast.com\/wordpress\/plugins\/seo\/ -->\n<title>CIP STATION - Steiner Polska - Innovative Solutions<\/title>\n<meta name=\"description\" content=\"Our units ensure a fully automatic cleaning and disinfection of valves, pumps, tanks etc. with the lowest consumption of detergents, water and energy.\" \/>\n<meta name=\"robots\" content=\"index, follow, max-snippet:-1, max-image-preview:large, max-video-preview:-1\" \/>\n<link rel=\"canonical\" href=\"https:\/\/steiner-polska.pl\/pl\/products\/cip\/\" \/>\n<meta property=\"og:locale\" content=\"pl_PL\" \/>\n<meta property=\"og:type\" content=\"article\" \/>\n<meta property=\"og:title\" content=\"CIP STATION - Steiner Polska - Innovative Solutions\" \/>\n<meta property=\"og:description\" content=\"Our units ensure a fully automatic cleaning and disinfection of valves, pumps, tanks etc. with the lowest consumption of detergents, water and energy.\" \/>\n<meta property=\"og:url\" content=\"https:\/\/steiner-polska.pl\/pl\/products\/cip\/\" \/>\n<meta property=\"og:site_name\" content=\"steiner-polska\" \/>\n<meta property=\"article:modified_time\" content=\"2024-03-21T11:55:37+00:00\" \/>\n<meta property=\"og:image\" content=\"http:\/\/steiner-polska.pl\/wp-content\/uploads\/2019\/06\/cip-station-1-300x169.png\" \/>\n<meta name=\"twitter:card\" content=\"summary_large_image\" \/>\n<meta name=\"twitter:label1\" content=\"Szacowany czas czytania\" \/>\n\t<meta name=\"twitter:data1\" content=\"2 minuty\" \/>\n<script type=\"application\/ld+json\" class=\"yoast-schema-graph\">{\"@context\":\"https:\/\/schema.org\",\"@graph\":[{\"@type\":\"WebPage\",\"@id\":\"https:\/\/steiner-polska.pl\/products\/cip\/\",\"url\":\"https:\/\/steiner-polska.pl\/products\/cip\/\",\"name\":\"CIP STATION - Steiner Polska - Innovative Solutions\",\"isPartOf\":{\"@id\":\"https:\/\/steiner-polska.pl\/#website\"},\"datePublished\":\"2019-06-20T07:42:50+00:00\",\"dateModified\":\"2024-03-21T11:55:37+00:00\",\"description\":\"Our units ensure a fully automatic cleaning and disinfection of valves, pumps, tanks etc. with the lowest consumption of detergents, water and energy.\",\"breadcrumb\":{\"@id\":\"https:\/\/steiner-polska.pl\/products\/cip\/#breadcrumb\"},\"inLanguage\":\"pl-PL\",\"potentialAction\":[{\"@type\":\"ReadAction\",\"target\":[\"https:\/\/steiner-polska.pl\/products\/cip\/\"]}]},{\"@type\":\"BreadcrumbList\",\"@id\":\"https:\/\/steiner-polska.pl\/products\/cip\/#breadcrumb\",\"itemListElement\":[{\"@type\":\"ListItem\",\"position\":1,\"name\":\"Home\",\"item\":\"https:\/\/steiner-polska.pl\/\"},{\"@type\":\"ListItem\",\"position\":2,\"name\":\"PRODUCTS\",\"item\":\"https:\/\/steiner-polska.pl\/products\/\"},{\"@type\":\"ListItem\",\"position\":3,\"name\":\"CIP STATION\"}]},{\"@type\":\"WebSite\",\"@id\":\"https:\/\/steiner-polska.pl\/#website\",\"url\":\"https:\/\/steiner-polska.pl\/\",\"name\":\"steiner-polska\",\"description\":\"Innovative Solutions\",\"potentialAction\":[{\"@type\":\"SearchAction\",\"target\":{\"@type\":\"EntryPoint\",\"urlTemplate\":\"https:\/\/steiner-polska.pl\/?s={search_term_string}\"},\"query-input\":\"required name=search_term_string\"}],\"inLanguage\":\"pl-PL\"}]}<\/script>\n<!-- \/ Yoast SEO plugin. -->","yoast_head_json":{"title":"CIP STATION - Steiner Polska - Innovative Solutions","description":"Our units ensure a fully automatic cleaning and disinfection of valves, pumps, tanks etc. with the lowest consumption of detergents, water and energy.","robots":{"index":"index","follow":"follow","max-snippet":"max-snippet:-1","max-image-preview":"max-image-preview:large","max-video-preview":"max-video-preview:-1"},"canonical":"https:\/\/steiner-polska.pl\/pl\/products\/cip\/","og_locale":"pl_PL","og_type":"article","og_title":"CIP STATION - Steiner Polska - Innovative Solutions","og_description":"Our units ensure a fully automatic cleaning and disinfection of valves, pumps, tanks etc. with the lowest consumption of detergents, water and energy.","og_url":"https:\/\/steiner-polska.pl\/pl\/products\/cip\/","og_site_name":"steiner-polska","article_modified_time":"2024-03-21T11:55:37+00:00","og_image":[{"url":"http:\/\/steiner-polska.pl\/wp-content\/uploads\/2019\/06\/cip-station-1-300x169.png"}],"twitter_card":"summary_large_image","twitter_misc":{"Szacowany czas czytania":"2 minuty"},"schema":{"@context":"https:\/\/schema.org","@graph":[{"@type":"WebPage","@id":"https:\/\/steiner-polska.pl\/products\/cip\/","url":"https:\/\/steiner-polska.pl\/products\/cip\/","name":"CIP STATION - Steiner Polska - Innovative Solutions","isPartOf":{"@id":"https:\/\/steiner-polska.pl\/#website"},"datePublished":"2019-06-20T07:42:50+00:00","dateModified":"2024-03-21T11:55:37+00:00","description":"Our units ensure a fully automatic cleaning and disinfection of valves, pumps, tanks etc. with the lowest consumption of detergents, water and energy.","breadcrumb":{"@id":"https:\/\/steiner-polska.pl\/products\/cip\/#breadcrumb"},"inLanguage":"pl-PL","potentialAction":[{"@type":"ReadAction","target":["https:\/\/steiner-polska.pl\/products\/cip\/"]}]},{"@type":"BreadcrumbList","@id":"https:\/\/steiner-polska.pl\/products\/cip\/#breadcrumb","itemListElement":[{"@type":"ListItem","position":1,"name":"Home","item":"https:\/\/steiner-polska.pl\/"},{"@type":"ListItem","position":2,"name":"PRODUCTS","item":"https:\/\/steiner-polska.pl\/products\/"},{"@type":"ListItem","position":3,"name":"CIP STATION"}]},{"@type":"WebSite","@id":"https:\/\/steiner-polska.pl\/#website","url":"https:\/\/steiner-polska.pl\/","name":"steiner-polska","description":"Innovative Solutions","potentialAction":[{"@type":"SearchAction","target":{"@type":"EntryPoint","urlTemplate":"https:\/\/steiner-polska.pl\/?s={search_term_string}"},"query-input":"required name=search_term_string"}],"inLanguage":"pl-PL"}]}},"_links":{"self":[{"href":"https:\/\/steiner-polska.pl\/pl\/wp-json\/wp\/v2\/pages\/176"}],"collection":[{"href":"https:\/\/steiner-polska.pl\/pl\/wp-json\/wp\/v2\/pages"}],"about":[{"href":"https:\/\/steiner-polska.pl\/pl\/wp-json\/wp\/v2\/types\/page"}],"author":[{"embeddable":true,"href":"https:\/\/steiner-polska.pl\/pl\/wp-json\/wp\/v2\/users\/4"}],"replies":[{"embeddable":true,"href":"https:\/\/steiner-polska.pl\/pl\/wp-json\/wp\/v2\/comments?post=176"}],"version-history":[{"count":9,"href":"https:\/\/steiner-polska.pl\/pl\/wp-json\/wp\/v2\/pages\/176\/revisions"}],"predecessor-version":[{"id":1501,"href":"https:\/\/steiner-polska.pl\/pl\/wp-json\/wp\/v2\/pages\/176\/revisions\/1501"}],"up":[{"embeddable":true,"href":"https:\/\/steiner-polska.pl\/pl\/wp-json\/wp\/v2\/pages\/18"}],"wp:attachment":[{"href":"https:\/\/steiner-polska.pl\/pl\/wp-json\/wp\/v2\/media?parent=176"}],"curies":[{"name":"wp","href":"https:\/\/api.w.org\/{rel}","templated":true}]}}