{"id":18,"date":"2019-05-17T08:11:40","date_gmt":"2019-05-17T06:11:40","guid":{"rendered":"http:\/\/steiner-polska.pl\/?page_id=18"},"modified":"2024-03-21T12:58:19","modified_gmt":"2024-03-21T11:58:19","slug":"products","status":"publish","type":"page","link":"https:\/\/steiner-polska.pl\/pl\/products\/","title":{"rendered":"PRODUKTY"},"content":{"rendered":"<div data-elementor-type=\"wp-page\" data-elementor-id=\"18\" class=\"elementor elementor-18\">\n\t\t\t\t<div class=\"elementor-element elementor-element-3462789 e-flex e-con-boxed e-con e-parent\" data-id=\"3462789\" data-element_type=\"container\" data-core-v316-plus=\"true\">\n\t\t\t\t\t<div class=\"e-con-inner\">\n\t\t\t\t<div class=\"elementor-element elementor-element-90b0bfe elementor-widget elementor-widget-text-editor\" data-id=\"90b0bfe\" data-element_type=\"widget\" data-widget_type=\"text-editor.default\">\n\t\t\t\t<div class=\"elementor-widget-container\">\n\t\t\t<style>\/*! elementor - v3.20.0 - 13-03-2024 *\/\n.elementor-widget-text-editor.elementor-drop-cap-view-stacked .elementor-drop-cap{background-color:#69727d;color:#fff}.elementor-widget-text-editor.elementor-drop-cap-view-framed .elementor-drop-cap{color:#69727d;border:3px solid;background-color:transparent}.elementor-widget-text-editor:not(.elementor-drop-cap-view-default) .elementor-drop-cap{margin-top:8px}.elementor-widget-text-editor:not(.elementor-drop-cap-view-default) .elementor-drop-cap-letter{width:1em;height:1em}.elementor-widget-text-editor .elementor-drop-cap{float:left;text-align:center;line-height:1;font-size:50px}.elementor-widget-text-editor .elementor-drop-cap-letter{display:inline-block}<\/style>\t\t\t\t<p>Jako\u015b\u0107 naszych produkt\u00f3w opiera si\u0119 na wysoce zaawansowanej technologii produkcji, kt\u00f3r\u0105 udoskonalili\u015bmy i dopracowali\u015bmy. Nasz wydajny, zautomatyzowany system opiera si\u0119 na dok\u0142adnym planowaniu i przygotowaniu wszystkich proces\u00f3w produkcyjnych a\u017c do ostatniego szczeg\u00f3\u0142u. Wymogi produkcji przyjaznej dla \u015brodowiska s\u0105 r\u00f3wnie\u017c uwzgl\u0119dniane w naszym planowaniu produkcji.<\/p><p><strong><span style=\"color: #ff6600;\">Steiner<\/span><\/strong> jest dobrze znany z wszechstronnej produkcji z najnowocze\u015bniejszymi maszynami, takimi jak stacje CIP, pomieszczenia do produkcji syrop\u00f3w, urz\u0105dzenia do przetwarzania ketchupu, sos\u00f3w i majonez\u00f3w, systemy mieszania p\u0142yn\u00f3w i proszk\u00f3w, pasteryzatory p\u0142ytowe i rurowe, systemy dozowania sk\u0142adnik\u00f3w itp.<\/p>\t\t\t\t\t\t<\/div>\n\t\t\t\t<\/div>\n\t\t\t\t\t<\/div>\n\t\t\t\t<\/div>\n\t\t<div class=\"elementor-element elementor-element-8909d5a e-flex e-con-boxed e-con e-parent\" data-id=\"8909d5a\" data-element_type=\"container\" data-core-v316-plus=\"true\">\n\t\t\t\t\t<div class=\"e-con-inner\">\n\t\t<div class=\"elementor-element elementor-element-ed03215 e-con-full e-flex e-con e-child\" data-id=\"ed03215\" data-element_type=\"container\">\n\t\t\t\t<div class=\"elementor-element elementor-element-fa1a59c elementor-widget elementor-widget-image\" data-id=\"fa1a59c\" data-element_type=\"widget\" data-widget_type=\"image.default\">\n\t\t\t\t<div class=\"elementor-widget-container\">\n\t\t\t<style>\/*! elementor - v3.20.0 - 13-03-2024 *\/\n.elementor-widget-image{text-align:center}.elementor-widget-image a{display:inline-block}.elementor-widget-image a img[src$=\".svg\"]{width:48px}.elementor-widget-image img{vertical-align:middle;display:inline-block}<\/style>\t\t\t\t\t\t\t<figure class=\"wp-caption\">\n\t\t\t\t\t\t\t\t\t\t\t<a href=\"http:\/\/steiner-polska.pl\/pl\/ketchup-sauce-and-mayonnaise-process-equipment\/\">\n\t\t\t\t\t\t\t<img fetchpriority=\"high\" decoding=\"async\" width=\"525\" height=\"350\" src=\"https:\/\/steiner-polska.pl\/wp-content\/uploads\/2019\/06\/ketchup-and-mayo-system-1.png\" class=\"attachment-large size-large wp-image-154\" alt=\"\" srcset=\"https:\/\/steiner-polska.pl\/wp-content\/uploads\/2019\/06\/ketchup-and-mayo-system-1.png 900w, https:\/\/steiner-polska.pl\/wp-content\/uploads\/2019\/06\/ketchup-and-mayo-system-1-300x200.png 300w, https:\/\/steiner-polska.pl\/wp-content\/uploads\/2019\/06\/ketchup-and-mayo-system-1-768x512.png 768w\" sizes=\"100vw\" \/>\t\t\t\t\t\t\t\t<\/a>\n\t\t\t\t\t\t\t\t\t\t\t<figcaption class=\"widget-image-caption wp-caption-text\">Urz\u0105dzenia do przetwarzania ketchupu, sos\u00f3w i majonezu<\/figcaption>\n\t\t\t\t\t\t\t\t\t\t<\/figure>\n\t\t\t\t\t\t\t<\/div>\n\t\t\t\t<\/div>\n\t\t\t\t<\/div>\n\t\t<div class=\"elementor-element elementor-element-8605c1c e-con-full e-flex e-con e-child\" data-id=\"8605c1c\" data-element_type=\"container\">\n\t\t\t\t<div class=\"elementor-element elementor-element-9ef9c32 elementor-widget elementor-widget-image\" data-id=\"9ef9c32\" data-element_type=\"widget\" data-widget_type=\"image.default\">\n\t\t\t\t<div class=\"elementor-widget-container\">\n\t\t\t\t\t\t\t\t\t\t<figure class=\"wp-caption\">\n\t\t\t\t\t\t\t\t\t\t\t<a href=\"http:\/\/steiner-polska.pl\/pl\/fluid-and-powder-mixing-unit\/\">\n\t\t\t\t\t\t\t<img decoding=\"async\" width=\"525\" height=\"350\" src=\"https:\/\/steiner-polska.pl\/wp-content\/uploads\/2019\/06\/mixing-1.png\" class=\"attachment-large size-large wp-image-155\" alt=\"\" srcset=\"https:\/\/steiner-polska.pl\/wp-content\/uploads\/2019\/06\/mixing-1.png 900w, https:\/\/steiner-polska.pl\/wp-content\/uploads\/2019\/06\/mixing-1-300x200.png 300w, https:\/\/steiner-polska.pl\/wp-content\/uploads\/2019\/06\/mixing-1-768x512.png 768w\" sizes=\"100vw\" \/>\t\t\t\t\t\t\t\t<\/a>\n\t\t\t\t\t\t\t\t\t\t\t<figcaption class=\"widget-image-caption wp-caption-text\">Jednostka mieszania p\u0142yn\u00f3w i proszk\u00f3w<\/figcaption>\n\t\t\t\t\t\t\t\t\t\t<\/figure>\n\t\t\t\t\t\t\t<\/div>\n\t\t\t\t<\/div>\n\t\t\t\t<\/div>\n\t\t\t\t\t<\/div>\n\t\t\t\t<\/div>\n\t\t<div class=\"elementor-element elementor-element-d4c8b28 e-flex e-con-boxed e-con e-parent\" data-id=\"d4c8b28\" data-element_type=\"container\" data-core-v316-plus=\"true\">\n\t\t\t\t\t<div class=\"e-con-inner\">\n\t\t<div class=\"elementor-element elementor-element-f315b45 e-con-full e-flex e-con e-child\" data-id=\"f315b45\" data-element_type=\"container\">\n\t\t\t\t<div class=\"elementor-element elementor-element-ff0db3b elementor-widget elementor-widget-image\" data-id=\"ff0db3b\" data-element_type=\"widget\" data-widget_type=\"image.default\">\n\t\t\t\t<div class=\"elementor-widget-container\">\n\t\t\t\t\t\t\t\t\t\t<figure class=\"wp-caption\">\n\t\t\t\t\t\t\t\t\t\t\t<a href=\"http:\/\/steiner-polska.pl\/pl\/multicomponent-dosing-systems\/\">\n\t\t\t\t\t\t\t<img decoding=\"async\" width=\"525\" height=\"350\" src=\"https:\/\/steiner-polska.pl\/wp-content\/uploads\/2019\/11\/multicomponent-dosing-systems.png\" class=\"attachment-large size-large wp-image-565\" alt=\"\" srcset=\"https:\/\/steiner-polska.pl\/wp-content\/uploads\/2019\/11\/multicomponent-dosing-systems.png 900w, https:\/\/steiner-polska.pl\/wp-content\/uploads\/2019\/11\/multicomponent-dosing-systems-300x200.png 300w, https:\/\/steiner-polska.pl\/wp-content\/uploads\/2019\/11\/multicomponent-dosing-systems-768x512.png 768w, https:\/\/steiner-polska.pl\/wp-content\/uploads\/2019\/11\/multicomponent-dosing-systems-272x182.png 272w\" sizes=\"100vw\" \/>\t\t\t\t\t\t\t\t<\/a>\n\t\t\t\t\t\t\t\t\t\t\t<figcaption class=\"widget-image-caption wp-caption-text\">Wielosk\u0142adnikowe systemy dozowania<\/figcaption>\n\t\t\t\t\t\t\t\t\t\t<\/figure>\n\t\t\t\t\t\t\t<\/div>\n\t\t\t\t<\/div>\n\t\t\t\t<\/div>\n\t\t<div class=\"elementor-element elementor-element-73c9e8f e-con-full e-flex e-con e-child\" data-id=\"73c9e8f\" data-element_type=\"container\">\n\t\t\t\t<div class=\"elementor-element elementor-element-4c0f638 elementor-widget elementor-widget-image\" data-id=\"4c0f638\" data-element_type=\"widget\" data-widget_type=\"image.default\">\n\t\t\t\t<div class=\"elementor-widget-container\">\n\t\t\t\t\t\t\t\t\t\t<figure class=\"wp-caption\">\n\t\t\t\t\t\t\t\t\t\t\t<a href=\"http:\/\/steiner-polska.pl\/pl\/plate-pasteurizer\/\">\n\t\t\t\t\t\t\t<img loading=\"lazy\" decoding=\"async\" width=\"525\" height=\"350\" src=\"https:\/\/steiner-polska.pl\/wp-content\/uploads\/2019\/06\/Plate_pasteurizer_unit-1-1.png\" class=\"attachment-large size-large wp-image-219\" alt=\"\" srcset=\"https:\/\/steiner-polska.pl\/wp-content\/uploads\/2019\/06\/Plate_pasteurizer_unit-1-1.png 900w, https:\/\/steiner-polska.pl\/wp-content\/uploads\/2019\/06\/Plate_pasteurizer_unit-1-1-300x200.png 300w, https:\/\/steiner-polska.pl\/wp-content\/uploads\/2019\/06\/Plate_pasteurizer_unit-1-1-768x512.png 768w\" sizes=\"100vw\" \/>\t\t\t\t\t\t\t\t<\/a>\n\t\t\t\t\t\t\t\t\t\t\t<figcaption class=\"widget-image-caption wp-caption-text\">Pasteryzator p\u0142ytowy<\/figcaption>\n\t\t\t\t\t\t\t\t\t\t<\/figure>\n\t\t\t\t\t\t\t<\/div>\n\t\t\t\t<\/div>\n\t\t\t\t<\/div>\n\t\t\t\t\t<\/div>\n\t\t\t\t<\/div>\n\t\t<div class=\"elementor-element elementor-element-ab081f4 e-flex e-con-boxed e-con e-parent\" data-id=\"ab081f4\" data-element_type=\"container\" data-core-v316-plus=\"true\">\n\t\t\t\t\t<div class=\"e-con-inner\">\n\t\t<div class=\"elementor-element elementor-element-4539e75 e-con-full e-flex e-con e-child\" data-id=\"4539e75\" data-element_type=\"container\">\n\t\t\t\t<div class=\"elementor-element elementor-element-db87c26 elementor-widget elementor-widget-image\" data-id=\"db87c26\" data-element_type=\"widget\" data-widget_type=\"image.default\">\n\t\t\t\t<div class=\"elementor-widget-container\">\n\t\t\t\t\t\t\t\t\t\t<figure class=\"wp-caption\">\n\t\t\t\t\t\t\t\t\t\t\t<a href=\"http:\/\/steiner-polska.pl\/pl\/cip\/\">\n\t\t\t\t\t\t\t<img loading=\"lazy\" decoding=\"async\" width=\"525\" height=\"350\" src=\"https:\/\/steiner-polska.pl\/wp-content\/uploads\/2019\/06\/cip-station-for-website.png\" class=\"attachment-large size-large wp-image-201\" alt=\"\" srcset=\"https:\/\/steiner-polska.pl\/wp-content\/uploads\/2019\/06\/cip-station-for-website.png 900w, https:\/\/steiner-polska.pl\/wp-content\/uploads\/2019\/06\/cip-station-for-website-300x200.png 300w, https:\/\/steiner-polska.pl\/wp-content\/uploads\/2019\/06\/cip-station-for-website-768x512.png 768w\" sizes=\"100vw\" \/>\t\t\t\t\t\t\t\t<\/a>\n\t\t\t\t\t\t\t\t\t\t\t<figcaption class=\"widget-image-caption wp-caption-text\">Stacja CIP<\/figcaption>\n\t\t\t\t\t\t\t\t\t\t<\/figure>\n\t\t\t\t\t\t\t<\/div>\n\t\t\t\t<\/div>\n\t\t\t\t<\/div>\n\t\t<div class=\"elementor-element elementor-element-55c1099 e-con-full e-flex e-con e-child\" data-id=\"55c1099\" data-element_type=\"container\">\n\t\t\t\t<div class=\"elementor-element elementor-element-597bb1a elementor-widget elementor-widget-image\" data-id=\"597bb1a\" data-element_type=\"widget\" data-widget_type=\"image.default\">\n\t\t\t\t<div class=\"elementor-widget-container\">\n\t\t\t\t\t\t\t\t\t\t<figure class=\"wp-caption\">\n\t\t\t\t\t\t\t\t\t\t\t<a href=\"http:\/\/steiner-polska.pl\/pl\/syrups-room\/\">\n\t\t\t\t\t\t\t<img loading=\"lazy\" decoding=\"async\" width=\"525\" height=\"350\" src=\"https:\/\/steiner-polska.pl\/wp-content\/uploads\/2019\/06\/syrup-room.png\" class=\"attachment-large size-large wp-image-130\" alt=\"\" srcset=\"https:\/\/steiner-polska.pl\/wp-content\/uploads\/2019\/06\/syrup-room.png 900w, https:\/\/steiner-polska.pl\/wp-content\/uploads\/2019\/06\/syrup-room-300x200.png 300w, https:\/\/steiner-polska.pl\/wp-content\/uploads\/2019\/06\/syrup-room-768x512.png 768w\" sizes=\"100vw\" \/>\t\t\t\t\t\t\t\t<\/a>\n\t\t\t\t\t\t\t\t\t\t\t<figcaption class=\"widget-image-caption wp-caption-text\">Pomieszczenie na syrop<\/figcaption>\n\t\t\t\t\t\t\t\t\t\t<\/figure>\n\t\t\t\t\t\t\t<\/div>\n\t\t\t\t<\/div>\n\t\t\t\t<\/div>\n\t\t\t\t\t<\/div>\n\t\t\t\t<\/div>\n\t\t<div class=\"elementor-element elementor-element-98fbc79 e-flex e-con-boxed e-con e-parent\" data-id=\"98fbc79\" data-element_type=\"container\" data-core-v316-plus=\"true\">\n\t\t\t\t\t<div class=\"e-con-inner\">\n\t\t<div class=\"elementor-element elementor-element-24babf6 e-con-full e-flex e-con e-child\" data-id=\"24babf6\" data-element_type=\"container\">\n\t\t\t\t<div class=\"elementor-element elementor-element-77c56b9 elementor-widget elementor-widget-image\" data-id=\"77c56b9\" data-element_type=\"widget\" data-widget_type=\"image.default\">\n\t\t\t\t<div class=\"elementor-widget-container\">\n\t\t\t\t\t\t\t\t\t\t<figure class=\"wp-caption\">\n\t\t\t\t\t\t\t\t\t\t\t<a href=\"http:\/\/steiner-polska.pl\/pl\/spc-group\/\">\n\t\t\t\t\t\t\t<img loading=\"lazy\" decoding=\"async\" width=\"452\" height=\"376\" src=\"https:\/\/steiner-polska.pl\/wp-content\/uploads\/2024\/03\/pump-logo.png\" class=\"attachment-large size-large wp-image-1540\" alt=\"\" srcset=\"https:\/\/steiner-polska.pl\/wp-content\/uploads\/2024\/03\/pump-logo.png 452w, https:\/\/steiner-polska.pl\/wp-content\/uploads\/2024\/03\/pump-logo-300x250.png 300w, https:\/\/steiner-polska.pl\/wp-content\/uploads\/2024\/03\/pump-logo-14x12.png 14w\" sizes=\"100vw\" \/>\t\t\t\t\t\t\t\t<\/a>\n\t\t\t\t\t\t\t\t\t\t\t<figcaption class=\"widget-image-caption wp-caption-text\">SPC group<\/figcaption>\n\t\t\t\t\t\t\t\t\t\t<\/figure>\n\t\t\t\t\t\t\t<\/div>\n\t\t\t\t<\/div>\n\t\t\t\t<\/div>\n\t\t<div class=\"elementor-element elementor-element-0270f0a e-con-full e-flex e-con e-child\" data-id=\"0270f0a\" data-element_type=\"container\">\n\t\t\t\t<\/div>\n\t\t\t\t\t<\/div>\n\t\t\t\t<\/div>\n\t\t\t\t<\/div>","protected":false},"excerpt":{"rendered":"<p>The quality of our products is based on a highly sophisticated production technology which we have improved and refined over. Our efficient automated system is based on accurate planning and preparation of all production processes right down to the very last detail. The requirements of environmentally-friendly production are factored into our production planning as well. &hellip; <\/p>\n<p class=\"link-more\"><a href=\"https:\/\/steiner-polska.pl\/pl\/products\/\" class=\"more-link\">Czytaj dalej<span class=\"screen-reader-text\"> \u201ePRODUCTS\u201d<\/span><\/a><\/p>","protected":false},"author":4,"featured_media":42,"parent":0,"menu_order":0,"comment_status":"closed","ping_status":"closed","template":"","meta":[],"yoast_head":"<!-- This site is optimized with the Yoast SEO plugin v20.0 - https:\/\/yoast.com\/wordpress\/plugins\/seo\/ -->\n<title>PRODUCTS - Steiner Polska<\/title>\n<meta name=\"description\" content=\"Steiner offers process equipment like CIP Stations, Syrup Rooms, Fluid and Powder Mixing Systems, Plate and Tube Pasteurizers, Component Dosing Systems etc.\" \/>\n<meta name=\"robots\" content=\"index, follow, max-snippet:-1, max-image-preview:large, max-video-preview:-1\" \/>\n<link rel=\"canonical\" href=\"https:\/\/steiner-polska.pl\/pl\/products\/\" \/>\n<meta property=\"og:locale\" content=\"pl_PL\" \/>\n<meta property=\"og:type\" content=\"article\" \/>\n<meta property=\"og:title\" content=\"PRODUCTS - Steiner Polska\" \/>\n<meta property=\"og:description\" content=\"Steiner offers process equipment like CIP Stations, Syrup Rooms, Fluid and Powder Mixing Systems, Plate and Tube Pasteurizers, Component Dosing Systems etc.\" \/>\n<meta property=\"og:url\" content=\"https:\/\/steiner-polska.pl\/pl\/products\/\" \/>\n<meta property=\"og:site_name\" content=\"steiner-polska\" \/>\n<meta property=\"article:modified_time\" content=\"2024-03-21T11:58:19+00:00\" \/>\n<meta property=\"og:image\" content=\"http:\/\/steiner-polska.pl\/wp-content\/uploads\/2019\/05\/photo-1513828418004-7aa1c7e5c824.jpg\" \/>\n\t<meta property=\"og:image:width\" content=\"1680\" \/>\n\t<meta property=\"og:image:height\" content=\"1077\" \/>\n\t<meta property=\"og:image:type\" content=\"image\/jpeg\" \/>\n<meta name=\"twitter:card\" content=\"summary_large_image\" \/>\n<meta name=\"twitter:label1\" content=\"Szacowany czas czytania\" \/>\n\t<meta name=\"twitter:data1\" content=\"2 minuty\" \/>\n<script type=\"application\/ld+json\" class=\"yoast-schema-graph\">{\"@context\":\"https:\/\/schema.org\",\"@graph\":[{\"@type\":\"WebPage\",\"@id\":\"https:\/\/steiner-polska.pl\/products\/\",\"url\":\"https:\/\/steiner-polska.pl\/products\/\",\"name\":\"PRODUCTS - Steiner Polska\",\"isPartOf\":{\"@id\":\"https:\/\/steiner-polska.pl\/#website\"},\"datePublished\":\"2019-05-17T06:11:40+00:00\",\"dateModified\":\"2024-03-21T11:58:19+00:00\",\"description\":\"Steiner offers process equipment like CIP Stations, Syrup Rooms, Fluid and Powder Mixing Systems, Plate and Tube Pasteurizers, Component Dosing Systems etc.\",\"breadcrumb\":{\"@id\":\"https:\/\/steiner-polska.pl\/products\/#breadcrumb\"},\"inLanguage\":\"pl-PL\",\"potentialAction\":[{\"@type\":\"ReadAction\",\"target\":[\"https:\/\/steiner-polska.pl\/products\/\"]}]},{\"@type\":\"BreadcrumbList\",\"@id\":\"https:\/\/steiner-polska.pl\/products\/#breadcrumb\",\"itemListElement\":[{\"@type\":\"ListItem\",\"position\":1,\"name\":\"Home\",\"item\":\"https:\/\/steiner-polska.pl\/\"},{\"@type\":\"ListItem\",\"position\":2,\"name\":\"PRODUCTS\"}]},{\"@type\":\"WebSite\",\"@id\":\"https:\/\/steiner-polska.pl\/#website\",\"url\":\"https:\/\/steiner-polska.pl\/\",\"name\":\"steiner-polska\",\"description\":\"Innovative Solutions\",\"potentialAction\":[{\"@type\":\"SearchAction\",\"target\":{\"@type\":\"EntryPoint\",\"urlTemplate\":\"https:\/\/steiner-polska.pl\/?s={search_term_string}\"},\"query-input\":\"required name=search_term_string\"}],\"inLanguage\":\"pl-PL\"}]}<\/script>\n<!-- \/ Yoast SEO plugin. -->","yoast_head_json":{"title":"PRODUCTS - Steiner Polska","description":"Steiner offers process equipment like CIP Stations, Syrup Rooms, Fluid and Powder Mixing Systems, Plate and Tube Pasteurizers, Component Dosing Systems etc.","robots":{"index":"index","follow":"follow","max-snippet":"max-snippet:-1","max-image-preview":"max-image-preview:large","max-video-preview":"max-video-preview:-1"},"canonical":"https:\/\/steiner-polska.pl\/pl\/products\/","og_locale":"pl_PL","og_type":"article","og_title":"PRODUCTS - Steiner Polska","og_description":"Steiner offers process equipment like CIP Stations, Syrup Rooms, Fluid and Powder Mixing Systems, Plate and Tube Pasteurizers, Component Dosing Systems etc.","og_url":"https:\/\/steiner-polska.pl\/pl\/products\/","og_site_name":"steiner-polska","article_modified_time":"2024-03-21T11:58:19+00:00","og_image":[{"width":1680,"height":1077,"url":"http:\/\/steiner-polska.pl\/wp-content\/uploads\/2019\/05\/photo-1513828418004-7aa1c7e5c824.jpg","type":"image\/jpeg"}],"twitter_card":"summary_large_image","twitter_misc":{"Szacowany czas czytania":"2 minuty"},"schema":{"@context":"https:\/\/schema.org","@graph":[{"@type":"WebPage","@id":"https:\/\/steiner-polska.pl\/products\/","url":"https:\/\/steiner-polska.pl\/products\/","name":"PRODUCTS - Steiner Polska","isPartOf":{"@id":"https:\/\/steiner-polska.pl\/#website"},"datePublished":"2019-05-17T06:11:40+00:00","dateModified":"2024-03-21T11:58:19+00:00","description":"Steiner offers process equipment like CIP Stations, Syrup Rooms, Fluid and Powder Mixing Systems, Plate and Tube Pasteurizers, Component Dosing Systems etc.","breadcrumb":{"@id":"https:\/\/steiner-polska.pl\/products\/#breadcrumb"},"inLanguage":"pl-PL","potentialAction":[{"@type":"ReadAction","target":["https:\/\/steiner-polska.pl\/products\/"]}]},{"@type":"BreadcrumbList","@id":"https:\/\/steiner-polska.pl\/products\/#breadcrumb","itemListElement":[{"@type":"ListItem","position":1,"name":"Home","item":"https:\/\/steiner-polska.pl\/"},{"@type":"ListItem","position":2,"name":"PRODUCTS"}]},{"@type":"WebSite","@id":"https:\/\/steiner-polska.pl\/#website","url":"https:\/\/steiner-polska.pl\/","name":"steiner-polska","description":"Innovative Solutions","potentialAction":[{"@type":"SearchAction","target":{"@type":"EntryPoint","urlTemplate":"https:\/\/steiner-polska.pl\/?s={search_term_string}"},"query-input":"required name=search_term_string"}],"inLanguage":"pl-PL"}]}},"_links":{"self":[{"href":"https:\/\/steiner-polska.pl\/pl\/wp-json\/wp\/v2\/pages\/18"}],"collection":[{"href":"https:\/\/steiner-polska.pl\/pl\/wp-json\/wp\/v2\/pages"}],"about":[{"href":"https:\/\/steiner-polska.pl\/pl\/wp-json\/wp\/v2\/types\/page"}],"author":[{"embeddable":true,"href":"https:\/\/steiner-polska.pl\/pl\/wp-json\/wp\/v2\/users\/4"}],"replies":[{"embeddable":true,"href":"https:\/\/steiner-polska.pl\/pl\/wp-json\/wp\/v2\/comments?post=18"}],"version-history":[{"count":79,"href":"https:\/\/steiner-polska.pl\/pl\/wp-json\/wp\/v2\/pages\/18\/revisions"}],"predecessor-version":[{"id":1713,"href":"https:\/\/steiner-polska.pl\/pl\/wp-json\/wp\/v2\/pages\/18\/revisions\/1713"}],"wp:featuredmedia":[{"embeddable":true,"href":"https:\/\/steiner-polska.pl\/pl\/wp-json\/wp\/v2\/media\/42"}],"wp:attachment":[{"href":"https:\/\/steiner-polska.pl\/pl\/wp-json\/wp\/v2\/media?parent=18"}],"curies":[{"name":"wp","href":"https:\/\/api.w.org\/{rel}","templated":true}]}}