{"id":1813,"date":"2024-03-27T13:11:35","date_gmt":"2024-03-27T12:11:35","guid":{"rendered":"https:\/\/steiner-polska.pl\/?page_id=1813"},"modified":"2024-03-27T16:16:46","modified_gmt":"2024-03-27T15:16:46","slug":"needle","status":"publish","type":"page","link":"https:\/\/steiner-polska.pl\/pl\/products\/spc-group\/needle\/","title":{"rendered":"Ig\u0142y"},"content":{"rendered":"<div data-elementor-type=\"wp-page\" data-elementor-id=\"1813\" class=\"elementor elementor-1813\">\n\t\t\t\t<div class=\"elementor-element elementor-element-e1a16b1 e-flex e-con-boxed e-con e-parent\" data-id=\"e1a16b1\" data-element_type=\"container\" data-core-v316-plus=\"true\">\n\t\t\t\t\t<div class=\"e-con-inner\">\n\t\t\t\t<div class=\"elementor-element elementor-element-d063cf1 elementor-widget elementor-widget-text-editor\" data-id=\"d063cf1\" data-element_type=\"widget\" data-widget_type=\"text-editor.default\">\n\t\t\t\t<div class=\"elementor-widget-container\">\n\t\t\t<style>\/*! elementor - v3.20.0 - 13-03-2024 *\/\n.elementor-widget-text-editor.elementor-drop-cap-view-stacked .elementor-drop-cap{background-color:#69727d;color:#fff}.elementor-widget-text-editor.elementor-drop-cap-view-framed .elementor-drop-cap{color:#69727d;border:3px solid;background-color:transparent}.elementor-widget-text-editor:not(.elementor-drop-cap-view-default) .elementor-drop-cap{margin-top:8px}.elementor-widget-text-editor:not(.elementor-drop-cap-view-default) .elementor-drop-cap-letter{width:1em;height:1em}.elementor-widget-text-editor .elementor-drop-cap{float:left;text-align:center;line-height:1;font-size:50px}.elementor-widget-text-editor .elementor-drop-cap-letter{display:inline-block}<\/style>\t\t\t\t<p>SPC oferuje us\u0142ugi dostosowywania istniej\u0105cych cz\u0119\u015bci do preferencji klienta, z r\u00f3\u017cnym stopniem modyfikacji.<\/p><p>SPC mo\u017ce produkowa\u0107 ig\u0142y o \u015brednicach rur od \u00d80,25 do \u00d820, a polityka identyfikowalno\u015bci zapewnia, \u017ce prawie wszystkie rury s\u0105 podzielone z mo\u017cliwo\u015bci\u0105 dostarczenia certyfikatu materia\u0142owego 3.1.<\/p><p>W niekt\u00f3rych przypadkach ig\u0142a mo\u017ce by\u0107 cz\u0119\u015bciowo odpowiedzialna za problemy z nape\u0142nianiem, takie jak p\u0119cherzyki powietrza, rozpryskiwanie lub przelewanie si\u0119 cieczy. Nasz zesp\u00f3\u0142 ma do\u015bwiadczenie w rozwi\u0105zywaniu wielu z tych problem\u00f3w i mo\u017ce zoptymalizowa\u0107 r\u00f3\u017cne cz\u0119\u015bci produktu, aby ograniczy\u0107 lub wyeliminowa\u0107 awarie podczas nape\u0142niania. Nale\u017cy jednak pami\u0119ta\u0107, \u017ce w wi\u0119kszo\u015bci przypadk\u00f3w pompa lub iglica stanowi\u0105 jedynie niewielk\u0105 cz\u0119\u015b\u0107 problemu z nape\u0142nianiem.<\/p><p>Aby zidentyfikowa\u0107 pierwotn\u0105 przyczyn\u0119 problem\u00f3w z nape\u0142nianiem, cz\u0119sto konieczne jest zbadanie innych aspekt\u00f3w linii nape\u0142niania, takich jak kadencja, dozowany produkt i instalacja. Nasi technicy mog\u0105 interweniowa\u0107 w instalacji, aby przeanalizowa\u0107 sytuacj\u0119 i pom\u00f3c w usuni\u0119ciu wszelkich usterek.<\/p>\t\t\t\t\t\t<\/div>\n\t\t\t\t<\/div>\n\t\t\t\t\t<\/div>\n\t\t\t\t<\/div>\n\t\t<div class=\"elementor-element elementor-element-610294c e-grid e-con-boxed e-con e-parent\" data-id=\"610294c\" data-element_type=\"container\" data-core-v316-plus=\"true\">\n\t\t\t\t\t<div class=\"e-con-inner\">\n\t\t\t\t<div class=\"elementor-element elementor-element-75668a9 elementor-widget elementor-widget-image\" data-id=\"75668a9\" data-element_type=\"widget\" data-widget_type=\"image.default\">\n\t\t\t\t<div class=\"elementor-widget-container\">\n\t\t\t<style>\/*! elementor - v3.20.0 - 13-03-2024 *\/\n.elementor-widget-image{text-align:center}.elementor-widget-image a{display:inline-block}.elementor-widget-image a img[src$=\".svg\"]{width:48px}.elementor-widget-image img{vertical-align:middle;display:inline-block}<\/style>\t\t\t\t\t\t\t<figure class=\"wp-caption\">\n\t\t\t\t\t\t\t\t\t\t<img fetchpriority=\"high\" decoding=\"async\" width=\"525\" height=\"350\" src=\"https:\/\/steiner-polska.pl\/wp-content\/uploads\/2024\/03\/\u0411\u0435\u0437-\u043d\u0430\u0437\u0432\u0438-1.jpg\" class=\"attachment-large size-large wp-image-1819\" alt=\"\" srcset=\"https:\/\/steiner-polska.pl\/wp-content\/uploads\/2024\/03\/\u0411\u0435\u0437-\u043d\u0430\u0437\u0432\u0438-1.jpg 850w, https:\/\/steiner-polska.pl\/wp-content\/uploads\/2024\/03\/\u0411\u0435\u0437-\u043d\u0430\u0437\u0432\u0438-1-300x200.jpg 300w, https:\/\/steiner-polska.pl\/wp-content\/uploads\/2024\/03\/\u0411\u0435\u0437-\u043d\u0430\u0437\u0432\u0438-1-768x512.jpg 768w, https:\/\/steiner-polska.pl\/wp-content\/uploads\/2024\/03\/\u0411\u0435\u0437-\u043d\u0430\u0437\u0432\u0438-1-18x12.jpg 18w, https:\/\/steiner-polska.pl\/wp-content\/uploads\/2024\/03\/\u0411\u0435\u0437-\u043d\u0430\u0437\u0432\u0438-1-272x182.jpg 272w\" sizes=\"100vw\" \/>\t\t\t\t\t\t\t\t\t\t\t<figcaption class=\"widget-image-caption wp-caption-text\">Ig\u0142y do nape\u0142niania<\/figcaption>\n\t\t\t\t\t\t\t\t\t\t<\/figure>\n\t\t\t\t\t\t\t<\/div>\n\t\t\t\t<\/div>\n\t\t\t\t<div class=\"elementor-element elementor-element-842c0e1 elementor-widget elementor-widget-image\" data-id=\"842c0e1\" data-element_type=\"widget\" data-widget_type=\"image.default\">\n\t\t\t\t<div class=\"elementor-widget-container\">\n\t\t\t\t\t\t\t\t\t\t<figure class=\"wp-caption\">\n\t\t\t\t\t\t\t\t\t\t<img decoding=\"async\" width=\"525\" height=\"350\" src=\"https:\/\/steiner-polska.pl\/wp-content\/uploads\/2024\/03\/\u0411\u0435\u0437-\u043d\u0430\u0437\u0432\u0438-2.jpg\" class=\"attachment-large size-large wp-image-1820\" alt=\"\" srcset=\"https:\/\/steiner-polska.pl\/wp-content\/uploads\/2024\/03\/\u0411\u0435\u0437-\u043d\u0430\u0437\u0432\u0438-2.jpg 850w, https:\/\/steiner-polska.pl\/wp-content\/uploads\/2024\/03\/\u0411\u0435\u0437-\u043d\u0430\u0437\u0432\u0438-2-300x200.jpg 300w, https:\/\/steiner-polska.pl\/wp-content\/uploads\/2024\/03\/\u0411\u0435\u0437-\u043d\u0430\u0437\u0432\u0438-2-768x512.jpg 768w, https:\/\/steiner-polska.pl\/wp-content\/uploads\/2024\/03\/\u0411\u0435\u0437-\u043d\u0430\u0437\u0432\u0438-2-18x12.jpg 18w, https:\/\/steiner-polska.pl\/wp-content\/uploads\/2024\/03\/\u0411\u0435\u0437-\u043d\u0430\u0437\u0432\u0438-2-272x182.jpg 272w\" sizes=\"100vw\" \/>\t\t\t\t\t\t\t\t\t\t\t<figcaption class=\"widget-image-caption wp-caption-text\">Mycie igie\u0142<\/figcaption>\n\t\t\t\t\t\t\t\t\t\t<\/figure>\n\t\t\t\t\t\t\t<\/div>\n\t\t\t\t<\/div>\n\t\t\t\t<div class=\"elementor-element elementor-element-74130d8 elementor-widget elementor-widget-image\" data-id=\"74130d8\" data-element_type=\"widget\" data-widget_type=\"image.default\">\n\t\t\t\t<div class=\"elementor-widget-container\">\n\t\t\t\t\t\t\t\t\t\t<figure class=\"wp-caption\">\n\t\t\t\t\t\t\t\t\t\t<img decoding=\"async\" width=\"525\" height=\"350\" src=\"https:\/\/steiner-polska.pl\/wp-content\/uploads\/2024\/03\/\u0411\u0435\u0437-\u043d\u0430\u0437\u0432\u0438-3.jpg\" class=\"attachment-large size-large wp-image-1821\" alt=\"\" srcset=\"https:\/\/steiner-polska.pl\/wp-content\/uploads\/2024\/03\/\u0411\u0435\u0437-\u043d\u0430\u0437\u0432\u0438-3.jpg 850w, https:\/\/steiner-polska.pl\/wp-content\/uploads\/2024\/03\/\u0411\u0435\u0437-\u043d\u0430\u0437\u0432\u0438-3-300x200.jpg 300w, https:\/\/steiner-polska.pl\/wp-content\/uploads\/2024\/03\/\u0411\u0435\u0437-\u043d\u0430\u0437\u0432\u0438-3-768x512.jpg 768w, https:\/\/steiner-polska.pl\/wp-content\/uploads\/2024\/03\/\u0411\u0435\u0437-\u043d\u0430\u0437\u0432\u0438-3-18x12.jpg 18w, https:\/\/steiner-polska.pl\/wp-content\/uploads\/2024\/03\/\u0411\u0435\u0437-\u043d\u0430\u0437\u0432\u0438-3-272x182.jpg 272w\" sizes=\"100vw\" \/>\t\t\t\t\t\t\t\t\t\t\t<figcaption class=\"widget-image-caption wp-caption-text\">Ig\u0142y do nape\u0142niania i patrzenia<\/figcaption>\n\t\t\t\t\t\t\t\t\t\t<\/figure>\n\t\t\t\t\t\t\t<\/div>\n\t\t\t\t<\/div>\n\t\t\t\t<div class=\"elementor-element elementor-element-e4b2277 elementor-widget elementor-widget-image\" data-id=\"e4b2277\" data-element_type=\"widget\" data-widget_type=\"image.default\">\n\t\t\t\t<div class=\"elementor-widget-container\">\n\t\t\t\t\t\t\t\t\t\t<figure class=\"wp-caption\">\n\t\t\t\t\t\t\t\t\t\t<img loading=\"lazy\" decoding=\"async\" width=\"525\" height=\"350\" src=\"https:\/\/steiner-polska.pl\/wp-content\/uploads\/2024\/03\/\u0411\u0435\u0437-\u043d\u0430\u0437\u0432\u0438-4.jpg\" class=\"attachment-large size-large wp-image-1822\" alt=\"\" srcset=\"https:\/\/steiner-polska.pl\/wp-content\/uploads\/2024\/03\/\u0411\u0435\u0437-\u043d\u0430\u0437\u0432\u0438-4.jpg 850w, https:\/\/steiner-polska.pl\/wp-content\/uploads\/2024\/03\/\u0411\u0435\u0437-\u043d\u0430\u0437\u0432\u0438-4-300x200.jpg 300w, https:\/\/steiner-polska.pl\/wp-content\/uploads\/2024\/03\/\u0411\u0435\u0437-\u043d\u0430\u0437\u0432\u0438-4-768x512.jpg 768w, https:\/\/steiner-polska.pl\/wp-content\/uploads\/2024\/03\/\u0411\u0435\u0437-\u043d\u0430\u0437\u0432\u0438-4-18x12.jpg 18w, https:\/\/steiner-polska.pl\/wp-content\/uploads\/2024\/03\/\u0411\u0435\u0437-\u043d\u0430\u0437\u0432\u0438-4-272x182.jpg 272w\" sizes=\"100vw\" \/>\t\t\t\t\t\t\t\t\t\t\t<figcaption class=\"widget-image-caption wp-caption-text\">Patrz\u0105ce ig\u0142y<\/figcaption>\n\t\t\t\t\t\t\t\t\t\t<\/figure>\n\t\t\t\t\t\t\t<\/div>\n\t\t\t\t<\/div>\n\t\t\t\t\t<\/div>\n\t\t\t\t<\/div>\n\t\t<div class=\"elementor-element elementor-element-8aa1ce1 e-grid e-con-boxed e-con e-parent\" data-id=\"8aa1ce1\" data-element_type=\"container\" data-core-v316-plus=\"true\">\n\t\t\t\t\t<div class=\"e-con-inner\">\n\t\t\t\t<div class=\"elementor-element elementor-element-5878e4b elementor-widget elementor-widget-image\" data-id=\"5878e4b\" data-element_type=\"widget\" data-widget_type=\"image.default\">\n\t\t\t\t<div class=\"elementor-widget-container\">\n\t\t\t\t\t\t\t\t\t\t<figure class=\"wp-caption\">\n\t\t\t\t\t\t\t\t\t\t<img loading=\"lazy\" decoding=\"async\" width=\"525\" height=\"350\" src=\"https:\/\/steiner-polska.pl\/wp-content\/uploads\/2024\/03\/\u0411\u0435\u0437-\u043d\u0430\u0437\u0432\u0438-5.jpg\" class=\"attachment-large size-large wp-image-1823\" alt=\"\" srcset=\"https:\/\/steiner-polska.pl\/wp-content\/uploads\/2024\/03\/\u0411\u0435\u0437-\u043d\u0430\u0437\u0432\u0438-5.jpg 850w, https:\/\/steiner-polska.pl\/wp-content\/uploads\/2024\/03\/\u0411\u0435\u0437-\u043d\u0430\u0437\u0432\u0438-5-300x200.jpg 300w, https:\/\/steiner-polska.pl\/wp-content\/uploads\/2024\/03\/\u0411\u0435\u0437-\u043d\u0430\u0437\u0432\u0438-5-768x512.jpg 768w, https:\/\/steiner-polska.pl\/wp-content\/uploads\/2024\/03\/\u0411\u0435\u0437-\u043d\u0430\u0437\u0432\u0438-5-18x12.jpg 18w, https:\/\/steiner-polska.pl\/wp-content\/uploads\/2024\/03\/\u0411\u0435\u0437-\u043d\u0430\u0437\u0432\u0438-5-272x182.jpg 272w\" sizes=\"100vw\" \/>\t\t\t\t\t\t\t\t\t\t\t<figcaption class=\"widget-image-caption wp-caption-text\">Ig\u0142y do formowania z rozdmuchiwaniem<\/figcaption>\n\t\t\t\t\t\t\t\t\t\t<\/figure>\n\t\t\t\t\t\t\t<\/div>\n\t\t\t\t<\/div>\n\t\t\t\t<div class=\"elementor-element elementor-element-ad59a3b elementor-widget elementor-widget-image\" data-id=\"ad59a3b\" data-element_type=\"widget\" data-widget_type=\"image.default\">\n\t\t\t\t<div class=\"elementor-widget-container\">\n\t\t\t\t\t\t\t\t\t\t<figure class=\"wp-caption\">\n\t\t\t\t\t\t\t\t\t\t<img loading=\"lazy\" decoding=\"async\" width=\"525\" height=\"350\" src=\"https:\/\/steiner-polska.pl\/wp-content\/uploads\/2024\/03\/\u0411\u0435\u0437-\u043d\u0430\u0437\u0432\u0438-6.jpg\" class=\"attachment-large size-large wp-image-1824\" alt=\"\" srcset=\"https:\/\/steiner-polska.pl\/wp-content\/uploads\/2024\/03\/\u0411\u0435\u0437-\u043d\u0430\u0437\u0432\u0438-6.jpg 850w, https:\/\/steiner-polska.pl\/wp-content\/uploads\/2024\/03\/\u0411\u0435\u0437-\u043d\u0430\u0437\u0432\u0438-6-300x200.jpg 300w, https:\/\/steiner-polska.pl\/wp-content\/uploads\/2024\/03\/\u0411\u0435\u0437-\u043d\u0430\u0437\u0432\u0438-6-768x512.jpg 768w, https:\/\/steiner-polska.pl\/wp-content\/uploads\/2024\/03\/\u0411\u0435\u0437-\u043d\u0430\u0437\u0432\u0438-6-18x12.jpg 18w, https:\/\/steiner-polska.pl\/wp-content\/uploads\/2024\/03\/\u0411\u0435\u0437-\u043d\u0430\u0437\u0432\u0438-6-272x182.jpg 272w\" sizes=\"100vw\" \/>\t\t\t\t\t\t\t\t\t\t\t<figcaption class=\"widget-image-caption wp-caption-text\">Ig\u0142y ss\u0105ce<\/figcaption>\n\t\t\t\t\t\t\t\t\t\t<\/figure>\n\t\t\t\t\t\t\t<\/div>\n\t\t\t\t<\/div>\n\t\t\t\t\t<\/div>\n\t\t\t\t<\/div>\n\t\t<div class=\"elementor-element elementor-element-a84bbee e-flex e-con-boxed e-con e-parent\" data-id=\"a84bbee\" data-element_type=\"container\" data-core-v316-plus=\"true\">\n\t\t\t\t\t<div class=\"e-con-inner\">\n\t\t\t\t<div class=\"elementor-element elementor-element-f979772 elementor-widget elementor-widget-text-editor\" data-id=\"f979772\" data-element_type=\"widget\" data-widget_type=\"text-editor.default\">\n\t\t\t\t<div class=\"elementor-widget-container\">\n\t\t\t\t\t\t\t<p><b>Budowa<\/b><\/p><ul><li>Spawanie metod\u0105 Tig lub laserow\u0105<\/li><li>\" Ci\u0119cie z jednego bloku \" Obr\u00f3bka<\/li><li>Polerowanie elektrolityczne<\/li><li>Gratowanie elektrolityczne<\/li><li>Microbeading<\/li><li>Okr\u0105g\u0142e gwinty Din 405<\/li><\/ul><p><b>Pow\u0142oka<\/b><\/p><ul><li>Twardy chrom<\/li><li>CrN PVD<\/li><li>DLC PVD<\/li><\/ul><p><b>Materia\u0142y<\/b><\/p><ul><li>Stal nierdzewna 316L<\/li><li>Bezszwowa hartowana rura<\/li><li>Tytan<\/li><li>PEEK<\/li><\/ul>\t\t\t\t\t\t<\/div>\n\t\t\t\t<\/div>\n\t\t\t\t\t<\/div>\n\t\t\t\t<\/div>\n\t\t\t\t<\/div>","protected":false},"excerpt":{"rendered":"<p>SPC offers services to customise existing parts to your preferences, with varying degrees of modification. SPC can manufacture needles with tube diameters from \u00d80.25 inside to \u00d820, and the traceability policy ensures that almost all tubes are subdivided with the ability to provide a 3.1 material certificate. In some cases, the needle may be partially &hellip; <\/p>\n<p class=\"link-more\"><a href=\"https:\/\/steiner-polska.pl\/pl\/products\/spc-group\/needle\/\" class=\"more-link\">Czytaj dalej<span class=\"screen-reader-text\"> \u201eNeedles\u201d<\/span><\/a><\/p>","protected":false},"author":4,"featured_media":0,"parent":1541,"menu_order":0,"comment_status":"closed","ping_status":"closed","template":"","meta":[],"yoast_head":"<!-- This site is optimized with the Yoast SEO plugin v20.0 - https:\/\/yoast.com\/wordpress\/plugins\/seo\/ -->\n<title>Needles - steiner-polska<\/title>\n<meta name=\"robots\" content=\"index, follow, max-snippet:-1, max-image-preview:large, max-video-preview:-1\" \/>\n<link rel=\"canonical\" href=\"https:\/\/steiner-polska.pl\/pl\/products\/spc-group\/needle\/\" \/>\n<meta property=\"og:locale\" content=\"pl_PL\" \/>\n<meta property=\"og:type\" content=\"article\" \/>\n<meta property=\"og:title\" content=\"Needles - steiner-polska\" \/>\n<meta property=\"og:description\" content=\"SPC offers services to customise existing parts to your preferences, with varying degrees of modification. SPC can manufacture needles with tube diameters from \u00d80.25 inside to \u00d820, and the traceability policy ensures that almost all tubes are subdivided with the ability to provide a 3.1 material certificate. In some cases, the needle may be partially &hellip; Czytaj dalej \u201eNeedles\u201d\" \/>\n<meta property=\"og:url\" content=\"https:\/\/steiner-polska.pl\/pl\/products\/spc-group\/needle\/\" \/>\n<meta property=\"og:site_name\" content=\"steiner-polska\" \/>\n<meta property=\"article:modified_time\" content=\"2024-03-27T15:16:46+00:00\" \/>\n<meta name=\"twitter:card\" content=\"summary_large_image\" \/>\n<meta name=\"twitter:label1\" content=\"Szacowany czas czytania\" \/>\n\t<meta name=\"twitter:data1\" content=\"3 minuty\" \/>\n<script type=\"application\/ld+json\" class=\"yoast-schema-graph\">{\"@context\":\"https:\/\/schema.org\",\"@graph\":[{\"@type\":\"WebPage\",\"@id\":\"https:\/\/steiner-polska.pl\/products\/spc-group\/needle\/\",\"url\":\"https:\/\/steiner-polska.pl\/products\/spc-group\/needle\/\",\"name\":\"Needles - steiner-polska\",\"isPartOf\":{\"@id\":\"https:\/\/steiner-polska.pl\/#website\"},\"datePublished\":\"2024-03-27T12:11:35+00:00\",\"dateModified\":\"2024-03-27T15:16:46+00:00\",\"breadcrumb\":{\"@id\":\"https:\/\/steiner-polska.pl\/products\/spc-group\/needle\/#breadcrumb\"},\"inLanguage\":\"pl-PL\",\"potentialAction\":[{\"@type\":\"ReadAction\",\"target\":[\"https:\/\/steiner-polska.pl\/products\/spc-group\/needle\/\"]}]},{\"@type\":\"BreadcrumbList\",\"@id\":\"https:\/\/steiner-polska.pl\/products\/spc-group\/needle\/#breadcrumb\",\"itemListElement\":[{\"@type\":\"ListItem\",\"position\":1,\"name\":\"Home\",\"item\":\"https:\/\/steiner-polska.pl\/\"},{\"@type\":\"ListItem\",\"position\":2,\"name\":\"PRODUCTS\",\"item\":\"https:\/\/steiner-polska.pl\/products\/\"},{\"@type\":\"ListItem\",\"position\":3,\"name\":\"SPC Group\",\"item\":\"https:\/\/steiner-polska.pl\/products\/spc-group\/\"},{\"@type\":\"ListItem\",\"position\":4,\"name\":\"Needles\"}]},{\"@type\":\"WebSite\",\"@id\":\"https:\/\/steiner-polska.pl\/#website\",\"url\":\"https:\/\/steiner-polska.pl\/\",\"name\":\"steiner-polska\",\"description\":\"Innovative Solutions\",\"potentialAction\":[{\"@type\":\"SearchAction\",\"target\":{\"@type\":\"EntryPoint\",\"urlTemplate\":\"https:\/\/steiner-polska.pl\/?s={search_term_string}\"},\"query-input\":\"required name=search_term_string\"}],\"inLanguage\":\"pl-PL\"}]}<\/script>\n<!-- \/ Yoast SEO plugin. -->","yoast_head_json":{"title":"Needles - steiner-polska","robots":{"index":"index","follow":"follow","max-snippet":"max-snippet:-1","max-image-preview":"max-image-preview:large","max-video-preview":"max-video-preview:-1"},"canonical":"https:\/\/steiner-polska.pl\/pl\/products\/spc-group\/needle\/","og_locale":"pl_PL","og_type":"article","og_title":"Needles - steiner-polska","og_description":"SPC offers services to customise existing parts to your preferences, with varying degrees of modification. SPC can manufacture needles with tube diameters from \u00d80.25 inside to \u00d820, and the traceability policy ensures that almost all tubes are subdivided with the ability to provide a 3.1 material certificate. In some cases, the needle may be partially &hellip; Czytaj dalej \u201eNeedles\u201d","og_url":"https:\/\/steiner-polska.pl\/pl\/products\/spc-group\/needle\/","og_site_name":"steiner-polska","article_modified_time":"2024-03-27T15:16:46+00:00","twitter_card":"summary_large_image","twitter_misc":{"Szacowany czas czytania":"3 minuty"},"schema":{"@context":"https:\/\/schema.org","@graph":[{"@type":"WebPage","@id":"https:\/\/steiner-polska.pl\/products\/spc-group\/needle\/","url":"https:\/\/steiner-polska.pl\/products\/spc-group\/needle\/","name":"Needles - steiner-polska","isPartOf":{"@id":"https:\/\/steiner-polska.pl\/#website"},"datePublished":"2024-03-27T12:11:35+00:00","dateModified":"2024-03-27T15:16:46+00:00","breadcrumb":{"@id":"https:\/\/steiner-polska.pl\/products\/spc-group\/needle\/#breadcrumb"},"inLanguage":"pl-PL","potentialAction":[{"@type":"ReadAction","target":["https:\/\/steiner-polska.pl\/products\/spc-group\/needle\/"]}]},{"@type":"BreadcrumbList","@id":"https:\/\/steiner-polska.pl\/products\/spc-group\/needle\/#breadcrumb","itemListElement":[{"@type":"ListItem","position":1,"name":"Home","item":"https:\/\/steiner-polska.pl\/"},{"@type":"ListItem","position":2,"name":"PRODUCTS","item":"https:\/\/steiner-polska.pl\/products\/"},{"@type":"ListItem","position":3,"name":"SPC Group","item":"https:\/\/steiner-polska.pl\/products\/spc-group\/"},{"@type":"ListItem","position":4,"name":"Needles"}]},{"@type":"WebSite","@id":"https:\/\/steiner-polska.pl\/#website","url":"https:\/\/steiner-polska.pl\/","name":"steiner-polska","description":"Innovative Solutions","potentialAction":[{"@type":"SearchAction","target":{"@type":"EntryPoint","urlTemplate":"https:\/\/steiner-polska.pl\/?s={search_term_string}"},"query-input":"required name=search_term_string"}],"inLanguage":"pl-PL"}]}},"_links":{"self":[{"href":"https:\/\/steiner-polska.pl\/pl\/wp-json\/wp\/v2\/pages\/1813"}],"collection":[{"href":"https:\/\/steiner-polska.pl\/pl\/wp-json\/wp\/v2\/pages"}],"about":[{"href":"https:\/\/steiner-polska.pl\/pl\/wp-json\/wp\/v2\/types\/page"}],"author":[{"embeddable":true,"href":"https:\/\/steiner-polska.pl\/pl\/wp-json\/wp\/v2\/users\/4"}],"replies":[{"embeddable":true,"href":"https:\/\/steiner-polska.pl\/pl\/wp-json\/wp\/v2\/comments?post=1813"}],"version-history":[{"count":16,"href":"https:\/\/steiner-polska.pl\/pl\/wp-json\/wp\/v2\/pages\/1813\/revisions"}],"predecessor-version":[{"id":1840,"href":"https:\/\/steiner-polska.pl\/pl\/wp-json\/wp\/v2\/pages\/1813\/revisions\/1840"}],"up":[{"embeddable":true,"href":"https:\/\/steiner-polska.pl\/pl\/wp-json\/wp\/v2\/pages\/1541"}],"wp:attachment":[{"href":"https:\/\/steiner-polska.pl\/pl\/wp-json\/wp\/v2\/media?parent=1813"}],"curies":[{"name":"wp","href":"https:\/\/api.w.org\/{rel}","templated":true}]}}