{"id":182,"date":"2019-06-20T10:14:08","date_gmt":"2019-06-20T08:14:08","guid":{"rendered":"http:\/\/steiner-polska.pl\/?page_id=182"},"modified":"2024-03-21T12:58:42","modified_gmt":"2024-03-21T11:58:42","slug":"syrups-room","status":"publish","type":"page","link":"https:\/\/steiner-polska.pl\/pl\/products\/syrups-room\/","title":{"rendered":"SYROPOWNIA"},"content":{"rendered":"<p><img fetchpriority=\"high\" decoding=\"async\" class=\"size-medium wp-image-130 alignright\" src=\"http:\/\/steiner-polska.pl\/wp-content\/uploads\/2019\/06\/syrup-room-300x200.png\" alt=\"\" width=\"300\" height=\"200\" srcset=\"https:\/\/steiner-polska.pl\/wp-content\/uploads\/2019\/06\/syrup-room-300x200.png 300w, https:\/\/steiner-polska.pl\/wp-content\/uploads\/2019\/06\/syrup-room-768x512.png 768w, https:\/\/steiner-polska.pl\/wp-content\/uploads\/2019\/06\/syrup-room.png 900w\" sizes=\"(max-width: 300px) 100vw, 300px\" \/><\/p>\n<p>Syropownia jest punktem wyj\u015bcia dla innowacyjnych dozna\u0144 smakowych, kt\u00f3re projektantom produkt\u00f3w wielokrotnie udaje si\u0119 wyczarowa\u0107. S\u0142odkie, owocowe, kwa\u015bne lub gorzkie: syropownie <strong><span style=\"color: #ff6600;\">Steiner<\/span><\/strong> umo\u017cliwiaj\u0105 tworzenie r\u00f3\u017cnych produkt\u00f3w.<\/p>\n<p>Doskona\u0142e warunki pracy do <strong>mieszania nowych niuans\u00f3w smakowych<\/strong> i opracowywania udanych produkt\u00f3w maj\u0105 wiele zalet. Zapewniaj\u0105 one bowiem podstawy sukcesu rynkowego produkt\u00f3w i to ju\u017c na pierwszym etapie procesu produkcyjnego.<\/p>\n<p>Podstawow\u0105 ide\u0105 stoj\u0105c\u0105 za koncepcj\u0105 <strong><span style=\"color: #ff6600;\">Steiner<\/span> <\/strong>jest zaprojektowanie pokoju syropowego jako grupy kompaktowych jednostek modu\u0142owych. W rezultacie <strong>mo\u017cna j\u0105 rozbudowywa\u0107 zgodnie z gam\u0105 produkt\u00f3w i spektrum wydajno\u015bci\".<\/strong><\/p>","protected":false},"excerpt":{"rendered":"<p>The syrup room is the starting point for innovative taste sensations which your product designers repeatedly manage to conjure up. Sweet, fruity, sour or bitter: the Steiner syrup rooms enable the creation of various products. Perfect working conditions for mixing new flavour nuances and developing successful products have many benefits. For they provide the foundations &hellip; <\/p>\n<p class=\"link-more\"><a href=\"https:\/\/steiner-polska.pl\/pl\/products\/syrups-room\/\" class=\"more-link\">Czytaj dalej<span class=\"screen-reader-text\"> \u201eSYRUP ROOM\u201d<\/span><\/a><\/p>","protected":false},"author":4,"featured_media":0,"parent":18,"menu_order":0,"comment_status":"closed","ping_status":"closed","template":"","meta":[],"yoast_head":"<!-- This site is optimized with the Yoast SEO plugin v20.0 - https:\/\/yoast.com\/wordpress\/plugins\/seo\/ -->\n<title>SYRUP ROOM - Steiner Polska - Innovative Solutions<\/title>\n<meta name=\"description\" content=\"Syrup Rooms enable mixing new flavour nuances. Our units can be expanded in line with the product range and performance spectrum.\" \/>\n<meta name=\"robots\" content=\"index, follow, max-snippet:-1, max-image-preview:large, max-video-preview:-1\" \/>\n<link rel=\"canonical\" href=\"https:\/\/steiner-polska.pl\/pl\/products\/syrups-room\/\" \/>\n<meta property=\"og:locale\" content=\"pl_PL\" \/>\n<meta property=\"og:type\" content=\"article\" \/>\n<meta property=\"og:title\" content=\"SYRUP ROOM - Steiner Polska - Innovative Solutions\" \/>\n<meta property=\"og:description\" content=\"Syrup Rooms enable mixing new flavour nuances. Our units can be expanded in line with the product range and performance spectrum.\" \/>\n<meta property=\"og:url\" content=\"https:\/\/steiner-polska.pl\/pl\/products\/syrups-room\/\" \/>\n<meta property=\"og:site_name\" content=\"steiner-polska\" \/>\n<meta property=\"article:modified_time\" content=\"2024-03-21T11:58:42+00:00\" \/>\n<meta property=\"og:image\" content=\"http:\/\/steiner-polska.pl\/wp-content\/uploads\/2019\/06\/syrup-room-300x200.png\" \/>\n<meta name=\"twitter:card\" content=\"summary_large_image\" \/>\n<meta name=\"twitter:label1\" content=\"Szacowany czas czytania\" \/>\n\t<meta name=\"twitter:data1\" content=\"1 minuta\" \/>\n<script type=\"application\/ld+json\" class=\"yoast-schema-graph\">{\"@context\":\"https:\/\/schema.org\",\"@graph\":[{\"@type\":\"WebPage\",\"@id\":\"https:\/\/steiner-polska.pl\/products\/syrups-room\/\",\"url\":\"https:\/\/steiner-polska.pl\/products\/syrups-room\/\",\"name\":\"SYRUP ROOM - Steiner Polska - Innovative Solutions\",\"isPartOf\":{\"@id\":\"https:\/\/steiner-polska.pl\/#website\"},\"datePublished\":\"2019-06-20T08:14:08+00:00\",\"dateModified\":\"2024-03-21T11:58:42+00:00\",\"description\":\"Syrup Rooms enable mixing new flavour nuances. Our units can be expanded in line with the product range and performance spectrum.\",\"breadcrumb\":{\"@id\":\"https:\/\/steiner-polska.pl\/products\/syrups-room\/#breadcrumb\"},\"inLanguage\":\"pl-PL\",\"potentialAction\":[{\"@type\":\"ReadAction\",\"target\":[\"https:\/\/steiner-polska.pl\/products\/syrups-room\/\"]}]},{\"@type\":\"BreadcrumbList\",\"@id\":\"https:\/\/steiner-polska.pl\/products\/syrups-room\/#breadcrumb\",\"itemListElement\":[{\"@type\":\"ListItem\",\"position\":1,\"name\":\"Home\",\"item\":\"https:\/\/steiner-polska.pl\/\"},{\"@type\":\"ListItem\",\"position\":2,\"name\":\"PRODUCTS\",\"item\":\"https:\/\/steiner-polska.pl\/products\/\"},{\"@type\":\"ListItem\",\"position\":3,\"name\":\"SYRUP ROOM\"}]},{\"@type\":\"WebSite\",\"@id\":\"https:\/\/steiner-polska.pl\/#website\",\"url\":\"https:\/\/steiner-polska.pl\/\",\"name\":\"steiner-polska\",\"description\":\"Innovative Solutions\",\"potentialAction\":[{\"@type\":\"SearchAction\",\"target\":{\"@type\":\"EntryPoint\",\"urlTemplate\":\"https:\/\/steiner-polska.pl\/?s={search_term_string}\"},\"query-input\":\"required name=search_term_string\"}],\"inLanguage\":\"pl-PL\"}]}<\/script>\n<!-- \/ Yoast SEO plugin. -->","yoast_head_json":{"title":"SYRUP ROOM - Steiner Polska - Innovative Solutions","description":"Syrup Rooms enable mixing new flavour nuances. Our units can be expanded in line with the product range and performance spectrum.","robots":{"index":"index","follow":"follow","max-snippet":"max-snippet:-1","max-image-preview":"max-image-preview:large","max-video-preview":"max-video-preview:-1"},"canonical":"https:\/\/steiner-polska.pl\/pl\/products\/syrups-room\/","og_locale":"pl_PL","og_type":"article","og_title":"SYRUP ROOM - Steiner Polska - Innovative Solutions","og_description":"Syrup Rooms enable mixing new flavour nuances. Our units can be expanded in line with the product range and performance spectrum.","og_url":"https:\/\/steiner-polska.pl\/pl\/products\/syrups-room\/","og_site_name":"steiner-polska","article_modified_time":"2024-03-21T11:58:42+00:00","og_image":[{"url":"http:\/\/steiner-polska.pl\/wp-content\/uploads\/2019\/06\/syrup-room-300x200.png"}],"twitter_card":"summary_large_image","twitter_misc":{"Szacowany czas czytania":"1 minuta"},"schema":{"@context":"https:\/\/schema.org","@graph":[{"@type":"WebPage","@id":"https:\/\/steiner-polska.pl\/products\/syrups-room\/","url":"https:\/\/steiner-polska.pl\/products\/syrups-room\/","name":"SYRUP ROOM - Steiner Polska - Innovative Solutions","isPartOf":{"@id":"https:\/\/steiner-polska.pl\/#website"},"datePublished":"2019-06-20T08:14:08+00:00","dateModified":"2024-03-21T11:58:42+00:00","description":"Syrup Rooms enable mixing new flavour nuances. Our units can be expanded in line with the product range and performance spectrum.","breadcrumb":{"@id":"https:\/\/steiner-polska.pl\/products\/syrups-room\/#breadcrumb"},"inLanguage":"pl-PL","potentialAction":[{"@type":"ReadAction","target":["https:\/\/steiner-polska.pl\/products\/syrups-room\/"]}]},{"@type":"BreadcrumbList","@id":"https:\/\/steiner-polska.pl\/products\/syrups-room\/#breadcrumb","itemListElement":[{"@type":"ListItem","position":1,"name":"Home","item":"https:\/\/steiner-polska.pl\/"},{"@type":"ListItem","position":2,"name":"PRODUCTS","item":"https:\/\/steiner-polska.pl\/products\/"},{"@type":"ListItem","position":3,"name":"SYRUP ROOM"}]},{"@type":"WebSite","@id":"https:\/\/steiner-polska.pl\/#website","url":"https:\/\/steiner-polska.pl\/","name":"steiner-polska","description":"Innovative Solutions","potentialAction":[{"@type":"SearchAction","target":{"@type":"EntryPoint","urlTemplate":"https:\/\/steiner-polska.pl\/?s={search_term_string}"},"query-input":"required name=search_term_string"}],"inLanguage":"pl-PL"}]}},"_links":{"self":[{"href":"https:\/\/steiner-polska.pl\/pl\/wp-json\/wp\/v2\/pages\/182"}],"collection":[{"href":"https:\/\/steiner-polska.pl\/pl\/wp-json\/wp\/v2\/pages"}],"about":[{"href":"https:\/\/steiner-polska.pl\/pl\/wp-json\/wp\/v2\/types\/page"}],"author":[{"embeddable":true,"href":"https:\/\/steiner-polska.pl\/pl\/wp-json\/wp\/v2\/users\/4"}],"replies":[{"embeddable":true,"href":"https:\/\/steiner-polska.pl\/pl\/wp-json\/wp\/v2\/comments?post=182"}],"version-history":[{"count":8,"href":"https:\/\/steiner-polska.pl\/pl\/wp-json\/wp\/v2\/pages\/182\/revisions"}],"predecessor-version":[{"id":1495,"href":"https:\/\/steiner-polska.pl\/pl\/wp-json\/wp\/v2\/pages\/182\/revisions\/1495"}],"up":[{"embeddable":true,"href":"https:\/\/steiner-polska.pl\/pl\/wp-json\/wp\/v2\/pages\/18"}],"wp:attachment":[{"href":"https:\/\/steiner-polska.pl\/pl\/wp-json\/wp\/v2\/media?parent=182"}],"curies":[{"name":"wp","href":"https:\/\/api.w.org\/{rel}","templated":true}]}}