{"id":183,"date":"2019-06-20T10:57:56","date_gmt":"2019-06-20T08:57:56","guid":{"rendered":"http:\/\/steiner-polska.pl\/?page_id=183"},"modified":"2024-03-21T12:51:12","modified_gmt":"2024-03-21T11:51:12","slug":"multicomponent-dosing-systems","status":"publish","type":"page","link":"https:\/\/steiner-polska.pl\/pl\/products\/multicomponent-dosing-systems\/","title":{"rendered":"Wielosk\u0142adnikowe systemy dozowania"},"content":{"rendered":"<p><img fetchpriority=\"high\" decoding=\"async\" class=\"alignnone size-medium wp-image-188 alignright\" src=\"http:\/\/steiner-polska.pl\/wp-content\/uploads\/2019\/06\/multicomponent-dosing-systems-300x200.png\" alt=\"\" width=\"300\" height=\"200\" srcset=\"https:\/\/steiner-polska.pl\/wp-content\/uploads\/2019\/06\/multicomponent-dosing-systems-300x200.png 300w, https:\/\/steiner-polska.pl\/wp-content\/uploads\/2019\/06\/multicomponent-dosing-systems-768x512.png 768w, https:\/\/steiner-polska.pl\/wp-content\/uploads\/2019\/06\/multicomponent-dosing-systems.png 900w\" sizes=\"(max-width: 300px) 100vw, 300px\" \/><\/p>\n<p><span lang=\"EN-US\"><span style=\"color: #ff6600;\"><strong>Steiner<\/strong><\/span> <strong>wielosk\u0142adnikowy system dozowania<\/strong><\/span> s\u0142u\u017cy do ci\u0105g\u0142ego i dok\u0142adnego dodawania niewielkich ilo\u015bci p\u0142ynnych sk\u0142adnik\u00f3w do g\u0142\u00f3wnego strumienia.<\/p>\n<p>Istnieje wiele zastosowa\u0144 w przetwarzaniu gazowanej lub niegazowanej \u017cywno\u015bci, napoj\u00f3w, piwa i napoj\u00f3w mieszanych na bazie piwa, np. dodawanie enzym\u00f3w, aromat\u00f3w, substancji s\u0142odz\u0105cych, barwnik\u00f3w lub witamin. Poniewa\u017c liczb\u0119 dodatk\u00f3w mo\u017cna rozszerzy\u0107, aby spe\u0142ni\u0107 indywidualne potrzeby, kompaktowy wielosk\u0142adnikowy system dozowania zapewnia wysoki stopie\u0144 elastyczno\u015bci w wytwarzaniu takich produkt\u00f3w.<\/p>\n<p>Niezawodne przep\u0142ywomierze i pneumatyczne zawory steruj\u0105ce stale monitoruj\u0105 i dostosowuj\u0105 proporcje masy, gwarantuj\u0105c powtarzalne wyniki i minimalne straty produktu. Modu\u0142owa konstrukcja jednostek procesowych umo\u017cliwia \u0142atw\u0105 rozbudow\u0119.<\/p>","protected":false},"excerpt":{"rendered":"<p>Steiner multi-component\u00a0dosing system is used for the continuous and accurate addition of small amounts of liquid ingredients into a main stream. There are a large number of\u00a0 applications in processing\u00a0 carbonated or non-carbonated food, beverages, beer and beer based mixed\u00a0 drinks, e.g. adding enzymes, flavours, sweeteners, colours or vitamins. Since the number of additives can &hellip; <\/p>\n<p class=\"link-more\"><a href=\"https:\/\/steiner-polska.pl\/pl\/products\/multicomponent-dosing-systems\/\" class=\"more-link\">Czytaj dalej<span class=\"screen-reader-text\"> \u201eMulticomponent dosing systems\u201d<\/span><\/a><\/p>","protected":false},"author":4,"featured_media":0,"parent":18,"menu_order":0,"comment_status":"closed","ping_status":"closed","template":"","meta":[],"yoast_head":"<!-- This site is optimized with the Yoast SEO plugin v20.0 - https:\/\/yoast.com\/wordpress\/plugins\/seo\/ -->\n<title>Multicomponent dosing systems - steiner-polska<\/title>\n<meta name=\"robots\" content=\"index, follow, max-snippet:-1, max-image-preview:large, max-video-preview:-1\" \/>\n<link rel=\"canonical\" href=\"https:\/\/steiner-polska.pl\/pl\/products\/multicomponent-dosing-systems\/\" \/>\n<meta property=\"og:locale\" content=\"pl_PL\" \/>\n<meta property=\"og:type\" content=\"article\" \/>\n<meta property=\"og:title\" content=\"Multicomponent dosing systems - steiner-polska\" \/>\n<meta property=\"og:description\" content=\"Steiner multi-component\u00a0dosing system is used for the continuous and accurate addition of small amounts of liquid ingredients into a main stream. There are a large number of\u00a0 applications in processing\u00a0 carbonated or non-carbonated food, beverages, beer and beer based mixed\u00a0 drinks, e.g. adding enzymes, flavours, sweeteners, colours or vitamins. Since the number of additives can &hellip; Czytaj dalej \u201eMulticomponent dosing systems\u201d\" \/>\n<meta property=\"og:url\" content=\"https:\/\/steiner-polska.pl\/pl\/products\/multicomponent-dosing-systems\/\" \/>\n<meta property=\"og:site_name\" content=\"steiner-polska\" \/>\n<meta property=\"article:modified_time\" content=\"2024-03-21T11:51:12+00:00\" \/>\n<meta property=\"og:image\" content=\"http:\/\/steiner-polska.pl\/wp-content\/uploads\/2019\/06\/multicomponent-dosing-systems-300x200.png\" \/>\n<meta name=\"twitter:card\" content=\"summary_large_image\" \/>\n<meta name=\"twitter:label1\" content=\"Szacowany czas czytania\" \/>\n\t<meta name=\"twitter:data1\" content=\"1 minuta\" \/>\n<script type=\"application\/ld+json\" class=\"yoast-schema-graph\">{\"@context\":\"https:\/\/schema.org\",\"@graph\":[{\"@type\":\"WebPage\",\"@id\":\"https:\/\/steiner-polska.pl\/products\/multicomponent-dosing-systems\/\",\"url\":\"https:\/\/steiner-polska.pl\/products\/multicomponent-dosing-systems\/\",\"name\":\"Multicomponent dosing systems - steiner-polska\",\"isPartOf\":{\"@id\":\"https:\/\/steiner-polska.pl\/#website\"},\"datePublished\":\"2019-06-20T08:57:56+00:00\",\"dateModified\":\"2024-03-21T11:51:12+00:00\",\"breadcrumb\":{\"@id\":\"https:\/\/steiner-polska.pl\/products\/multicomponent-dosing-systems\/#breadcrumb\"},\"inLanguage\":\"pl-PL\",\"potentialAction\":[{\"@type\":\"ReadAction\",\"target\":[\"https:\/\/steiner-polska.pl\/products\/multicomponent-dosing-systems\/\"]}]},{\"@type\":\"BreadcrumbList\",\"@id\":\"https:\/\/steiner-polska.pl\/products\/multicomponent-dosing-systems\/#breadcrumb\",\"itemListElement\":[{\"@type\":\"ListItem\",\"position\":1,\"name\":\"Home\",\"item\":\"https:\/\/steiner-polska.pl\/\"},{\"@type\":\"ListItem\",\"position\":2,\"name\":\"PRODUCTS\",\"item\":\"https:\/\/steiner-polska.pl\/products\/\"},{\"@type\":\"ListItem\",\"position\":3,\"name\":\"Multicomponent dosing systems\"}]},{\"@type\":\"WebSite\",\"@id\":\"https:\/\/steiner-polska.pl\/#website\",\"url\":\"https:\/\/steiner-polska.pl\/\",\"name\":\"steiner-polska\",\"description\":\"Innovative Solutions\",\"potentialAction\":[{\"@type\":\"SearchAction\",\"target\":{\"@type\":\"EntryPoint\",\"urlTemplate\":\"https:\/\/steiner-polska.pl\/?s={search_term_string}\"},\"query-input\":\"required name=search_term_string\"}],\"inLanguage\":\"pl-PL\"}]}<\/script>\n<!-- \/ Yoast SEO plugin. -->","yoast_head_json":{"title":"Multicomponent dosing systems - steiner-polska","robots":{"index":"index","follow":"follow","max-snippet":"max-snippet:-1","max-image-preview":"max-image-preview:large","max-video-preview":"max-video-preview:-1"},"canonical":"https:\/\/steiner-polska.pl\/pl\/products\/multicomponent-dosing-systems\/","og_locale":"pl_PL","og_type":"article","og_title":"Multicomponent dosing systems - steiner-polska","og_description":"Steiner multi-component\u00a0dosing system is used for the continuous and accurate addition of small amounts of liquid ingredients into a main stream. There are a large number of\u00a0 applications in processing\u00a0 carbonated or non-carbonated food, beverages, beer and beer based mixed\u00a0 drinks, e.g. adding enzymes, flavours, sweeteners, colours or vitamins. Since the number of additives can &hellip; Czytaj dalej \u201eMulticomponent dosing systems\u201d","og_url":"https:\/\/steiner-polska.pl\/pl\/products\/multicomponent-dosing-systems\/","og_site_name":"steiner-polska","article_modified_time":"2024-03-21T11:51:12+00:00","og_image":[{"url":"http:\/\/steiner-polska.pl\/wp-content\/uploads\/2019\/06\/multicomponent-dosing-systems-300x200.png"}],"twitter_card":"summary_large_image","twitter_misc":{"Szacowany czas czytania":"1 minuta"},"schema":{"@context":"https:\/\/schema.org","@graph":[{"@type":"WebPage","@id":"https:\/\/steiner-polska.pl\/products\/multicomponent-dosing-systems\/","url":"https:\/\/steiner-polska.pl\/products\/multicomponent-dosing-systems\/","name":"Multicomponent dosing systems - steiner-polska","isPartOf":{"@id":"https:\/\/steiner-polska.pl\/#website"},"datePublished":"2019-06-20T08:57:56+00:00","dateModified":"2024-03-21T11:51:12+00:00","breadcrumb":{"@id":"https:\/\/steiner-polska.pl\/products\/multicomponent-dosing-systems\/#breadcrumb"},"inLanguage":"pl-PL","potentialAction":[{"@type":"ReadAction","target":["https:\/\/steiner-polska.pl\/products\/multicomponent-dosing-systems\/"]}]},{"@type":"BreadcrumbList","@id":"https:\/\/steiner-polska.pl\/products\/multicomponent-dosing-systems\/#breadcrumb","itemListElement":[{"@type":"ListItem","position":1,"name":"Home","item":"https:\/\/steiner-polska.pl\/"},{"@type":"ListItem","position":2,"name":"PRODUCTS","item":"https:\/\/steiner-polska.pl\/products\/"},{"@type":"ListItem","position":3,"name":"Multicomponent dosing systems"}]},{"@type":"WebSite","@id":"https:\/\/steiner-polska.pl\/#website","url":"https:\/\/steiner-polska.pl\/","name":"steiner-polska","description":"Innovative Solutions","potentialAction":[{"@type":"SearchAction","target":{"@type":"EntryPoint","urlTemplate":"https:\/\/steiner-polska.pl\/?s={search_term_string}"},"query-input":"required name=search_term_string"}],"inLanguage":"pl-PL"}]}},"_links":{"self":[{"href":"https:\/\/steiner-polska.pl\/pl\/wp-json\/wp\/v2\/pages\/183"}],"collection":[{"href":"https:\/\/steiner-polska.pl\/pl\/wp-json\/wp\/v2\/pages"}],"about":[{"href":"https:\/\/steiner-polska.pl\/pl\/wp-json\/wp\/v2\/types\/page"}],"author":[{"embeddable":true,"href":"https:\/\/steiner-polska.pl\/pl\/wp-json\/wp\/v2\/users\/4"}],"replies":[{"embeddable":true,"href":"https:\/\/steiner-polska.pl\/pl\/wp-json\/wp\/v2\/comments?post=183"}],"version-history":[{"count":9,"href":"https:\/\/steiner-polska.pl\/pl\/wp-json\/wp\/v2\/pages\/183\/revisions"}],"predecessor-version":[{"id":1500,"href":"https:\/\/steiner-polska.pl\/pl\/wp-json\/wp\/v2\/pages\/183\/revisions\/1500"}],"up":[{"embeddable":true,"href":"https:\/\/steiner-polska.pl\/pl\/wp-json\/wp\/v2\/pages\/18"}],"wp:attachment":[{"href":"https:\/\/steiner-polska.pl\/pl\/wp-json\/wp\/v2\/media?parent=183"}],"curies":[{"name":"wp","href":"https:\/\/api.w.org\/{rel}","templated":true}]}}