{"id":184,"date":"2019-06-20T10:54:23","date_gmt":"2019-06-20T08:54:23","guid":{"rendered":"http:\/\/steiner-polska.pl\/?page_id=184"},"modified":"2024-03-21T12:49:41","modified_gmt":"2024-03-21T11:49:41","slug":"ketchup-sauce-and-mayonnaise-process-equipment","status":"publish","type":"page","link":"https:\/\/steiner-polska.pl\/pl\/products\/ketchup-sauce-and-mayonnaise-process-equipment\/","title":{"rendered":"Urz\u0105dzenia do przetwarzania ketchupu, sos\u00f3w i majonezu"},"content":{"rendered":"<p><img fetchpriority=\"high\" decoding=\"async\" class=\"size-medium wp-image-127 alignright\" src=\"http:\/\/steiner-polska.pl\/wp-content\/uploads\/2019\/06\/ketchup-and-mayo-system-300x200.png\" alt=\"\" width=\"300\" height=\"200\" srcset=\"https:\/\/steiner-polska.pl\/wp-content\/uploads\/2019\/06\/ketchup-and-mayo-system-300x200.png 300w, https:\/\/steiner-polska.pl\/wp-content\/uploads\/2019\/06\/ketchup-and-mayo-system-768x512.png 768w, https:\/\/steiner-polska.pl\/wp-content\/uploads\/2019\/06\/ketchup-and-mayo-system.png 900w\" sizes=\"(max-width: 300px) 100vw, 300px\" \/><\/p>\n<p><strong><span style=\"color: #ff6600;\">Steiner <\/span><\/strong>produkuje w pe\u0142ni zautomatyzowane <strong>linie technologiczne i produkcyjne do produkt\u00f3w gotowanych, pasteryzowanych i ch\u0142odzonych, takich jak ketchup, sos, majonez i dressingi.<\/strong> Systemy te spe\u0142niaj\u0105 najwy\u017csze wymagania i standardy w zakresie higieny i jako\u015bci. Dzi\u0119ki naszemu bogatemu do\u015bwiadczeniu w produkcji r\u00f3\u017cnych sos\u00f3w i innych produkt\u00f3w spo\u017cywczych.\u00a0<strong><span style=\"color: #ff6600;\">Steiner<\/span> <\/strong>jest zaznajomiony z wymaganiami i najnowocze\u015bniejsz\u0105 technologi\u0105 w przemy\u015ble przetw\u00f3rstwa spo\u017cywczego. Produkcja wi\u0119kszych ilo\u015bci ketchupu i innych sos\u00f3w w partii skutkuje ni\u017csz\u0105 cen\u0105. Maszyn\u0119 wsadow\u0105 mo\u017cna zaaran\u017cowa\u0107 i przestawi\u0107 na inny produkt. Linia ci\u0105g\u0142a jest bardzo odpowiednia do produkcji i ma du\u017c\u0105 obj\u0119to\u015b\u0107, co zapewnia p\u0142ynno\u015b\u0107 produkcji. Proces produkcji ketchupu i sos\u00f3w jest ci\u0105g\u0142y i ma nisk\u0105 cen\u0119.<\/p>","protected":false},"excerpt":{"rendered":"<p>Steiner produces fully automated process and production lines for cooked, pasteurised and cooled products, such as ketchup,\u00a0sauce,\u00a0mayonnaise and dressings. The systems meet the highest requirements and standards in the field of hygiene and quality. Thanks to our extensive experience in the production of various sauces and other food products.\u00a0Steiner is familiar with the requirements and &hellip; <\/p>\n<p class=\"link-more\"><a href=\"https:\/\/steiner-polska.pl\/pl\/products\/ketchup-sauce-and-mayonnaise-process-equipment\/\" class=\"more-link\">Czytaj dalej<span class=\"screen-reader-text\"> \u201eKetchup, Sauce and Mayonnaise Process Equipment\u201d<\/span><\/a><\/p>","protected":false},"author":4,"featured_media":0,"parent":18,"menu_order":0,"comment_status":"closed","ping_status":"closed","template":"","meta":[],"yoast_head":"<!-- This site is optimized with the Yoast SEO plugin v20.0 - https:\/\/yoast.com\/wordpress\/plugins\/seo\/ -->\n<title>Ketchup, Sauce and Mayonnaise Process Equipment - steiner-polska<\/title>\n<meta name=\"robots\" content=\"index, follow, max-snippet:-1, max-image-preview:large, max-video-preview:-1\" \/>\n<link rel=\"canonical\" href=\"https:\/\/steiner-polska.pl\/pl\/products\/ketchup-sauce-and-mayonnaise-process-equipment\/\" \/>\n<meta property=\"og:locale\" content=\"pl_PL\" \/>\n<meta property=\"og:type\" content=\"article\" \/>\n<meta property=\"og:title\" content=\"Ketchup, Sauce and Mayonnaise Process Equipment - steiner-polska\" \/>\n<meta property=\"og:description\" content=\"Steiner produces fully automated process and production lines for cooked, pasteurised and cooled products, such as ketchup,\u00a0sauce,\u00a0mayonnaise and dressings. The systems meet the highest requirements and standards in the field of hygiene and quality. Thanks to our extensive experience in the production of various sauces and other food products.\u00a0Steiner is familiar with the requirements and &hellip; Czytaj dalej \u201eKetchup, Sauce and Mayonnaise Process Equipment\u201d\" \/>\n<meta property=\"og:url\" content=\"https:\/\/steiner-polska.pl\/pl\/products\/ketchup-sauce-and-mayonnaise-process-equipment\/\" \/>\n<meta property=\"og:site_name\" content=\"steiner-polska\" \/>\n<meta property=\"article:modified_time\" content=\"2024-03-21T11:49:41+00:00\" \/>\n<meta property=\"og:image\" content=\"http:\/\/steiner-polska.pl\/wp-content\/uploads\/2019\/06\/ketchup-and-mayo-system-300x200.png\" \/>\n<meta name=\"twitter:card\" content=\"summary_large_image\" \/>\n<meta name=\"twitter:label1\" content=\"Szacowany czas czytania\" \/>\n\t<meta name=\"twitter:data1\" content=\"1 minuta\" \/>\n<script type=\"application\/ld+json\" class=\"yoast-schema-graph\">{\"@context\":\"https:\/\/schema.org\",\"@graph\":[{\"@type\":\"WebPage\",\"@id\":\"https:\/\/steiner-polska.pl\/products\/ketchup-sauce-and-mayonnaise-process-equipment\/\",\"url\":\"https:\/\/steiner-polska.pl\/products\/ketchup-sauce-and-mayonnaise-process-equipment\/\",\"name\":\"Ketchup, Sauce and Mayonnaise Process Equipment - steiner-polska\",\"isPartOf\":{\"@id\":\"https:\/\/steiner-polska.pl\/#website\"},\"datePublished\":\"2019-06-20T08:54:23+00:00\",\"dateModified\":\"2024-03-21T11:49:41+00:00\",\"breadcrumb\":{\"@id\":\"https:\/\/steiner-polska.pl\/products\/ketchup-sauce-and-mayonnaise-process-equipment\/#breadcrumb\"},\"inLanguage\":\"pl-PL\",\"potentialAction\":[{\"@type\":\"ReadAction\",\"target\":[\"https:\/\/steiner-polska.pl\/products\/ketchup-sauce-and-mayonnaise-process-equipment\/\"]}]},{\"@type\":\"BreadcrumbList\",\"@id\":\"https:\/\/steiner-polska.pl\/products\/ketchup-sauce-and-mayonnaise-process-equipment\/#breadcrumb\",\"itemListElement\":[{\"@type\":\"ListItem\",\"position\":1,\"name\":\"Home\",\"item\":\"https:\/\/steiner-polska.pl\/\"},{\"@type\":\"ListItem\",\"position\":2,\"name\":\"PRODUCTS\",\"item\":\"https:\/\/steiner-polska.pl\/products\/\"},{\"@type\":\"ListItem\",\"position\":3,\"name\":\"Ketchup, Sauce and Mayonnaise Process Equipment\"}]},{\"@type\":\"WebSite\",\"@id\":\"https:\/\/steiner-polska.pl\/#website\",\"url\":\"https:\/\/steiner-polska.pl\/\",\"name\":\"steiner-polska\",\"description\":\"Innovative Solutions\",\"potentialAction\":[{\"@type\":\"SearchAction\",\"target\":{\"@type\":\"EntryPoint\",\"urlTemplate\":\"https:\/\/steiner-polska.pl\/?s={search_term_string}\"},\"query-input\":\"required name=search_term_string\"}],\"inLanguage\":\"pl-PL\"}]}<\/script>\n<!-- \/ Yoast SEO plugin. -->","yoast_head_json":{"title":"Ketchup, Sauce and Mayonnaise Process Equipment - steiner-polska","robots":{"index":"index","follow":"follow","max-snippet":"max-snippet:-1","max-image-preview":"max-image-preview:large","max-video-preview":"max-video-preview:-1"},"canonical":"https:\/\/steiner-polska.pl\/pl\/products\/ketchup-sauce-and-mayonnaise-process-equipment\/","og_locale":"pl_PL","og_type":"article","og_title":"Ketchup, Sauce and Mayonnaise Process Equipment - steiner-polska","og_description":"Steiner produces fully automated process and production lines for cooked, pasteurised and cooled products, such as ketchup,\u00a0sauce,\u00a0mayonnaise and dressings. The systems meet the highest requirements and standards in the field of hygiene and quality. Thanks to our extensive experience in the production of various sauces and other food products.\u00a0Steiner is familiar with the requirements and &hellip; Czytaj dalej \u201eKetchup, Sauce and Mayonnaise Process Equipment\u201d","og_url":"https:\/\/steiner-polska.pl\/pl\/products\/ketchup-sauce-and-mayonnaise-process-equipment\/","og_site_name":"steiner-polska","article_modified_time":"2024-03-21T11:49:41+00:00","og_image":[{"url":"http:\/\/steiner-polska.pl\/wp-content\/uploads\/2019\/06\/ketchup-and-mayo-system-300x200.png"}],"twitter_card":"summary_large_image","twitter_misc":{"Szacowany czas czytania":"1 minuta"},"schema":{"@context":"https:\/\/schema.org","@graph":[{"@type":"WebPage","@id":"https:\/\/steiner-polska.pl\/products\/ketchup-sauce-and-mayonnaise-process-equipment\/","url":"https:\/\/steiner-polska.pl\/products\/ketchup-sauce-and-mayonnaise-process-equipment\/","name":"Ketchup, Sauce and Mayonnaise Process Equipment - steiner-polska","isPartOf":{"@id":"https:\/\/steiner-polska.pl\/#website"},"datePublished":"2019-06-20T08:54:23+00:00","dateModified":"2024-03-21T11:49:41+00:00","breadcrumb":{"@id":"https:\/\/steiner-polska.pl\/products\/ketchup-sauce-and-mayonnaise-process-equipment\/#breadcrumb"},"inLanguage":"pl-PL","potentialAction":[{"@type":"ReadAction","target":["https:\/\/steiner-polska.pl\/products\/ketchup-sauce-and-mayonnaise-process-equipment\/"]}]},{"@type":"BreadcrumbList","@id":"https:\/\/steiner-polska.pl\/products\/ketchup-sauce-and-mayonnaise-process-equipment\/#breadcrumb","itemListElement":[{"@type":"ListItem","position":1,"name":"Home","item":"https:\/\/steiner-polska.pl\/"},{"@type":"ListItem","position":2,"name":"PRODUCTS","item":"https:\/\/steiner-polska.pl\/products\/"},{"@type":"ListItem","position":3,"name":"Ketchup, Sauce and Mayonnaise Process Equipment"}]},{"@type":"WebSite","@id":"https:\/\/steiner-polska.pl\/#website","url":"https:\/\/steiner-polska.pl\/","name":"steiner-polska","description":"Innovative Solutions","potentialAction":[{"@type":"SearchAction","target":{"@type":"EntryPoint","urlTemplate":"https:\/\/steiner-polska.pl\/?s={search_term_string}"},"query-input":"required name=search_term_string"}],"inLanguage":"pl-PL"}]}},"_links":{"self":[{"href":"https:\/\/steiner-polska.pl\/pl\/wp-json\/wp\/v2\/pages\/184"}],"collection":[{"href":"https:\/\/steiner-polska.pl\/pl\/wp-json\/wp\/v2\/pages"}],"about":[{"href":"https:\/\/steiner-polska.pl\/pl\/wp-json\/wp\/v2\/types\/page"}],"author":[{"embeddable":true,"href":"https:\/\/steiner-polska.pl\/pl\/wp-json\/wp\/v2\/users\/4"}],"replies":[{"embeddable":true,"href":"https:\/\/steiner-polska.pl\/pl\/wp-json\/wp\/v2\/comments?post=184"}],"version-history":[{"count":7,"href":"https:\/\/steiner-polska.pl\/pl\/wp-json\/wp\/v2\/pages\/184\/revisions"}],"predecessor-version":[{"id":1494,"href":"https:\/\/steiner-polska.pl\/pl\/wp-json\/wp\/v2\/pages\/184\/revisions\/1494"}],"up":[{"embeddable":true,"href":"https:\/\/steiner-polska.pl\/pl\/wp-json\/wp\/v2\/pages\/18"}],"wp:attachment":[{"href":"https:\/\/steiner-polska.pl\/pl\/wp-json\/wp\/v2\/media?parent=184"}],"curies":[{"name":"wp","href":"https:\/\/api.w.org\/{rel}","templated":true}]}}