{"id":191,"date":"2019-06-20T10:32:49","date_gmt":"2019-06-20T08:32:49","guid":{"rendered":"http:\/\/steiner-polska.pl\/?page_id=191"},"modified":"2024-03-21T12:51:28","modified_gmt":"2024-03-21T11:51:28","slug":"plate-pasteurizer","status":"publish","type":"page","link":"https:\/\/steiner-polska.pl\/pl\/products\/plate-pasteurizer\/","title":{"rendered":"Pasteryzator p\u0142ytowy"},"content":{"rendered":"<p><img fetchpriority=\"high\" decoding=\"async\" class=\"size-medium wp-image-152 alignright\" src=\"http:\/\/steiner-polska.pl\/wp-content\/uploads\/2019\/06\/Plate_pasteurizer_unit-1-300x200.png\" alt=\"\" width=\"300\" height=\"200\" srcset=\"https:\/\/steiner-polska.pl\/wp-content\/uploads\/2019\/06\/Plate_pasteurizer_unit-1-300x200.png 300w, https:\/\/steiner-polska.pl\/wp-content\/uploads\/2019\/06\/Plate_pasteurizer_unit-1-768x512.png 768w, https:\/\/steiner-polska.pl\/wp-content\/uploads\/2019\/06\/Plate_pasteurizer_unit-1.png 900w\" sizes=\"(max-width: 300px) 100vw, 300px\" \/><\/p>\n<p style=\"font-weight: 400;\">Obecnie <strong>pasteryzacja p\u0142ytowa<\/strong> jest dobrze ugruntowana i prowadzi do d\u0142ugiej stabilno\u015bci i trwa\u0142o\u015bci produktu. <span style=\"color: #ff6600;\"><strong>Steiner<\/strong><\/span> <strong>pasteryzacja p\u0142ytowa<\/strong> urz\u0105dzenie delikatnie pasteryzuje produkt bez szkody dla jego koloru, smaku lub strawno\u015bci. Aby uzyska\u0107 optymalne wyniki, czas i temperatur\u0119 pasteryzacji nale\u017cy indywidualnie dostosowa\u0107 do konkretnego produktu. Nazwa nadana w celu ilo\u015bciowego okre\u015blenia stopnia pasteryzacji to jednostka pasteryzacji (PU). Jeden PU definiuje si\u0119 jako 1 minut\u0119 ogrzewania w temperaturze 60\u00b0C. Liczba PU wymagana dla konkretnego produktu zale\u017cy od r\u00f3\u017cnych czynnik\u00f3w, takich jak specyficzne bakterie, rodzaj opakowania i przewidywany okres przydatno\u015bci do spo\u017cycia. Okre\u015blon\u0105 warto\u015b\u0107 PU mo\u017cna uzyska\u0107 albo poprzez zastosowanie wysokiej temperatury przez kr\u00f3tki czas, albo poprzez zastosowanie ni\u017cszej temperatury przez d\u0142u\u017cszy czas. W oparciu o bardzo dok\u0142adn\u0105 kontrol\u0119 PU, niezawodne przep\u0142ywomierze i czujniki temperatury.<\/p>\n<p style=\"font-weight: 400;\"><strong>Pasteryzator p\u0142ytowy<\/strong> zapewnia sta\u0142\u0105 jako\u015b\u0107 pasteryzacji nawet przy zmiennym przep\u0142ywie produktu. W przypadku, gdy skid jest zainstalowany bezpo\u015brednio przed wlewem, mo\u017cna go \u0142atwo rozszerzy\u0107, dodaj\u0105c zbiornik buforowy.<\/p>","protected":false},"excerpt":{"rendered":"<p>Today, plate pasteurization is well established and leads to long product stability and shelf life. The Steiner plate pasteurization unit gently pasteurizes the product without injuring its colour, taste or digestibility. For optimum results, pasteurization time and temperature have to be individually adjusted to the specific product. The name given to quantify the amount of &hellip; <\/p>\n<p class=\"link-more\"><a href=\"https:\/\/steiner-polska.pl\/pl\/products\/plate-pasteurizer\/\" class=\"more-link\">Czytaj dalej<span class=\"screen-reader-text\"> \u201ePlate pasteurizer\u201d<\/span><\/a><\/p>","protected":false},"author":4,"featured_media":0,"parent":18,"menu_order":0,"comment_status":"closed","ping_status":"closed","template":"","meta":[],"yoast_head":"<!-- This site is optimized with the Yoast SEO plugin v20.0 - https:\/\/yoast.com\/wordpress\/plugins\/seo\/ -->\n<title>Plate pasteurizer - steiner-polska<\/title>\n<meta name=\"robots\" content=\"index, follow, max-snippet:-1, max-image-preview:large, max-video-preview:-1\" \/>\n<link rel=\"canonical\" href=\"https:\/\/steiner-polska.pl\/pl\/products\/plate-pasteurizer\/\" \/>\n<meta property=\"og:locale\" content=\"pl_PL\" \/>\n<meta property=\"og:type\" content=\"article\" \/>\n<meta property=\"og:title\" content=\"Plate pasteurizer - steiner-polska\" \/>\n<meta property=\"og:description\" content=\"Today, plate pasteurization is well established and leads to long product stability and shelf life. The Steiner plate pasteurization unit gently pasteurizes the product without injuring its colour, taste or digestibility. For optimum results, pasteurization time and temperature have to be individually adjusted to the specific product. The name given to quantify the amount of &hellip; Czytaj dalej \u201ePlate pasteurizer\u201d\" \/>\n<meta property=\"og:url\" content=\"https:\/\/steiner-polska.pl\/pl\/products\/plate-pasteurizer\/\" \/>\n<meta property=\"og:site_name\" content=\"steiner-polska\" \/>\n<meta property=\"article:modified_time\" content=\"2024-03-21T11:51:28+00:00\" \/>\n<meta property=\"og:image\" content=\"http:\/\/steiner-polska.pl\/wp-content\/uploads\/2019\/06\/Plate_pasteurizer_unit-1-300x200.png\" \/>\n<meta name=\"twitter:card\" content=\"summary_large_image\" \/>\n<meta name=\"twitter:label1\" content=\"Szacowany czas czytania\" \/>\n\t<meta name=\"twitter:data1\" content=\"1 minuta\" \/>\n<script type=\"application\/ld+json\" class=\"yoast-schema-graph\">{\"@context\":\"https:\/\/schema.org\",\"@graph\":[{\"@type\":\"WebPage\",\"@id\":\"https:\/\/steiner-polska.pl\/products\/plate-pasteurizer\/\",\"url\":\"https:\/\/steiner-polska.pl\/products\/plate-pasteurizer\/\",\"name\":\"Plate pasteurizer - steiner-polska\",\"isPartOf\":{\"@id\":\"https:\/\/steiner-polska.pl\/#website\"},\"datePublished\":\"2019-06-20T08:32:49+00:00\",\"dateModified\":\"2024-03-21T11:51:28+00:00\",\"breadcrumb\":{\"@id\":\"https:\/\/steiner-polska.pl\/products\/plate-pasteurizer\/#breadcrumb\"},\"inLanguage\":\"pl-PL\",\"potentialAction\":[{\"@type\":\"ReadAction\",\"target\":[\"https:\/\/steiner-polska.pl\/products\/plate-pasteurizer\/\"]}]},{\"@type\":\"BreadcrumbList\",\"@id\":\"https:\/\/steiner-polska.pl\/products\/plate-pasteurizer\/#breadcrumb\",\"itemListElement\":[{\"@type\":\"ListItem\",\"position\":1,\"name\":\"Home\",\"item\":\"https:\/\/steiner-polska.pl\/\"},{\"@type\":\"ListItem\",\"position\":2,\"name\":\"PRODUCTS\",\"item\":\"https:\/\/steiner-polska.pl\/products\/\"},{\"@type\":\"ListItem\",\"position\":3,\"name\":\"Plate pasteurizer\"}]},{\"@type\":\"WebSite\",\"@id\":\"https:\/\/steiner-polska.pl\/#website\",\"url\":\"https:\/\/steiner-polska.pl\/\",\"name\":\"steiner-polska\",\"description\":\"Innovative Solutions\",\"potentialAction\":[{\"@type\":\"SearchAction\",\"target\":{\"@type\":\"EntryPoint\",\"urlTemplate\":\"https:\/\/steiner-polska.pl\/?s={search_term_string}\"},\"query-input\":\"required name=search_term_string\"}],\"inLanguage\":\"pl-PL\"}]}<\/script>\n<!-- \/ Yoast SEO plugin. -->","yoast_head_json":{"title":"Plate pasteurizer - steiner-polska","robots":{"index":"index","follow":"follow","max-snippet":"max-snippet:-1","max-image-preview":"max-image-preview:large","max-video-preview":"max-video-preview:-1"},"canonical":"https:\/\/steiner-polska.pl\/pl\/products\/plate-pasteurizer\/","og_locale":"pl_PL","og_type":"article","og_title":"Plate pasteurizer - steiner-polska","og_description":"Today, plate pasteurization is well established and leads to long product stability and shelf life. The Steiner plate pasteurization unit gently pasteurizes the product without injuring its colour, taste or digestibility. For optimum results, pasteurization time and temperature have to be individually adjusted to the specific product. The name given to quantify the amount of &hellip; Czytaj dalej \u201ePlate pasteurizer\u201d","og_url":"https:\/\/steiner-polska.pl\/pl\/products\/plate-pasteurizer\/","og_site_name":"steiner-polska","article_modified_time":"2024-03-21T11:51:28+00:00","og_image":[{"url":"http:\/\/steiner-polska.pl\/wp-content\/uploads\/2019\/06\/Plate_pasteurizer_unit-1-300x200.png"}],"twitter_card":"summary_large_image","twitter_misc":{"Szacowany czas czytania":"1 minuta"},"schema":{"@context":"https:\/\/schema.org","@graph":[{"@type":"WebPage","@id":"https:\/\/steiner-polska.pl\/products\/plate-pasteurizer\/","url":"https:\/\/steiner-polska.pl\/products\/plate-pasteurizer\/","name":"Plate pasteurizer - steiner-polska","isPartOf":{"@id":"https:\/\/steiner-polska.pl\/#website"},"datePublished":"2019-06-20T08:32:49+00:00","dateModified":"2024-03-21T11:51:28+00:00","breadcrumb":{"@id":"https:\/\/steiner-polska.pl\/products\/plate-pasteurizer\/#breadcrumb"},"inLanguage":"pl-PL","potentialAction":[{"@type":"ReadAction","target":["https:\/\/steiner-polska.pl\/products\/plate-pasteurizer\/"]}]},{"@type":"BreadcrumbList","@id":"https:\/\/steiner-polska.pl\/products\/plate-pasteurizer\/#breadcrumb","itemListElement":[{"@type":"ListItem","position":1,"name":"Home","item":"https:\/\/steiner-polska.pl\/"},{"@type":"ListItem","position":2,"name":"PRODUCTS","item":"https:\/\/steiner-polska.pl\/products\/"},{"@type":"ListItem","position":3,"name":"Plate pasteurizer"}]},{"@type":"WebSite","@id":"https:\/\/steiner-polska.pl\/#website","url":"https:\/\/steiner-polska.pl\/","name":"steiner-polska","description":"Innovative Solutions","potentialAction":[{"@type":"SearchAction","target":{"@type":"EntryPoint","urlTemplate":"https:\/\/steiner-polska.pl\/?s={search_term_string}"},"query-input":"required name=search_term_string"}],"inLanguage":"pl-PL"}]}},"_links":{"self":[{"href":"https:\/\/steiner-polska.pl\/pl\/wp-json\/wp\/v2\/pages\/191"}],"collection":[{"href":"https:\/\/steiner-polska.pl\/pl\/wp-json\/wp\/v2\/pages"}],"about":[{"href":"https:\/\/steiner-polska.pl\/pl\/wp-json\/wp\/v2\/types\/page"}],"author":[{"embeddable":true,"href":"https:\/\/steiner-polska.pl\/pl\/wp-json\/wp\/v2\/users\/4"}],"replies":[{"embeddable":true,"href":"https:\/\/steiner-polska.pl\/pl\/wp-json\/wp\/v2\/comments?post=191"}],"version-history":[{"count":11,"href":"https:\/\/steiner-polska.pl\/pl\/wp-json\/wp\/v2\/pages\/191\/revisions"}],"predecessor-version":[{"id":271,"href":"https:\/\/steiner-polska.pl\/pl\/wp-json\/wp\/v2\/pages\/191\/revisions\/271"}],"up":[{"embeddable":true,"href":"https:\/\/steiner-polska.pl\/pl\/wp-json\/wp\/v2\/pages\/18"}],"wp:attachment":[{"href":"https:\/\/steiner-polska.pl\/pl\/wp-json\/wp\/v2\/media?parent=191"}],"curies":[{"name":"wp","href":"https:\/\/api.w.org\/{rel}","templated":true}]}}