{"id":21,"date":"2019-05-17T08:11:41","date_gmt":"2019-05-17T06:11:41","guid":{"rendered":"http:\/\/steiner-polska.pl\/?page_id=21"},"modified":"2024-03-05T14:13:22","modified_gmt":"2024-03-05T13:13:22","slug":"our-production-site","status":"publish","type":"page","link":"https:\/\/steiner-polska.pl\/pl\/our-production-site\/","title":{"rendered":"US\u0141UGI"},"content":{"rendered":"<div id=\"pg-276-0\" class=\"panel-grid panel-no-style\" data-style=\"{&quot;background_image_attachment&quot;:false,&quot;background_display&quot;:&quot;tile&quot;,&quot;cell_alignment&quot;:&quot;flex-start&quot;}\">\r\n<div id=\"pgc-276-0-0\" class=\"panel-grid-cell\" data-weight=\"1\">\r\n<div id=\"panel-276-0-0-0\" class=\"so-panel widget widget_text panel-first-child panel-last-child\" data-index=\"0\" data-style=\"{&quot;background_image_attachment&quot;:false,&quot;background_display&quot;:&quot;tile&quot;,&quot;font_color&quot;:&quot;#ffffff&quot;}\">\r\n<div class=\"panel-widget-style panel-widget-style-for-276-0-0-0\">\r\n<div class=\"textwidget\">\r\n<p><span style=\"color: #ff6600;\"><strong>Steiner<\/strong> <\/span>nie tylko produkuje i dostarcza wysokiej jako\u015bci sprz\u0119t procesowy, ale tak\u017ce oferuje szeroki zakres us\u0142ug. Poni\u017cej mo\u017cna znale\u017a\u0107 wszystkie dziedziny, w kt\u00f3rych mo\u017cemy pom\u00f3c.<\/p>\r\n<p>Projektowanie i wykonawstwo ruroci\u0105g\u00f3w przemys\u0142owych wraz z urz\u0105dzeniami wsp\u00f3\u0142pracuj\u0105cymi, konstrukcji stalowych i ze stali nierdzewnej, maszyn i urz\u0105dze\u0144, podest\u00f3w obs\u0142ugowych, monta\u017c i spawanie instalacji technologicznych kwasoodpornych dla przemys\u0142u spo\u017cywczego, chemicznego i farmaceutycznego, prefabrykacja i monta\u017c konstrukcji mechanicznych takich jak podesty, schody, pomosty i barierki ochronne, kompleksowa realizacja linii technologicznych wyposa\u017conych w mieszalniki, wymienniki ciep\u0142a, pasteryzatory, CIP i inne profesjonalne urz\u0105dzenia, relokacje linii produkcyjnych, wykonawstwo i monta\u017c zbiornik\u00f3w ci\u015bnieniowych i bezci\u015bnieniowych, monta\u017c instalacji ch\u0142odniczych dla przemys\u0142u spo\u017cywczego, monta\u017c instalacji sanitarnych, monta\u017c kot\u0142\u00f3w parowych, instalacji cieplnych, automatyki przemys\u0142owej, izolacji ciep\u0142o i zimnochronnych, realizacja nietypowych zlece\u0144 naszych Klient\u00f3w wed\u0142ug ich indywidualnych projekt\u00f3w i wymaga\u0144, gruntowne remonty i naprawy bie\u017c\u0105ce.<\/p>\r\n<\/div>\r\n<\/div>\r\n<\/div>\r\n<\/div>\r\n<\/div>","protected":false},"excerpt":{"rendered":"<p>Steiner not only produces and supplies high-quality process equipment but also offers a wide range of services. Bellow you can find all fields in which we can assist you. Designing and construction of industrial pipelines with mating appliances, steel and stainless steel construction, machines and devices, service platforms, assembly and welding of acid proof processing &hellip; <\/p>\n<p class=\"link-more\"><a href=\"https:\/\/steiner-polska.pl\/pl\/our-production-site\/\" class=\"more-link\">Czytaj dalej<span class=\"screen-reader-text\"> \u201eSERVICES\u201d<\/span><\/a><\/p>","protected":false},"author":4,"featured_media":40,"parent":0,"menu_order":0,"comment_status":"closed","ping_status":"closed","template":"","meta":[],"yoast_head":"<!-- This site is optimized with the Yoast SEO plugin v20.0 - https:\/\/yoast.com\/wordpress\/plugins\/seo\/ -->\n<title>SERVICES - Steiner Polska<\/title>\n<meta name=\"description\" content=\"Since 2017, we do not only supply but produce process equipment as well. Our production site is located in \u0141omianki, Poland.\" \/>\n<meta name=\"robots\" content=\"index, follow, max-snippet:-1, max-image-preview:large, max-video-preview:-1\" \/>\n<link rel=\"canonical\" href=\"https:\/\/steiner-polska.pl\/pl\/our-production-site\/\" \/>\n<meta property=\"og:locale\" content=\"pl_PL\" \/>\n<meta property=\"og:type\" content=\"article\" \/>\n<meta property=\"og:title\" content=\"SERVICES - Steiner Polska\" \/>\n<meta property=\"og:description\" content=\"Since 2017, we do not only supply but produce process equipment as well. Our production site is located in \u0141omianki, Poland.\" \/>\n<meta property=\"og:url\" content=\"https:\/\/steiner-polska.pl\/pl\/our-production-site\/\" \/>\n<meta property=\"og:site_name\" content=\"steiner-polska\" \/>\n<meta property=\"article:modified_time\" content=\"2024-03-05T13:13:22+00:00\" \/>\n<meta property=\"og:image\" content=\"http:\/\/steiner-polska.pl\/wp-content\/uploads\/2019\/05\/industrial-engineering.jpeg\" \/>\n\t<meta property=\"og:image:width\" content=\"1800\" \/>\n\t<meta property=\"og:image:height\" content=\"1203\" \/>\n\t<meta property=\"og:image:type\" content=\"image\/jpeg\" \/>\n<meta name=\"twitter:card\" content=\"summary_large_image\" \/>\n<meta name=\"twitter:label1\" content=\"Szacowany czas czytania\" \/>\n\t<meta name=\"twitter:data1\" content=\"1 minuta\" \/>\n<script type=\"application\/ld+json\" class=\"yoast-schema-graph\">{\"@context\":\"https:\/\/schema.org\",\"@graph\":[{\"@type\":\"WebPage\",\"@id\":\"https:\/\/steiner-polska.pl\/our-production-site\/\",\"url\":\"https:\/\/steiner-polska.pl\/our-production-site\/\",\"name\":\"SERVICES - Steiner Polska\",\"isPartOf\":{\"@id\":\"https:\/\/steiner-polska.pl\/#website\"},\"datePublished\":\"2019-05-17T06:11:41+00:00\",\"dateModified\":\"2024-03-05T13:13:22+00:00\",\"description\":\"Since 2017, we do not only supply but produce process equipment as well. Our production site is located in \u0141omianki, Poland.\",\"breadcrumb\":{\"@id\":\"https:\/\/steiner-polska.pl\/our-production-site\/#breadcrumb\"},\"inLanguage\":\"pl-PL\",\"potentialAction\":[{\"@type\":\"ReadAction\",\"target\":[\"https:\/\/steiner-polska.pl\/our-production-site\/\"]}]},{\"@type\":\"BreadcrumbList\",\"@id\":\"https:\/\/steiner-polska.pl\/our-production-site\/#breadcrumb\",\"itemListElement\":[{\"@type\":\"ListItem\",\"position\":1,\"name\":\"Home\",\"item\":\"https:\/\/steiner-polska.pl\/\"},{\"@type\":\"ListItem\",\"position\":2,\"name\":\"SERVICES\"}]},{\"@type\":\"WebSite\",\"@id\":\"https:\/\/steiner-polska.pl\/#website\",\"url\":\"https:\/\/steiner-polska.pl\/\",\"name\":\"steiner-polska\",\"description\":\"Innovative Solutions\",\"potentialAction\":[{\"@type\":\"SearchAction\",\"target\":{\"@type\":\"EntryPoint\",\"urlTemplate\":\"https:\/\/steiner-polska.pl\/?s={search_term_string}\"},\"query-input\":\"required name=search_term_string\"}],\"inLanguage\":\"pl-PL\"}]}<\/script>\n<!-- \/ Yoast SEO plugin. -->","yoast_head_json":{"title":"SERVICES - Steiner Polska","description":"Since 2017, we do not only supply but produce process equipment as well. Our production site is located in \u0141omianki, Poland.","robots":{"index":"index","follow":"follow","max-snippet":"max-snippet:-1","max-image-preview":"max-image-preview:large","max-video-preview":"max-video-preview:-1"},"canonical":"https:\/\/steiner-polska.pl\/pl\/our-production-site\/","og_locale":"pl_PL","og_type":"article","og_title":"SERVICES - Steiner Polska","og_description":"Since 2017, we do not only supply but produce process equipment as well. Our production site is located in \u0141omianki, Poland.","og_url":"https:\/\/steiner-polska.pl\/pl\/our-production-site\/","og_site_name":"steiner-polska","article_modified_time":"2024-03-05T13:13:22+00:00","og_image":[{"width":1800,"height":1203,"url":"http:\/\/steiner-polska.pl\/wp-content\/uploads\/2019\/05\/industrial-engineering.jpeg","type":"image\/jpeg"}],"twitter_card":"summary_large_image","twitter_misc":{"Szacowany czas czytania":"1 minuta"},"schema":{"@context":"https:\/\/schema.org","@graph":[{"@type":"WebPage","@id":"https:\/\/steiner-polska.pl\/our-production-site\/","url":"https:\/\/steiner-polska.pl\/our-production-site\/","name":"SERVICES - Steiner Polska","isPartOf":{"@id":"https:\/\/steiner-polska.pl\/#website"},"datePublished":"2019-05-17T06:11:41+00:00","dateModified":"2024-03-05T13:13:22+00:00","description":"Since 2017, we do not only supply but produce process equipment as well. Our production site is located in \u0141omianki, Poland.","breadcrumb":{"@id":"https:\/\/steiner-polska.pl\/our-production-site\/#breadcrumb"},"inLanguage":"pl-PL","potentialAction":[{"@type":"ReadAction","target":["https:\/\/steiner-polska.pl\/our-production-site\/"]}]},{"@type":"BreadcrumbList","@id":"https:\/\/steiner-polska.pl\/our-production-site\/#breadcrumb","itemListElement":[{"@type":"ListItem","position":1,"name":"Home","item":"https:\/\/steiner-polska.pl\/"},{"@type":"ListItem","position":2,"name":"SERVICES"}]},{"@type":"WebSite","@id":"https:\/\/steiner-polska.pl\/#website","url":"https:\/\/steiner-polska.pl\/","name":"steiner-polska","description":"Innovative Solutions","potentialAction":[{"@type":"SearchAction","target":{"@type":"EntryPoint","urlTemplate":"https:\/\/steiner-polska.pl\/?s={search_term_string}"},"query-input":"required name=search_term_string"}],"inLanguage":"pl-PL"}]}},"_links":{"self":[{"href":"https:\/\/steiner-polska.pl\/pl\/wp-json\/wp\/v2\/pages\/21"}],"collection":[{"href":"https:\/\/steiner-polska.pl\/pl\/wp-json\/wp\/v2\/pages"}],"about":[{"href":"https:\/\/steiner-polska.pl\/pl\/wp-json\/wp\/v2\/types\/page"}],"author":[{"embeddable":true,"href":"https:\/\/steiner-polska.pl\/pl\/wp-json\/wp\/v2\/users\/4"}],"replies":[{"embeddable":true,"href":"https:\/\/steiner-polska.pl\/pl\/wp-json\/wp\/v2\/comments?post=21"}],"version-history":[{"count":12,"href":"https:\/\/steiner-polska.pl\/pl\/wp-json\/wp\/v2\/pages\/21\/revisions"}],"predecessor-version":[{"id":1486,"href":"https:\/\/steiner-polska.pl\/pl\/wp-json\/wp\/v2\/pages\/21\/revisions\/1486"}],"wp:featuredmedia":[{"embeddable":true,"href":"https:\/\/steiner-polska.pl\/pl\/wp-json\/wp\/v2\/media\/40"}],"wp:attachment":[{"href":"https:\/\/steiner-polska.pl\/pl\/wp-json\/wp\/v2\/media?parent=21"}],"curies":[{"name":"wp","href":"https:\/\/api.w.org\/{rel}","templated":true}]}}