{"id":232,"date":"2019-06-20T11:19:39","date_gmt":"2019-06-20T09:19:39","guid":{"rendered":"http:\/\/steiner-polska.pl\/?page_id=232"},"modified":"2024-03-21T12:50:21","modified_gmt":"2024-03-21T11:50:21","slug":"fluid-and-powder-mixing-unit","status":"publish","type":"page","link":"https:\/\/steiner-polska.pl\/pl\/products\/fluid-and-powder-mixing-unit\/","title":{"rendered":"Jednostka mieszania p\u0142yn\u00f3w i proszk\u00f3w"},"content":{"rendered":"<p><img fetchpriority=\"high\" decoding=\"async\" class=\"size-medium wp-image-155 alignright\" src=\"http:\/\/steiner-polska.pl\/wp-content\/uploads\/2019\/06\/mixing-1-300x200.png\" alt=\"\" width=\"300\" height=\"200\" srcset=\"https:\/\/steiner-polska.pl\/wp-content\/uploads\/2019\/06\/mixing-1-300x200.png 300w, https:\/\/steiner-polska.pl\/wp-content\/uploads\/2019\/06\/mixing-1-768x512.png 768w, https:\/\/steiner-polska.pl\/wp-content\/uploads\/2019\/06\/mixing-1.png 900w\" sizes=\"(max-width: 300px) 100vw, 300px\" \/><\/p>\n<p><strong><span style=\"color: #ff6600;\">Steiner<\/span> <\/strong>stosuje rewolucyjne podej\u015bcie do <strong>mieszania proszk\u00f3w z cieczami.<\/strong> W przeciwie\u0144stwie do wielu mikser\u00f3w proszek\/ciecz, kt\u00f3re wykorzystuj\u0105 podci\u015bnienie do wci\u0105gania proszk\u00f3w. Steiner dos\u0142ownie wt\u0142acza proszek do strumienia cieczy. Pozwala to nie tylko na dyspergowanie i hydratacj\u0119 du\u017cych ilo\u015bci proszk\u00f3w, ale oznacza, \u017ce mo\u017ce by\u0107 stosowany w wy\u017cszych temperaturach i z mieszankami o wy\u017cszej lepko\u015bci - oferuj\u0105c zalety mieszania z wysokim \u015bcinaniem w szerokim zakresie zastosowa\u0144, kt\u00f3re wcze\u015bniej nie by\u0142y mo\u017cliwe. <span style=\"color: #ff6600;\"><strong>Steiner<\/strong> <\/span>oferuje unikaln\u0105 metod\u0119 wprowadzania proszk\u00f3w do cieczy, tworz\u0105c wolny od aglomerat\u00f3w i jednorodny produkt.<\/p>","protected":false},"excerpt":{"rendered":"<p>Steiner takes a revolutionary approach to powder\/liquid mixing. Unlike many powder\/liquid mixers, which use vacuum to pull in powders. Steiner literally forces powder into the liquid stream. This does not only allows it to disperse and hydrate large volumes of powders, it means it can be used at higher temperatures and with higher viscosity mixes &hellip; <\/p>\n<p class=\"link-more\"><a href=\"https:\/\/steiner-polska.pl\/pl\/products\/fluid-and-powder-mixing-unit\/\" class=\"more-link\">Czytaj dalej<span class=\"screen-reader-text\"> \u201eFluid and powder mixing unit\u201d<\/span><\/a><\/p>","protected":false},"author":4,"featured_media":0,"parent":18,"menu_order":0,"comment_status":"closed","ping_status":"closed","template":"","meta":[],"yoast_head":"<!-- This site is optimized with the Yoast SEO plugin v20.0 - https:\/\/yoast.com\/wordpress\/plugins\/seo\/ -->\n<title>Fluid and powder mixing unit - steiner-polska<\/title>\n<meta name=\"robots\" content=\"index, follow, max-snippet:-1, max-image-preview:large, max-video-preview:-1\" \/>\n<link rel=\"canonical\" href=\"https:\/\/steiner-polska.pl\/pl\/products\/fluid-and-powder-mixing-unit\/\" \/>\n<meta property=\"og:locale\" content=\"pl_PL\" \/>\n<meta property=\"og:type\" content=\"article\" \/>\n<meta property=\"og:title\" content=\"Fluid and powder mixing unit - steiner-polska\" \/>\n<meta property=\"og:description\" content=\"Steiner takes a revolutionary approach to powder\/liquid mixing. Unlike many powder\/liquid mixers, which use vacuum to pull in powders. Steiner literally forces powder into the liquid stream. This does not only allows it to disperse and hydrate large volumes of powders, it means it can be used at higher temperatures and with higher viscosity mixes &hellip; Czytaj dalej \u201eFluid and powder mixing unit\u201d\" \/>\n<meta property=\"og:url\" content=\"https:\/\/steiner-polska.pl\/pl\/products\/fluid-and-powder-mixing-unit\/\" \/>\n<meta property=\"og:site_name\" content=\"steiner-polska\" \/>\n<meta property=\"article:modified_time\" content=\"2024-03-21T11:50:21+00:00\" \/>\n<meta property=\"og:image\" content=\"http:\/\/steiner-polska.pl\/wp-content\/uploads\/2019\/06\/mixing-1-300x200.png\" \/>\n<meta name=\"twitter:card\" content=\"summary_large_image\" \/>\n<meta name=\"twitter:label1\" content=\"Szacowany czas czytania\" \/>\n\t<meta name=\"twitter:data1\" content=\"1 minuta\" \/>\n<script type=\"application\/ld+json\" class=\"yoast-schema-graph\">{\"@context\":\"https:\/\/schema.org\",\"@graph\":[{\"@type\":\"WebPage\",\"@id\":\"https:\/\/steiner-polska.pl\/products\/fluid-and-powder-mixing-unit\/\",\"url\":\"https:\/\/steiner-polska.pl\/products\/fluid-and-powder-mixing-unit\/\",\"name\":\"Fluid and powder mixing unit - steiner-polska\",\"isPartOf\":{\"@id\":\"https:\/\/steiner-polska.pl\/#website\"},\"datePublished\":\"2019-06-20T09:19:39+00:00\",\"dateModified\":\"2024-03-21T11:50:21+00:00\",\"breadcrumb\":{\"@id\":\"https:\/\/steiner-polska.pl\/products\/fluid-and-powder-mixing-unit\/#breadcrumb\"},\"inLanguage\":\"pl-PL\",\"potentialAction\":[{\"@type\":\"ReadAction\",\"target\":[\"https:\/\/steiner-polska.pl\/products\/fluid-and-powder-mixing-unit\/\"]}]},{\"@type\":\"BreadcrumbList\",\"@id\":\"https:\/\/steiner-polska.pl\/products\/fluid-and-powder-mixing-unit\/#breadcrumb\",\"itemListElement\":[{\"@type\":\"ListItem\",\"position\":1,\"name\":\"Home\",\"item\":\"https:\/\/steiner-polska.pl\/\"},{\"@type\":\"ListItem\",\"position\":2,\"name\":\"PRODUCTS\",\"item\":\"https:\/\/steiner-polska.pl\/products\/\"},{\"@type\":\"ListItem\",\"position\":3,\"name\":\"Fluid and powder mixing unit\"}]},{\"@type\":\"WebSite\",\"@id\":\"https:\/\/steiner-polska.pl\/#website\",\"url\":\"https:\/\/steiner-polska.pl\/\",\"name\":\"steiner-polska\",\"description\":\"Innovative Solutions\",\"potentialAction\":[{\"@type\":\"SearchAction\",\"target\":{\"@type\":\"EntryPoint\",\"urlTemplate\":\"https:\/\/steiner-polska.pl\/?s={search_term_string}\"},\"query-input\":\"required name=search_term_string\"}],\"inLanguage\":\"pl-PL\"}]}<\/script>\n<!-- \/ Yoast SEO plugin. -->","yoast_head_json":{"title":"Fluid and powder mixing unit - steiner-polska","robots":{"index":"index","follow":"follow","max-snippet":"max-snippet:-1","max-image-preview":"max-image-preview:large","max-video-preview":"max-video-preview:-1"},"canonical":"https:\/\/steiner-polska.pl\/pl\/products\/fluid-and-powder-mixing-unit\/","og_locale":"pl_PL","og_type":"article","og_title":"Fluid and powder mixing unit - steiner-polska","og_description":"Steiner takes a revolutionary approach to powder\/liquid mixing. Unlike many powder\/liquid mixers, which use vacuum to pull in powders. Steiner literally forces powder into the liquid stream. This does not only allows it to disperse and hydrate large volumes of powders, it means it can be used at higher temperatures and with higher viscosity mixes &hellip; Czytaj dalej \u201eFluid and powder mixing unit\u201d","og_url":"https:\/\/steiner-polska.pl\/pl\/products\/fluid-and-powder-mixing-unit\/","og_site_name":"steiner-polska","article_modified_time":"2024-03-21T11:50:21+00:00","og_image":[{"url":"http:\/\/steiner-polska.pl\/wp-content\/uploads\/2019\/06\/mixing-1-300x200.png"}],"twitter_card":"summary_large_image","twitter_misc":{"Szacowany czas czytania":"1 minuta"},"schema":{"@context":"https:\/\/schema.org","@graph":[{"@type":"WebPage","@id":"https:\/\/steiner-polska.pl\/products\/fluid-and-powder-mixing-unit\/","url":"https:\/\/steiner-polska.pl\/products\/fluid-and-powder-mixing-unit\/","name":"Fluid and powder mixing unit - steiner-polska","isPartOf":{"@id":"https:\/\/steiner-polska.pl\/#website"},"datePublished":"2019-06-20T09:19:39+00:00","dateModified":"2024-03-21T11:50:21+00:00","breadcrumb":{"@id":"https:\/\/steiner-polska.pl\/products\/fluid-and-powder-mixing-unit\/#breadcrumb"},"inLanguage":"pl-PL","potentialAction":[{"@type":"ReadAction","target":["https:\/\/steiner-polska.pl\/products\/fluid-and-powder-mixing-unit\/"]}]},{"@type":"BreadcrumbList","@id":"https:\/\/steiner-polska.pl\/products\/fluid-and-powder-mixing-unit\/#breadcrumb","itemListElement":[{"@type":"ListItem","position":1,"name":"Home","item":"https:\/\/steiner-polska.pl\/"},{"@type":"ListItem","position":2,"name":"PRODUCTS","item":"https:\/\/steiner-polska.pl\/products\/"},{"@type":"ListItem","position":3,"name":"Fluid and powder mixing unit"}]},{"@type":"WebSite","@id":"https:\/\/steiner-polska.pl\/#website","url":"https:\/\/steiner-polska.pl\/","name":"steiner-polska","description":"Innovative Solutions","potentialAction":[{"@type":"SearchAction","target":{"@type":"EntryPoint","urlTemplate":"https:\/\/steiner-polska.pl\/?s={search_term_string}"},"query-input":"required name=search_term_string"}],"inLanguage":"pl-PL"}]}},"_links":{"self":[{"href":"https:\/\/steiner-polska.pl\/pl\/wp-json\/wp\/v2\/pages\/232"}],"collection":[{"href":"https:\/\/steiner-polska.pl\/pl\/wp-json\/wp\/v2\/pages"}],"about":[{"href":"https:\/\/steiner-polska.pl\/pl\/wp-json\/wp\/v2\/types\/page"}],"author":[{"embeddable":true,"href":"https:\/\/steiner-polska.pl\/pl\/wp-json\/wp\/v2\/users\/4"}],"replies":[{"embeddable":true,"href":"https:\/\/steiner-polska.pl\/pl\/wp-json\/wp\/v2\/comments?post=232"}],"version-history":[{"count":8,"href":"https:\/\/steiner-polska.pl\/pl\/wp-json\/wp\/v2\/pages\/232\/revisions"}],"predecessor-version":[{"id":256,"href":"https:\/\/steiner-polska.pl\/pl\/wp-json\/wp\/v2\/pages\/232\/revisions\/256"}],"up":[{"embeddable":true,"href":"https:\/\/steiner-polska.pl\/pl\/wp-json\/wp\/v2\/pages\/18"}],"wp:attachment":[{"href":"https:\/\/steiner-polska.pl\/pl\/wp-json\/wp\/v2\/media?parent=232"}],"curies":[{"name":"wp","href":"https:\/\/api.w.org\/{rel}","templated":true}]}}