{"id":334,"date":"2019-07-04T14:32:12","date_gmt":"2019-07-04T12:32:12","guid":{"rendered":"http:\/\/steiner-polska.pl\/?page_id=334"},"modified":"2024-03-27T12:56:28","modified_gmt":"2024-03-27T11:56:28","slug":"food-industries","status":"publish","type":"page","link":"https:\/\/steiner-polska.pl\/pl\/industries\/food-industries\/","title":{"rendered":"Przemys\u0142 spo\u017cywczy"},"content":{"rendered":"<style type=\"text\/css\"><!--td {border: 1px solid #ccc;}br {mso-data-placement:same-cell;}--><\/style>\n<table dir=\"ltr\" border=\"1\" cellspacing=\"0\" cellpadding=\"0\">\n<colgroup>\n<col width=\"100\" \/>\n<col width=\"182\" \/>\n<col width=\"132\" \/><\/colgroup>\n<tbody>\n<tr>\n<td style=\"text-align: center;\" data-sheets-value=\"{&quot;1&quot;:2,&quot;2&quot;:&quot;Oil and Fat&quot;}\"><strong>Oleje i t\u0142uszcze<\/strong><\/td>\n<td style=\"text-align: center;\" data-sheets-value=\"{&quot;1&quot;:2,&quot;2&quot;:&quot;Dairy&quot;}\"><strong>Nabia\u0142<\/strong><\/td>\n<td style=\"text-align: center;\" data-sheets-value=\"{&quot;1&quot;:2,&quot;2&quot;:&quot;Drinks&quot;}\"><strong>Napoje<\/strong><\/td>\n<\/tr>\n<tr>\n<td>&nbsp;<\/p>\n<p style=\"text-align: center;\"><a href=\"http:\/\/steiner-polska.pl\/pl\/ketchup-sauce-and-mayonnaise-process-equipment\/\"><img fetchpriority=\"high\" decoding=\"async\" class=\"wp-image-154 size-medium aligncenter\" src=\"http:\/\/steiner-polska.pl\/wp-content\/uploads\/2019\/06\/ketchup-and-mayo-system-1-300x200.png\" alt=\"\" width=\"300\" height=\"200\" srcset=\"https:\/\/steiner-polska.pl\/wp-content\/uploads\/2019\/06\/ketchup-and-mayo-system-1-300x200.png 300w, https:\/\/steiner-polska.pl\/wp-content\/uploads\/2019\/06\/ketchup-and-mayo-system-1-768x512.png 768w, https:\/\/steiner-polska.pl\/wp-content\/uploads\/2019\/06\/ketchup-and-mayo-system-1.png 900w\" sizes=\"(max-width: 300px) 100vw, 300px\" \/><\/a><\/p>\n<p>&nbsp;<\/p>\n<p style=\"text-align: center;\"><a href=\"http:\/\/steiner-polska.pl\/pl\/ketchup-sauce-and-mayonnaise-process-equipment\/\">Ketchup, sos i majonez\u00a0<\/a><br \/>\nUrz\u0105dzenia procesowe<\/p>\n<\/td>\n<td colspan=\"2\" rowspan=\"1\"><a href=\"http:\/\/steiner-polska.pl\/pl\/syrup-room\/\"><img decoding=\"async\" class=\"aligncenter wp-image-130\" src=\"http:\/\/steiner-polska.pl\/wp-content\/uploads\/2019\/06\/syrup-room-300x200.png\" alt=\"\" width=\"243\" height=\"162\" srcset=\"https:\/\/steiner-polska.pl\/wp-content\/uploads\/2019\/06\/syrup-room-300x200.png 300w, https:\/\/steiner-polska.pl\/wp-content\/uploads\/2019\/06\/syrup-room-768x512.png 768w, https:\/\/steiner-polska.pl\/wp-content\/uploads\/2019\/06\/syrup-room.png 900w\" sizes=\"(max-width: 243px) 100vw, 243px\" \/><\/a><\/p>\n<p style=\"text-align: center;\"><a href=\"http:\/\/steiner-polska.pl\/pl\/syrup-room\/\">Syropownia<\/a><\/p>\n<\/td>\n<\/tr>\n<tr>\n<td colspan=\"3\" rowspan=\"1\"><a href=\"http:\/\/steiner-polska.pl\/pl\/cip-station\/\"><img decoding=\"async\" class=\"aligncenter wp-image-201 size-medium\" src=\"http:\/\/steiner-polska.pl\/wp-content\/uploads\/2019\/06\/cip-station-for-website-300x200.png\" alt=\"\" width=\"300\" height=\"200\" srcset=\"https:\/\/steiner-polska.pl\/wp-content\/uploads\/2019\/06\/cip-station-for-website-300x200.png 300w, https:\/\/steiner-polska.pl\/wp-content\/uploads\/2019\/06\/cip-station-for-website-768x512.png 768w, https:\/\/steiner-polska.pl\/wp-content\/uploads\/2019\/06\/cip-station-for-website.png 900w\" sizes=\"(max-width: 300px) 100vw, 300px\" \/><\/a><\/p>\n<p style=\"text-align: center;\"><a href=\"http:\/\/steiner-polska.pl\/pl\/cip-station\/\">Stacja CIP<\/a><\/p>\n<\/td>\n<\/tr>\n<tr>\n<td colspan=\"3\" rowspan=\"1\"><a href=\"http:\/\/steiner-polska.pl\/pl\/plate-pasteurizer\/\"><img loading=\"lazy\" decoding=\"async\" class=\"alignnone size-medium wp-image-219 aligncenter\" src=\"http:\/\/steiner-polska.pl\/wp-content\/uploads\/2019\/06\/Plate_pasteurizer_unit-1-1-300x200.png\" alt=\"\" width=\"300\" height=\"200\" srcset=\"https:\/\/steiner-polska.pl\/wp-content\/uploads\/2019\/06\/Plate_pasteurizer_unit-1-1-300x200.png 300w, https:\/\/steiner-polska.pl\/wp-content\/uploads\/2019\/06\/Plate_pasteurizer_unit-1-1-768x512.png 768w, https:\/\/steiner-polska.pl\/wp-content\/uploads\/2019\/06\/Plate_pasteurizer_unit-1-1.png 900w\" sizes=\"(max-width: 300px) 100vw, 300px\" \/><\/a><\/p>\n<p style=\"text-align: center;\"><a href=\"http:\/\/steiner-polska.pl\/pl\/plate-pasteurizer\/\">Pasteryzator p\u0142ytowy<\/a><\/p>\n<\/td>\n<\/tr>\n<tr>\n<td colspan=\"3\" rowspan=\"1\"><a href=\"http:\/\/steiner-polska.pl\/pl\/multicomponent-dosing-systems\/\"><img loading=\"lazy\" decoding=\"async\" class=\"aligncenter wp-image-188 size-medium\" src=\"http:\/\/steiner-polska.pl\/wp-content\/uploads\/2019\/06\/multicomponent-dosing-systems-300x200.png\" alt=\"\" width=\"300\" height=\"200\" srcset=\"https:\/\/steiner-polska.pl\/wp-content\/uploads\/2019\/06\/multicomponent-dosing-systems-300x200.png 300w, https:\/\/steiner-polska.pl\/wp-content\/uploads\/2019\/06\/multicomponent-dosing-systems-768x512.png 768w, https:\/\/steiner-polska.pl\/wp-content\/uploads\/2019\/06\/multicomponent-dosing-systems.png 900w\" sizes=\"(max-width: 300px) 100vw, 300px\" \/><\/a><\/p>\n<p style=\"text-align: center;\"><a href=\"http:\/\/steiner-polska.pl\/pl\/multicomponent-dosing-systems\/\">Wielosk\u0142adnikowy system dozowania<\/a><\/p>\n<\/td>\n<\/tr>\n<tr>\n<td colspan=\"3\" rowspan=\"1\"><a href=\"http:\/\/steiner-polska.pl\/pl\/fluid-and-powder-mixing-unit\/\"><img loading=\"lazy\" decoding=\"async\" class=\"aligncenter wp-image-155 size-medium\" src=\"http:\/\/steiner-polska.pl\/wp-content\/uploads\/2019\/06\/mixing-1-300x200.png\" alt=\"\" width=\"300\" height=\"200\" srcset=\"https:\/\/steiner-polska.pl\/wp-content\/uploads\/2019\/06\/mixing-1-300x200.png 300w, https:\/\/steiner-polska.pl\/wp-content\/uploads\/2019\/06\/mixing-1-768x512.png 768w, https:\/\/steiner-polska.pl\/wp-content\/uploads\/2019\/06\/mixing-1.png 900w\" sizes=\"(max-width: 300px) 100vw, 300px\" \/><\/a><\/p>\n<p style=\"text-align: center;\"><a href=\"http:\/\/steiner-polska.pl\/pl\/fluid-and-powder-mixing-unit\/\">Jednostka mieszania p\u0142yn\u00f3w i proszk\u00f3w<\/a><\/p>\n<\/td>\n<\/tr>\n<\/tbody>\n<\/table>","protected":false},"excerpt":{"rendered":"<p>Oil and Fat Dairy Drinks &nbsp; &nbsp; Ketchup, Sauce and Mayonnaise\u00a0 Process Equipment Syrup Room CIP Station Plate pasteurizer Multicomponent dosing System Fluid and Powder mixing unit<\/p>","protected":false},"author":4,"featured_media":0,"parent":62,"menu_order":0,"comment_status":"closed","ping_status":"closed","template":"","meta":[],"yoast_head":"<!-- This site is optimized with the Yoast SEO plugin v20.0 - https:\/\/yoast.com\/wordpress\/plugins\/seo\/ -->\n<title>Food Industries - steiner-polska<\/title>\n<meta name=\"robots\" content=\"index, follow, max-snippet:-1, max-image-preview:large, max-video-preview:-1\" \/>\n<link rel=\"canonical\" href=\"https:\/\/steiner-polska.pl\/pl\/industries\/food-industries\/\" \/>\n<meta property=\"og:locale\" content=\"pl_PL\" \/>\n<meta property=\"og:type\" content=\"article\" \/>\n<meta property=\"og:title\" content=\"Food Industries - steiner-polska\" \/>\n<meta property=\"og:description\" content=\"Oil and Fat Dairy Drinks &nbsp; &nbsp; Ketchup, Sauce and Mayonnaise\u00a0 Process Equipment Syrup Room CIP Station Plate pasteurizer Multicomponent dosing System Fluid and Powder mixing unit\" \/>\n<meta property=\"og:url\" content=\"https:\/\/steiner-polska.pl\/pl\/industries\/food-industries\/\" \/>\n<meta property=\"og:site_name\" content=\"steiner-polska\" \/>\n<meta property=\"article:modified_time\" content=\"2024-03-27T11:56:28+00:00\" \/>\n<meta property=\"og:image\" content=\"http:\/\/steiner-polska.pl\/wp-content\/uploads\/2019\/06\/ketchup-and-mayo-system-1-300x200.png\" \/>\n<meta name=\"twitter:card\" content=\"summary_large_image\" \/>\n<meta name=\"twitter:label1\" content=\"Szacowany czas czytania\" \/>\n\t<meta name=\"twitter:data1\" content=\"2 minuty\" \/>\n<script type=\"application\/ld+json\" class=\"yoast-schema-graph\">{\"@context\":\"https:\/\/schema.org\",\"@graph\":[{\"@type\":\"WebPage\",\"@id\":\"https:\/\/steiner-polska.pl\/industries\/food-industries\/\",\"url\":\"https:\/\/steiner-polska.pl\/industries\/food-industries\/\",\"name\":\"Food Industries - steiner-polska\",\"isPartOf\":{\"@id\":\"https:\/\/steiner-polska.pl\/#website\"},\"datePublished\":\"2019-07-04T12:32:12+00:00\",\"dateModified\":\"2024-03-27T11:56:28+00:00\",\"breadcrumb\":{\"@id\":\"https:\/\/steiner-polska.pl\/industries\/food-industries\/#breadcrumb\"},\"inLanguage\":\"pl-PL\",\"potentialAction\":[{\"@type\":\"ReadAction\",\"target\":[\"https:\/\/steiner-polska.pl\/industries\/food-industries\/\"]}]},{\"@type\":\"BreadcrumbList\",\"@id\":\"https:\/\/steiner-polska.pl\/industries\/food-industries\/#breadcrumb\",\"itemListElement\":[{\"@type\":\"ListItem\",\"position\":1,\"name\":\"Home\",\"item\":\"https:\/\/steiner-polska.pl\/\"},{\"@type\":\"ListItem\",\"position\":2,\"name\":\"INDUSTRIES\",\"item\":\"https:\/\/steiner-polska.pl\/industries\/\"},{\"@type\":\"ListItem\",\"position\":3,\"name\":\"Food Industries\"}]},{\"@type\":\"WebSite\",\"@id\":\"https:\/\/steiner-polska.pl\/#website\",\"url\":\"https:\/\/steiner-polska.pl\/\",\"name\":\"steiner-polska\",\"description\":\"Innovative Solutions\",\"potentialAction\":[{\"@type\":\"SearchAction\",\"target\":{\"@type\":\"EntryPoint\",\"urlTemplate\":\"https:\/\/steiner-polska.pl\/?s={search_term_string}\"},\"query-input\":\"required name=search_term_string\"}],\"inLanguage\":\"pl-PL\"}]}<\/script>\n<!-- \/ Yoast SEO plugin. -->","yoast_head_json":{"title":"Food Industries - steiner-polska","robots":{"index":"index","follow":"follow","max-snippet":"max-snippet:-1","max-image-preview":"max-image-preview:large","max-video-preview":"max-video-preview:-1"},"canonical":"https:\/\/steiner-polska.pl\/pl\/industries\/food-industries\/","og_locale":"pl_PL","og_type":"article","og_title":"Food Industries - steiner-polska","og_description":"Oil and Fat Dairy Drinks &nbsp; &nbsp; Ketchup, Sauce and Mayonnaise\u00a0 Process Equipment Syrup Room CIP Station Plate pasteurizer Multicomponent dosing System Fluid and Powder mixing unit","og_url":"https:\/\/steiner-polska.pl\/pl\/industries\/food-industries\/","og_site_name":"steiner-polska","article_modified_time":"2024-03-27T11:56:28+00:00","og_image":[{"url":"http:\/\/steiner-polska.pl\/wp-content\/uploads\/2019\/06\/ketchup-and-mayo-system-1-300x200.png"}],"twitter_card":"summary_large_image","twitter_misc":{"Szacowany czas czytania":"2 minuty"},"schema":{"@context":"https:\/\/schema.org","@graph":[{"@type":"WebPage","@id":"https:\/\/steiner-polska.pl\/industries\/food-industries\/","url":"https:\/\/steiner-polska.pl\/industries\/food-industries\/","name":"Food Industries - steiner-polska","isPartOf":{"@id":"https:\/\/steiner-polska.pl\/#website"},"datePublished":"2019-07-04T12:32:12+00:00","dateModified":"2024-03-27T11:56:28+00:00","breadcrumb":{"@id":"https:\/\/steiner-polska.pl\/industries\/food-industries\/#breadcrumb"},"inLanguage":"pl-PL","potentialAction":[{"@type":"ReadAction","target":["https:\/\/steiner-polska.pl\/industries\/food-industries\/"]}]},{"@type":"BreadcrumbList","@id":"https:\/\/steiner-polska.pl\/industries\/food-industries\/#breadcrumb","itemListElement":[{"@type":"ListItem","position":1,"name":"Home","item":"https:\/\/steiner-polska.pl\/"},{"@type":"ListItem","position":2,"name":"INDUSTRIES","item":"https:\/\/steiner-polska.pl\/industries\/"},{"@type":"ListItem","position":3,"name":"Food Industries"}]},{"@type":"WebSite","@id":"https:\/\/steiner-polska.pl\/#website","url":"https:\/\/steiner-polska.pl\/","name":"steiner-polska","description":"Innovative Solutions","potentialAction":[{"@type":"SearchAction","target":{"@type":"EntryPoint","urlTemplate":"https:\/\/steiner-polska.pl\/?s={search_term_string}"},"query-input":"required name=search_term_string"}],"inLanguage":"pl-PL"}]}},"_links":{"self":[{"href":"https:\/\/steiner-polska.pl\/pl\/wp-json\/wp\/v2\/pages\/334"}],"collection":[{"href":"https:\/\/steiner-polska.pl\/pl\/wp-json\/wp\/v2\/pages"}],"about":[{"href":"https:\/\/steiner-polska.pl\/pl\/wp-json\/wp\/v2\/types\/page"}],"author":[{"embeddable":true,"href":"https:\/\/steiner-polska.pl\/pl\/wp-json\/wp\/v2\/users\/4"}],"replies":[{"embeddable":true,"href":"https:\/\/steiner-polska.pl\/pl\/wp-json\/wp\/v2\/comments?post=334"}],"version-history":[{"count":9,"href":"https:\/\/steiner-polska.pl\/pl\/wp-json\/wp\/v2\/pages\/334\/revisions"}],"predecessor-version":[{"id":343,"href":"https:\/\/steiner-polska.pl\/pl\/wp-json\/wp\/v2\/pages\/334\/revisions\/343"}],"up":[{"embeddable":true,"href":"https:\/\/steiner-polska.pl\/pl\/wp-json\/wp\/v2\/pages\/62"}],"wp:attachment":[{"href":"https:\/\/steiner-polska.pl\/pl\/wp-json\/wp\/v2\/media?parent=334"}],"curies":[{"name":"wp","href":"https:\/\/api.w.org\/{rel}","templated":true}]}}