{"id":355,"date":"2019-07-04T14:49:18","date_gmt":"2019-07-04T12:49:18","guid":{"rendered":"http:\/\/steiner-polska.pl\/?page_id=355"},"modified":"2024-03-27T12:59:16","modified_gmt":"2024-03-27T11:59:16","slug":"cosmetics-industry","status":"publish","type":"page","link":"https:\/\/steiner-polska.pl\/pl\/industries\/cosmetics-industry\/","title":{"rendered":"Cosmetics Industry"},"content":{"rendered":"<style type=\"text\/css\"><!--td {border: 1px solid #ccc;}br {mso-data-placement:same-cell;}--><\/style>\n<table dir=\"ltr\" border=\"1\" cellspacing=\"0\" cellpadding=\"0\">\n<colgroup>\n<col width=\"100\" \/><\/colgroup>\n<tbody>\n<tr>\n<td><a href=\"http:\/\/steiner-polska.pl\/pl\/cip-station\/\"><img fetchpriority=\"high\" decoding=\"async\" class=\"aligncenter wp-image-201 size-medium\" src=\"http:\/\/steiner-polska.pl\/wp-content\/uploads\/2019\/06\/cip-station-for-website-300x200.png\" alt=\"\" width=\"300\" height=\"200\" srcset=\"https:\/\/steiner-polska.pl\/wp-content\/uploads\/2019\/06\/cip-station-for-website-300x200.png 300w, https:\/\/steiner-polska.pl\/wp-content\/uploads\/2019\/06\/cip-station-for-website-768x512.png 768w, https:\/\/steiner-polska.pl\/wp-content\/uploads\/2019\/06\/cip-station-for-website.png 900w\" sizes=\"(max-width: 300px) 100vw, 300px\" \/><\/a><\/p>\n<p style=\"text-align: center;\"><a href=\"http:\/\/steiner-polska.pl\/pl\/cip-station\/\"><strong>Stacja CIP<\/strong><\/a><\/p>\n<\/td>\n<\/tr>\n<tr>\n<td><a href=\"http:\/\/steiner-polska.pl\/pl\/fluid-and-powder-mixing-unit\/\"><img decoding=\"async\" class=\"aligncenter wp-image-155 size-medium\" src=\"http:\/\/steiner-polska.pl\/wp-content\/uploads\/2019\/06\/mixing-1-300x200.png\" alt=\"\" width=\"300\" height=\"200\" srcset=\"https:\/\/steiner-polska.pl\/wp-content\/uploads\/2019\/06\/mixing-1-300x200.png 300w, https:\/\/steiner-polska.pl\/wp-content\/uploads\/2019\/06\/mixing-1-768x512.png 768w, https:\/\/steiner-polska.pl\/wp-content\/uploads\/2019\/06\/mixing-1.png 900w\" sizes=\"(max-width: 300px) 100vw, 300px\" \/><\/a><\/p>\n<p style=\"text-align: center;\"><a href=\"http:\/\/steiner-polska.pl\/pl\/fluid-and-powder-mixing-unit\/\"><strong>Jednostka mieszania p\u0142yn\u00f3w i proszk\u00f3w<\/strong><\/a><\/p>\n<\/td>\n<\/tr>\n<tr>\n<td><a href=\"http:\/\/steiner-polska.pl\/pl\/multicomponent-dosing-systems\/\"><img decoding=\"async\" class=\"aligncenter wp-image-188 size-medium\" src=\"http:\/\/steiner-polska.pl\/wp-content\/uploads\/2019\/06\/multicomponent-dosing-systems-300x200.png\" alt=\"\" width=\"300\" height=\"200\" srcset=\"https:\/\/steiner-polska.pl\/wp-content\/uploads\/2019\/06\/multicomponent-dosing-systems-300x200.png 300w, https:\/\/steiner-polska.pl\/wp-content\/uploads\/2019\/06\/multicomponent-dosing-systems-768x512.png 768w, https:\/\/steiner-polska.pl\/wp-content\/uploads\/2019\/06\/multicomponent-dosing-systems.png 900w\" sizes=\"(max-width: 300px) 100vw, 300px\" \/><\/a><\/p>\n<p style=\"text-align: center;\"><a href=\"http:\/\/steiner-polska.pl\/pl\/multicomponent-dosing-systems\/\"><strong>Wielosk\u0142adnikowy system dozowania<\/strong><\/a><\/p>\n<\/td>\n<\/tr>\n<tr>\n<td><a href=\"http:\/\/steiner-polska.pl\/pl\/plate-pasteurizer\/\"><img loading=\"lazy\" decoding=\"async\" class=\"aligncenter wp-image-219 size-medium\" src=\"http:\/\/steiner-polska.pl\/wp-content\/uploads\/2019\/06\/Plate_pasteurizer_unit-1-1-300x200.png\" alt=\"\" width=\"300\" height=\"200\" srcset=\"https:\/\/steiner-polska.pl\/wp-content\/uploads\/2019\/06\/Plate_pasteurizer_unit-1-1-300x200.png 300w, https:\/\/steiner-polska.pl\/wp-content\/uploads\/2019\/06\/Plate_pasteurizer_unit-1-1-768x512.png 768w, https:\/\/steiner-polska.pl\/wp-content\/uploads\/2019\/06\/Plate_pasteurizer_unit-1-1.png 900w\" sizes=\"(max-width: 300px) 100vw, 300px\" \/><\/a><\/p>\n<p style=\"text-align: center;\"><a href=\"http:\/\/steiner-polska.pl\/pl\/plate-pasteurizer\/\"><strong>Pasteryzator p\u0142ytowy<\/strong><\/a><\/p>\n<\/td>\n<\/tr>\n<\/tbody>\n<\/table>\n<p style=\"text-align: center;\">","protected":false},"excerpt":{"rendered":"<p>CIP Station Fluid and Powder mixing unit Multicomponent dosing System Plate pasteurizer<\/p>","protected":false},"author":4,"featured_media":0,"parent":62,"menu_order":0,"comment_status":"closed","ping_status":"closed","template":"","meta":[],"yoast_head":"<!-- This site is optimized with the Yoast SEO plugin v20.0 - https:\/\/yoast.com\/wordpress\/plugins\/seo\/ -->\n<title>Cosmetics Industry - Steiner Polska<\/title>\n<meta name=\"robots\" content=\"index, follow, max-snippet:-1, max-image-preview:large, max-video-preview:-1\" \/>\n<link rel=\"canonical\" href=\"https:\/\/steiner-polska.pl\/pl\/industries\/cosmetics-industry\/\" \/>\n<meta property=\"og:locale\" content=\"pl_PL\" \/>\n<meta property=\"og:type\" content=\"article\" \/>\n<meta property=\"og:title\" content=\"Cosmetics Industry - Steiner Polska\" \/>\n<meta property=\"og:description\" content=\"CIP Station Fluid and Powder mixing unit Multicomponent dosing System Plate pasteurizer\" \/>\n<meta property=\"og:url\" content=\"https:\/\/steiner-polska.pl\/pl\/industries\/cosmetics-industry\/\" \/>\n<meta property=\"og:site_name\" content=\"steiner-polska\" \/>\n<meta property=\"article:modified_time\" content=\"2024-03-27T11:59:16+00:00\" \/>\n<meta property=\"og:image\" content=\"http:\/\/steiner-polska.pl\/wp-content\/uploads\/2019\/06\/cip-station-for-website-300x200.png\" \/>\n<meta name=\"twitter:card\" content=\"summary_large_image\" \/>\n<meta name=\"twitter:label1\" content=\"Szacowany czas czytania\" \/>\n\t<meta name=\"twitter:data1\" content=\"1 minuta\" \/>\n<script type=\"application\/ld+json\" class=\"yoast-schema-graph\">{\"@context\":\"https:\/\/schema.org\",\"@graph\":[{\"@type\":\"WebPage\",\"@id\":\"https:\/\/steiner-polska.pl\/industries\/cosmetics-industry\/\",\"url\":\"https:\/\/steiner-polska.pl\/industries\/cosmetics-industry\/\",\"name\":\"Cosmetics Industry - Steiner Polska\",\"isPartOf\":{\"@id\":\"https:\/\/steiner-polska.pl\/#website\"},\"datePublished\":\"2019-07-04T12:49:18+00:00\",\"dateModified\":\"2024-03-27T11:59:16+00:00\",\"breadcrumb\":{\"@id\":\"https:\/\/steiner-polska.pl\/industries\/cosmetics-industry\/#breadcrumb\"},\"inLanguage\":\"pl-PL\",\"potentialAction\":[{\"@type\":\"ReadAction\",\"target\":[\"https:\/\/steiner-polska.pl\/industries\/cosmetics-industry\/\"]}]},{\"@type\":\"BreadcrumbList\",\"@id\":\"https:\/\/steiner-polska.pl\/industries\/cosmetics-industry\/#breadcrumb\",\"itemListElement\":[{\"@type\":\"ListItem\",\"position\":1,\"name\":\"Home\",\"item\":\"https:\/\/steiner-polska.pl\/\"},{\"@type\":\"ListItem\",\"position\":2,\"name\":\"INDUSTRIES\",\"item\":\"https:\/\/steiner-polska.pl\/industries\/\"},{\"@type\":\"ListItem\",\"position\":3,\"name\":\"Cosmetics Industry\"}]},{\"@type\":\"WebSite\",\"@id\":\"https:\/\/steiner-polska.pl\/#website\",\"url\":\"https:\/\/steiner-polska.pl\/\",\"name\":\"steiner-polska\",\"description\":\"Innovative Solutions\",\"potentialAction\":[{\"@type\":\"SearchAction\",\"target\":{\"@type\":\"EntryPoint\",\"urlTemplate\":\"https:\/\/steiner-polska.pl\/?s={search_term_string}\"},\"query-input\":\"required name=search_term_string\"}],\"inLanguage\":\"pl-PL\"}]}<\/script>\n<!-- \/ Yoast SEO plugin. -->","yoast_head_json":{"title":"Cosmetics Industry - Steiner Polska","robots":{"index":"index","follow":"follow","max-snippet":"max-snippet:-1","max-image-preview":"max-image-preview:large","max-video-preview":"max-video-preview:-1"},"canonical":"https:\/\/steiner-polska.pl\/pl\/industries\/cosmetics-industry\/","og_locale":"pl_PL","og_type":"article","og_title":"Cosmetics Industry - Steiner Polska","og_description":"CIP Station Fluid and Powder mixing unit Multicomponent dosing System Plate pasteurizer","og_url":"https:\/\/steiner-polska.pl\/pl\/industries\/cosmetics-industry\/","og_site_name":"steiner-polska","article_modified_time":"2024-03-27T11:59:16+00:00","og_image":[{"url":"http:\/\/steiner-polska.pl\/wp-content\/uploads\/2019\/06\/cip-station-for-website-300x200.png"}],"twitter_card":"summary_large_image","twitter_misc":{"Szacowany czas czytania":"1 minuta"},"schema":{"@context":"https:\/\/schema.org","@graph":[{"@type":"WebPage","@id":"https:\/\/steiner-polska.pl\/industries\/cosmetics-industry\/","url":"https:\/\/steiner-polska.pl\/industries\/cosmetics-industry\/","name":"Cosmetics Industry - Steiner Polska","isPartOf":{"@id":"https:\/\/steiner-polska.pl\/#website"},"datePublished":"2019-07-04T12:49:18+00:00","dateModified":"2024-03-27T11:59:16+00:00","breadcrumb":{"@id":"https:\/\/steiner-polska.pl\/industries\/cosmetics-industry\/#breadcrumb"},"inLanguage":"pl-PL","potentialAction":[{"@type":"ReadAction","target":["https:\/\/steiner-polska.pl\/industries\/cosmetics-industry\/"]}]},{"@type":"BreadcrumbList","@id":"https:\/\/steiner-polska.pl\/industries\/cosmetics-industry\/#breadcrumb","itemListElement":[{"@type":"ListItem","position":1,"name":"Home","item":"https:\/\/steiner-polska.pl\/"},{"@type":"ListItem","position":2,"name":"INDUSTRIES","item":"https:\/\/steiner-polska.pl\/industries\/"},{"@type":"ListItem","position":3,"name":"Cosmetics Industry"}]},{"@type":"WebSite","@id":"https:\/\/steiner-polska.pl\/#website","url":"https:\/\/steiner-polska.pl\/","name":"steiner-polska","description":"Innovative Solutions","potentialAction":[{"@type":"SearchAction","target":{"@type":"EntryPoint","urlTemplate":"https:\/\/steiner-polska.pl\/?s={search_term_string}"},"query-input":"required name=search_term_string"}],"inLanguage":"pl-PL"}]}},"_links":{"self":[{"href":"https:\/\/steiner-polska.pl\/pl\/wp-json\/wp\/v2\/pages\/355"}],"collection":[{"href":"https:\/\/steiner-polska.pl\/pl\/wp-json\/wp\/v2\/pages"}],"about":[{"href":"https:\/\/steiner-polska.pl\/pl\/wp-json\/wp\/v2\/types\/page"}],"author":[{"embeddable":true,"href":"https:\/\/steiner-polska.pl\/pl\/wp-json\/wp\/v2\/users\/4"}],"replies":[{"embeddable":true,"href":"https:\/\/steiner-polska.pl\/pl\/wp-json\/wp\/v2\/comments?post=355"}],"version-history":[{"count":3,"href":"https:\/\/steiner-polska.pl\/pl\/wp-json\/wp\/v2\/pages\/355\/revisions"}],"predecessor-version":[{"id":364,"href":"https:\/\/steiner-polska.pl\/pl\/wp-json\/wp\/v2\/pages\/355\/revisions\/364"}],"up":[{"embeddable":true,"href":"https:\/\/steiner-polska.pl\/pl\/wp-json\/wp\/v2\/pages\/62"}],"wp:attachment":[{"href":"https:\/\/steiner-polska.pl\/pl\/wp-json\/wp\/v2\/media?parent=355"}],"curies":[{"name":"wp","href":"https:\/\/api.w.org\/{rel}","templated":true}]}}