{"id":358,"date":"2019-07-04T14:53:19","date_gmt":"2019-07-04T12:53:19","guid":{"rendered":"http:\/\/steiner-polska.pl\/?page_id=358"},"modified":"2024-03-27T13:03:28","modified_gmt":"2024-03-27T12:03:28","slug":"chemical-industry","status":"publish","type":"page","link":"https:\/\/steiner-polska.pl\/pl\/industries\/chemical-industry\/","title":{"rendered":"Przemys\u0142 chemiczny"},"content":{"rendered":"<h2><strong>G\u00f3rnictwo<\/strong><\/h2>\n<style type=\"text\/css\"><!--td {border: 1px solid #ccc;}br {mso-data-placement:same-cell;}--><\/style>\n<table dir=\"ltr\" border=\"1\" cellspacing=\"0\" cellpadding=\"0\">\n<colgroup>\n<col width=\"100\" \/><\/colgroup>\n<tbody>\n<tr>\n<td><a href=\"http:\/\/steiner-polska.pl\/pl\/cip-station\/\"><img fetchpriority=\"high\" decoding=\"async\" class=\"aligncenter wp-image-201 size-medium\" src=\"http:\/\/steiner-polska.pl\/wp-content\/uploads\/2019\/06\/cip-station-for-website-300x200.png\" alt=\"\" width=\"300\" height=\"200\" srcset=\"https:\/\/steiner-polska.pl\/wp-content\/uploads\/2019\/06\/cip-station-for-website-300x200.png 300w, https:\/\/steiner-polska.pl\/wp-content\/uploads\/2019\/06\/cip-station-for-website-768x512.png 768w, https:\/\/steiner-polska.pl\/wp-content\/uploads\/2019\/06\/cip-station-for-website.png 900w\" sizes=\"(max-width: 300px) 100vw, 300px\" \/><\/a><\/p>\n<p style=\"text-align: center;\"><strong><a href=\"http:\/\/steiner-polska.pl\/pl\/cip-station\/\">Stacja CIP<\/a><\/strong><\/p>\n<\/td>\n<\/tr>\n<tr>\n<td><a href=\"http:\/\/steiner-polska.pl\/pl\/plate-pasteurizer\/\"><img decoding=\"async\" class=\"aligncenter wp-image-219 size-medium\" src=\"http:\/\/steiner-polska.pl\/wp-content\/uploads\/2019\/06\/Plate_pasteurizer_unit-1-1-300x200.png\" alt=\"\" width=\"300\" height=\"200\" srcset=\"https:\/\/steiner-polska.pl\/wp-content\/uploads\/2019\/06\/Plate_pasteurizer_unit-1-1-300x200.png 300w, https:\/\/steiner-polska.pl\/wp-content\/uploads\/2019\/06\/Plate_pasteurizer_unit-1-1-768x512.png 768w, https:\/\/steiner-polska.pl\/wp-content\/uploads\/2019\/06\/Plate_pasteurizer_unit-1-1.png 900w\" sizes=\"(max-width: 300px) 100vw, 300px\" \/><\/a><\/p>\n<p style=\"text-align: center;\"><a href=\"http:\/\/steiner-polska.pl\/pl\/plate-pasteurizer\/\"><strong>Pasteryzator p\u0142ytowy<\/strong><\/a><\/p>\n<\/td>\n<\/tr>\n<\/tbody>\n<\/table>\n<p>Dzia\u0142alno\u015b\u0107 przemys\u0142u chemicznego opiera si\u0119 na zmianie struktury chemicznej materia\u0142\u00f3w naturalnych w celu uzyskania produkt\u00f3w o warto\u015bci dla innych ga\u0142\u0119zi przemys\u0142u lub w \u017cyciu codziennym.<\/p>\n<p>Substancje chemiczne s\u0105 uzyskiwane z surowc\u00f3w - g\u0142\u00f3wnie minera\u0142\u00f3w, metali i w\u0119glowodor\u00f3w - w szeregu etap\u00f3w przetwarzania. Aby przekszta\u0142ci\u0107 je w produkty ko\u0144cowe, takie jak farby, kleje, leki i kosmetyki, cz\u0119sto wymagana jest dalsza obr\u00f3bka, taka jak mieszanie i miksowanie.<\/p>\n<p>Przemys\u0142 chemiczny obejmuje bardzo szerok\u0105 dziedzin\u0119, w tym produkty takie jak w\u0142\u00f3kna sztuczne, \u017cywice, myd\u0142a, farby, filmy fotograficzne i inne.<\/p>\n<p>W przetw\u00f3rstwie chemicznym wymagana jest szeroka gama urz\u0105dze\u0144 procesowych ze wzgl\u0119du na liczne procedury, specjalistyczne potrzeby procesowe i r\u00f3\u017cnorodno\u015b\u0107 produkt\u00f3w.<\/p>\n<p>Przemys\u0142 przetw\u00f3rstwa chemicznego szybko si\u0119 rozwin\u0105\u0142, a Steiner by\u0142 obecny na ka\u017cdym etapie tego procesu.<\/p>\n<p>Wsp\u00f3\u0142pracujemy z naszymi klientami, aby dopasowa\u0107 odpowiedni\u0105 technologi\u0119 do ich potrzeb w szerokim zakresie zastosowa\u0144 chemicznych.<\/p>\n<p>Dzi\u0119ki dog\u0142\u0119bnej znajomo\u015bci bran\u017cy i stosowanych technologii, nasze know-how w zakresie przetwarzania chemicznego nie ma sobie r\u00f3wnych.<\/p>\n<p>Dwa g\u0142\u00f3wne produkty, kt\u00f3re oferujemy, aby spe\u0142ni\u0107 wymagania naszych klient\u00f3w z bran\u017cy chemicznej, to stacja CIP i pasteryzator p\u0142ytowy.<\/p>\n<p>\u015aled\u017a nasze strony na Facebooku i LinkedIn, aby by\u0107 na bie\u017c\u0105co z naszymi produktami i us\u0142ugami.<\/p>","protected":false},"excerpt":{"rendered":"<p>Mining CIP Station Plate pasteurizer The business of the chemical industry is based on change the chemical structure of natural materials to get products of value to other industries or in daily life. Chemicals are obtained from raw materials-principally minerals, metals and hydrocarbons in a series of processing steps. Further treatments, such as mixing and &hellip; <\/p>\n<p class=\"link-more\"><a href=\"https:\/\/steiner-polska.pl\/pl\/industries\/chemical-industry\/\" class=\"more-link\">Czytaj dalej<span class=\"screen-reader-text\"> \u201eChemical Industry\u201d<\/span><\/a><\/p>","protected":false},"author":4,"featured_media":0,"parent":62,"menu_order":0,"comment_status":"closed","ping_status":"closed","template":"","meta":[],"yoast_head":"<!-- This site is optimized with the Yoast SEO plugin v20.0 - https:\/\/yoast.com\/wordpress\/plugins\/seo\/ -->\n<title>Chemical Industry - steiner-polska<\/title>\n<meta name=\"robots\" content=\"index, follow, max-snippet:-1, max-image-preview:large, max-video-preview:-1\" \/>\n<link rel=\"canonical\" href=\"https:\/\/steiner-polska.pl\/pl\/industries\/chemical-industry\/\" \/>\n<meta property=\"og:locale\" content=\"pl_PL\" \/>\n<meta property=\"og:type\" content=\"article\" \/>\n<meta property=\"og:title\" content=\"Chemical Industry - steiner-polska\" \/>\n<meta property=\"og:description\" content=\"Mining CIP Station Plate pasteurizer The business of the chemical industry is based on change the chemical structure of natural materials to get products of value to other industries or in daily life. Chemicals are obtained from raw materials-principally minerals, metals and hydrocarbons in a series of processing steps. Further treatments, such as mixing and &hellip; Czytaj dalej \u201eChemical Industry\u201d\" \/>\n<meta property=\"og:url\" content=\"https:\/\/steiner-polska.pl\/pl\/industries\/chemical-industry\/\" \/>\n<meta property=\"og:site_name\" content=\"steiner-polska\" \/>\n<meta property=\"article:modified_time\" content=\"2024-03-27T12:03:28+00:00\" \/>\n<meta property=\"og:image\" content=\"http:\/\/steiner-polska.pl\/wp-content\/uploads\/2019\/06\/cip-station-for-website-300x200.png\" \/>\n<meta name=\"twitter:card\" content=\"summary_large_image\" \/>\n<meta name=\"twitter:label1\" content=\"Szacowany czas czytania\" \/>\n\t<meta name=\"twitter:data1\" content=\"2 minuty\" \/>\n<script type=\"application\/ld+json\" class=\"yoast-schema-graph\">{\"@context\":\"https:\/\/schema.org\",\"@graph\":[{\"@type\":\"WebPage\",\"@id\":\"https:\/\/steiner-polska.pl\/industries\/chemical-industry\/\",\"url\":\"https:\/\/steiner-polska.pl\/industries\/chemical-industry\/\",\"name\":\"Chemical Industry - steiner-polska\",\"isPartOf\":{\"@id\":\"https:\/\/steiner-polska.pl\/#website\"},\"datePublished\":\"2019-07-04T12:53:19+00:00\",\"dateModified\":\"2024-03-27T12:03:28+00:00\",\"breadcrumb\":{\"@id\":\"https:\/\/steiner-polska.pl\/industries\/chemical-industry\/#breadcrumb\"},\"inLanguage\":\"pl-PL\",\"potentialAction\":[{\"@type\":\"ReadAction\",\"target\":[\"https:\/\/steiner-polska.pl\/industries\/chemical-industry\/\"]}]},{\"@type\":\"BreadcrumbList\",\"@id\":\"https:\/\/steiner-polska.pl\/industries\/chemical-industry\/#breadcrumb\",\"itemListElement\":[{\"@type\":\"ListItem\",\"position\":1,\"name\":\"Home\",\"item\":\"https:\/\/steiner-polska.pl\/\"},{\"@type\":\"ListItem\",\"position\":2,\"name\":\"INDUSTRIES\",\"item\":\"https:\/\/steiner-polska.pl\/industries\/\"},{\"@type\":\"ListItem\",\"position\":3,\"name\":\"Chemical Industry\"}]},{\"@type\":\"WebSite\",\"@id\":\"https:\/\/steiner-polska.pl\/#website\",\"url\":\"https:\/\/steiner-polska.pl\/\",\"name\":\"steiner-polska\",\"description\":\"Innovative Solutions\",\"potentialAction\":[{\"@type\":\"SearchAction\",\"target\":{\"@type\":\"EntryPoint\",\"urlTemplate\":\"https:\/\/steiner-polska.pl\/?s={search_term_string}\"},\"query-input\":\"required name=search_term_string\"}],\"inLanguage\":\"pl-PL\"}]}<\/script>\n<!-- \/ Yoast SEO plugin. -->","yoast_head_json":{"title":"Chemical Industry - steiner-polska","robots":{"index":"index","follow":"follow","max-snippet":"max-snippet:-1","max-image-preview":"max-image-preview:large","max-video-preview":"max-video-preview:-1"},"canonical":"https:\/\/steiner-polska.pl\/pl\/industries\/chemical-industry\/","og_locale":"pl_PL","og_type":"article","og_title":"Chemical Industry - steiner-polska","og_description":"Mining CIP Station Plate pasteurizer The business of the chemical industry is based on change the chemical structure of natural materials to get products of value to other industries or in daily life. Chemicals are obtained from raw materials-principally minerals, metals and hydrocarbons in a series of processing steps. Further treatments, such as mixing and &hellip; Czytaj dalej \u201eChemical Industry\u201d","og_url":"https:\/\/steiner-polska.pl\/pl\/industries\/chemical-industry\/","og_site_name":"steiner-polska","article_modified_time":"2024-03-27T12:03:28+00:00","og_image":[{"url":"http:\/\/steiner-polska.pl\/wp-content\/uploads\/2019\/06\/cip-station-for-website-300x200.png"}],"twitter_card":"summary_large_image","twitter_misc":{"Szacowany czas czytania":"2 minuty"},"schema":{"@context":"https:\/\/schema.org","@graph":[{"@type":"WebPage","@id":"https:\/\/steiner-polska.pl\/industries\/chemical-industry\/","url":"https:\/\/steiner-polska.pl\/industries\/chemical-industry\/","name":"Chemical Industry - steiner-polska","isPartOf":{"@id":"https:\/\/steiner-polska.pl\/#website"},"datePublished":"2019-07-04T12:53:19+00:00","dateModified":"2024-03-27T12:03:28+00:00","breadcrumb":{"@id":"https:\/\/steiner-polska.pl\/industries\/chemical-industry\/#breadcrumb"},"inLanguage":"pl-PL","potentialAction":[{"@type":"ReadAction","target":["https:\/\/steiner-polska.pl\/industries\/chemical-industry\/"]}]},{"@type":"BreadcrumbList","@id":"https:\/\/steiner-polska.pl\/industries\/chemical-industry\/#breadcrumb","itemListElement":[{"@type":"ListItem","position":1,"name":"Home","item":"https:\/\/steiner-polska.pl\/"},{"@type":"ListItem","position":2,"name":"INDUSTRIES","item":"https:\/\/steiner-polska.pl\/industries\/"},{"@type":"ListItem","position":3,"name":"Chemical Industry"}]},{"@type":"WebSite","@id":"https:\/\/steiner-polska.pl\/#website","url":"https:\/\/steiner-polska.pl\/","name":"steiner-polska","description":"Innovative Solutions","potentialAction":[{"@type":"SearchAction","target":{"@type":"EntryPoint","urlTemplate":"https:\/\/steiner-polska.pl\/?s={search_term_string}"},"query-input":"required name=search_term_string"}],"inLanguage":"pl-PL"}]}},"_links":{"self":[{"href":"https:\/\/steiner-polska.pl\/pl\/wp-json\/wp\/v2\/pages\/358"}],"collection":[{"href":"https:\/\/steiner-polska.pl\/pl\/wp-json\/wp\/v2\/pages"}],"about":[{"href":"https:\/\/steiner-polska.pl\/pl\/wp-json\/wp\/v2\/types\/page"}],"author":[{"embeddable":true,"href":"https:\/\/steiner-polska.pl\/pl\/wp-json\/wp\/v2\/users\/4"}],"replies":[{"embeddable":true,"href":"https:\/\/steiner-polska.pl\/pl\/wp-json\/wp\/v2\/comments?post=358"}],"version-history":[{"count":6,"href":"https:\/\/steiner-polska.pl\/pl\/wp-json\/wp\/v2\/pages\/358\/revisions"}],"predecessor-version":[{"id":1504,"href":"https:\/\/steiner-polska.pl\/pl\/wp-json\/wp\/v2\/pages\/358\/revisions\/1504"}],"up":[{"embeddable":true,"href":"https:\/\/steiner-polska.pl\/pl\/wp-json\/wp\/v2\/pages\/62"}],"wp:attachment":[{"href":"https:\/\/steiner-polska.pl\/pl\/wp-json\/wp\/v2\/media?parent=358"}],"curies":[{"name":"wp","href":"https:\/\/api.w.org\/{rel}","templated":true}]}}