{"id":62,"date":"2019-05-17T08:42:28","date_gmt":"2019-05-17T06:42:28","guid":{"rendered":"http:\/\/steiner-polska.pl\/?page_id=62"},"modified":"2024-03-27T13:03:56","modified_gmt":"2024-03-27T12:03:56","slug":"industries","status":"publish","type":"page","link":"https:\/\/steiner-polska.pl\/pl\/industries\/","title":{"rendered":"PRZEMYS\u0141"},"content":{"rendered":"<div data-elementor-type=\"wp-page\" data-elementor-id=\"62\" class=\"elementor elementor-62\">\n\t\t\t\t<div class=\"elementor-element elementor-element-12094a47 e-flex e-con-boxed e-con e-parent\" data-id=\"12094a47\" data-element_type=\"container\" data-core-v316-plus=\"true\">\n\t\t\t\t\t<div class=\"e-con-inner\">\n\t\t\t\t<div class=\"elementor-element elementor-element-1834e1f elementor-widget elementor-widget-text-editor\" data-id=\"1834e1f\" data-element_type=\"widget\" data-widget_type=\"text-editor.default\">\n\t\t\t\t<div class=\"elementor-widget-container\">\n\t\t\t<style>\/*! elementor - v3.20.0 - 13-03-2024 *\/\n.elementor-widget-text-editor.elementor-drop-cap-view-stacked .elementor-drop-cap{background-color:#69727d;color:#fff}.elementor-widget-text-editor.elementor-drop-cap-view-framed .elementor-drop-cap{color:#69727d;border:3px solid;background-color:transparent}.elementor-widget-text-editor:not(.elementor-drop-cap-view-default) .elementor-drop-cap{margin-top:8px}.elementor-widget-text-editor:not(.elementor-drop-cap-view-default) .elementor-drop-cap-letter{width:1em;height:1em}.elementor-widget-text-editor .elementor-drop-cap{float:left;text-align:center;line-height:1;font-size:50px}.elementor-widget-text-editor .elementor-drop-cap-letter{display:inline-block}<\/style>\t\t\t\t<!-- wp:paragraph {\"align\":\"left\"} -->\n<p>Produkcja firmy opiera si\u0119 na urz\u0105dzeniach procesowych dla przemys\u0142u spo\u017cywczego, g\u0142\u00f3wnie produkcji napoj\u00f3w. Ponadto zaopatrujemy r\u00f3wnie\u017c przemys\u0142 farmaceutyczny, kosmetyczny i chemiczny. Dzi\u0119ki w\u0142asnemu wyspecjalizowanemu personelowi i nowoczesnemu zak\u0142adowi produkcyjnemu jeste\u015bmy w stanie zapewni\u0107 wysokiej jako\u015bci sprz\u0119t wszystkim naszym klientom.<\/p>\n<!-- \/wp:columns -->\t\t\t\t\t\t<\/div>\n\t\t\t\t<\/div>\n\t\t\t\t\t<\/div>\n\t\t\t\t<\/div>\n\t\t<div class=\"elementor-element elementor-element-467b0fc e-grid e-con-boxed e-con e-parent\" data-id=\"467b0fc\" data-element_type=\"container\" data-core-v316-plus=\"true\">\n\t\t\t\t\t<div class=\"e-con-inner\">\n\t\t\t\t<div class=\"elementor-element elementor-element-8077bed elementor-widget elementor-widget-image\" data-id=\"8077bed\" data-element_type=\"widget\" data-widget_type=\"image.default\">\n\t\t\t\t<div class=\"elementor-widget-container\">\n\t\t\t<style>\/*! elementor - v3.20.0 - 13-03-2024 *\/\n.elementor-widget-image{text-align:center}.elementor-widget-image a{display:inline-block}.elementor-widget-image a img[src$=\".svg\"]{width:48px}.elementor-widget-image img{vertical-align:middle;display:inline-block}<\/style>\t\t\t\t\t\t\t<figure class=\"wp-caption\">\n\t\t\t\t\t\t\t\t\t\t\t<a href=\"http:\/\/steiner-polska.pl\/pl\/food-industries\/\">\n\t\t\t\t\t\t\t<img fetchpriority=\"high\" decoding=\"async\" width=\"525\" height=\"525\" src=\"https:\/\/steiner-polska.pl\/wp-content\/uploads\/2019\/06\/food.png\" class=\"attachment-large size-large wp-image-115\" alt=\"\" srcset=\"https:\/\/steiner-polska.pl\/wp-content\/uploads\/2019\/06\/food.png 1000w, https:\/\/steiner-polska.pl\/wp-content\/uploads\/2019\/06\/food-150x150.png 150w, https:\/\/steiner-polska.pl\/wp-content\/uploads\/2019\/06\/food-300x300.png 300w, https:\/\/steiner-polska.pl\/wp-content\/uploads\/2019\/06\/food-768x768.png 768w, https:\/\/steiner-polska.pl\/wp-content\/uploads\/2019\/06\/food-100x100.png 100w\" sizes=\"100vw\" \/>\t\t\t\t\t\t\t\t<\/a>\n\t\t\t\t\t\t\t\t\t\t\t<figcaption class=\"widget-image-caption wp-caption-text\">Przemys\u0142 spo\u017cywczy<\/figcaption>\n\t\t\t\t\t\t\t\t\t\t<\/figure>\n\t\t\t\t\t\t\t<\/div>\n\t\t\t\t<\/div>\n\t\t\t\t<div class=\"elementor-element elementor-element-302c930 elementor-widget elementor-widget-image\" data-id=\"302c930\" data-element_type=\"widget\" data-widget_type=\"image.default\">\n\t\t\t\t<div class=\"elementor-widget-container\">\n\t\t\t\t\t\t\t\t\t\t<figure class=\"wp-caption\">\n\t\t\t\t\t\t\t\t\t\t\t<a href=\"http:\/\/steiner-polska.pl\/pl\/pet-food-solution\/\">\n\t\t\t\t\t\t\t<img decoding=\"async\" width=\"525\" height=\"525\" src=\"https:\/\/steiner-polska.pl\/wp-content\/uploads\/2024\/03\/\u0411\u0435\u0437-\u043d\u0430\u0437\u0432\u0438-1-1024x1024.webp\" class=\"attachment-large size-large wp-image-1422\" alt=\"\" srcset=\"https:\/\/steiner-polska.pl\/wp-content\/uploads\/2024\/03\/\u0411\u0435\u0437-\u043d\u0430\u0437\u0432\u0438-1-1024x1024.webp 1024w, https:\/\/steiner-polska.pl\/wp-content\/uploads\/2024\/03\/\u0411\u0435\u0437-\u043d\u0430\u0437\u0432\u0438-1-300x300.webp 300w, https:\/\/steiner-polska.pl\/wp-content\/uploads\/2024\/03\/\u0411\u0435\u0437-\u043d\u0430\u0437\u0432\u0438-1-150x150.webp 150w, https:\/\/steiner-polska.pl\/wp-content\/uploads\/2024\/03\/\u0411\u0435\u0437-\u043d\u0430\u0437\u0432\u0438-1-768x768.webp 768w, https:\/\/steiner-polska.pl\/wp-content\/uploads\/2024\/03\/\u0411\u0435\u0437-\u043d\u0430\u0437\u0432\u0438-1-1536x1536.webp 1536w, https:\/\/steiner-polska.pl\/wp-content\/uploads\/2024\/03\/\u0411\u0435\u0437-\u043d\u0430\u0437\u0432\u0438-1-100x100.webp 100w, https:\/\/steiner-polska.pl\/wp-content\/uploads\/2024\/03\/\u0411\u0435\u0437-\u043d\u0430\u0437\u0432\u0438-1.webp 1545w\" sizes=\"100vw\" \/>\t\t\t\t\t\t\t\t<\/a>\n\t\t\t\t\t\t\t\t\t\t\t<figcaption class=\"widget-image-caption wp-caption-text\">Karma dla zwierz\u0105t domowych<\/figcaption>\n\t\t\t\t\t\t\t\t\t\t<\/figure>\n\t\t\t\t\t\t\t<\/div>\n\t\t\t\t<\/div>\n\t\t\t\t<div class=\"elementor-element elementor-element-93e05c1 elementor-widget elementor-widget-image\" data-id=\"93e05c1\" data-element_type=\"widget\" data-widget_type=\"image.default\">\n\t\t\t\t<div class=\"elementor-widget-container\">\n\t\t\t\t\t\t\t\t\t\t<figure class=\"wp-caption\">\n\t\t\t\t\t\t\t\t\t\t\t<a href=\"http:\/\/steiner-polska.pl\/pl\/cosmetics-industry\/\">\n\t\t\t\t\t\t\t<img decoding=\"async\" width=\"525\" height=\"525\" src=\"https:\/\/steiner-polska.pl\/wp-content\/uploads\/2019\/06\/kosmetyka.png\" class=\"attachment-large size-large wp-image-116\" alt=\"\" srcset=\"https:\/\/steiner-polska.pl\/wp-content\/uploads\/2019\/06\/kosmetyka.png 1000w, https:\/\/steiner-polska.pl\/wp-content\/uploads\/2019\/06\/kosmetyka-150x150.png 150w, https:\/\/steiner-polska.pl\/wp-content\/uploads\/2019\/06\/kosmetyka-300x300.png 300w, https:\/\/steiner-polska.pl\/wp-content\/uploads\/2019\/06\/kosmetyka-768x768.png 768w, https:\/\/steiner-polska.pl\/wp-content\/uploads\/2019\/06\/kosmetyka-100x100.png 100w\" sizes=\"100vw\" \/>\t\t\t\t\t\t\t\t<\/a>\n\t\t\t\t\t\t\t\t\t\t\t<figcaption class=\"widget-image-caption wp-caption-text\">Przemys\u0142 kosmetyczny<\/figcaption>\n\t\t\t\t\t\t\t\t\t\t<\/figure>\n\t\t\t\t\t\t\t<\/div>\n\t\t\t\t<\/div>\n\t\t\t\t<div class=\"elementor-element elementor-element-f540a2c elementor-widget elementor-widget-image\" data-id=\"f540a2c\" data-element_type=\"widget\" data-widget_type=\"image.default\">\n\t\t\t\t<div class=\"elementor-widget-container\">\n\t\t\t\t\t\t\t\t\t\t<figure class=\"wp-caption\">\n\t\t\t\t\t\t\t\t\t\t\t<a href=\"http:\/\/steiner-polska.pl\/pl\/pharma-industry\/\">\n\t\t\t\t\t\t\t<img loading=\"lazy\" decoding=\"async\" width=\"525\" height=\"525\" src=\"https:\/\/steiner-polska.pl\/wp-content\/uploads\/2019\/06\/medycyna.png\" class=\"attachment-large size-large wp-image-117\" alt=\"\" srcset=\"https:\/\/steiner-polska.pl\/wp-content\/uploads\/2019\/06\/medycyna.png 1000w, https:\/\/steiner-polska.pl\/wp-content\/uploads\/2019\/06\/medycyna-150x150.png 150w, https:\/\/steiner-polska.pl\/wp-content\/uploads\/2019\/06\/medycyna-300x300.png 300w, https:\/\/steiner-polska.pl\/wp-content\/uploads\/2019\/06\/medycyna-768x768.png 768w, https:\/\/steiner-polska.pl\/wp-content\/uploads\/2019\/06\/medycyna-100x100.png 100w\" sizes=\"100vw\" \/>\t\t\t\t\t\t\t\t<\/a>\n\t\t\t\t\t\t\t\t\t\t\t<figcaption class=\"widget-image-caption wp-caption-text\">Przemys\u0142 farmaceutyczny<\/figcaption>\n\t\t\t\t\t\t\t\t\t\t<\/figure>\n\t\t\t\t\t\t\t<\/div>\n\t\t\t\t<\/div>\n\t\t\t\t<div class=\"elementor-element elementor-element-af44548 elementor-widget elementor-widget-image\" data-id=\"af44548\" data-element_type=\"widget\" data-widget_type=\"image.default\">\n\t\t\t\t<div class=\"elementor-widget-container\">\n\t\t\t\t\t\t\t\t\t\t<figure class=\"wp-caption\">\n\t\t\t\t\t\t\t\t\t\t\t<a href=\"http:\/\/steiner-polska.pl\/pl\/chemical-industry\/\">\n\t\t\t\t\t\t\t<img loading=\"lazy\" decoding=\"async\" width=\"525\" height=\"525\" src=\"https:\/\/steiner-polska.pl\/wp-content\/uploads\/2019\/06\/chemia.png\" class=\"attachment-large size-large wp-image-114\" alt=\"\" srcset=\"https:\/\/steiner-polska.pl\/wp-content\/uploads\/2019\/06\/chemia.png 1000w, https:\/\/steiner-polska.pl\/wp-content\/uploads\/2019\/06\/chemia-150x150.png 150w, https:\/\/steiner-polska.pl\/wp-content\/uploads\/2019\/06\/chemia-300x300.png 300w, https:\/\/steiner-polska.pl\/wp-content\/uploads\/2019\/06\/chemia-768x768.png 768w, https:\/\/steiner-polska.pl\/wp-content\/uploads\/2019\/06\/chemia-100x100.png 100w\" sizes=\"100vw\" \/>\t\t\t\t\t\t\t\t<\/a>\n\t\t\t\t\t\t\t\t\t\t\t<figcaption class=\"widget-image-caption wp-caption-text\">Przemys\u0142 chemiczny<\/figcaption>\n\t\t\t\t\t\t\t\t\t\t<\/figure>\n\t\t\t\t\t\t\t<\/div>\n\t\t\t\t<\/div>\n\t\t\t\t\t<\/div>\n\t\t\t\t<\/div>\n\t\t\t\t<\/div>","protected":false},"excerpt":{"rendered":"<p>The company&#8217;s production is based on process equipment for food industry, mainly the production of drinks. In addition to that, we supply pharmaceutical, cosmetic and chemical industries as well. Due to our own specialized personnel and our modern production plant,\u00a0 we are able to provide high-quality equipment to all of our customers. Food industry Pet &hellip; <\/p>\n<p class=\"link-more\"><a href=\"https:\/\/steiner-polska.pl\/pl\/industries\/\" class=\"more-link\">Czytaj dalej<span class=\"screen-reader-text\"> \u201eINDUSTRIES\u201d<\/span><\/a><\/p>","protected":false},"author":4,"featured_media":57,"parent":0,"menu_order":0,"comment_status":"closed","ping_status":"closed","template":"","meta":[],"yoast_head":"<!-- This site is optimized with the Yoast SEO plugin v20.0 - https:\/\/yoast.com\/wordpress\/plugins\/seo\/ -->\n<title>INDUSTRIES - Steiner Polska<\/title>\n<meta name=\"description\" content=\"Steiner is a reliable business partner for food, pharmaceutical, cosmetic and chemical industries.\" \/>\n<meta name=\"robots\" content=\"index, follow, max-snippet:-1, max-image-preview:large, max-video-preview:-1\" \/>\n<link rel=\"canonical\" href=\"https:\/\/steiner-polska.pl\/pl\/industries\/\" \/>\n<meta property=\"og:locale\" content=\"pl_PL\" \/>\n<meta property=\"og:type\" content=\"article\" \/>\n<meta property=\"og:title\" content=\"INDUSTRIES - Steiner Polska\" \/>\n<meta property=\"og:description\" content=\"Steiner is a reliable business partner for food, pharmaceutical, cosmetic and chemical industries.\" \/>\n<meta property=\"og:url\" content=\"https:\/\/steiner-polska.pl\/pl\/industries\/\" \/>\n<meta property=\"og:site_name\" content=\"steiner-polska\" \/>\n<meta property=\"article:modified_time\" content=\"2024-03-27T12:03:56+00:00\" \/>\n<meta property=\"og:image\" content=\"http:\/\/steiner-polska.pl\/wp-content\/uploads\/2019\/05\/photo-1513828583688-c52646db42da.jpg\" \/>\n\t<meta property=\"og:image:width\" content=\"1950\" \/>\n\t<meta property=\"og:image:height\" content=\"1300\" \/>\n\t<meta property=\"og:image:type\" content=\"image\/jpeg\" \/>\n<meta name=\"twitter:card\" content=\"summary_large_image\" \/>\n<meta name=\"twitter:label1\" content=\"Szacowany czas czytania\" \/>\n\t<meta name=\"twitter:data1\" content=\"2 minuty\" \/>\n<script type=\"application\/ld+json\" class=\"yoast-schema-graph\">{\"@context\":\"https:\/\/schema.org\",\"@graph\":[{\"@type\":\"WebPage\",\"@id\":\"https:\/\/steiner-polska.pl\/industries\/\",\"url\":\"https:\/\/steiner-polska.pl\/industries\/\",\"name\":\"INDUSTRIES - Steiner Polska\",\"isPartOf\":{\"@id\":\"https:\/\/steiner-polska.pl\/#website\"},\"datePublished\":\"2019-05-17T06:42:28+00:00\",\"dateModified\":\"2024-03-27T12:03:56+00:00\",\"description\":\"Steiner is a reliable business partner for food, pharmaceutical, cosmetic and chemical industries.\",\"breadcrumb\":{\"@id\":\"https:\/\/steiner-polska.pl\/industries\/#breadcrumb\"},\"inLanguage\":\"pl-PL\",\"potentialAction\":[{\"@type\":\"ReadAction\",\"target\":[\"https:\/\/steiner-polska.pl\/industries\/\"]}]},{\"@type\":\"BreadcrumbList\",\"@id\":\"https:\/\/steiner-polska.pl\/industries\/#breadcrumb\",\"itemListElement\":[{\"@type\":\"ListItem\",\"position\":1,\"name\":\"Home\",\"item\":\"https:\/\/steiner-polska.pl\/\"},{\"@type\":\"ListItem\",\"position\":2,\"name\":\"INDUSTRIES\"}]},{\"@type\":\"WebSite\",\"@id\":\"https:\/\/steiner-polska.pl\/#website\",\"url\":\"https:\/\/steiner-polska.pl\/\",\"name\":\"steiner-polska\",\"description\":\"Innovative Solutions\",\"potentialAction\":[{\"@type\":\"SearchAction\",\"target\":{\"@type\":\"EntryPoint\",\"urlTemplate\":\"https:\/\/steiner-polska.pl\/?s={search_term_string}\"},\"query-input\":\"required name=search_term_string\"}],\"inLanguage\":\"pl-PL\"}]}<\/script>\n<!-- \/ Yoast SEO plugin. -->","yoast_head_json":{"title":"INDUSTRIES - Steiner Polska","description":"Steiner is a reliable business partner for food, pharmaceutical, cosmetic and chemical industries.","robots":{"index":"index","follow":"follow","max-snippet":"max-snippet:-1","max-image-preview":"max-image-preview:large","max-video-preview":"max-video-preview:-1"},"canonical":"https:\/\/steiner-polska.pl\/pl\/industries\/","og_locale":"pl_PL","og_type":"article","og_title":"INDUSTRIES - Steiner Polska","og_description":"Steiner is a reliable business partner for food, pharmaceutical, cosmetic and chemical industries.","og_url":"https:\/\/steiner-polska.pl\/pl\/industries\/","og_site_name":"steiner-polska","article_modified_time":"2024-03-27T12:03:56+00:00","og_image":[{"width":1950,"height":1300,"url":"http:\/\/steiner-polska.pl\/wp-content\/uploads\/2019\/05\/photo-1513828583688-c52646db42da.jpg","type":"image\/jpeg"}],"twitter_card":"summary_large_image","twitter_misc":{"Szacowany czas czytania":"2 minuty"},"schema":{"@context":"https:\/\/schema.org","@graph":[{"@type":"WebPage","@id":"https:\/\/steiner-polska.pl\/industries\/","url":"https:\/\/steiner-polska.pl\/industries\/","name":"INDUSTRIES - Steiner Polska","isPartOf":{"@id":"https:\/\/steiner-polska.pl\/#website"},"datePublished":"2019-05-17T06:42:28+00:00","dateModified":"2024-03-27T12:03:56+00:00","description":"Steiner is a reliable business partner for food, pharmaceutical, cosmetic and chemical industries.","breadcrumb":{"@id":"https:\/\/steiner-polska.pl\/industries\/#breadcrumb"},"inLanguage":"pl-PL","potentialAction":[{"@type":"ReadAction","target":["https:\/\/steiner-polska.pl\/industries\/"]}]},{"@type":"BreadcrumbList","@id":"https:\/\/steiner-polska.pl\/industries\/#breadcrumb","itemListElement":[{"@type":"ListItem","position":1,"name":"Home","item":"https:\/\/steiner-polska.pl\/"},{"@type":"ListItem","position":2,"name":"INDUSTRIES"}]},{"@type":"WebSite","@id":"https:\/\/steiner-polska.pl\/#website","url":"https:\/\/steiner-polska.pl\/","name":"steiner-polska","description":"Innovative Solutions","potentialAction":[{"@type":"SearchAction","target":{"@type":"EntryPoint","urlTemplate":"https:\/\/steiner-polska.pl\/?s={search_term_string}"},"query-input":"required name=search_term_string"}],"inLanguage":"pl-PL"}]}},"_links":{"self":[{"href":"https:\/\/steiner-polska.pl\/pl\/wp-json\/wp\/v2\/pages\/62"}],"collection":[{"href":"https:\/\/steiner-polska.pl\/pl\/wp-json\/wp\/v2\/pages"}],"about":[{"href":"https:\/\/steiner-polska.pl\/pl\/wp-json\/wp\/v2\/types\/page"}],"author":[{"embeddable":true,"href":"https:\/\/steiner-polska.pl\/pl\/wp-json\/wp\/v2\/users\/4"}],"replies":[{"embeddable":true,"href":"https:\/\/steiner-polska.pl\/pl\/wp-json\/wp\/v2\/comments?post=62"}],"version-history":[{"count":36,"href":"https:\/\/steiner-polska.pl\/pl\/wp-json\/wp\/v2\/pages\/62\/revisions"}],"predecessor-version":[{"id":1812,"href":"https:\/\/steiner-polska.pl\/pl\/wp-json\/wp\/v2\/pages\/62\/revisions\/1812"}],"wp:featuredmedia":[{"embeddable":true,"href":"https:\/\/steiner-polska.pl\/pl\/wp-json\/wp\/v2\/media\/57"}],"wp:attachment":[{"href":"https:\/\/steiner-polska.pl\/pl\/wp-json\/wp\/v2\/media?parent=62"}],"curies":[{"name":"wp","href":"https:\/\/api.w.org\/{rel}","templated":true}]}}