{"id":697,"date":"2023-01-31T08:37:34","date_gmt":"2023-01-31T07:37:34","guid":{"rendered":"https:\/\/steiner-polska.pl\/?page_id=697"},"modified":"2023-02-03T09:18:15","modified_gmt":"2023-02-03T08:18:15","slug":"pumps","status":"publish","type":"page","link":"https:\/\/steiner-polska.pl\/pl\/pumps\/","title":{"rendered":"PUMPS"},"content":{"rendered":"<p><img decoding=\"async\" class=\"alignnone wp-image-884\" src=\"http:\/\/steiner-polska.pl\/wp-content\/uploads\/2023\/02\/pumps-1-300x75.png\" alt=\"\" width=\"296\" height=\"74\" srcset=\"https:\/\/steiner-polska.pl\/wp-content\/uploads\/2023\/02\/pumps-1-300x75.png 300w, https:\/\/steiner-polska.pl\/wp-content\/uploads\/2023\/02\/pumps-1.png 450w\" sizes=\"(max-width: 296px) 100vw, 296px\" \/><\/p>\n<p><span style=\"color: #ff6600;\"><strong>Steiner<\/strong> <\/span>Steiner oferuje cz\u0119\u015bci do pomp \u015brubowych: stojany, wirniki, zestawy naprawcze, uszczelnienia, sprz\u0119g\u0142a i inne cz\u0119\u015bci zamienne do pomp takich marek jak Allweiler, Bellin, Behrens Pumpen, Bornemann, DVZ, Fellerhoff Pumps, Mono Pumps, Naniwa, NETZSCH, Nova Rotors, Orbit Pump, PCM, Flux, Flygt, Heishin, IMO Pump, Jessberger, Kiesel, PFJ Pumpen, Resch Viscotec, Roto Pumps, RWO, Seepex, Wangen.<\/p>\n<p><img decoding=\"async\" class=\"alignnone wp-image-851\" src=\"http:\/\/steiner-polska.pl\/wp-content\/uploads\/2023\/02\/\u0438\u0437\u043e\u0431\u0440\u0430\u0436\u0435\u043d\u0438\u0435_2023-01-31_172604695-300x200-1.png\" alt=\"\" width=\"215\" height=\"143\" srcset=\"https:\/\/steiner-polska.pl\/wp-content\/uploads\/2023\/02\/\u0438\u0437\u043e\u0431\u0440\u0430\u0436\u0435\u043d\u0438\u0435_2023-01-31_172604695-300x200-1.png 300w, https:\/\/steiner-polska.pl\/wp-content\/uploads\/2023\/02\/\u0438\u0437\u043e\u0431\u0440\u0430\u0436\u0435\u043d\u0438\u0435_2023-01-31_172604695-300x200-1-272x182.png 272w\" sizes=\"(max-width: 215px) 100vw, 215px\" \/><img fetchpriority=\"high\" decoding=\"async\" class=\"alignnone wp-image-852\" style=\"font-size: 1rem;\" src=\"http:\/\/steiner-polska.pl\/wp-content\/uploads\/2023\/02\/1.png\" alt=\"\" width=\"300\" height=\"212\" \/><\/p>","protected":false},"excerpt":{"rendered":"<p>Steiner offers parts for screw pumps: stators, rotors, repair kits, seals, couplings and other spare parts for pumping equipment of pumps brands like Allweiler, Bellin, Behrens Pumpen, Bornemann, DVZ, Fellerhoff Pumps, Mono Pumps, Naniwa, NETZSCH, Nova Rotors, Orbit Pump, PCM, Flux, Flygt, Heishin, IMO Pump, Jessberger, Kiesel, PFJ Pumpen, Resch Viscotec, Roto Pumps, RWO, Seepex, &hellip; <\/p>\n<p class=\"link-more\"><a href=\"https:\/\/steiner-polska.pl\/pl\/pumps\/\" class=\"more-link\">Czytaj dalej<span class=\"screen-reader-text\"> \u201ePUMPS\u201d<\/span><\/a><\/p>","protected":false},"author":4,"featured_media":0,"parent":0,"menu_order":0,"comment_status":"closed","ping_status":"closed","template":"","meta":[],"yoast_head":"<!-- This site is optimized with the Yoast SEO plugin v20.0 - https:\/\/yoast.com\/wordpress\/plugins\/seo\/ -->\n<title>PUMPS - steiner-polska<\/title>\n<meta name=\"robots\" content=\"index, follow, max-snippet:-1, max-image-preview:large, max-video-preview:-1\" \/>\n<link rel=\"canonical\" href=\"https:\/\/steiner-polska.pl\/pl\/pumps\/\" \/>\n<meta property=\"og:locale\" content=\"pl_PL\" \/>\n<meta property=\"og:type\" content=\"article\" \/>\n<meta property=\"og:title\" content=\"PUMPS - steiner-polska\" \/>\n<meta property=\"og:description\" content=\"Steiner offers parts for screw pumps: stators, rotors, repair kits, seals, couplings and other spare parts for pumping equipment of pumps brands like Allweiler, Bellin, Behrens Pumpen, Bornemann, DVZ, Fellerhoff Pumps, Mono Pumps, Naniwa, NETZSCH, Nova Rotors, Orbit Pump, PCM, Flux, Flygt, Heishin, IMO Pump, Jessberger, Kiesel, PFJ Pumpen, Resch Viscotec, Roto Pumps, RWO, Seepex, &hellip; Czytaj dalej \u201ePUMPS\u201d\" \/>\n<meta property=\"og:url\" content=\"https:\/\/steiner-polska.pl\/pl\/pumps\/\" \/>\n<meta property=\"og:site_name\" content=\"steiner-polska\" \/>\n<meta property=\"article:modified_time\" content=\"2023-02-03T08:18:15+00:00\" \/>\n<meta property=\"og:image\" content=\"http:\/\/steiner-polska.pl\/wp-content\/uploads\/2023\/02\/pumps-1-300x75.png\" \/>\n<meta name=\"twitter:card\" content=\"summary_large_image\" \/>\n<meta name=\"twitter:label1\" content=\"Szacowany czas czytania\" \/>\n\t<meta name=\"twitter:data1\" content=\"1 minuta\" \/>\n<script type=\"application\/ld+json\" class=\"yoast-schema-graph\">{\"@context\":\"https:\/\/schema.org\",\"@graph\":[{\"@type\":\"WebPage\",\"@id\":\"https:\/\/steiner-polska.pl\/pumps\/\",\"url\":\"https:\/\/steiner-polska.pl\/pumps\/\",\"name\":\"PUMPS - steiner-polska\",\"isPartOf\":{\"@id\":\"https:\/\/steiner-polska.pl\/#website\"},\"datePublished\":\"2023-01-31T07:37:34+00:00\",\"dateModified\":\"2023-02-03T08:18:15+00:00\",\"breadcrumb\":{\"@id\":\"https:\/\/steiner-polska.pl\/pumps\/#breadcrumb\"},\"inLanguage\":\"pl-PL\",\"potentialAction\":[{\"@type\":\"ReadAction\",\"target\":[\"https:\/\/steiner-polska.pl\/pumps\/\"]}]},{\"@type\":\"BreadcrumbList\",\"@id\":\"https:\/\/steiner-polska.pl\/pumps\/#breadcrumb\",\"itemListElement\":[{\"@type\":\"ListItem\",\"position\":1,\"name\":\"Home\",\"item\":\"https:\/\/steiner-polska.pl\/\"},{\"@type\":\"ListItem\",\"position\":2,\"name\":\"PUMPS\"}]},{\"@type\":\"WebSite\",\"@id\":\"https:\/\/steiner-polska.pl\/#website\",\"url\":\"https:\/\/steiner-polska.pl\/\",\"name\":\"steiner-polska\",\"description\":\"Innovative Solutions\",\"potentialAction\":[{\"@type\":\"SearchAction\",\"target\":{\"@type\":\"EntryPoint\",\"urlTemplate\":\"https:\/\/steiner-polska.pl\/?s={search_term_string}\"},\"query-input\":\"required name=search_term_string\"}],\"inLanguage\":\"pl-PL\"}]}<\/script>\n<!-- \/ Yoast SEO plugin. -->","yoast_head_json":{"title":"PUMPS - steiner-polska","robots":{"index":"index","follow":"follow","max-snippet":"max-snippet:-1","max-image-preview":"max-image-preview:large","max-video-preview":"max-video-preview:-1"},"canonical":"https:\/\/steiner-polska.pl\/pl\/pumps\/","og_locale":"pl_PL","og_type":"article","og_title":"PUMPS - steiner-polska","og_description":"Steiner offers parts for screw pumps: stators, rotors, repair kits, seals, couplings and other spare parts for pumping equipment of pumps brands like Allweiler, Bellin, Behrens Pumpen, Bornemann, DVZ, Fellerhoff Pumps, Mono Pumps, Naniwa, NETZSCH, Nova Rotors, Orbit Pump, PCM, Flux, Flygt, Heishin, IMO Pump, Jessberger, Kiesel, PFJ Pumpen, Resch Viscotec, Roto Pumps, RWO, Seepex, &hellip; Czytaj dalej \u201ePUMPS\u201d","og_url":"https:\/\/steiner-polska.pl\/pl\/pumps\/","og_site_name":"steiner-polska","article_modified_time":"2023-02-03T08:18:15+00:00","og_image":[{"url":"http:\/\/steiner-polska.pl\/wp-content\/uploads\/2023\/02\/pumps-1-300x75.png"}],"twitter_card":"summary_large_image","twitter_misc":{"Szacowany czas czytania":"1 minuta"},"schema":{"@context":"https:\/\/schema.org","@graph":[{"@type":"WebPage","@id":"https:\/\/steiner-polska.pl\/pumps\/","url":"https:\/\/steiner-polska.pl\/pumps\/","name":"PUMPS - steiner-polska","isPartOf":{"@id":"https:\/\/steiner-polska.pl\/#website"},"datePublished":"2023-01-31T07:37:34+00:00","dateModified":"2023-02-03T08:18:15+00:00","breadcrumb":{"@id":"https:\/\/steiner-polska.pl\/pumps\/#breadcrumb"},"inLanguage":"pl-PL","potentialAction":[{"@type":"ReadAction","target":["https:\/\/steiner-polska.pl\/pumps\/"]}]},{"@type":"BreadcrumbList","@id":"https:\/\/steiner-polska.pl\/pumps\/#breadcrumb","itemListElement":[{"@type":"ListItem","position":1,"name":"Home","item":"https:\/\/steiner-polska.pl\/"},{"@type":"ListItem","position":2,"name":"PUMPS"}]},{"@type":"WebSite","@id":"https:\/\/steiner-polska.pl\/#website","url":"https:\/\/steiner-polska.pl\/","name":"steiner-polska","description":"Innovative Solutions","potentialAction":[{"@type":"SearchAction","target":{"@type":"EntryPoint","urlTemplate":"https:\/\/steiner-polska.pl\/?s={search_term_string}"},"query-input":"required name=search_term_string"}],"inLanguage":"pl-PL"}]}},"_links":{"self":[{"href":"https:\/\/steiner-polska.pl\/pl\/wp-json\/wp\/v2\/pages\/697"}],"collection":[{"href":"https:\/\/steiner-polska.pl\/pl\/wp-json\/wp\/v2\/pages"}],"about":[{"href":"https:\/\/steiner-polska.pl\/pl\/wp-json\/wp\/v2\/types\/page"}],"author":[{"embeddable":true,"href":"https:\/\/steiner-polska.pl\/pl\/wp-json\/wp\/v2\/users\/4"}],"replies":[{"embeddable":true,"href":"https:\/\/steiner-polska.pl\/pl\/wp-json\/wp\/v2\/comments?post=697"}],"version-history":[{"count":15,"href":"https:\/\/steiner-polska.pl\/pl\/wp-json\/wp\/v2\/pages\/697\/revisions"}],"predecessor-version":[{"id":893,"href":"https:\/\/steiner-polska.pl\/pl\/wp-json\/wp\/v2\/pages\/697\/revisions\/893"}],"wp:attachment":[{"href":"https:\/\/steiner-polska.pl\/pl\/wp-json\/wp\/v2\/media?parent=697"}],"curies":[{"name":"wp","href":"https:\/\/api.w.org\/{rel}","templated":true}]}}