{"id":727,"date":"2023-01-31T13:05:36","date_gmt":"2023-01-31T12:05:36","guid":{"rendered":"https:\/\/steiner-polska.pl\/?page_id=727"},"modified":"2023-02-03T09:09:56","modified_gmt":"2023-02-03T08:09:56","slug":"heat-exchanger-2","status":"publish","type":"page","link":"https:\/\/steiner-polska.pl\/pl\/heat-exchanger-2\/","title":{"rendered":"HEAT EXCHANGER"},"content":{"rendered":"<p><img decoding=\"async\" class=\"alignnone size-medium wp-image-881\" src=\"http:\/\/steiner-polska.pl\/wp-content\/uploads\/2023\/02\/plates-300x62.png\" alt=\"\" width=\"300\" height=\"62\" srcset=\"https:\/\/steiner-polska.pl\/wp-content\/uploads\/2023\/02\/plates-300x62.png 300w, https:\/\/steiner-polska.pl\/wp-content\/uploads\/2023\/02\/plates-768x160.png 768w, https:\/\/steiner-polska.pl\/wp-content\/uploads\/2023\/02\/plates.png 971w\" sizes=\"(max-width: 300px) 100vw, 300px\" \/><\/p>\n<p><span style=\"color: #ff6600;\"><strong>Steiner<\/strong> <\/span>dostarcza wysokiej jako\u015bci uszczelki i p\u0142yty do p\u0142ytowych wymiennik\u00f3w ciep\u0142a.<\/p>\n<ul>\n<li>W\u0142asna produkcja form<\/li>\n<li>W\u0142asne unikalne wzory chemiczne<\/li>\n<li>Certyfikacja firmy zgodnie z normami ISO<\/li>\n<li>Rozw\u00f3j osobistych rozwi\u0105za\u0144<\/li>\n<li>\u0141atwy proces instalacji w por\u00f3wnaniu do innych<\/li>\n<li>Zwi\u0119kszona wytrzyma\u0142o\u015b\u0107 elastomeru<\/li>\n<li>Odporno\u015b\u0107 na temperatur\u0119<\/li>\n<li>12 miesi\u0119cy gwarancji na wady produkcyjne<\/li>\n<\/ul>\n<p><img fetchpriority=\"high\" decoding=\"async\" class=\"alignnone wp-image-859\" src=\"http:\/\/steiner-polska.pl\/wp-content\/uploads\/2023\/02\/1-2.png\" alt=\"\" width=\"254\" height=\"201\" \/> \u00a0<img decoding=\"async\" class=\"alignnone wp-image-856\" src=\"http:\/\/steiner-polska.pl\/wp-content\/uploads\/2023\/02\/2.png\" alt=\"\" width=\"248\" height=\"205\" \/><\/p>\n<p><img loading=\"lazy\" decoding=\"async\" class=\"alignnone wp-image-858\" src=\"http:\/\/steiner-polska.pl\/wp-content\/uploads\/2023\/02\/3-300x169.png\" alt=\"\" width=\"525\" height=\"296\" srcset=\"https:\/\/steiner-polska.pl\/wp-content\/uploads\/2023\/02\/3-300x169.png 300w, https:\/\/steiner-polska.pl\/wp-content\/uploads\/2023\/02\/3.png 768w\" sizes=\"(max-width: 525px) 100vw, 525px\" \/><\/p>\n<p><strong>P\u0142yty i uszczelki Steiner<\/strong> s\u0105 kompatybilne z wymiennikami ciep\u0142a takich marek jak Junkers, Funke, Tranter, Stork, GEA-KELVION, Fischer, Rosenblands, Chester Jensen, Alfa Laval, Cetetherm, Hisaka, AGC Engineering, Schmidt Bretten, Reheat, APV\/SPX, Vicarb, ITT Standart, Bell&amp;Gossett, Sondex, Swep, Barriquand, Paul Muller, Tetra Pak, Thermowave.<\/p>\n<p><strong>Do produkcji uszczelek u\u017cywamy nast\u0119puj\u0105cych materia\u0142\u00f3w:<\/strong> NITRYL (NBR), EPDM, HYPALON, SILIKON, NEOPREN, BUTYL-NT, UWODORNIONY NITRYL (HNBR), EPDM-HT, UTWARDZANA \u017bYWICA BUTYLOWA, FLUORELASTOMER A\/B, FLUORELASTOMER G\/F<\/p>","protected":false},"excerpt":{"rendered":"<p>Steiner provides high-quality seals and plates for plate heat\u00a0exchangers. Own production of molds Own unique chemical formulas Certification of the company according to ISO standards Development of personal solutions Easy installation process compared to others Increased elastomer strength Temperature resistance 12 months warranty against manufacturing defects \u00a0 Steiner Plates and Gaskets are compatible with heat &hellip; <\/p>\n<p class=\"link-more\"><a href=\"https:\/\/steiner-polska.pl\/pl\/heat-exchanger-2\/\" class=\"more-link\">Czytaj dalej<span class=\"screen-reader-text\"> \u201eHEAT EXCHANGER\u201d<\/span><\/a><\/p>","protected":false},"author":4,"featured_media":0,"parent":0,"menu_order":0,"comment_status":"closed","ping_status":"closed","template":"","meta":[],"yoast_head":"<!-- This site is optimized with the Yoast SEO plugin v20.0 - https:\/\/yoast.com\/wordpress\/plugins\/seo\/ -->\n<title>HEAT EXCHANGER - steiner-polska<\/title>\n<meta name=\"robots\" content=\"index, follow, max-snippet:-1, max-image-preview:large, max-video-preview:-1\" \/>\n<link rel=\"canonical\" href=\"https:\/\/steiner-polska.pl\/pl\/heat-exchanger-2\/\" \/>\n<meta property=\"og:locale\" content=\"pl_PL\" \/>\n<meta property=\"og:type\" content=\"article\" \/>\n<meta property=\"og:title\" content=\"HEAT EXCHANGER - steiner-polska\" \/>\n<meta property=\"og:description\" content=\"Steiner provides high-quality seals and plates for plate heat\u00a0exchangers. Own production of molds Own unique chemical formulas Certification of the company according to ISO standards Development of personal solutions Easy installation process compared to others Increased elastomer strength Temperature resistance 12 months warranty against manufacturing defects \u00a0 Steiner Plates and Gaskets are compatible with heat &hellip; Czytaj dalej \u201eHEAT EXCHANGER\u201d\" \/>\n<meta property=\"og:url\" content=\"https:\/\/steiner-polska.pl\/pl\/heat-exchanger-2\/\" \/>\n<meta property=\"og:site_name\" content=\"steiner-polska\" \/>\n<meta property=\"article:modified_time\" content=\"2023-02-03T08:09:56+00:00\" \/>\n<meta property=\"og:image\" content=\"http:\/\/steiner-polska.pl\/wp-content\/uploads\/2023\/02\/plates-300x62.png\" \/>\n<meta name=\"twitter:card\" content=\"summary_large_image\" \/>\n<meta name=\"twitter:label1\" content=\"Szacowany czas czytania\" \/>\n\t<meta name=\"twitter:data1\" content=\"2 minuty\" \/>\n<script type=\"application\/ld+json\" class=\"yoast-schema-graph\">{\"@context\":\"https:\/\/schema.org\",\"@graph\":[{\"@type\":\"WebPage\",\"@id\":\"https:\/\/steiner-polska.pl\/heat-exchanger-2\/\",\"url\":\"https:\/\/steiner-polska.pl\/heat-exchanger-2\/\",\"name\":\"HEAT EXCHANGER - steiner-polska\",\"isPartOf\":{\"@id\":\"https:\/\/steiner-polska.pl\/#website\"},\"datePublished\":\"2023-01-31T12:05:36+00:00\",\"dateModified\":\"2023-02-03T08:09:56+00:00\",\"breadcrumb\":{\"@id\":\"https:\/\/steiner-polska.pl\/heat-exchanger-2\/#breadcrumb\"},\"inLanguage\":\"pl-PL\",\"potentialAction\":[{\"@type\":\"ReadAction\",\"target\":[\"https:\/\/steiner-polska.pl\/heat-exchanger-2\/\"]}]},{\"@type\":\"BreadcrumbList\",\"@id\":\"https:\/\/steiner-polska.pl\/heat-exchanger-2\/#breadcrumb\",\"itemListElement\":[{\"@type\":\"ListItem\",\"position\":1,\"name\":\"Home\",\"item\":\"https:\/\/steiner-polska.pl\/\"},{\"@type\":\"ListItem\",\"position\":2,\"name\":\"HEAT EXCHANGER\"}]},{\"@type\":\"WebSite\",\"@id\":\"https:\/\/steiner-polska.pl\/#website\",\"url\":\"https:\/\/steiner-polska.pl\/\",\"name\":\"steiner-polska\",\"description\":\"Innovative Solutions\",\"potentialAction\":[{\"@type\":\"SearchAction\",\"target\":{\"@type\":\"EntryPoint\",\"urlTemplate\":\"https:\/\/steiner-polska.pl\/?s={search_term_string}\"},\"query-input\":\"required name=search_term_string\"}],\"inLanguage\":\"pl-PL\"}]}<\/script>\n<!-- \/ Yoast SEO plugin. -->","yoast_head_json":{"title":"HEAT EXCHANGER - steiner-polska","robots":{"index":"index","follow":"follow","max-snippet":"max-snippet:-1","max-image-preview":"max-image-preview:large","max-video-preview":"max-video-preview:-1"},"canonical":"https:\/\/steiner-polska.pl\/pl\/heat-exchanger-2\/","og_locale":"pl_PL","og_type":"article","og_title":"HEAT EXCHANGER - steiner-polska","og_description":"Steiner provides high-quality seals and plates for plate heat\u00a0exchangers. Own production of molds Own unique chemical formulas Certification of the company according to ISO standards Development of personal solutions Easy installation process compared to others Increased elastomer strength Temperature resistance 12 months warranty against manufacturing defects \u00a0 Steiner Plates and Gaskets are compatible with heat &hellip; Czytaj dalej \u201eHEAT EXCHANGER\u201d","og_url":"https:\/\/steiner-polska.pl\/pl\/heat-exchanger-2\/","og_site_name":"steiner-polska","article_modified_time":"2023-02-03T08:09:56+00:00","og_image":[{"url":"http:\/\/steiner-polska.pl\/wp-content\/uploads\/2023\/02\/plates-300x62.png"}],"twitter_card":"summary_large_image","twitter_misc":{"Szacowany czas czytania":"2 minuty"},"schema":{"@context":"https:\/\/schema.org","@graph":[{"@type":"WebPage","@id":"https:\/\/steiner-polska.pl\/heat-exchanger-2\/","url":"https:\/\/steiner-polska.pl\/heat-exchanger-2\/","name":"HEAT EXCHANGER - steiner-polska","isPartOf":{"@id":"https:\/\/steiner-polska.pl\/#website"},"datePublished":"2023-01-31T12:05:36+00:00","dateModified":"2023-02-03T08:09:56+00:00","breadcrumb":{"@id":"https:\/\/steiner-polska.pl\/heat-exchanger-2\/#breadcrumb"},"inLanguage":"pl-PL","potentialAction":[{"@type":"ReadAction","target":["https:\/\/steiner-polska.pl\/heat-exchanger-2\/"]}]},{"@type":"BreadcrumbList","@id":"https:\/\/steiner-polska.pl\/heat-exchanger-2\/#breadcrumb","itemListElement":[{"@type":"ListItem","position":1,"name":"Home","item":"https:\/\/steiner-polska.pl\/"},{"@type":"ListItem","position":2,"name":"HEAT EXCHANGER"}]},{"@type":"WebSite","@id":"https:\/\/steiner-polska.pl\/#website","url":"https:\/\/steiner-polska.pl\/","name":"steiner-polska","description":"Innovative Solutions","potentialAction":[{"@type":"SearchAction","target":{"@type":"EntryPoint","urlTemplate":"https:\/\/steiner-polska.pl\/?s={search_term_string}"},"query-input":"required name=search_term_string"}],"inLanguage":"pl-PL"}]}},"_links":{"self":[{"href":"https:\/\/steiner-polska.pl\/pl\/wp-json\/wp\/v2\/pages\/727"}],"collection":[{"href":"https:\/\/steiner-polska.pl\/pl\/wp-json\/wp\/v2\/pages"}],"about":[{"href":"https:\/\/steiner-polska.pl\/pl\/wp-json\/wp\/v2\/types\/page"}],"author":[{"embeddable":true,"href":"https:\/\/steiner-polska.pl\/pl\/wp-json\/wp\/v2\/users\/4"}],"replies":[{"embeddable":true,"href":"https:\/\/steiner-polska.pl\/pl\/wp-json\/wp\/v2\/comments?post=727"}],"version-history":[{"count":18,"href":"https:\/\/steiner-polska.pl\/pl\/wp-json\/wp\/v2\/pages\/727\/revisions"}],"predecessor-version":[{"id":887,"href":"https:\/\/steiner-polska.pl\/pl\/wp-json\/wp\/v2\/pages\/727\/revisions\/887"}],"wp:attachment":[{"href":"https:\/\/steiner-polska.pl\/pl\/wp-json\/wp\/v2\/media?parent=727"}],"curies":[{"name":"wp","href":"https:\/\/api.w.org\/{rel}","templated":true}]}}